{"id":1,"date":"2009-02-25T13:05:16","date_gmt":"2009-02-25T18:05:16","guid":{"rendered":""},"modified":"2011-02-07T09:22:30","modified_gmt":"2011-02-07T14:22:30","slug":"about","status":"publish","type":"page","link":"https:\/\/blog.espol.edu.ec\/infoyconocimiento\/about\/","title":{"rendered":"Acerca de"},"content":{"rendered":"<p>\u00a0<\/p>\n<table class=\"contentpaneopen\" border=\"0\">\n<tbody>\n<tr>\n<td colspan=\"2\" valign=\"top\">\n<table style=\"width: 525px;height: 335px\" border=\"0\" width=\"525\">\n<tbody>\n<tr>\n<td width=\"204\">\u00a0<strong>MSc. Galo Valverde L.<a href=\"http:\/\/blog.espol.edu.ec\/infoyconocimiento\/files\/2009\/02\/Avatar-matrix.gif\"><img loading=\"lazy\" decoding=\"async\" class=\"size-full wp-image-398 aligncenter\" title=\"Avatar-matrix\" src=\"http:\/\/blog.espol.edu.ec\/infoyconocimiento\/files\/2009\/02\/Avatar-matrix.gif\" alt=\"\" width=\"168\" height=\"178\" \/><\/a><\/strong><a href=\"http:\/\/blog.espol.edu.ec\/infoyconocimiento\/files\/2009\/03\/gvalverde.jpg\"><\/a><\/td>\n<td rowspan=\"2\" width=\"206\">\n<ul>\n<li>Maestr\u00eda Direcci\u00f3n Estrat\u00e9gica e Innovaci\u00f3n Tecnol\u00f3gica (Nuevas Tecnolog\u00edas Aplicadas a la Empresa) - Instituto Universitario de Posgrado (Universidad de Alicante, Aut\u00f3noma de Barcelona, Carlos III de Madrid)<\/li>\n<li>Maestr\u00eda Comunicaci\u00f3n Organizacional (Universidad de Especialidades Esp\u00edritu Santo).<\/li>\n<li>Ingenier\u00eda en Computaci\u00f3n (ESPOL).<\/li>\n<li>Microsoft Certified System Engineer (NT)<\/li>\n<li>Microsoft Certified Professional + Internet<\/li>\n<li>Certified Lotus Professional<\/li>\n<li>IEEE Member from 1988<\/li>\n<li>Director de Inform\u00e1tica CNEL Milagro<\/li>\n<li>Director de Tecnolog\u00eda CNEL<\/li>\n<\/ul>\n<\/td>\n<\/tr>\n<tr>\n<td><strong>e-mail:<\/strong><\/p>\n<p><a href=\"mailto:gvalverd@espol.edu.ec\"><span style=\"color: #112137\">gvalverd@espol.edu.ec<\/span><\/a><\/p>\n<p><a href=\"mailto:espol.edu.ecgalo.valverde@gmail.com\">galo.valverde@gmail.com<\/a><\/td>\n<\/tr>\n<\/tbody>\n<\/table>\n<p>Graduado como Ingeniero en Sistemas Computacionales en la ESPOL con el T\u00f3pico \u201cDesarrollo de Soluci\u00f3n Cliente Servidor con tecnolog\u00eda Corba\u201d, cuenta con Maestr\u00edas en Direcci\u00f3n Estrat\u00e9gica y Gesti\u00f3n de Innovaci\u00f3n\u00a0y una\u00a0en Ciencias de la Comunicaci\u00f3n de la UEES. Ha participado en cursos, seminarios y conferencias en las \u00e1reas de Comunicaci\u00f3n Organizacional, Ingenier\u00eda de Software, Marketing en Internet, e-Commerce, Network Computing, Internet\/Intranet y Sistemas Operativos. Es Microsoft Certified System Engineer, MCP+ Internet y soporte Profesional de IBM-Lotus desde 1998,\u00a0incluyendo \u00a0Trainer por Microsoft y Lotus; ha dictado c\u00e1tedra a nivel universitario de Dise\u00f1o UML, Estructura de Datos, Ingenier\u00eda de Software, Sistemas de Informaci\u00f3n Gerencial, Gerencia y Planeaci\u00f3n Estrat\u00e9gica\u00a0 de Tecnolog\u00edas de Comunicaci\u00f3n e\u00a0Informaci\u00f3n y de Sociolog\u00eda de Comunicaci\u00f3n.<\/p>\n<p>Se inici\u00f3 en 1993 como L\u00edder de Proyecto de Desarrollo y Consultor T\u00e9cnico en las Plataformas de Cr\u00e9dito, Servicios, Banca Remota y Portales de varios bancos. Posteriormente, se desempe\u00f1\u00f3 como Product Manager y Consultor de la l\u00ednea de soluciones de Workflow sobre Web para grandes Corporaciones internacionales y ecuatorianas. Particularmente, ofrece soporte y consultor\u00eda de Integraci\u00f3n de Plataformas tanto IBM como Microsoft, E-Commerce y Mensajer\u00eda en\u00a0entidades p\u00fablicos y privadas, PYME y corporativos; tambi\u00e9n ha sido perito\u00a0y asesor t\u00e9cnico de entidades\u00a0p\u00fablicas y gobiernos sectoriales. Actualmente se desempe\u00f1a como Director de Inform\u00e1tica de Corporaci\u00f3n Nacional de Electricidad .<\/td>\n<\/tr>\n<\/tbody>\n<\/table>\n","protected":false},"excerpt":{"rendered":"<p>\u00a0 \u00a0MSc. Galo Valverde L. Maestr\u00eda Direcci\u00f3n Estrat\u00e9gica e Innovaci\u00f3n Tecnol\u00f3gica (Nuevas Tecnolog\u00edas Aplicadas a la Empresa) - Instituto Universitario de Posgrado (Universidad de Alicante, Aut\u00f3noma de Barcelona, Carlos III de Madrid) Maestr\u00eda Comunicaci\u00f3n Organizacional (Universidad de Especialidades Esp\u00edritu Santo). Ingenier\u00eda en Computaci\u00f3n (ESPOL). Microsoft Certified System Engineer (NT) Microsoft Certified Professional + Internet Certified [&hellip;]<\/p>\n","protected":false},"author":1448,"featured_media":0,"parent":0,"menu_order":0,"comment_status":"open","ping_status":"open","template":"","meta":{"footnotes":""},"class_list":["post-1","page","type-page","status-publish","hentry"],"_links":{"self":[{"href":"https:\/\/blog.espol.edu.ec\/infoyconocimiento\/wp-json\/wp\/v2\/pages\/1","targetHints":{"allow":["GET"]}}],"collection":[{"href":"https:\/\/blog.espol.edu.ec\/infoyconocimiento\/wp-json\/wp\/v2\/pages"}],"about":[{"href":"https:\/\/blog.espol.edu.ec\/infoyconocimiento\/wp-json\/wp\/v2\/types\/page"}],"author":[{"embeddable":true,"href":"https:\/\/blog.espol.edu.ec\/infoyconocimiento\/wp-json\/wp\/v2\/users\/1448"}],"replies":[{"embeddable":true,"href":"https:\/\/blog.espol.edu.ec\/infoyconocimiento\/wp-json\/wp\/v2\/comments?post=1"}],"version-history":[{"count":10,"href":"https:\/\/blog.espol.edu.ec\/infoyconocimiento\/wp-json\/wp\/v2\/pages\/1\/revisions"}],"predecessor-version":[{"id":400,"href":"https:\/\/blog.espol.edu.ec\/infoyconocimiento\/wp-json\/wp\/v2\/pages\/1\/revisions\/400"}],"wp:attachment":[{"href":"https:\/\/blog.espol.edu.ec\/infoyconocimiento\/wp-json\/wp\/v2\/media?parent=1"}],"curies":[{"name":"wp","href":"https:\/\/api.w.org\/{rel}","templated":true}]}}