{"id":2,"date":"2010-10-14T19:11:03","date_gmt":"2010-10-14T19:11:03","guid":{"rendered":""},"modified":"2010-11-03T22:17:57","modified_gmt":"2010-11-03T22:17:57","slug":"about","status":"publish","type":"page","link":"https:\/\/blog.espol.edu.ec\/ingridallauca\/about\/","title":{"rendered":"Presentaci\u00f3n Personal."},"content":{"rendered":"<p style=\"text-align: center\"><a href=\"http:\/\/blog.espol.edu.ec\/ingridallauca\/files\/2010\/10\/Snapshot_20101103_1.jpg\"><img loading=\"lazy\" decoding=\"async\" class=\"alignnone size-medium wp-image-56\" title=\"Snapshot_20101103_1\" src=\"http:\/\/blog.espol.edu.ec\/ingridallauca\/files\/2010\/10\/Snapshot_20101103_1-300x225.jpg\" alt=\"\" width=\"300\" height=\"225\" srcset=\"https:\/\/blog.espol.edu.ec\/ingridallauca\/files\/2010\/10\/Snapshot_20101103_1-300x225.jpg 300w, https:\/\/blog.espol.edu.ec\/ingridallauca\/files\/2010\/10\/Snapshot_20101103_1.jpg 640w\" sizes=\"auto, (max-width: 300px) 100vw, 300px\" \/><\/a><\/p>\n<p>Hola! Mi nombre es Ingrid. Tengo 18 a\u00f1os estudio en la <a title=\"Espol\" href=\"http:\/\/www.espol.edu.ec\/\" target=\"_blank\">espol<\/a>\u00a0la carrera de Ingenieria en Electronica y Telecomunicaciones. Vivo con mis padres y mi hermana. Me encanta viajar y soy una persona super so\u00f1adora. La nataci\u00f3n es el unico deporte que me gusta practicar por que para lo dem\u00e1s deportes\u00a0no soy tan buena .<\/p>\n<p>Este es mi primer blog. Y espero que les gusta a todas las personas que lo visiten.<\/p>\n","protected":false},"excerpt":{"rendered":"<p>Hola! Mi nombre es Ingrid. Tengo 18 a\u00f1os estudio en la espol\u00a0la carrera de Ingenieria en Electronica y Telecomunicaciones. Vivo con mis padres y mi hermana. Me encanta viajar y soy una persona super so\u00f1adora. La nataci\u00f3n es el unico deporte que me gusta practicar por que para lo dem\u00e1s deportes\u00a0no soy tan buena . [&hellip;]<\/p>\n","protected":false},"author":5234,"featured_media":0,"parent":0,"menu_order":0,"comment_status":"open","ping_status":"open","template":"","meta":{"footnotes":""},"class_list":["post-2","page","type-page","status-publish","hentry"],"_links":{"self":[{"href":"https:\/\/blog.espol.edu.ec\/ingridallauca\/wp-json\/wp\/v2\/pages\/2","targetHints":{"allow":["GET"]}}],"collection":[{"href":"https:\/\/blog.espol.edu.ec\/ingridallauca\/wp-json\/wp\/v2\/pages"}],"about":[{"href":"https:\/\/blog.espol.edu.ec\/ingridallauca\/wp-json\/wp\/v2\/types\/page"}],"author":[{"embeddable":true,"href":"https:\/\/blog.espol.edu.ec\/ingridallauca\/wp-json\/wp\/v2\/users\/5234"}],"replies":[{"embeddable":true,"href":"https:\/\/blog.espol.edu.ec\/ingridallauca\/wp-json\/wp\/v2\/comments?post=2"}],"version-history":[{"count":5,"href":"https:\/\/blog.espol.edu.ec\/ingridallauca\/wp-json\/wp\/v2\/pages\/2\/revisions"}],"predecessor-version":[{"id":44,"href":"https:\/\/blog.espol.edu.ec\/ingridallauca\/wp-json\/wp\/v2\/pages\/2\/revisions\/44"}],"wp:attachment":[{"href":"https:\/\/blog.espol.edu.ec\/ingridallauca\/wp-json\/wp\/v2\/media?parent=2"}],"curies":[{"name":"wp","href":"https:\/\/api.w.org\/{rel}","templated":true}]}}