{"id":21,"date":"2014-03-28T16:28:17","date_gmt":"2014-03-28T16:28:17","guid":{"rendered":"http:\/\/blog.espol.edu.ec\/inpol\/?page_id=21"},"modified":"2014-04-11T02:44:36","modified_gmt":"2014-04-11T02:44:36","slug":"clases-particulares-a-domicilio","status":"publish","type":"page","link":"https:\/\/blog.espol.edu.ec\/inpol\/clases-particulares-a-domicilio\/","title":{"rendered":"Quienes somos"},"content":{"rendered":"<p><a href=\"http:\/\/blog.espol.edu.ec\/inpol\/files\/2014\/03\/INPOL-BJT.jpg\"><img loading=\"lazy\" decoding=\"async\" class=\"aligncenter size-full wp-image-25\" alt=\"INPOL BJT\" src=\"http:\/\/blog.espol.edu.ec\/inpol\/files\/2014\/03\/INPOL-BJT.jpg\" width=\"296\" height=\"79\" \/><\/a><\/p>\n<p><em><strong>INPOL<\/strong> est\u00e1 conformado por\u00a0 ayudantes y ex ayudantes de la Escuela Superior Polit\u00e9cnica del Litoral (<strong>ESPOL<\/strong>) de diferentes \u00e1reas acad\u00e9micas, con s\u00f3lidos conocimiento y experiencia en el \u00e1rea a dictarse, con el fin de dar asesoramiento y capacitaci\u00f3n educativa para lograr la excelencia en lo profesional.<\/em><\/p>\n<p><em>INPOL no tiene ninguna participaci\u00f3n o v\u00ednculo \u00a0relacionado con \u00a0Escuela Superior Polit\u00e9cnica del Litoral, somos independientes y aut\u00f3nomos.<\/em><\/p>\n<p><a href=\"http:\/\/blog.espol.edu.ec\/inpol\/files\/2014\/03\/espol.jpg\"><img loading=\"lazy\" decoding=\"async\" class=\"aligncenter size-full wp-image-33\" alt=\"espol\" src=\"http:\/\/blog.espol.edu.ec\/inpol\/files\/2014\/03\/espol.jpg\" width=\"500\" height=\"358\" srcset=\"https:\/\/blog.espol.edu.ec\/inpol\/files\/2014\/03\/espol.jpg 500w, https:\/\/blog.espol.edu.ec\/inpol\/files\/2014\/03\/espol-300x214.jpg 300w\" sizes=\"auto, (max-width: 500px) 100vw, 500px\" \/><\/a><\/p>\n","protected":false},"excerpt":{"rendered":"<p>INPOL est\u00e1 conformado por\u00a0 ayudantes y ex ayudantes de la Escuela Superior Polit\u00e9cnica del Litoral (ESPOL) de diferentes \u00e1reas acad\u00e9micas, con s\u00f3lidos conocimiento y experiencia en el \u00e1rea a dictarse, con el fin de dar asesoramiento y capacitaci\u00f3n educativa para lograr la excelencia en lo profesional. INPOL no tiene ninguna participaci\u00f3n o v\u00ednculo \u00a0relacionado con &hellip; <\/p>\n<p><a class=\"more-link btn\" href=\"https:\/\/blog.espol.edu.ec\/inpol\/clases-particulares-a-domicilio\/\">Seguir leyendo<\/a><\/p>\n","protected":false},"author":5491,"featured_media":0,"parent":0,"menu_order":0,"comment_status":"open","ping_status":"open","template":"","meta":{"footnotes":""},"class_list":["post-21","page","type-page","status-publish","hentry","nodate","item-wrap"],"_links":{"self":[{"href":"https:\/\/blog.espol.edu.ec\/inpol\/wp-json\/wp\/v2\/pages\/21","targetHints":{"allow":["GET"]}}],"collection":[{"href":"https:\/\/blog.espol.edu.ec\/inpol\/wp-json\/wp\/v2\/pages"}],"about":[{"href":"https:\/\/blog.espol.edu.ec\/inpol\/wp-json\/wp\/v2\/types\/page"}],"author":[{"embeddable":true,"href":"https:\/\/blog.espol.edu.ec\/inpol\/wp-json\/wp\/v2\/users\/5491"}],"replies":[{"embeddable":true,"href":"https:\/\/blog.espol.edu.ec\/inpol\/wp-json\/wp\/v2\/comments?post=21"}],"version-history":[{"count":5,"href":"https:\/\/blog.espol.edu.ec\/inpol\/wp-json\/wp\/v2\/pages\/21\/revisions"}],"predecessor-version":[{"id":57,"href":"https:\/\/blog.espol.edu.ec\/inpol\/wp-json\/wp\/v2\/pages\/21\/revisions\/57"}],"wp:attachment":[{"href":"https:\/\/blog.espol.edu.ec\/inpol\/wp-json\/wp\/v2\/media?parent=21"}],"curies":[{"name":"wp","href":"https:\/\/api.w.org\/{rel}","templated":true}]}}