{"id":27,"date":"2014-03-28T16:42:20","date_gmt":"2014-03-28T16:42:20","guid":{"rendered":"http:\/\/blog.espol.edu.ec\/inpol\/?page_id=27"},"modified":"2014-07-25T03:03:04","modified_gmt":"2014-07-25T03:03:04","slug":"contactenos","status":"publish","type":"page","link":"https:\/\/blog.espol.edu.ec\/inpol\/contactenos\/","title":{"rendered":"Cont\u00e1ctenos"},"content":{"rendered":"<p><a href=\"http:\/\/blog.espol.edu.ec\/inpol\/files\/2014\/03\/Secretarias-telefono.jpg\"><img loading=\"lazy\" decoding=\"async\" class=\"aligncenter size-full wp-image-28\" src=\"http:\/\/blog.espol.edu.ec\/inpol\/files\/2014\/03\/Secretarias-telefono.jpg\" alt=\"Secretarias telefono\" width=\"500\" height=\"350\" srcset=\"https:\/\/blog.espol.edu.ec\/inpol\/files\/2014\/03\/Secretarias-telefono.jpg 500w, https:\/\/blog.espol.edu.ec\/inpol\/files\/2014\/03\/Secretarias-telefono-300x210.jpg 300w\" sizes=\"auto, (max-width: 500px) 100vw, 500px\" \/><\/a><\/p>\n<hr \/>\n<p><span style=\"color: #0000ff\"><b>Para mayor informaci\u00f3n llamar a los tel\u00e9fonos:<\/b><\/span><\/p>\n<hr \/>\n<h1><span style=\"color: #993300\"><b>5122180 <a href=\"http:\/\/blog.espol.edu.ec\/inpol\/files\/2014\/03\/telefono-3.png\"><img loading=\"lazy\" decoding=\"async\" class=\"size-full wp-image-235 alignleft\" src=\"http:\/\/blog.espol.edu.ec\/inpol\/files\/2014\/03\/telefono-3.png\" alt=\"telefono 3\" width=\"216\" height=\"159\" \/><\/a> <\/b><\/span><\/h1>\n<h1><span style=\"color: #993300\"><b>0990149982 <\/b><\/span><\/h1>\n<h1><span style=\"color: #993300\"><b>0992329877<\/b><\/span><\/h1>\n<h1><span style=\"color: #993300\"><b>0985991160<\/b><\/span><\/h1>\n<h2 style=\"text-align: center\"><span style=\"color: #0000ff\">le atenderemos gustosamente<\/span><\/h2>\n<p>&nbsp;<\/p>\n<p><a href=\"http:\/\/blog.espol.edu.ec\/inpol\/files\/2014\/03\/INPOL-EN-GOOGLE-MAP.png\"><img loading=\"lazy\" decoding=\"async\" class=\"aligncenter size-full wp-image-263\" src=\"http:\/\/blog.espol.edu.ec\/inpol\/files\/2014\/03\/INPOL-EN-GOOGLE-MAP.png\" alt=\"INPOL EN GOOGLE MAP\" width=\"674\" height=\"461\" srcset=\"https:\/\/blog.espol.edu.ec\/inpol\/files\/2014\/03\/INPOL-EN-GOOGLE-MAP.png 674w, https:\/\/blog.espol.edu.ec\/inpol\/files\/2014\/03\/INPOL-EN-GOOGLE-MAP-300x205.png 300w\" sizes=\"auto, (max-width: 674px) 100vw, 674px\" \/><\/a><\/p>\n<h6 style=\"text-align: center\"><a href=\"http:\/\/blog.espol.edu.ec\/inpol\/files\/2014\/03\/INPOL-BJT.jpg\"><img loading=\"lazy\" decoding=\"async\" class=\"aligncenter size-full wp-image-25\" src=\"http:\/\/blog.espol.edu.ec\/inpol\/files\/2014\/03\/INPOL-BJT.jpg\" alt=\"INPOL BJT\" width=\"296\" height=\"79\" \/><\/a><span style=\"color: #993300\">Cdla. Sauces 8 Mz. 511 SL. 6 Guayaquil - Ecuador \u00a0Cell: 0992329877- 0990149982 Telf: 5122180 Email: <a href=\"mailto:inpolitecnico@gmail.com\"><span style=\"color: #993300\">inpolitecnico@gmail.com<\/span><\/a> Web: <a href=\"http:\/\/blog.espol.edu.ec\/inpol\/\"><span style=\"color: #993300\">http:\/\/blog.espol.edu.ec\/inpol\/<\/span><\/a>\u00a0 S\u00edguenos en Facebook como: INPOL- Instituto de Nivelaci\u00f3n Polit\u00e9cnica<\/span><\/h6>\n<p>&nbsp;<\/p>\n<p>&nbsp;<\/p>\n","protected":false},"excerpt":{"rendered":"<p>Para mayor informaci\u00f3n llamar a los tel\u00e9fonos: 5122180 0990149982 0992329877 0985991160 le atenderemos gustosamente &nbsp; Cdla. Sauces 8 Mz. 511 SL. 6 Guayaquil - Ecuador \u00a0Cell: 0992329877- 0990149982 Telf: 5122180 Email: inpolitecnico@gmail.com Web: http:\/\/blog.espol.edu.ec\/inpol\/\u00a0 S\u00edguenos en Facebook como: INPOL- Instituto de Nivelaci\u00f3n Polit\u00e9cnica &nbsp; &nbsp;<\/p>\n","protected":false},"author":5491,"featured_media":0,"parent":0,"menu_order":0,"comment_status":"open","ping_status":"open","template":"","meta":{"footnotes":""},"class_list":["post-27","page","type-page","status-publish","hentry","nodate","item-wrap"],"_links":{"self":[{"href":"https:\/\/blog.espol.edu.ec\/inpol\/wp-json\/wp\/v2\/pages\/27","targetHints":{"allow":["GET"]}}],"collection":[{"href":"https:\/\/blog.espol.edu.ec\/inpol\/wp-json\/wp\/v2\/pages"}],"about":[{"href":"https:\/\/blog.espol.edu.ec\/inpol\/wp-json\/wp\/v2\/types\/page"}],"author":[{"embeddable":true,"href":"https:\/\/blog.espol.edu.ec\/inpol\/wp-json\/wp\/v2\/users\/5491"}],"replies":[{"embeddable":true,"href":"https:\/\/blog.espol.edu.ec\/inpol\/wp-json\/wp\/v2\/comments?post=27"}],"version-history":[{"count":23,"href":"https:\/\/blog.espol.edu.ec\/inpol\/wp-json\/wp\/v2\/pages\/27\/revisions"}],"predecessor-version":[{"id":264,"href":"https:\/\/blog.espol.edu.ec\/inpol\/wp-json\/wp\/v2\/pages\/27\/revisions\/264"}],"wp:attachment":[{"href":"https:\/\/blog.espol.edu.ec\/inpol\/wp-json\/wp\/v2\/media?parent=27"}],"curies":[{"name":"wp","href":"https:\/\/api.w.org\/{rel}","templated":true}]}}