{"id":48,"date":"2022-04-27T21:50:19","date_gmt":"2022-04-27T19:50:19","guid":{"rendered":"http:\/\/blog.espol.edu.ec\/instruindustrial\/?page_id=48"},"modified":"2023-09-11T16:23:37","modified_gmt":"2023-09-11T14:23:37","slug":"laboratorio","status":"publish","type":"page","link":"https:\/\/blog.espol.edu.ec\/instruindustrial\/","title":{"rendered":"Laboratorio"},"content":{"rendered":"<div id=\"pl-48\"  class=\"panel-layout\" ><div id=\"pg-48-0\"  class=\"panel-grid panel-has-style\" ><div class=\"siteorigin-panels-stretch panel-row-style panel-row-style-for-48-0\" data-stretch-type=\"full-stretched\" ><div id=\"pgc-48-0-0\"  class=\"panel-grid-cell\" ><div id=\"panel-48-0-0-0\" class=\"so-panel widget widget_sow-slider panel-first-child panel-last-child\" data-index=\"0\" ><div\n\t\t\t\n\t\t\tclass=\"so-widget-sow-slider so-widget-sow-slider-default-6d39609536fd-48\"\n\t\t\t\n\t\t>\t\t\t\t<div class=\"sow-slider-base\" style=\"display: none\" tabindex=\"0\">\n\t\t\t\t\t<ul\n\t\t\t\t\tclass=\"sow-slider-images\"\n\t\t\t\t\tdata-settings=\"{&quot;pagination&quot;:true,&quot;speed&quot;:800,&quot;timeout&quot;:8000,&quot;paused&quot;:false,&quot;pause_on_hover&quot;:false,&quot;swipe&quot;:true,&quot;nav_always_show_desktop&quot;:&quot;&quot;,&quot;nav_always_show_mobile&quot;:&quot;&quot;,&quot;breakpoint&quot;:&quot;780px&quot;,&quot;unmute&quot;:false,&quot;anchor&quot;:null}\"\n\t\t\t\t\t\t\t\t\t\tdata-anchor-id=\"\"\n\t\t\t\t>\t\t<li class=\"sow-slider-image\" style=\"visibility: visible;\" >\n\t\t\t\t\t\t<img loading=\"lazy\" decoding=\"async\" width=\"1600\" height=\"606\" src=\"https:\/\/blog.espol.edu.ec\/instruindustrial\/files\/2022\/04\/panoramica.jpeg\" class=\"sow-slider-background-image\" alt=\"\" style=\"\" srcset=\"https:\/\/blog.espol.edu.ec\/instruindustrial\/files\/2022\/04\/panoramica.jpeg 1600w, https:\/\/blog.espol.edu.ec\/instruindustrial\/files\/2022\/04\/panoramica-300x114.jpeg 300w, https:\/\/blog.espol.edu.ec\/instruindustrial\/files\/2022\/04\/panoramica-768x291.jpeg 768w, https:\/\/blog.espol.edu.ec\/instruindustrial\/files\/2022\/04\/panoramica-1024x388.jpeg 1024w\" sizes=\"auto, 100vw\" \/>\t\t<\/li>\n\t\t\t\t<li class=\"sow-slider-image\" style=\"visibility: hidden;\" >\n\t\t\t\t\t\t<img loading=\"lazy\" decoding=\"async\" width=\"3000\" height=\"2000\" src=\"https:\/\/blog.espol.edu.ec\/instruindustrial\/files\/2022\/04\/DSC_0300.jpg\" class=\"sow-slider-background-image\" alt=\"\" style=\"\" srcset=\"https:\/\/blog.espol.edu.ec\/instruindustrial\/files\/2022\/04\/DSC_0300.jpg 3000w, https:\/\/blog.espol.edu.ec\/instruindustrial\/files\/2022\/04\/DSC_0300-300x200.jpg 300w, https:\/\/blog.espol.edu.ec\/instruindustrial\/files\/2022\/04\/DSC_0300-768x512.jpg 768w, https:\/\/blog.espol.edu.ec\/instruindustrial\/files\/2022\/04\/DSC_0300-1024x683.jpg 1024w, https:\/\/blog.espol.edu.ec\/instruindustrial\/files\/2022\/04\/DSC_0300-272x182.jpg 272w\" sizes=\"auto, 100vw\" \/>\t\t<\/li>\n\t\t\t\t<li class=\"sow-slider-image\" style=\"visibility: hidden;\" >\n\t\t\t\t\t\t<img loading=\"lazy\" decoding=\"async\" width=\"3000\" height=\"2000\" src=\"https:\/\/blog.espol.edu.ec\/instruindustrial\/files\/2022\/04\/DSC_0321.jpg\" class=\"sow-slider-background-image\" alt=\"\" style=\"\" srcset=\"https:\/\/blog.espol.edu.ec\/instruindustrial\/files\/2022\/04\/DSC_0321.jpg 3000w, https:\/\/blog.espol.edu.ec\/instruindustrial\/files\/2022\/04\/DSC_0321-300x200.jpg 300w, https:\/\/blog.espol.edu.ec\/instruindustrial\/files\/2022\/04\/DSC_0321-768x512.jpg 768w, https:\/\/blog.espol.edu.ec\/instruindustrial\/files\/2022\/04\/DSC_0321-1024x683.jpg 1024w, https:\/\/blog.espol.edu.ec\/instruindustrial\/files\/2022\/04\/DSC_0321-272x182.jpg 272w\" sizes=\"auto, 100vw\" \/>\t\t<\/li>\n\t\t\t\t<li class=\"sow-slider-image\" style=\"visibility: hidden;\" >\n\t\t\t\t\t\t<img loading=\"lazy\" decoding=\"async\" width=\"6000\" height=\"4000\" src=\"https:\/\/blog.espol.edu.ec\/instruindustrial\/files\/2022\/04\/DSC_0319.jpg\" class=\"sow-slider-background-image\" alt=\"\" style=\"\" srcset=\"https:\/\/blog.espol.edu.ec\/instruindustrial\/files\/2022\/04\/DSC_0319.jpg 6000w, https:\/\/blog.espol.edu.ec\/instruindustrial\/files\/2022\/04\/DSC_0319-300x200.jpg 300w, https:\/\/blog.espol.edu.ec\/instruindustrial\/files\/2022\/04\/DSC_0319-768x512.jpg 768w, https:\/\/blog.espol.edu.ec\/instruindustrial\/files\/2022\/04\/DSC_0319-1024x683.jpg 1024w, https:\/\/blog.espol.edu.ec\/instruindustrial\/files\/2022\/04\/DSC_0319-272x182.jpg 272w\" sizes=\"auto, 100vw\" \/>\t\t<\/li>\n\t\t\t\t<li class=\"sow-slider-image\" style=\"visibility: hidden;\" >\n\t\t\t\t\t\t<img loading=\"lazy\" decoding=\"async\" width=\"2000\" height=\"3000\" src=\"https:\/\/blog.espol.edu.ec\/instruindustrial\/files\/2022\/04\/DSC_0314-e1651249336923.jpg\" class=\"sow-slider-background-image\" alt=\"\" style=\"\" srcset=\"https:\/\/blog.espol.edu.ec\/instruindustrial\/files\/2022\/04\/DSC_0314-e1651249336923.jpg 2000w, https:\/\/blog.espol.edu.ec\/instruindustrial\/files\/2022\/04\/DSC_0314-e1651249336923-200x300.jpg 200w, https:\/\/blog.espol.edu.ec\/instruindustrial\/files\/2022\/04\/DSC_0314-e1651249336923-768x1152.jpg 768w, https:\/\/blog.espol.edu.ec\/instruindustrial\/files\/2022\/04\/DSC_0314-e1651249336923-683x1024.jpg 683w\" sizes=\"auto, 100vw\" \/>\t\t<\/li>\n\t\t<\/ul>\t\t\t\t<ol class=\"sow-slider-pagination\">\n\t\t\t\t\t\t\t\t\t\t\t<li><a href=\"#\" data-goto=\"0\" aria-label=\"mostrar diapositiva 1\"><\/a><\/li>\n\t\t\t\t\t\t\t\t\t\t\t<li><a href=\"#\" data-goto=\"1\" aria-label=\"mostrar diapositiva 2\"><\/a><\/li>\n\t\t\t\t\t\t\t\t\t\t\t<li><a href=\"#\" data-goto=\"2\" aria-label=\"mostrar diapositiva 3\"><\/a><\/li>\n\t\t\t\t\t\t\t\t\t\t\t<li><a href=\"#\" data-goto=\"3\" aria-label=\"mostrar diapositiva 4\"><\/a><\/li>\n\t\t\t\t\t\t\t\t\t\t\t<li><a href=\"#\" data-goto=\"4\" aria-label=\"mostrar diapositiva 5\"><\/a><\/li>\n\t\t\t\t\t\t\t\t\t<\/ol>\n\n\t\t\t\t<div class=\"sow-slide-nav sow-slide-nav-next\">\n\t\t\t\t\t<a href=\"#\" data-goto=\"next\" aria-label=\"diapositiva siguiente\" data-action=\"next\">\n\t\t\t\t\t\t<em class=\"sow-sld-icon-thin-right\"><\/em>\n\t\t\t\t\t<\/a>\n\t\t\t\t<\/div>\n\n\t\t\t\t<div class=\"sow-slide-nav sow-slide-nav-prev\">\n\t\t\t\t\t<a href=\"#\" data-goto=\"previous\" aria-label=\"diapositiva anterior\" data-action=\"prev\">\n\t\t\t\t\t\t<em class=\"sow-sld-icon-thin-left\"><\/em>\n\t\t\t\t\t<\/a>\n\t\t\t\t<\/div>\n\t\t\t\t<\/div><\/div><\/div><\/div><\/div><\/div><div id=\"pg-48-1\"  class=\"panel-grid panel-has-style\" ><div class=\"siteorigin-panels-stretch panel-row-style panel-row-style-for-48-1\" data-stretch-type=\"full\" ><div id=\"pgc-48-1-0\"  class=\"panel-grid-cell\" ><div id=\"panel-48-1-0-0\" class=\"so-panel widget widget_sow-headline panel-first-child panel-last-child\" data-index=\"1\" ><div class=\"panel-widget-style panel-widget-style-for-48-1-0-0\" ><div\n\t\t\t\n\t\t\tclass=\"so-widget-sow-headline so-widget-sow-headline-default-12a54ecd4148-48 so-widget-fittext-wrapper\"\n\t\t\t data-fit-text-compressor=\"0.85\"\n\t\t><div class=\"sow-headline-container \">\n\t\t\t\t\t\t\t<h2 class=\"sow-headline\">\n\t\t\t\t\t\tBIENVENIDOS!\t\t\t\t\t\t<\/h2>\n\t\t\t\t\t\t\t\t\t\t\t\t<p class=\"sow-sub-headline\">\n\t\t\t\t\t\tEn el componente pr\u00e1ctico de Instrumentaci\u00f3n Industrial se estudian sistemas neum\u00e1ticos, electroneum\u00e1ticos, control de sistemas de nivel, flujo, temperatura, presi\u00f3n, adquisici\u00f3n de datos y  configuraci\u00f3n de redes de comunicaci\u00f3n industrial.\t\t\t\t\t\t<\/p>\n\t\t\t\t\t\t<\/div>\n<\/div><\/div><\/div><\/div><\/div><\/div><div id=\"pg-48-2\"  class=\"panel-grid panel-has-style\" ><div class=\"siteorigin-panels-stretch panel-row-style panel-row-style-for-48-2\" data-stretch-type=\"full\" ><div id=\"pgc-48-2-0\"  class=\"panel-grid-cell\" ><div id=\"panel-48-2-0-0\" class=\"so-panel widget widget_sow-headline panel-first-child panel-last-child\" data-index=\"2\" ><div class=\"panel-widget-style panel-widget-style-for-48-2-0-0\" ><div\n\t\t\t\n\t\t\tclass=\"so-widget-sow-headline so-widget-sow-headline-default-f13d52b92bd1-48\"\n\t\t\t\n\t\t><div class=\"sow-headline-container \">\n\t\t\t\t\t\t\t<h2 class=\"sow-headline\">\n\t\t\t\t\t\tCorreo de laboratorio \t\t\t\t\t\t<\/h2>\n\t\t\t\t\t\t\t\t\t\t\t\t<p class=\"sow-sub-headline\">\n\t\t\t\t\t\tlab-instrum@fiec.espol.edu.ec\t\t\t\t\t\t<\/p>\n\t\t\t\t\t\t<\/div>\n<\/div><\/div><\/div><\/div><\/div><\/div><div id=\"pg-48-3\"  class=\"panel-grid panel-has-style\" ><div class=\"siteorigin-panels-stretch panel-row-style panel-row-style-for-48-3\" data-stretch-type=\"full-stretched\" ><div id=\"pgc-48-3-0\"  class=\"panel-grid-cell\" ><div id=\"panel-48-3-0-0\" class=\"so-panel widget widget_sow-editor panel-first-child\" data-index=\"3\" ><div\n\t\t\t\n\t\t\tclass=\"so-widget-sow-editor so-widget-sow-editor-base\"\n\t\t\t\n\t\t><h3 class=\"widget-title\">\u00bfC\u00f3mo llegar a los laboratorios?<\/h3>\n<div class=\"siteorigin-widget-tinymce textwidget\">\n\t<p>Desplazarse con el mouse, dar clic en las flechas, dirigirse hacia el edificio 11 C<\/p>\n<\/div>\n<\/div><\/div><div id=\"panel-48-3-0-1\" class=\"widget_text so-panel widget widget_custom_html panel-last-child\" data-index=\"4\" ><div class=\"textwidget custom-html-widget\"><p align=\"center\">\n<iframe loading=\"lazy\" width=\"98%\" height=\"640\" allowfullscreen=\"true\" frameborder=\"0\" src=\"https:\/\/webobook.com\/public\/626036fc81378c7553617452,en?ap=true&amp;si=true&amp;sm=false&amp;sp=true&amp;sfr=false&amp;sl=false&amp;sop=false&amp;\"><\/iframe> <\/p><\/div><\/div><\/div><\/div><\/div><div id=\"pg-48-4\"  class=\"panel-grid panel-has-style\" ><div class=\"siteorigin-panels-stretch panel-row-style panel-row-style-for-48-4\" data-stretch-type=\"full\" ><div id=\"pgc-48-4-0\"  class=\"panel-grid-cell\" ><div id=\"panel-48-4-0-0\" class=\"so-panel widget widget_sow-editor panel-first-child panel-last-child\" data-index=\"5\" ><div class=\"panel-widget-style panel-widget-style-for-48-4-0-0\" ><div\n\t\t\t\n\t\t\tclass=\"so-widget-sow-editor so-widget-sow-editor-base\"\n\t\t\t\n\t\t>\n<div class=\"siteorigin-widget-tinymce textwidget\">\n\t<p>El laboratorio se encuentra ubicado en el \u00e1rea de laboratorios de FIEC \"vieja\", edificio 11C, diagonal al laboratorio de Electr\u00f3nica de Potencia y junto al laboratorio de Maquinarias.<\/p>\n<p>Correo del laboratorio<br \/>\nlab-instrum@fiec.espol.edu.ec<\/p>\n<\/div>\n<\/div><\/div><\/div><\/div><div id=\"pgc-48-4-1\"  class=\"panel-grid-cell\" ><div id=\"panel-48-4-1-0\" class=\"so-panel widget widget_sow-google-map panel-first-child panel-last-child\" data-index=\"6\" ><div\n\t\t\t\n\t\t\tclass=\"so-widget-sow-google-map so-widget-sow-google-map-default-6b23895f316e-48\"\n\t\t\t\n\t\t>\n<div class=\"sow-google-map-canvas\"\n\tstyle=\"\"\n\tid=\"map-canvas-3d03563ee5ba53c6d0fabf242ea44da2\"\n\tdata-options=\"{&quot;address&quot;:&quot;Laboratorio de Instrumentaci\\u00f3n Industrial - FIEC, Guayaquil, ECUADOR&quot;,&quot;zoom&quot;:16,&quot;mobileZoom&quot;:16,&quot;gestureHandling&quot;:&quot;none&quot;,&quot;disableUi&quot;:false,&quot;markerIcon&quot;:false,&quot;markersDraggable&quot;:false,&quot;markerAtCenter&quot;:true,&quot;markerInfoDisplay&quot;:&quot;click&quot;,&quot;markerInfoMultiple&quot;:true,&quot;markerPositions&quot;:false,&quot;mapName&quot;:&quot;Mapa personalizado&quot;,&quot;mapStyles&quot;:[{&quot;featureType&quot;:&quot;all&quot;,&quot;elementType&quot;:&quot;labels.text.fill&quot;,&quot;stylers&quot;:[{&quot;saturation&quot;:36},{&quot;color&quot;:&quot;#000000&quot;},{&quot;lightness&quot;:40}]},{&quot;featureType&quot;:&quot;all&quot;,&quot;elementType&quot;:&quot;labels.text.stroke&quot;,&quot;stylers&quot;:[{&quot;visibility&quot;:&quot;on&quot;},{&quot;color&quot;:&quot;#000000&quot;},{&quot;lightness&quot;:16}]},{&quot;featureType&quot;:&quot;all&quot;,&quot;elementType&quot;:&quot;labels.icon&quot;,&quot;stylers&quot;:[{&quot;visibility&quot;:&quot;off&quot;}]},{&quot;featureType&quot;:&quot;administrative&quot;,&quot;elementType&quot;:&quot;geometry.fill&quot;,&quot;stylers&quot;:[{&quot;color&quot;:&quot;#000000&quot;},{&quot;lightness&quot;:20}]},{&quot;featureType&quot;:&quot;administrative&quot;,&quot;elementType&quot;:&quot;geometry.stroke&quot;,&quot;stylers&quot;:[{&quot;color&quot;:&quot;#000000&quot;},{&quot;lightness&quot;:17},{&quot;weight&quot;:1.2}]},{&quot;featureType&quot;:&quot;landscape&quot;,&quot;elementType&quot;:&quot;geometry&quot;,&quot;stylers&quot;:[{&quot;color&quot;:&quot;#000000&quot;},{&quot;lightness&quot;:20}]},{&quot;featureType&quot;:&quot;poi&quot;,&quot;elementType&quot;:&quot;geometry&quot;,&quot;stylers&quot;:[{&quot;color&quot;:&quot;#000000&quot;},{&quot;lightness&quot;:21}]},{&quot;featureType&quot;:&quot;road.highway&quot;,&quot;elementType&quot;:&quot;geometry.fill&quot;,&quot;stylers&quot;:[{&quot;color&quot;:&quot;#000000&quot;},{&quot;lightness&quot;:17}]},{&quot;featureType&quot;:&quot;road.highway&quot;,&quot;elementType&quot;:&quot;geometry.stroke&quot;,&quot;stylers&quot;:[{&quot;color&quot;:&quot;#000000&quot;},{&quot;lightness&quot;:29},{&quot;weight&quot;:0.2}]},{&quot;featureType&quot;:&quot;road.arterial&quot;,&quot;elementType&quot;:&quot;geometry&quot;,&quot;stylers&quot;:[{&quot;color&quot;:&quot;#000000&quot;},{&quot;lightness&quot;:18}]},{&quot;featureType&quot;:&quot;road.local&quot;,&quot;elementType&quot;:&quot;geometry&quot;,&quot;stylers&quot;:[{&quot;color&quot;:&quot;#000000&quot;},{&quot;lightness&quot;:16}]},{&quot;featureType&quot;:&quot;transit&quot;,&quot;elementType&quot;:&quot;geometry&quot;,&quot;stylers&quot;:[{&quot;color&quot;:&quot;#000000&quot;},{&quot;lightness&quot;:19}]},{&quot;featureType&quot;:&quot;water&quot;,&quot;elementType&quot;:&quot;geometry&quot;,&quot;stylers&quot;:[{&quot;color&quot;:&quot;#000000&quot;},{&quot;lightness&quot;:17}]}],&quot;directions&quot;:&quot;&quot;,&quot;apiKey&quot;:&quot;AIzaSyAWV9Vw5OAe5LE5I3dPa38ZbBUudD92PVw&quot;,&quot;breakpoint&quot;:780}\"\n\tdata-fallback-image=\"{&quot;img&quot;:&quot;&quot;}\"><\/div>\n<\/div><\/div><\/div><\/div><\/div><\/div>","protected":false},"excerpt":{"rendered":"<p>BIENVENIDOS! En el componente pr\u00e1ctico de Instrumentaci\u00f3n Industrial se estudian sistemas neum\u00e1ticos, electroneum\u00e1ticos, control de sistemas de nivel, flujo, temperatura, presi\u00f3n, adquisici\u00f3n de datos y configuraci\u00f3n de redes de comunicaci\u00f3n industrial. Correo de laboratorio lab-instrum@fiec.espol.edu.ec \u00bfC\u00f3mo llegar a los laboratorios? Desplazarse con el mouse, dar clic en las flechas, dirigirse hacia el edificio 11 C &hellip; <\/p>\n<p class=\"link-more\"><a href=\"https:\/\/blog.espol.edu.ec\/instruindustrial\/\" class=\"more-link\">Continuar leyendo<span class=\"screen-reader-text\"> \"Laboratorio\"<\/span><\/a><\/p>\n","protected":false},"author":11027,"featured_media":0,"parent":0,"menu_order":0,"comment_status":"closed","ping_status":"closed","template":"","meta":{"footnotes":""},"class_list":["post-48","page","type-page","status-publish","hentry"],"_links":{"self":[{"href":"https:\/\/blog.espol.edu.ec\/instruindustrial\/wp-json\/wp\/v2\/pages\/48","targetHints":{"allow":["GET"]}}],"collection":[{"href":"https:\/\/blog.espol.edu.ec\/instruindustrial\/wp-json\/wp\/v2\/pages"}],"about":[{"href":"https:\/\/blog.espol.edu.ec\/instruindustrial\/wp-json\/wp\/v2\/types\/page"}],"author":[{"embeddable":true,"href":"https:\/\/blog.espol.edu.ec\/instruindustrial\/wp-json\/wp\/v2\/users\/11027"}],"replies":[{"embeddable":true,"href":"https:\/\/blog.espol.edu.ec\/instruindustrial\/wp-json\/wp\/v2\/comments?post=48"}],"version-history":[{"count":13,"href":"https:\/\/blog.espol.edu.ec\/instruindustrial\/wp-json\/wp\/v2\/pages\/48\/revisions"}],"predecessor-version":[{"id":180,"href":"https:\/\/blog.espol.edu.ec\/instruindustrial\/wp-json\/wp\/v2\/pages\/48\/revisions\/180"}],"wp:attachment":[{"href":"https:\/\/blog.espol.edu.ec\/instruindustrial\/wp-json\/wp\/v2\/media?parent=48"}],"curies":[{"name":"wp","href":"https:\/\/api.w.org\/{rel}","templated":true}]}}