{"id":51,"date":"2022-04-27T22:25:39","date_gmt":"2022-04-27T20:25:39","guid":{"rendered":"http:\/\/blog.espol.edu.ec\/instruindustrial\/?page_id=51"},"modified":"2025-08-11T17:53:23","modified_gmt":"2025-08-11T15:53:23","slug":"politicas-y-planificacion","status":"publish","type":"page","link":"https:\/\/blog.espol.edu.ec\/instruindustrial\/politicas-y-planificacion\/","title":{"rendered":"Pol\u00edticas y Planificaci\u00f3n"},"content":{"rendered":"<div id=\"pl-51\"  class=\"panel-layout\" ><div id=\"pg-51-0\"  class=\"panel-grid panel-no-style\" ><div id=\"pgc-51-0-0\"  class=\"panel-grid-cell\" ><div id=\"panel-51-0-0-0\" class=\"so-panel widget widget_sow-accordion panel-first-child panel-last-child\" data-index=\"0\" ><div\n\t\t\t\n\t\t\tclass=\"so-widget-sow-accordion so-widget-sow-accordion-default-8cefecaf8e4a-51\"\n\t\t\t\n\t\t><div>\n\t<div class=\"sow-accordion\">\n\t\t\t<div class=\"sow-accordion-panel\n\t\t\t\t\"\n\t\t\tdata-anchor-id=\"politicas-de-clases\">\n\t\t\t\t<div class=\"sow-accordion-panel-header-container\" role=\"heading\" aria-level=\"2\">\n\t\t\t\t\t<div class=\"sow-accordion-panel-header\" tabindex=\"0\" role=\"button\" id=\"accordion-label-pol%c3%adticas-de-clases\" aria-controls=\"accordion-content-pol%c3%adticas-de-clases\" aria-expanded=\"false\">\n\t\t\t\t\t\t<div class=\"sow-accordion-title sow-accordion-title-icon-left\">\n\t\t\t\t\t\t\t\t\t\t\t\t\t\tPol\u00edticas de clases \t\t\t\t\t\t\t\t\t\t\t\t\t<\/div>\n\t\t\t\t\t\t<div class=\"sow-accordion-open-close-button\">\n\t\t\t\t\t\t\t<div class=\"sow-accordion-open-button\">\n\t\t\t\t\t\t\t\t<span class=\"sow-icon-ionicons\" data-sow-icon=\"&#xf218;\"\n\t\t \n\t\taria-hidden=\"true\"><\/span>\t\t\t\t\t\t\t<\/div>\n\t\t\t\t\t\t\t<div class=\"sow-accordion-close-button\">\n\t\t\t\t\t\t\t\t<span class=\"sow-icon-ionicons\" data-sow-icon=\"&#xf209;\"\n\t\t \n\t\taria-hidden=\"true\"><\/span>\t\t\t\t\t\t\t<\/div>\n\t\t\t\t\t\t<\/div>\n\t\t\t\t\t<\/div>\n\t\t\t\t<\/div>\n\n\t\t\t<div\n\t\t\t\tclass=\"sow-accordion-panel-content\"\n\t\t\t\trole=\"region\"\n\t\t\t\taria-labelledby=\"accordion-label-pol%c3%adticas-de-clases\"\n\t\t\t\tid=\"accordion-content-pol%c3%adticas-de-clases\"\n\t\t\t\tstyle=\"display: none;\"\t\t\t>\n\t\t\t\t<div class=\"sow-accordion-panel-border\">\n\t\t\t\t\t<p><a href=\"https:\/\/docs.google.com\/document\/d\/1bciaBh4WFV7vuMG0OK373qsvcKmvYmLq\/edit?usp=sharing&amp;ouid=100734547282650082451&amp;rtpof=true&amp;sd=true\" target=\"_blank\" rel=\"noopener\">Pol\u00edticas de laboratorio<\/a><\/p>\n\t\t\t\t<\/div>\n\t\t\t<\/div>\n\t\t<\/div>\n\t\t\t<div class=\"sow-accordion-panel\n\t\t\t\t\"\n\t\t\tdata-anchor-id=\"planificacion-de-clases\">\n\t\t\t\t<div class=\"sow-accordion-panel-header-container\" role=\"heading\" aria-level=\"2\">\n\t\t\t\t\t<div class=\"sow-accordion-panel-header\" tabindex=\"0\" role=\"button\" id=\"accordion-label-planificaci%c3%b3n-de-clases\" aria-controls=\"accordion-content-planificaci%c3%b3n-de-clases\" aria-expanded=\"false\">\n\t\t\t\t\t\t<div class=\"sow-accordion-title sow-accordion-title-icon-left\">\n\t\t\t\t\t\t\t\t\t\t\t\t\t\tPlanificaci\u00f3n de clases \t\t\t\t\t\t\t\t\t\t\t\t\t<\/div>\n\t\t\t\t\t\t<div class=\"sow-accordion-open-close-button\">\n\t\t\t\t\t\t\t<div class=\"sow-accordion-open-button\">\n\t\t\t\t\t\t\t\t<span class=\"sow-icon-ionicons\" data-sow-icon=\"&#xf218;\"\n\t\t \n\t\taria-hidden=\"true\"><\/span>\t\t\t\t\t\t\t<\/div>\n\t\t\t\t\t\t\t<div class=\"sow-accordion-close-button\">\n\t\t\t\t\t\t\t\t<span class=\"sow-icon-ionicons\" data-sow-icon=\"&#xf209;\"\n\t\t \n\t\taria-hidden=\"true\"><\/span>\t\t\t\t\t\t\t<\/div>\n\t\t\t\t\t\t<\/div>\n\t\t\t\t\t<\/div>\n\t\t\t\t<\/div>\n\n\t\t\t<div\n\t\t\t\tclass=\"sow-accordion-panel-content\"\n\t\t\t\trole=\"region\"\n\t\t\t\taria-labelledby=\"accordion-label-planificaci%c3%b3n-de-clases\"\n\t\t\t\tid=\"accordion-content-planificaci%c3%b3n-de-clases\"\n\t\t\t\tstyle=\"display: none;\"\t\t\t>\n\t\t\t\t<div class=\"sow-accordion-panel-border\">\n\t\t\t\t\t<p><a href=\"https:\/\/docs.google.com\/spreadsheets\/d\/1IlhEQtAosPDxCwtRbOTgZOap9vqKx5CC\/edit?usp=sharing&amp;ouid=100734547282650082451&amp;rtpof=true&amp;sd=true\" target=\"_blank\" rel=\"noopener\">Planificaci\u00f3n Laboratorio<\/a><\/p>\n\t\t\t\t<\/div>\n\t\t\t<\/div>\n\t\t<\/div>\n\t\t\t<div class=\"sow-accordion-panel\n\t\t\t\t\"\n\t\t\tdata-anchor-id=\"horario-de-clases-y-laboratorio-abierto\">\n\t\t\t\t<div class=\"sow-accordion-panel-header-container\" role=\"heading\" aria-level=\"2\">\n\t\t\t\t\t<div class=\"sow-accordion-panel-header\" tabindex=\"0\" role=\"button\" id=\"accordion-label-horario-de-clases-y-laboratorio-abierto\" aria-controls=\"accordion-content-horario-de-clases-y-laboratorio-abierto\" aria-expanded=\"false\">\n\t\t\t\t\t\t<div class=\"sow-accordion-title sow-accordion-title-icon-left\">\n\t\t\t\t\t\t\t\t\t\t\t\t\t\tHorario de Clases y Laboratorio Abierto\t\t\t\t\t\t\t\t\t\t\t\t\t<\/div>\n\t\t\t\t\t\t<div class=\"sow-accordion-open-close-button\">\n\t\t\t\t\t\t\t<div class=\"sow-accordion-open-button\">\n\t\t\t\t\t\t\t\t<span class=\"sow-icon-ionicons\" data-sow-icon=\"&#xf218;\"\n\t\t \n\t\taria-hidden=\"true\"><\/span>\t\t\t\t\t\t\t<\/div>\n\t\t\t\t\t\t\t<div class=\"sow-accordion-close-button\">\n\t\t\t\t\t\t\t\t<span class=\"sow-icon-ionicons\" data-sow-icon=\"&#xf209;\"\n\t\t \n\t\taria-hidden=\"true\"><\/span>\t\t\t\t\t\t\t<\/div>\n\t\t\t\t\t\t<\/div>\n\t\t\t\t\t<\/div>\n\t\t\t\t<\/div>\n\n\t\t\t<div\n\t\t\t\tclass=\"sow-accordion-panel-content\"\n\t\t\t\trole=\"region\"\n\t\t\t\taria-labelledby=\"accordion-label-horario-de-clases-y-laboratorio-abierto\"\n\t\t\t\tid=\"accordion-content-horario-de-clases-y-laboratorio-abierto\"\n\t\t\t\tstyle=\"display: none;\"\t\t\t>\n\t\t\t\t<div class=\"sow-accordion-panel-border\">\n\t\t\t\t\t<a href=\"https:\/\/docs.google.com\/spreadsheets\/d\/1DjKPF3l8zNABCKwpEuY-fXBs3lcuYuZh\/edit?usp=sharing&amp;ouid=100734547282650082451&amp;rtpof=true&amp;sd=true\" target=\"_blank\" rel=\"noopener\">Horarios<\/a>\t\t\t\t<\/div>\n\t\t\t<\/div>\n\t\t<\/div>\n\t\t\t<div class=\"sow-accordion-panel\n\t\t\t\t\"\n\t\t\tdata-anchor-id=\"guia-de-riesgos-y-medidas-de-seguridad\">\n\t\t\t\t<div class=\"sow-accordion-panel-header-container\" role=\"heading\" aria-level=\"2\">\n\t\t\t\t\t<div class=\"sow-accordion-panel-header\" tabindex=\"0\" role=\"button\" id=\"accordion-label-gu%c3%ada-de-riesgos-y-medidas-de-seguridad\" aria-controls=\"accordion-content-gu%c3%ada-de-riesgos-y-medidas-de-seguridad\" aria-expanded=\"false\">\n\t\t\t\t\t\t<div class=\"sow-accordion-title sow-accordion-title-icon-left\">\n\t\t\t\t\t\t\t\t\t\t\t\t\t\tGu\u00eda de riesgos y medidas de seguridad \t\t\t\t\t\t\t\t\t\t\t\t\t<\/div>\n\t\t\t\t\t\t<div class=\"sow-accordion-open-close-button\">\n\t\t\t\t\t\t\t<div class=\"sow-accordion-open-button\">\n\t\t\t\t\t\t\t\t<span class=\"sow-icon-ionicons\" data-sow-icon=\"&#xf218;\"\n\t\t \n\t\taria-hidden=\"true\"><\/span>\t\t\t\t\t\t\t<\/div>\n\t\t\t\t\t\t\t<div class=\"sow-accordion-close-button\">\n\t\t\t\t\t\t\t\t<span class=\"sow-icon-ionicons\" data-sow-icon=\"&#xf209;\"\n\t\t \n\t\taria-hidden=\"true\"><\/span>\t\t\t\t\t\t\t<\/div>\n\t\t\t\t\t\t<\/div>\n\t\t\t\t\t<\/div>\n\t\t\t\t<\/div>\n\n\t\t\t<div\n\t\t\t\tclass=\"sow-accordion-panel-content\"\n\t\t\t\trole=\"region\"\n\t\t\t\taria-labelledby=\"accordion-label-gu%c3%ada-de-riesgos-y-medidas-de-seguridad\"\n\t\t\t\tid=\"accordion-content-gu%c3%ada-de-riesgos-y-medidas-de-seguridad\"\n\t\t\t\tstyle=\"display: none;\"\t\t\t>\n\t\t\t\t<div class=\"sow-accordion-panel-border\">\n\t\t\t\t\t<p><a href=\"https:\/\/drive.google.com\/file\/d\/10Z0HzJyjnc8cnIPJWi5J4D6F3oprUn1-\/view?usp=sharing\" target=\"_blank\" rel=\"noopener\">Normas y riesgos de seguridad<\/a><\/p>\n\t\t\t\t<\/div>\n\t\t\t<\/div>\n\t\t<\/div>\n\t\t\t<div class=\"sow-accordion-panel\n\t\t\t\t\"\n\t\t\tdata-anchor-id=\"registro-de-grupos-de-clases-por-hora\">\n\t\t\t\t<div class=\"sow-accordion-panel-header-container\" role=\"heading\" aria-level=\"2\">\n\t\t\t\t\t<div class=\"sow-accordion-panel-header\" tabindex=\"0\" role=\"button\" id=\"accordion-label-registro-de-grupos-de-clases-por-hora\" aria-controls=\"accordion-content-registro-de-grupos-de-clases-por-hora\" aria-expanded=\"false\">\n\t\t\t\t\t\t<div class=\"sow-accordion-title sow-accordion-title-icon-left\">\n\t\t\t\t\t\t\t\t\t\t\t\t\t\tRegistro de grupos de clases por hora \t\t\t\t\t\t\t\t\t\t\t\t\t<\/div>\n\t\t\t\t\t\t<div class=\"sow-accordion-open-close-button\">\n\t\t\t\t\t\t\t<div class=\"sow-accordion-open-button\">\n\t\t\t\t\t\t\t\t<span class=\"sow-icon-ionicons\" data-sow-icon=\"&#xf218;\"\n\t\t \n\t\taria-hidden=\"true\"><\/span>\t\t\t\t\t\t\t<\/div>\n\t\t\t\t\t\t\t<div class=\"sow-accordion-close-button\">\n\t\t\t\t\t\t\t\t<span class=\"sow-icon-ionicons\" data-sow-icon=\"&#xf209;\"\n\t\t \n\t\taria-hidden=\"true\"><\/span>\t\t\t\t\t\t\t<\/div>\n\t\t\t\t\t\t<\/div>\n\t\t\t\t\t<\/div>\n\t\t\t\t<\/div>\n\n\t\t\t<div\n\t\t\t\tclass=\"sow-accordion-panel-content\"\n\t\t\t\trole=\"region\"\n\t\t\t\taria-labelledby=\"accordion-label-registro-de-grupos-de-clases-por-hora\"\n\t\t\t\tid=\"accordion-content-registro-de-grupos-de-clases-por-hora\"\n\t\t\t\tstyle=\"display: none;\"\t\t\t>\n\t\t\t\t<div class=\"sow-accordion-panel-border\">\n\t\t\t\t\t<p><a href=\"https:\/\/docs.google.com\/spreadsheets\/d\/1n8o9B68exPNcRqfTtRDsZw8LN1563iCr\/edit?usp=sharing&amp;ouid=100734547282650082451&amp;rtpof=true&amp;sd=true\" target=\"_blank\" rel=\"noopener\">Registrarse en la hora que le convenga <\/a><\/p>\n\t\t\t\t<\/div>\n\t\t\t<\/div>\n\t\t<\/div>\n\t\t\t<div class=\"sow-accordion-panel\n\t\t\t\t\"\n\t\t\tdata-anchor-id=\"recuperacion-de-practica-por-feriado\">\n\t\t\t\t<div class=\"sow-accordion-panel-header-container\" role=\"heading\" aria-level=\"2\">\n\t\t\t\t\t<div class=\"sow-accordion-panel-header\" tabindex=\"0\" role=\"button\" id=\"accordion-label-recuperaci%c3%b3n-de-pr%c3%a1ctica-por-feriado\" aria-controls=\"accordion-content-recuperaci%c3%b3n-de-pr%c3%a1ctica-por-feriado\" aria-expanded=\"false\">\n\t\t\t\t\t\t<div class=\"sow-accordion-title sow-accordion-title-icon-left\">\n\t\t\t\t\t\t\t\t\t\t\t\t\t\tRecuperaci\u00f3n de Pr\u00e1ctica por feriado\t\t\t\t\t\t\t\t\t\t\t\t\t<\/div>\n\t\t\t\t\t\t<div class=\"sow-accordion-open-close-button\">\n\t\t\t\t\t\t\t<div class=\"sow-accordion-open-button\">\n\t\t\t\t\t\t\t\t<span class=\"sow-icon-ionicons\" data-sow-icon=\"&#xf218;\"\n\t\t \n\t\taria-hidden=\"true\"><\/span>\t\t\t\t\t\t\t<\/div>\n\t\t\t\t\t\t\t<div class=\"sow-accordion-close-button\">\n\t\t\t\t\t\t\t\t<span class=\"sow-icon-ionicons\" data-sow-icon=\"&#xf209;\"\n\t\t \n\t\taria-hidden=\"true\"><\/span>\t\t\t\t\t\t\t<\/div>\n\t\t\t\t\t\t<\/div>\n\t\t\t\t\t<\/div>\n\t\t\t\t<\/div>\n\n\t\t\t<div\n\t\t\t\tclass=\"sow-accordion-panel-content\"\n\t\t\t\trole=\"region\"\n\t\t\t\taria-labelledby=\"accordion-label-recuperaci%c3%b3n-de-pr%c3%a1ctica-por-feriado\"\n\t\t\t\tid=\"accordion-content-recuperaci%c3%b3n-de-pr%c3%a1ctica-por-feriado\"\n\t\t\t\tstyle=\"display: none;\"\t\t\t>\n\t\t\t\t<div class=\"sow-accordion-panel-border\">\n\t\t\t\t\t<p><a href=\"https:\/\/docs.google.com\/spreadsheets\/d\/1mTuOUJmP5dnu1NSZbhKgwy8_NS1h2hIB\/edit?usp=sharing&amp;ouid=100734547282650082451&amp;rtpof=true&amp;sd=true\" target=\"_blank\" rel=\"noopener\">Registrarse para recuperaci\u00f3n<\/a><\/p>\n\t\t\t\t<\/div>\n\t\t\t<\/div>\n\t\t<\/div>\n\t\t<\/div>\n<\/div>\n<\/div><\/div><\/div><\/div><\/div>","protected":false},"excerpt":{"rendered":"<p>Pol\u00edticas de clases Pol\u00edticas de laboratorio Planificaci\u00f3n de clases Planificaci\u00f3n Laboratorio Horario de Clases y Laboratorio Abierto Horarios Gu\u00eda de riesgos y medidas de seguridad Normas y riesgos de seguridad Registro de grupos de clases por hora Registrarse en la hora que le convenga Recuperaci\u00f3n de Pr\u00e1ctica por feriado Registrarse para recuperaci\u00f3n<\/p>\n","protected":false},"author":11027,"featured_media":0,"parent":0,"menu_order":0,"comment_status":"closed","ping_status":"closed","template":"","meta":{"footnotes":""},"class_list":["post-51","page","type-page","status-publish","hentry"],"_links":{"self":[{"href":"https:\/\/blog.espol.edu.ec\/instruindustrial\/wp-json\/wp\/v2\/pages\/51","targetHints":{"allow":["GET"]}}],"collection":[{"href":"https:\/\/blog.espol.edu.ec\/instruindustrial\/wp-json\/wp\/v2\/pages"}],"about":[{"href":"https:\/\/blog.espol.edu.ec\/instruindustrial\/wp-json\/wp\/v2\/types\/page"}],"author":[{"embeddable":true,"href":"https:\/\/blog.espol.edu.ec\/instruindustrial\/wp-json\/wp\/v2\/users\/11027"}],"replies":[{"embeddable":true,"href":"https:\/\/blog.espol.edu.ec\/instruindustrial\/wp-json\/wp\/v2\/comments?post=51"}],"version-history":[{"count":30,"href":"https:\/\/blog.espol.edu.ec\/instruindustrial\/wp-json\/wp\/v2\/pages\/51\/revisions"}],"predecessor-version":[{"id":279,"href":"https:\/\/blog.espol.edu.ec\/instruindustrial\/wp-json\/wp\/v2\/pages\/51\/revisions\/279"}],"wp:attachment":[{"href":"https:\/\/blog.espol.edu.ec\/instruindustrial\/wp-json\/wp\/v2\/media?parent=51"}],"curies":[{"name":"wp","href":"https:\/\/api.w.org\/{rel}","templated":true}]}}