{"id":12,"date":"2014-10-31T20:00:05","date_gmt":"2014-10-31T20:00:05","guid":{"rendered":"http:\/\/blog.espol.edu.ec\/irarquin\/?page_id=12"},"modified":"2014-11-03T16:04:02","modified_gmt":"2014-11-03T16:04:02","slug":"mi-primer-hipervinculo","status":"publish","type":"page","link":"https:\/\/blog.espol.edu.ec\/irarquin\/mi-primer-hipervinculo\/","title":{"rendered":"Soy Polit\u00e9cnica:"},"content":{"rendered":"<p>Hey..!! Hola Chicos:<\/p>\n<p>Soy Renee Qui\u00f1\u00f3nez, estudiante de la ESCUELA SUPERIOR POLIT\u00c9CNICA DEL LITORAL\u00a0(\u00a0<a title=\"Escuela Superior Polit\u00e9cnica del Litoral \" href=\"http:\/\/www.espol.edu.ec\" target=\"_blank\">ESPOL<\/a>).<\/p>\n<p><a href=\"http:\/\/blog.espol.edu.ec\/irarquin\/files\/2014\/10\/espol.jpg\"><img loading=\"lazy\" decoding=\"async\" class=\"alignnone size-full wp-image-99\" src=\"http:\/\/blog.espol.edu.ec\/irarquin\/files\/2014\/10\/espol.jpg\" alt=\"espol\" width=\"600\" height=\"270\" srcset=\"https:\/\/blog.espol.edu.ec\/irarquin\/files\/2014\/10\/espol.jpg 600w, https:\/\/blog.espol.edu.ec\/irarquin\/files\/2014\/10\/espol-300x135.jpg 300w\" sizes=\"auto, (max-width: 600px) 100vw, 600px\" \/><\/a><\/p>\n<p>Estudio Ingenier\u00eda en la administraci\u00f3n y producci\u00f3n Industrial, en la FACULTAD DE INGENIER\u00cdA MEC\u00c1NICA Y CIENCIAS DE LA PRODUCCI\u00d3N (<a title=\"FACULTAD DE INGENIER\u00cdA MEC\u00c1NICA Y CIENCIAS DE LA PRODUCCI\u00d3N\" href=\"http:\/\/ww.fimcp.espol.edu\" target=\"_blank\">FIMCP<\/a>)<\/p>\n<p><a href=\"http:\/\/blog.espol.edu.ec\/irarquin\/files\/2014\/10\/Why-me_0.png\"><img loading=\"lazy\" decoding=\"async\" class=\"size-full wp-image-100 aligncenter\" src=\"http:\/\/blog.espol.edu.ec\/irarquin\/files\/2014\/10\/Why-me_0.png\" alt=\"Why-me_0\" width=\"500\" height=\"250\" srcset=\"https:\/\/blog.espol.edu.ec\/irarquin\/files\/2014\/10\/Why-me_0.png 500w, https:\/\/blog.espol.edu.ec\/irarquin\/files\/2014\/10\/Why-me_0-300x150.png 300w\" sizes=\"auto, (max-width: 500px) 100vw, 500px\" \/><\/a><a href=\"http:\/\/blog.espol.edu.ec\/irarquin\/files\/2014\/10\/fimcp.jpg\"><img loading=\"lazy\" decoding=\"async\" class=\"wp-image-101 aligncenter\" src=\"http:\/\/blog.espol.edu.ec\/irarquin\/files\/2014\/10\/fimcp.jpg\" alt=\"fimcp\" width=\"486\" height=\"224\" srcset=\"https:\/\/blog.espol.edu.ec\/irarquin\/files\/2014\/10\/fimcp.jpg 645w, https:\/\/blog.espol.edu.ec\/irarquin\/files\/2014\/10\/fimcp-300x138.jpg 300w\" sizes=\"auto, (max-width: 486px) 100vw, 486px\" \/><\/a><\/p>\n<p>&nbsp;<\/p>\n","protected":false},"excerpt":{"rendered":"<p>Hey..!! Hola Chicos: Soy Renee Qui\u00f1\u00f3nez, estudiante de la ESCUELA SUPERIOR POLIT\u00c9CNICA DEL LITORAL\u00a0(\u00a0ESPOL). Estudio Ingenier\u00eda en la administraci\u00f3n y producci\u00f3n Industrial, en la FACULTAD DE INGENIER\u00cdA MEC\u00c1NICA Y CIENCIAS DE LA PRODUCCI\u00d3N (FIMCP) &nbsp;<\/p>\n","protected":false},"author":9422,"featured_media":0,"parent":0,"menu_order":0,"comment_status":"open","ping_status":"open","template":"","meta":{"footnotes":""},"class_list":["post-12","page","type-page","status-publish","hentry","nodate","item-wrap"],"_links":{"self":[{"href":"https:\/\/blog.espol.edu.ec\/irarquin\/wp-json\/wp\/v2\/pages\/12","targetHints":{"allow":["GET"]}}],"collection":[{"href":"https:\/\/blog.espol.edu.ec\/irarquin\/wp-json\/wp\/v2\/pages"}],"about":[{"href":"https:\/\/blog.espol.edu.ec\/irarquin\/wp-json\/wp\/v2\/types\/page"}],"author":[{"embeddable":true,"href":"https:\/\/blog.espol.edu.ec\/irarquin\/wp-json\/wp\/v2\/users\/9422"}],"replies":[{"embeddable":true,"href":"https:\/\/blog.espol.edu.ec\/irarquin\/wp-json\/wp\/v2\/comments?post=12"}],"version-history":[{"count":4,"href":"https:\/\/blog.espol.edu.ec\/irarquin\/wp-json\/wp\/v2\/pages\/12\/revisions"}],"predecessor-version":[{"id":102,"href":"https:\/\/blog.espol.edu.ec\/irarquin\/wp-json\/wp\/v2\/pages\/12\/revisions\/102"}],"wp:attachment":[{"href":"https:\/\/blog.espol.edu.ec\/irarquin\/wp-json\/wp\/v2\/media?parent=12"}],"curies":[{"name":"wp","href":"https:\/\/api.w.org\/{rel}","templated":true}]}}