{"id":46,"date":"2014-11-02T20:44:51","date_gmt":"2014-11-02T20:44:51","guid":{"rendered":"http:\/\/blog.espol.edu.ec\/irarquin\/?page_id=46"},"modified":"2014-11-02T21:02:46","modified_gmt":"2014-11-02T21:02:46","slug":"banapizz-como-se-hace","status":"publish","type":"page","link":"https:\/\/blog.espol.edu.ec\/irarquin\/la-mase-da-banano-como-se-hace\/banapizz-como-se-hace\/","title":{"rendered":"BANAPIZZ..!! C\u00f3mo se hace??"},"content":{"rendered":"<p>Ingredientes:<\/p>\n<ul>\n<li>Masa de banano<\/li>\n<li>Queso rallado (mozzarella, romano, parmesano, queso de cabra o algunas combinaciones)<\/li>\n<li>Rodajas de pepperoni<\/li>\n<li>Cebolla picada<\/li>\n<li>Pimiento verde<\/li>\n<li>Salchicha<\/li>\n<li>Tocino o trozos de tocino<\/li>\n<li>Pollo<\/li>\n<li>Aceitunas<\/li>\n<li>Champi\u00f1ones<\/li>\n<li>Carne molida<\/li>\n<li>Jam\u00f3n<\/li>\n<li>Pi\u00f1a<\/li>\n<li>Albahaca<\/li>\n<\/ul>\n<p>NOTA: Recuerda que puedes adicionar cualquier otro ingrediente de tu agrado, que no descontraste con los que ya te presentamos.<\/p>\n<p><a href=\"http:\/\/blog.espol.edu.ec\/irarquin\/files\/2014\/11\/10735978_789355154443345_191399586_n.jpg\"><img loading=\"lazy\" decoding=\"async\" class=\" wp-image-66 aligncenter\" src=\"http:\/\/blog.espol.edu.ec\/irarquin\/files\/2014\/11\/10735978_789355154443345_191399586_n.jpg\" alt=\"10735978_789355154443345_191399586_n\" width=\"401\" height=\"301\" srcset=\"https:\/\/blog.espol.edu.ec\/irarquin\/files\/2014\/11\/10735978_789355154443345_191399586_n.jpg 480w, https:\/\/blog.espol.edu.ec\/irarquin\/files\/2014\/11\/10735978_789355154443345_191399586_n-300x225.jpg 300w\" sizes=\"auto, (max-width: 401px) 100vw, 401px\" \/><\/a><\/p>\n<p><a href=\"http:\/\/blog.espol.edu.ec\/irarquin\/files\/2014\/11\/10751670_789355294443331_420910508_n.jpg\"><img loading=\"lazy\" decoding=\"async\" class=\"wp-image-67 aligncenter\" src=\"http:\/\/blog.espol.edu.ec\/irarquin\/files\/2014\/11\/10751670_789355294443331_420910508_n.jpg\" alt=\"10751670_789355294443331_420910508_n\" width=\"482\" height=\"321\" srcset=\"https:\/\/blog.espol.edu.ec\/irarquin\/files\/2014\/11\/10751670_789355294443331_420910508_n.jpg 800w, https:\/\/blog.espol.edu.ec\/irarquin\/files\/2014\/11\/10751670_789355294443331_420910508_n-300x199.jpg 300w\" sizes=\"auto, (max-width: 482px) 100vw, 482px\" \/><\/a>La base de BANAPIZZ es la masa de banana, sobre ella agrega una capa de tus ingredientes favoritos sobre la salsa. Coloca muchos o pocos ingredientes eso depende de tu gusto. Coloca los ingredientes pesados como la cebolla, el pollo o la salchicha, en la capa inferior; y los ingredientes m\u00e1s ligeros como las hojas de espinaca o el pimiento, en la capa superior. Sigue hasta que la pizza est\u00e9 llena con la cantidad de ingredientes que quieras.<\/p>\n<p><a href=\"http:\/\/blog.espol.edu.ec\/irarquin\/files\/2014\/11\/1237091_1383472178547840_1280075959_n.jpg\"><img loading=\"lazy\" decoding=\"async\" class=\"wp-image-63 aligncenter\" src=\"http:\/\/blog.espol.edu.ec\/irarquin\/files\/2014\/11\/1237091_1383472178547840_1280075959_n.jpg\" alt=\"1237091_1383472178547840_1280075959_n\" width=\"370\" height=\"246\" srcset=\"https:\/\/blog.espol.edu.ec\/irarquin\/files\/2014\/11\/1237091_1383472178547840_1280075959_n.jpg 960w, https:\/\/blog.espol.edu.ec\/irarquin\/files\/2014\/11\/1237091_1383472178547840_1280075959_n-300x199.jpg 300w\" sizes=\"auto, (max-width: 370px) 100vw, 370px\" \/><\/a><\/p>\n<p>Roc\u00eda el queso mozzarella sobre los ingredientes. Si quieres, agrega una capa gruesa,si quieres una banapizza gruesa, o una capa delgada si quieres una banapizza m\u00e1s ligera, llevala \u00a0al horno unos 15 minutitos. Y listo Disfruta de una deliciosa BANAPIZZ.<\/p>\n<p><a href=\"http:\/\/blog.espol.edu.ec\/irarquin\/files\/2014\/11\/1185314_1378049379090120_1114690497_n-1.jpg\"><img loading=\"lazy\" decoding=\"async\" class=\"wp-image-68 aligncenter\" src=\"http:\/\/blog.espol.edu.ec\/irarquin\/files\/2014\/11\/1185314_1378049379090120_1114690497_n-1.jpg\" alt=\"1185314_1378049379090120_1114690497_n (1)\" width=\"375\" height=\"249\" srcset=\"https:\/\/blog.espol.edu.ec\/irarquin\/files\/2014\/11\/1185314_1378049379090120_1114690497_n-1.jpg 960w, https:\/\/blog.espol.edu.ec\/irarquin\/files\/2014\/11\/1185314_1378049379090120_1114690497_n-1-300x199.jpg 300w\" sizes=\"auto, (max-width: 375px) 100vw, 375px\" \/><\/a><\/p>\n<p>&nbsp;<\/p>\n","protected":false},"excerpt":{"rendered":"<p>Ingredientes: Masa de banano Queso rallado (mozzarella, romano, parmesano, queso de cabra o algunas combinaciones) Rodajas de pepperoni Cebolla picada Pimiento verde Salchicha Tocino o trozos de tocino Pollo Aceitunas Champi\u00f1ones Carne molida Jam\u00f3n Pi\u00f1a Albahaca NOTA: Recuerda que puedes adicionar cualquier otro ingrediente de tu agrado, que no descontraste con los que ya te &hellip; <\/p>\n<p><a class=\"more-link btn\" href=\"https:\/\/blog.espol.edu.ec\/irarquin\/la-mase-da-banano-como-se-hace\/banapizz-como-se-hace\/\">Seguir leyendo<\/a><\/p>\n","protected":false},"author":9422,"featured_media":0,"parent":76,"menu_order":5,"comment_status":"open","ping_status":"open","template":"","meta":{"footnotes":""},"class_list":["post-46","page","type-page","status-publish","hentry","nodate","item-wrap"],"_links":{"self":[{"href":"https:\/\/blog.espol.edu.ec\/irarquin\/wp-json\/wp\/v2\/pages\/46","targetHints":{"allow":["GET"]}}],"collection":[{"href":"https:\/\/blog.espol.edu.ec\/irarquin\/wp-json\/wp\/v2\/pages"}],"about":[{"href":"https:\/\/blog.espol.edu.ec\/irarquin\/wp-json\/wp\/v2\/types\/page"}],"author":[{"embeddable":true,"href":"https:\/\/blog.espol.edu.ec\/irarquin\/wp-json\/wp\/v2\/users\/9422"}],"replies":[{"embeddable":true,"href":"https:\/\/blog.espol.edu.ec\/irarquin\/wp-json\/wp\/v2\/comments?post=46"}],"version-history":[{"count":2,"href":"https:\/\/blog.espol.edu.ec\/irarquin\/wp-json\/wp\/v2\/pages\/46\/revisions"}],"predecessor-version":[{"id":70,"href":"https:\/\/blog.espol.edu.ec\/irarquin\/wp-json\/wp\/v2\/pages\/46\/revisions\/70"}],"up":[{"embeddable":true,"href":"https:\/\/blog.espol.edu.ec\/irarquin\/wp-json\/wp\/v2\/pages\/76"}],"wp:attachment":[{"href":"https:\/\/blog.espol.edu.ec\/irarquin\/wp-json\/wp\/v2\/media?parent=46"}],"curies":[{"name":"wp","href":"https:\/\/api.w.org\/{rel}","templated":true}]}}