{"id":6,"date":"2014-10-28T19:58:56","date_gmt":"2014-10-28T19:58:56","guid":{"rendered":"http:\/\/blog.espol.edu.ec\/irarquin\/?page_id=6"},"modified":"2014-11-03T15:54:59","modified_gmt":"2014-11-03T15:54:59","slug":"mi-primera-pagina","status":"publish","type":"page","link":"https:\/\/blog.espol.edu.ec\/irarquin\/mi-primera-pagina\/","title":{"rendered":"\u00bfPor qu\u00e9 BANOKYS?"},"content":{"rendered":"<p>El prop\u00f3sito de este blog, es ayudar aquellas personas que no tienen un trabajo fijo y aquellas amas de casa que deben pensar todos los d\u00edas que preparar para alimentar a sus familias.<br \/>\nEs importante que conozcan un poco de la historia, la gran creadora de BANOKYS es Belkys Freitas mi tia por parte de mam\u00e1, mas conocida como mami Belkys, por que desde peque\u00f1os mis primos y yo nos acostumbramos a llamarla asi.<br \/>\nElla hace 3 a\u00f1os viajo a isla Madeira , capital Funchal, (Portugal), donde esta casada \u00a0con mi t\u00edo Jos\u00e9 Joao De Jes\u00fas Freitas. A nivel de econom\u00eda sabemos, que la crisis mundial ha afectado a todos los pa\u00eds del mundo, y no podr\u00edamos dejar afuera a los de la Uni\u00f3n Europea, es as\u00ed que estad\u00edstica mente Espa\u00f1a, Grecia, y Portugal tienen un \u00edndice alto de desempleo , la crisis es muy mercante.<\/p>\n<p>Es as\u00ed que ella siendo ac\u00e1 en nuestro pa\u00eds una mujer titulada con Licenciatura en Ciencias Pol\u00edticas, y ; Dra. En Jurisprudencia y Abogada de los Juzgados y Tribunales de la Republica, all\u00e1 en Portugal tiene que hacer unas equivalencias para poder homologar sus t\u00edtulos y as\u00ed poder ejercer su profesi\u00f3n, mientras eso pasa, porque es de unos 4 a\u00f1os de estudios intensos, ella y su esposo tuvieron \u00a0una buena idea, debido a que como esmeralde\u00f1a nos encanta mucho el PL\u00c1TANO, producto que no existe all\u00e1 en esta Isla Madeira , mi mami Belkys le hacia mucha falta su pl\u00e1tano, por que ustedes, saben que es delicioso, y se lo prepara en diferente formas, ya sea en ricos patacones, unos chifles con un encebollado , en un tapao de pescado, o arrecho, un delicioso caldo de bola, caldo de bagre entre otros.<\/p>\n<p>Un dia a mi tio Jes\u00fas como todo los llamamos, un amigo llamado Agosthino De Souza, le regalo unas bananas muy verdes, que mi mami Belkys las asemejo como si fueran pl\u00e1tanos, ese mismo d\u00eda ella comenz\u00f3 hacer patacones, chifles, bolones, al comerlos se dio cuenta que llegaron a quedar igual como estar preparado con pl\u00e1tanos.<\/p>\n<p>Y fue ah\u00ed que ellos en un momento se les vino a la mente la\u00a0GRAN IDEA, de preparar estas delicias de nuestro pa\u00eds , utilizando la banana en vez de pl\u00e1tanos, y de ah\u00ed nace los famosos BANOKYS, y he aqu\u00ed una historia bien contada.<\/p>\n<p><img loading=\"lazy\" decoding=\"async\" class=\"wp-image-41 aligncenter\" src=\"http:\/\/blog.espol.edu.ec\/irarquin\/files\/2014\/10\/Belkys-Freitas.jpg\" alt=\"Belkys Freitas\" width=\"610\" height=\"406\" srcset=\"https:\/\/blog.espol.edu.ec\/irarquin\/files\/2014\/10\/Belkys-Freitas.jpg 960w, https:\/\/blog.espol.edu.ec\/irarquin\/files\/2014\/10\/Belkys-Freitas-300x199.jpg 300w\" sizes=\"auto, (max-width: 610px) 100vw, 610px\" \/><\/p>\n","protected":false},"excerpt":{"rendered":"<p>El prop\u00f3sito de este blog, es ayudar aquellas personas que no tienen un trabajo fijo y aquellas amas de casa que deben pensar todos los d\u00edas que preparar para alimentar a sus familias. Es importante que conozcan un poco de la historia, la gran creadora de BANOKYS es Belkys Freitas mi tia por parte de &hellip; <\/p>\n<p><a class=\"more-link btn\" href=\"https:\/\/blog.espol.edu.ec\/irarquin\/mi-primera-pagina\/\">Seguir leyendo<\/a><\/p>\n","protected":false},"author":9422,"featured_media":0,"parent":0,"menu_order":1,"comment_status":"open","ping_status":"open","template":"","meta":{"footnotes":""},"class_list":["post-6","page","type-page","status-publish","hentry","nodate","item-wrap"],"_links":{"self":[{"href":"https:\/\/blog.espol.edu.ec\/irarquin\/wp-json\/wp\/v2\/pages\/6","targetHints":{"allow":["GET"]}}],"collection":[{"href":"https:\/\/blog.espol.edu.ec\/irarquin\/wp-json\/wp\/v2\/pages"}],"about":[{"href":"https:\/\/blog.espol.edu.ec\/irarquin\/wp-json\/wp\/v2\/types\/page"}],"author":[{"embeddable":true,"href":"https:\/\/blog.espol.edu.ec\/irarquin\/wp-json\/wp\/v2\/users\/9422"}],"replies":[{"embeddable":true,"href":"https:\/\/blog.espol.edu.ec\/irarquin\/wp-json\/wp\/v2\/comments?post=6"}],"version-history":[{"count":6,"href":"https:\/\/blog.espol.edu.ec\/irarquin\/wp-json\/wp\/v2\/pages\/6\/revisions"}],"predecessor-version":[{"id":98,"href":"https:\/\/blog.espol.edu.ec\/irarquin\/wp-json\/wp\/v2\/pages\/6\/revisions\/98"}],"wp:attachment":[{"href":"https:\/\/blog.espol.edu.ec\/irarquin\/wp-json\/wp\/v2\/media?parent=6"}],"curies":[{"name":"wp","href":"https:\/\/api.w.org\/{rel}","templated":true}]}}