{"id":163,"date":"2014-11-09T15:36:01","date_gmt":"2014-11-09T15:36:01","guid":{"rendered":"http:\/\/blog.espol.edu.ec\/ivastjim\/?page_id=163"},"modified":"2014-11-09T16:54:29","modified_gmt":"2014-11-09T16:54:29","slug":"moda-de-los-80","status":"publish","type":"page","link":"https:\/\/blog.espol.edu.ec\/ivastjim\/mi-primer-video\/moda-de-los-80\/","title":{"rendered":"Moda de los 80"},"content":{"rendered":"<p>La d\u00e9cada de los ochenta fue una de las m\u00e1s culturales que se recuerdan. El estilo de vida de estos a\u00f1os goza de muchos seguidores, as\u00ed como la m\u00fasica, los programas de televisi\u00f3n, el cine y la moda.<\/p>\n<p>\u00a1Llegaron los a\u00f1os 80! Y con ellos los vol\u00famenes, los colores, las formas geom\u00e9tricas y estampadas y las exuberancias, piezas clave para vestir a la \u00faltima. \u00a1Looks muy estructurados y atrevidos! El personaje de la d\u00e9cada fue <a title=\"MADONNA\" href=\"http:\/\/es.wikipedia.org\/wiki\/Madonna\" target=\"_blank\">Madonna<\/a>, que marc\u00f3 tendencia no s\u00f3lo en m\u00fasica sino tambi\u00e9n en la moda de la ropa.<\/p>\n<p><a title=\"MADONNA\" href=\"http:\/\/es.wikipedia.org\/wiki\/Madonna\" target=\"_blank\">MADONNA<\/a> INSPIRADORA EN LOS 80.<\/p>\n<p><a href=\"http:\/\/blog.espol.edu.ec\/ivastjim\/files\/2014\/11\/PicMonkey-Collage3.jpg\"><img loading=\"lazy\" decoding=\"async\" class=\"wp-image-198 aligncenter\" src=\"http:\/\/blog.espol.edu.ec\/ivastjim\/files\/2014\/11\/PicMonkey-Collage3.jpg\" alt=\"PicMonkey Collage3\" width=\"561\" height=\"561\" srcset=\"https:\/\/blog.espol.edu.ec\/ivastjim\/files\/2014\/11\/PicMonkey-Collage3.jpg 2000w, https:\/\/blog.espol.edu.ec\/ivastjim\/files\/2014\/11\/PicMonkey-Collage3-150x150.jpg 150w, https:\/\/blog.espol.edu.ec\/ivastjim\/files\/2014\/11\/PicMonkey-Collage3-300x300.jpg 300w, https:\/\/blog.espol.edu.ec\/ivastjim\/files\/2014\/11\/PicMonkey-Collage3-1024x1024.jpg 1024w\" sizes=\"auto, (max-width: 561px) 100vw, 561px\" \/><\/a><\/p>\n<p>&nbsp;<\/p>\n<p>Para los peinados, abundaban los flequillos, los rizos marcados con rulos, los cabellos cardados y, en muchos casos, con tonos atrevidos. Este s\u00faper estilo retro cog\u00eda tendencias de muchos mundos diferentes: el trabajo, las pel\u00edculas, la m\u00fasica..<\/p>\n<p>&nbsp;<\/p>\n<p><a href=\"http:\/\/blog.espol.edu.ec\/ivastjim\/files\/2014\/11\/80.jpg\"><img loading=\"lazy\" decoding=\"async\" class=\" wp-image-204 aligncenter\" src=\"http:\/\/blog.espol.edu.ec\/ivastjim\/files\/2014\/11\/80.jpg\" alt=\"80\" width=\"482\" height=\"378\" srcset=\"https:\/\/blog.espol.edu.ec\/ivastjim\/files\/2014\/11\/80.jpg 510w, https:\/\/blog.espol.edu.ec\/ivastjim\/files\/2014\/11\/80-300x235.jpg 300w\" sizes=\"auto, (max-width: 482px) 100vw, 482px\" \/><\/a><\/p>\n<p>&nbsp;<\/p>\n<p><a href=\"http:\/\/blog.espol.edu.ec\/ivastjim\/files\/2014\/11\/moda-a\u00f1os-80.jpg\"><img loading=\"lazy\" decoding=\"async\" class=\" wp-image-205 aligncenter\" src=\"http:\/\/blog.espol.edu.ec\/ivastjim\/files\/2014\/11\/moda-a\u00f1os-80.jpg\" alt=\"moda-a\u00f1os-80\" width=\"359\" height=\"467\" srcset=\"https:\/\/blog.espol.edu.ec\/ivastjim\/files\/2014\/11\/moda-a\u00f1os-80.jpg 350w, https:\/\/blog.espol.edu.ec\/ivastjim\/files\/2014\/11\/moda-a\u00f1os-80-230x300.jpg 230w\" sizes=\"auto, (max-width: 359px) 100vw, 359px\" \/><\/a><\/p>\n<p>&nbsp;<\/p>\n<p><a href=\"http:\/\/blog.espol.edu.ec\/ivastjim\/files\/2014\/11\/90210qv2.jpg\"><img loading=\"lazy\" decoding=\"async\" class=\" wp-image-206 aligncenter\" src=\"http:\/\/blog.espol.edu.ec\/ivastjim\/files\/2014\/11\/90210qv2.jpg\" alt=\"90210qv2\" width=\"450\" height=\"348\" srcset=\"https:\/\/blog.espol.edu.ec\/ivastjim\/files\/2014\/11\/90210qv2.jpg 531w, https:\/\/blog.espol.edu.ec\/ivastjim\/files\/2014\/11\/90210qv2-300x232.jpg 300w\" sizes=\"auto, (max-width: 450px) 100vw, 450px\" \/><\/a><\/p>\n","protected":false},"excerpt":{"rendered":"<p>La d\u00e9cada de los ochenta fue una de las m\u00e1s culturales que se recuerdan. El estilo de vida de estos a\u00f1os goza de muchos seguidores, as\u00ed como la m\u00fasica, los programas de televisi\u00f3n, el cine y la moda. \u00a1Llegaron los &hellip; <a href=\"https:\/\/blog.espol.edu.ec\/ivastjim\/mi-primer-video\/moda-de-los-80\/\">Sigue leyendo <span class=\"meta-nav\">&rarr;<\/span><\/a><\/p>\n","protected":false},"author":9425,"featured_media":0,"parent":11,"menu_order":0,"comment_status":"open","ping_status":"open","template":"","meta":{"footnotes":""},"class_list":["post-163","page","type-page","status-publish","hentry"],"_links":{"self":[{"href":"https:\/\/blog.espol.edu.ec\/ivastjim\/wp-json\/wp\/v2\/pages\/163","targetHints":{"allow":["GET"]}}],"collection":[{"href":"https:\/\/blog.espol.edu.ec\/ivastjim\/wp-json\/wp\/v2\/pages"}],"about":[{"href":"https:\/\/blog.espol.edu.ec\/ivastjim\/wp-json\/wp\/v2\/types\/page"}],"author":[{"embeddable":true,"href":"https:\/\/blog.espol.edu.ec\/ivastjim\/wp-json\/wp\/v2\/users\/9425"}],"replies":[{"embeddable":true,"href":"https:\/\/blog.espol.edu.ec\/ivastjim\/wp-json\/wp\/v2\/comments?post=163"}],"version-history":[{"count":4,"href":"https:\/\/blog.espol.edu.ec\/ivastjim\/wp-json\/wp\/v2\/pages\/163\/revisions"}],"predecessor-version":[{"id":207,"href":"https:\/\/blog.espol.edu.ec\/ivastjim\/wp-json\/wp\/v2\/pages\/163\/revisions\/207"}],"up":[{"embeddable":true,"href":"https:\/\/blog.espol.edu.ec\/ivastjim\/wp-json\/wp\/v2\/pages\/11"}],"wp:attachment":[{"href":"https:\/\/blog.espol.edu.ec\/ivastjim\/wp-json\/wp\/v2\/media?parent=163"}],"curies":[{"name":"wp","href":"https:\/\/api.w.org\/{rel}","templated":true}]}}