{"id":169,"date":"2014-11-09T15:50:31","date_gmt":"2014-11-09T15:50:31","guid":{"rendered":"http:\/\/blog.espol.edu.ec\/ivastjim\/?page_id=169"},"modified":"2014-11-10T04:01:58","modified_gmt":"2014-11-10T04:01:58","slug":"moda-los-90","status":"publish","type":"page","link":"https:\/\/blog.espol.edu.ec\/ivastjim\/mi-primer-video\/moda-los-90\/","title":{"rendered":"Moda actual"},"content":{"rendered":"<p>&nbsp;<\/p>\n<p><strong>\u00a0MODA ACTUAL, tacos afilados. Cueros opacos, met\u00e1licos y charolados, colores ne\u00f3n. Iconos de la feminidad, se bajan de la pasarela e irrumpen en la calle con una pisada s\u00faper sexy.<\/strong><\/p>\n<p>&nbsp;<\/p>\n<p><a href=\"http:\/\/blog.espol.edu.ec\/ivastjim\/files\/2014\/11\/2014.jpg\"><img loading=\"lazy\" decoding=\"async\" class=\"wp-image-253 aligncenter\" src=\"http:\/\/blog.espol.edu.ec\/ivastjim\/files\/2014\/11\/2014.jpg\" alt=\"2014\" width=\"448\" height=\"288\" srcset=\"https:\/\/blog.espol.edu.ec\/ivastjim\/files\/2014\/11\/2014.jpg 640w, https:\/\/blog.espol.edu.ec\/ivastjim\/files\/2014\/11\/2014-300x192.jpg 300w\" sizes=\"auto, (max-width: 448px) 100vw, 448px\" \/><\/a><\/p>\n<p>&nbsp;<\/p>\n<p>&nbsp;<\/p>\n<p>TODO VUELVE! Esa es una de las frases m\u00e1s escuchadas en el mundo de la moda, los dise\u00f1adores vuelven a interpretar \u00e9pocas pasadas y nos las presentan de nuevo con peque\u00f1os toques de tendencia que nos hacen verlas como piezas que tenemos que tener de inmediato en el armario.<\/p>\n<p>La moda actual es m\u00e1s fresca, pero tambi\u00e9n tiene un estilo de d\u00e9cadas anteriores, ya que ahora esta muy de moda faldas y shorts a la cintura.<\/p>\n<p>&nbsp;<\/p>\n<p><a href=\"http:\/\/blog.espol.edu.ec\/ivastjim\/files\/2014\/11\/photo-0.4454859715698304.jpg\"><img loading=\"lazy\" decoding=\"async\" class=\" wp-image-256 aligncenter\" src=\"http:\/\/blog.espol.edu.ec\/ivastjim\/files\/2014\/11\/photo-0.4454859715698304.jpg\" alt=\"photo-0.4454859715698304\" width=\"477\" height=\"338\" srcset=\"https:\/\/blog.espol.edu.ec\/ivastjim\/files\/2014\/11\/photo-0.4454859715698304.jpg 650w, https:\/\/blog.espol.edu.ec\/ivastjim\/files\/2014\/11\/photo-0.4454859715698304-300x212.jpg 300w\" sizes=\"auto, (max-width: 477px) 100vw, 477px\" \/><\/a><\/p>\n<p>&nbsp;<\/p>\n<p>Lo denim, esta de moda, un look fresco, juvenil es todo lo que ofrece la moda actual.<\/p>\n<p>&nbsp;<\/p>\n<p><a href=\"http:\/\/blog.espol.edu.ec\/ivastjim\/files\/2014\/11\/fotos-tendencias-moda-juvenil-L-X4LHi2.jpeg\"><img loading=\"lazy\" decoding=\"async\" class=\"wp-image-259 aligncenter\" src=\"http:\/\/blog.espol.edu.ec\/ivastjim\/files\/2014\/11\/fotos-tendencias-moda-juvenil-L-X4LHi2.jpeg\" alt=\"fotos-tendencias-moda-juvenil-L-X4LHi2\" width=\"477\" height=\"298\" srcset=\"https:\/\/blog.espol.edu.ec\/ivastjim\/files\/2014\/11\/fotos-tendencias-moda-juvenil-L-X4LHi2.jpeg 1024w, https:\/\/blog.espol.edu.ec\/ivastjim\/files\/2014\/11\/fotos-tendencias-moda-juvenil-L-X4LHi2-300x187.jpeg 300w\" sizes=\"auto, (max-width: 477px) 100vw, 477px\" \/><\/a><\/p>\n<p>&nbsp;<\/p>\n<p>El estilo de peinados que se usa actualmente es fresco, adem\u00e1s est\u00e1n muy de moda las trenzas, ondas, colas de caballo.<\/p>\n<p>&nbsp;<\/p>\n<p><a href=\"http:\/\/blog.espol.edu.ec\/ivastjim\/files\/2014\/11\/20.jpg\"><img loading=\"lazy\" decoding=\"async\" class=\"wp-image-258 aligncenter\" src=\"http:\/\/blog.espol.edu.ec\/ivastjim\/files\/2014\/11\/20.jpg\" alt=\"20\" width=\"431\" height=\"222\" srcset=\"https:\/\/blog.espol.edu.ec\/ivastjim\/files\/2014\/11\/20.jpg 970w, https:\/\/blog.espol.edu.ec\/ivastjim\/files\/2014\/11\/20-300x154.jpg 300w\" sizes=\"auto, (max-width: 431px) 100vw, 431px\" \/><\/a><\/p>\n<p>&nbsp;<\/p>\n<p>Si quieres saber m\u00e1s sobre lo que puedes utilizar actualmente: <a title=\"La moda de hoy\" href=\"http:\/\/blog.espol.edu.ec\/ivastjim\/la-moda-de-hoy\/\" target=\"_blank\">Moda de hoy<\/a>.<\/p>\n","protected":false},"excerpt":{"rendered":"<p>&nbsp; \u00a0MODA ACTUAL, tacos afilados. Cueros opacos, met\u00e1licos y charolados, colores ne\u00f3n. Iconos de la feminidad, se bajan de la pasarela e irrumpen en la calle con una pisada s\u00faper sexy. &nbsp; &nbsp; &nbsp; TODO VUELVE! Esa es una de &hellip; <a href=\"https:\/\/blog.espol.edu.ec\/ivastjim\/mi-primer-video\/moda-los-90\/\">Sigue leyendo <span class=\"meta-nav\">&rarr;<\/span><\/a><\/p>\n","protected":false},"author":9425,"featured_media":0,"parent":11,"menu_order":0,"comment_status":"open","ping_status":"open","template":"","meta":{"footnotes":""},"class_list":["post-169","page","type-page","status-publish","hentry"],"_links":{"self":[{"href":"https:\/\/blog.espol.edu.ec\/ivastjim\/wp-json\/wp\/v2\/pages\/169","targetHints":{"allow":["GET"]}}],"collection":[{"href":"https:\/\/blog.espol.edu.ec\/ivastjim\/wp-json\/wp\/v2\/pages"}],"about":[{"href":"https:\/\/blog.espol.edu.ec\/ivastjim\/wp-json\/wp\/v2\/types\/page"}],"author":[{"embeddable":true,"href":"https:\/\/blog.espol.edu.ec\/ivastjim\/wp-json\/wp\/v2\/users\/9425"}],"replies":[{"embeddable":true,"href":"https:\/\/blog.espol.edu.ec\/ivastjim\/wp-json\/wp\/v2\/comments?post=169"}],"version-history":[{"count":11,"href":"https:\/\/blog.espol.edu.ec\/ivastjim\/wp-json\/wp\/v2\/pages\/169\/revisions"}],"predecessor-version":[{"id":264,"href":"https:\/\/blog.espol.edu.ec\/ivastjim\/wp-json\/wp\/v2\/pages\/169\/revisions\/264"}],"up":[{"embeddable":true,"href":"https:\/\/blog.espol.edu.ec\/ivastjim\/wp-json\/wp\/v2\/pages\/11"}],"wp:attachment":[{"href":"https:\/\/blog.espol.edu.ec\/ivastjim\/wp-json\/wp\/v2\/media?parent=169"}],"curies":[{"name":"wp","href":"https:\/\/api.w.org\/{rel}","templated":true}]}}