{"id":288,"date":"2014-11-11T02:19:39","date_gmt":"2014-11-11T02:19:39","guid":{"rendered":"http:\/\/blog.espol.edu.ec\/ivastjim\/?page_id=288"},"modified":"2014-11-11T02:27:34","modified_gmt":"2014-11-11T02:27:34","slug":"moda-para-hombres","status":"publish","type":"page","link":"https:\/\/blog.espol.edu.ec\/ivastjim\/moda-para-hombres\/","title":{"rendered":"Moda para hombres"},"content":{"rendered":"<p><strong>\u00a0MODA PARA HOMBRES.<\/strong><\/p>\n<p>En la industria de la moda no hay l\u00edmites y todo se llena de excesos, esta temporada de <strong>Primavera Verano 2015<\/strong> trae consigo tendencias que no se ve\u00edan desde d\u00e9cadas atr\u00e1s, as\u00ed como tambi\u00e9n la incorporaci\u00f3n de los dise\u00f1os basados en tecnolog\u00eda y la nueva era.<\/p>\n<p>&nbsp;<\/p>\n<p><a href=\"http:\/\/blog.espol.edu.ec\/ivastjim\/files\/2014\/11\/hombre-museo-01-z.jpg\"><img loading=\"lazy\" decoding=\"async\" class=\"wp-image-289 aligncenter\" src=\"http:\/\/blog.espol.edu.ec\/ivastjim\/files\/2014\/11\/hombre-museo-01-z.jpg\" alt=\"hombre-museo-01-z\" width=\"451\" height=\"338\" srcset=\"https:\/\/blog.espol.edu.ec\/ivastjim\/files\/2014\/11\/hombre-museo-01-z.jpg 600w, https:\/\/blog.espol.edu.ec\/ivastjim\/files\/2014\/11\/hombre-museo-01-z-300x225.jpg 300w\" sizes=\"auto, (max-width: 451px) 100vw, 451px\" \/><\/a><\/p>\n<p>&nbsp;<\/p>\n<p>&nbsp;<\/p>\n<p>Colores vivos resaltan la temporada que se aproxima, y con ella nuevos estilos y dise\u00f1os.<\/p>\n<p>&nbsp;<\/p>\n<p><a href=\"http:\/\/blog.espol.edu.ec\/ivastjim\/files\/2014\/11\/modahombre.jpg\"><img loading=\"lazy\" decoding=\"async\" class=\" wp-image-292 aligncenter\" src=\"http:\/\/blog.espol.edu.ec\/ivastjim\/files\/2014\/11\/modahombre.jpg\" alt=\"modahombre\" width=\"471\" height=\"314\" srcset=\"https:\/\/blog.espol.edu.ec\/ivastjim\/files\/2014\/11\/modahombre.jpg 800w, https:\/\/blog.espol.edu.ec\/ivastjim\/files\/2014\/11\/modahombre-300x200.jpg 300w, https:\/\/blog.espol.edu.ec\/ivastjim\/files\/2014\/11\/modahombre-150x100.jpg 150w\" sizes=\"auto, (max-width: 471px) 100vw, 471px\" \/><\/a><\/p>\n<p>&nbsp;<\/p>\n<p>&nbsp;<\/p>\n<p>En el corte de cabello esta muy de moda, los cortes bajos.<\/p>\n<p>&nbsp;<\/p>\n<p><a href=\"http:\/\/blog.espol.edu.ec\/ivastjim\/files\/2014\/11\/vhJFHml.jpg\"><img loading=\"lazy\" decoding=\"async\" class=\" wp-image-293 aligncenter\" src=\"http:\/\/blog.espol.edu.ec\/ivastjim\/files\/2014\/11\/vhJFHml.jpg\" alt=\"vhJFHml\" width=\"396\" height=\"642\" srcset=\"https:\/\/blog.espol.edu.ec\/ivastjim\/files\/2014\/11\/vhJFHml.jpg 450w, https:\/\/blog.espol.edu.ec\/ivastjim\/files\/2014\/11\/vhJFHml-185x300.jpg 185w\" sizes=\"auto, (max-width: 396px) 100vw, 396px\" \/><\/a><\/p>\n","protected":false},"excerpt":{"rendered":"<p>\u00a0MODA PARA HOMBRES. En la industria de la moda no hay l\u00edmites y todo se llena de excesos, esta temporada de Primavera Verano 2015 trae consigo tendencias que no se ve\u00edan desde d\u00e9cadas atr\u00e1s, as\u00ed como tambi\u00e9n la incorporaci\u00f3n de &hellip; <a href=\"https:\/\/blog.espol.edu.ec\/ivastjim\/moda-para-hombres\/\">Sigue leyendo <span class=\"meta-nav\">&rarr;<\/span><\/a><\/p>\n","protected":false},"author":9425,"featured_media":0,"parent":0,"menu_order":0,"comment_status":"open","ping_status":"open","template":"","meta":{"footnotes":""},"class_list":["post-288","page","type-page","status-publish","hentry"],"_links":{"self":[{"href":"https:\/\/blog.espol.edu.ec\/ivastjim\/wp-json\/wp\/v2\/pages\/288","targetHints":{"allow":["GET"]}}],"collection":[{"href":"https:\/\/blog.espol.edu.ec\/ivastjim\/wp-json\/wp\/v2\/pages"}],"about":[{"href":"https:\/\/blog.espol.edu.ec\/ivastjim\/wp-json\/wp\/v2\/types\/page"}],"author":[{"embeddable":true,"href":"https:\/\/blog.espol.edu.ec\/ivastjim\/wp-json\/wp\/v2\/users\/9425"}],"replies":[{"embeddable":true,"href":"https:\/\/blog.espol.edu.ec\/ivastjim\/wp-json\/wp\/v2\/comments?post=288"}],"version-history":[{"count":3,"href":"https:\/\/blog.espol.edu.ec\/ivastjim\/wp-json\/wp\/v2\/pages\/288\/revisions"}],"predecessor-version":[{"id":294,"href":"https:\/\/blog.espol.edu.ec\/ivastjim\/wp-json\/wp\/v2\/pages\/288\/revisions\/294"}],"wp:attachment":[{"href":"https:\/\/blog.espol.edu.ec\/ivastjim\/wp-json\/wp\/v2\/media?parent=288"}],"curies":[{"name":"wp","href":"https:\/\/api.w.org\/{rel}","templated":true}]}}