{"id":314,"date":"2014-11-11T03:01:34","date_gmt":"2014-11-11T03:01:34","guid":{"rendered":"http:\/\/blog.espol.edu.ec\/ivastjim\/?page_id=314"},"modified":"2016-11-09T03:29:15","modified_gmt":"2016-11-09T03:29:15","slug":"biografia-del-autor","status":"publish","type":"page","link":"https:\/\/blog.espol.edu.ec\/ivastjim\/biografia-del-autor\/","title":{"rendered":"Biograf\u00eda del autor"},"content":{"rendered":"<p>Mi nombre es Ivana Jim\u00e9nez, tengo 19 a\u00f1os de edad, nac\u00ed el 3 de Junio en la ciudad de Quevedo provincia de Los R\u00edos.<\/p>\n<p>Me encanta leer, escuchar m\u00fasica y la vista a la luna \ud83d\ude42<\/p>\n<p>Espero te guste mi blog, porque si no ya fueee jaja<\/p>\n<p>Bendiciones.<\/p>\n<p>&nbsp;<\/p>\n<p>&nbsp;<\/p>\n","protected":false},"excerpt":{"rendered":"<p>Mi nombre es Ivana Jim\u00e9nez, tengo 19 a\u00f1os de edad, nac\u00ed el 3 de Junio en la ciudad de Quevedo provincia de Los R\u00edos. Me encanta leer, escuchar m\u00fasica y la vista a la luna \ud83d\ude42 Espero te guste mi &hellip; <a href=\"https:\/\/blog.espol.edu.ec\/ivastjim\/biografia-del-autor\/\">Sigue leyendo <span class=\"meta-nav\">&rarr;<\/span><\/a><\/p>\n","protected":false},"author":9425,"featured_media":0,"parent":0,"menu_order":0,"comment_status":"open","ping_status":"open","template":"","meta":{"footnotes":""},"class_list":["post-314","page","type-page","status-publish","hentry"],"_links":{"self":[{"href":"https:\/\/blog.espol.edu.ec\/ivastjim\/wp-json\/wp\/v2\/pages\/314","targetHints":{"allow":["GET"]}}],"collection":[{"href":"https:\/\/blog.espol.edu.ec\/ivastjim\/wp-json\/wp\/v2\/pages"}],"about":[{"href":"https:\/\/blog.espol.edu.ec\/ivastjim\/wp-json\/wp\/v2\/types\/page"}],"author":[{"embeddable":true,"href":"https:\/\/blog.espol.edu.ec\/ivastjim\/wp-json\/wp\/v2\/users\/9425"}],"replies":[{"embeddable":true,"href":"https:\/\/blog.espol.edu.ec\/ivastjim\/wp-json\/wp\/v2\/comments?post=314"}],"version-history":[{"count":15,"href":"https:\/\/blog.espol.edu.ec\/ivastjim\/wp-json\/wp\/v2\/pages\/314\/revisions"}],"predecessor-version":[{"id":360,"href":"https:\/\/blog.espol.edu.ec\/ivastjim\/wp-json\/wp\/v2\/pages\/314\/revisions\/360"}],"wp:attachment":[{"href":"https:\/\/blog.espol.edu.ec\/ivastjim\/wp-json\/wp\/v2\/media?parent=314"}],"curies":[{"name":"wp","href":"https:\/\/api.w.org\/{rel}","templated":true}]}}