{"id":92,"date":"2014-11-01T17:40:40","date_gmt":"2014-11-01T17:40:40","guid":{"rendered":"http:\/\/blog.espol.edu.ec\/ivastjim\/?page_id=92"},"modified":"2014-11-10T03:18:15","modified_gmt":"2014-11-10T03:18:15","slug":"aprende-a-maquillarte","status":"publish","type":"page","link":"https:\/\/blog.espol.edu.ec\/ivastjim\/aprende-a-maquillarte\/","title":{"rendered":"Aprende a maquillarte"},"content":{"rendered":"<p>En sencillos pasos puedes aprender a maquillarte de una manera f\u00e1cil y r\u00e1pida.<\/p>\n<p>A continuaci\u00f3n les ense\u00f1are tutoriales de maquillajes que depende de la ocasi\u00f3n a la cual quieran asistir.<\/p>\n<ul>\n<li><strong>Maquillaje de noche.<\/strong><\/li>\n<\/ul>\n<p>La primera opci\u00f3n es un\u00a0smokey eyes, perfecto para fiesta elegante.<\/p>\n<p><a href=\"http:\/\/blog.espol.edu.ec\/ivastjim\/files\/2014\/10\/ojos-galaxy.jpg\"><img loading=\"lazy\" decoding=\"async\" class=\"wp-image-56 aligncenter\" src=\"http:\/\/blog.espol.edu.ec\/ivastjim\/files\/2014\/10\/ojos-galaxy.jpg\" alt=\"ojos-galaxy\" width=\"383\" height=\"368\" srcset=\"https:\/\/blog.espol.edu.ec\/ivastjim\/files\/2014\/10\/ojos-galaxy.jpg 450w, https:\/\/blog.espol.edu.ec\/ivastjim\/files\/2014\/10\/ojos-galaxy-300x288.jpg 300w\" sizes=\"auto, (max-width: 383px) 100vw, 383px\" \/><\/a><\/p>\n<p>&nbsp;<\/p>\n<p>La segunda opci\u00f3n es un difuminado para resaltar nuestros ojos, y lucir espectaculares en una fiesta, o para ir a la disco.<\/p>\n<p>&nbsp;<\/p>\n<p><a href=\"http:\/\/blog.espol.edu.ec\/ivastjim\/files\/2014\/11\/maquillaje-ojos-paso-a-paso.jpg\"><img loading=\"lazy\" decoding=\"async\" class=\"wp-image-96 aligncenter\" src=\"http:\/\/blog.espol.edu.ec\/ivastjim\/files\/2014\/11\/maquillaje-ojos-paso-a-paso.jpg\" alt=\"maquillaje-ojos-paso-a-paso\" width=\"383\" height=\"601\" srcset=\"https:\/\/blog.espol.edu.ec\/ivastjim\/files\/2014\/11\/maquillaje-ojos-paso-a-paso.jpg 351w, https:\/\/blog.espol.edu.ec\/ivastjim\/files\/2014\/11\/maquillaje-ojos-paso-a-paso-191x300.jpg 191w\" sizes=\"auto, (max-width: 383px) 100vw, 383px\" \/><\/a><\/p>\n<p>&nbsp;<\/p>\n<p>&nbsp;<\/p>\n<ul>\n<li><strong>Maquillaje de D\u00eda.<\/strong><\/li>\n<\/ul>\n<p>&nbsp;<\/p>\n<p>Un maquillaje natural y fresco para lucir hermosas en la ma\u00f1ana, perfecto para lucirlo en una salida con tus amigos.<\/p>\n<p>&nbsp;<\/p>\n<p><a href=\"http:\/\/blog.espol.edu.ec\/ivastjim\/files\/2014\/11\/dia2.jpg\"><img loading=\"lazy\" decoding=\"async\" class=\" wp-image-247 aligncenter\" src=\"http:\/\/blog.espol.edu.ec\/ivastjim\/files\/2014\/11\/dia2.jpg\" alt=\"maquillaje\" width=\"382\" height=\"513\" srcset=\"https:\/\/blog.espol.edu.ec\/ivastjim\/files\/2014\/11\/dia2.jpg 500w, https:\/\/blog.espol.edu.ec\/ivastjim\/files\/2014\/11\/dia2-223x300.jpg 223w\" sizes=\"auto, (max-width: 382px) 100vw, 382px\" \/><\/a><\/p>\n<p>Un delineado y un poco de sombra para lucir bellas, y poder lucirlo en una salida al cine o una cita!<\/p>\n<p><a href=\"http:\/\/blog.espol.edu.ec\/ivastjim\/files\/2014\/11\/dia.jpeg\"><img loading=\"lazy\" decoding=\"async\" class=\" wp-image-248 aligncenter\" src=\"http:\/\/blog.espol.edu.ec\/ivastjim\/files\/2014\/11\/dia.jpeg\" alt=\"dia\" width=\"385\" height=\"498\" srcset=\"https:\/\/blog.espol.edu.ec\/ivastjim\/files\/2014\/11\/dia.jpeg 467w, https:\/\/blog.espol.edu.ec\/ivastjim\/files\/2014\/11\/dia-231x300.jpeg 231w\" sizes=\"auto, (max-width: 385px) 100vw, 385px\" \/><\/a><\/p>\n","protected":false},"excerpt":{"rendered":"<p>En sencillos pasos puedes aprender a maquillarte de una manera f\u00e1cil y r\u00e1pida. A continuaci\u00f3n les ense\u00f1are tutoriales de maquillajes que depende de la ocasi\u00f3n a la cual quieran asistir. Maquillaje de noche. La primera opci\u00f3n es un\u00a0smokey eyes, perfecto &hellip; <a href=\"https:\/\/blog.espol.edu.ec\/ivastjim\/aprende-a-maquillarte\/\">Sigue leyendo <span class=\"meta-nav\">&rarr;<\/span><\/a><\/p>\n","protected":false},"author":9425,"featured_media":0,"parent":0,"menu_order":0,"comment_status":"open","ping_status":"open","template":"","meta":{"footnotes":""},"class_list":["post-92","page","type-page","status-publish","hentry"],"_links":{"self":[{"href":"https:\/\/blog.espol.edu.ec\/ivastjim\/wp-json\/wp\/v2\/pages\/92","targetHints":{"allow":["GET"]}}],"collection":[{"href":"https:\/\/blog.espol.edu.ec\/ivastjim\/wp-json\/wp\/v2\/pages"}],"about":[{"href":"https:\/\/blog.espol.edu.ec\/ivastjim\/wp-json\/wp\/v2\/types\/page"}],"author":[{"embeddable":true,"href":"https:\/\/blog.espol.edu.ec\/ivastjim\/wp-json\/wp\/v2\/users\/9425"}],"replies":[{"embeddable":true,"href":"https:\/\/blog.espol.edu.ec\/ivastjim\/wp-json\/wp\/v2\/comments?post=92"}],"version-history":[{"count":10,"href":"https:\/\/blog.espol.edu.ec\/ivastjim\/wp-json\/wp\/v2\/pages\/92\/revisions"}],"predecessor-version":[{"id":252,"href":"https:\/\/blog.espol.edu.ec\/ivastjim\/wp-json\/wp\/v2\/pages\/92\/revisions\/252"}],"wp:attachment":[{"href":"https:\/\/blog.espol.edu.ec\/ivastjim\/wp-json\/wp\/v2\/media?parent=92"}],"curies":[{"name":"wp","href":"https:\/\/api.w.org\/{rel}","templated":true}]}}