{"id":31,"date":"2014-06-10T23:43:10","date_gmt":"2014-06-10T23:43:10","guid":{"rendered":"http:\/\/blog.espol.edu.ec\/ivogsarm\/?page_id=31"},"modified":"2014-06-11T00:20:42","modified_gmt":"2014-06-11T00:20:42","slug":"historia-del-baloncesto","status":"publish","type":"page","link":"https:\/\/blog.espol.edu.ec\/ivogsarm\/historia-del-baloncesto\/","title":{"rendered":"HISTORIA DEL BALONCESTO"},"content":{"rendered":"<p><a href=\"http:\/\/blog.espol.edu.ec\/ivogsarm\/files\/2014\/06\/descarga.jpg\"><img loading=\"lazy\" decoding=\"async\" class=\"wp-image-32 alignleft\" src=\"http:\/\/blog.espol.edu.ec\/ivogsarm\/files\/2014\/06\/descarga.jpg\" alt=\"descarga\" width=\"191\" height=\"294\" \/><\/a>El baloncesto naci\u00f3 como una respuesta a la necesidad de realizar alguna actividad deportiva durante el invierno en el norte de Estados Unidos. Al profesor de la Universidad de Springfield (Massachusetts), James Naismith (un profesor canadiense) le fue encargada la misi\u00f3n, en 1891, de idear un deporte que se pudiera jugar bajo techo, pues los inviernos en esa zona dificultaban la realizaci\u00f3n de alguna actividad al aire libre.<\/p>\n<p>James Naismith analiz\u00f3 las actividades deportivas que se practicaban en la \u00e9poca, cuya caracter\u00edstica predominante era la fuerza o el contacto f\u00edsico, y pens\u00f3 en algo suficientemente activo, que requiriese m\u00e1s destreza que fuerza y que no tuviese mucho contacto f\u00edsico. El canadiense record\u00f3 un antiguo juego de su infancia denominado \u201cduck on a rock\u201d (El pato sobre una roca), que consist\u00eda en intentar alcanzar un objeto colocado sobre una roca lanz\u00e1ndole una piedra. Naismith pidi\u00f3 al encargado del colegio unas cajas de 50 cm de di\u00e1metro pero lo \u00fanico que le consigui\u00f3 fueron unas canastas de melocotones, que mand\u00f3 colgar en las barandillas de la galer\u00eda superior que rodeaba el gimnasio, a una altura determinada.<\/p>\n<p>El baloncesto fue un deporte de exhibici\u00f3n en los Juegos Ol\u00edmpicos de 1928 y Juegos Ol\u00edmpicos de 1932, alcanzando la categor\u00eda ol\u00edmpica en los Juegos Ol\u00edmpicos de 1936. Aqu\u00ed Naismith tuvo la oportunidad de ver como su creaci\u00f3n era convertida en categor\u00eda ol\u00edmpica, cuando fue acompa\u00f1ado por Adolf Hitler en el palco de honor, en Alemania. El baloncesto femenino debi\u00f3 esperar hasta 1976 para su admisi\u00f3n como deporte ol\u00edmpico.<\/p>\n<p>El juego gust\u00f3 y se estableci\u00f3 pronto en Estados Unidos. M\u00e9xico, fue donde primero se introdujo por motivos geogr\u00e1ficos. AEuropa, lleg\u00f3 de la mano de las sedes de YMCA a Par\u00eds, Francia. Pero no fue hasta la primera guerra mundial que cogi\u00f3 gran impulso, sobre todo gracias a los soldados estadounidenses que jugaban en sus ratos libres.<\/p>\n<p>El baloncesto en la actualidad cuenta con una gran difusi\u00f3n en diferentes pa\u00edses de todo el mundo, siendo uno de los deportes con m\u00e1s participantes y competiciones regulares en distintas zonas y pa\u00edses del mundo. En Estados Unidos, se disputa la National Basketball Association|NBA, considerada la mejor competici\u00f3n mundial de baloncesto de clubes.<\/p>\n<p>La l\u00ednea de tres puntos (triple), se prob\u00f3 en Estados Unidos en 1933. Sin embargo, no ser\u00eda adoptada por la ABA hasta el a\u00f1o 1968, llegando a la NBA en la temporada 1979-80. En el baloncesto FIBA habr\u00eda que esperar hasta 1984 para que formara parte de su reglamento<\/p>\n","protected":false},"excerpt":{"rendered":"<p>El baloncesto naci\u00f3 como una respuesta a la necesidad de realizar alguna actividad deportiva durante el invierno en el norte de Estados Unidos. Al profesor de la Universidad de Springfield (Massachusetts), James Naismith (un profesor canadiense) le fue encargada la misi\u00f3n, en 1891, de idear un deporte que se pudiera jugar bajo techo, pues los &hellip; <a href=\"https:\/\/blog.espol.edu.ec\/ivogsarm\/historia-del-baloncesto\/\" class=\"more-link\">Seguir leyendo <span class=\"screen-reader-text\">HISTORIA DEL BALONCESTO<\/span> <span class=\"meta-nav\">&rarr;<\/span><\/a><\/p>\n","protected":false},"author":9163,"featured_media":0,"parent":0,"menu_order":0,"comment_status":"open","ping_status":"open","template":"","meta":{"footnotes":""},"class_list":["post-31","page","type-page","status-publish","hentry"],"_links":{"self":[{"href":"https:\/\/blog.espol.edu.ec\/ivogsarm\/wp-json\/wp\/v2\/pages\/31","targetHints":{"allow":["GET"]}}],"collection":[{"href":"https:\/\/blog.espol.edu.ec\/ivogsarm\/wp-json\/wp\/v2\/pages"}],"about":[{"href":"https:\/\/blog.espol.edu.ec\/ivogsarm\/wp-json\/wp\/v2\/types\/page"}],"author":[{"embeddable":true,"href":"https:\/\/blog.espol.edu.ec\/ivogsarm\/wp-json\/wp\/v2\/users\/9163"}],"replies":[{"embeddable":true,"href":"https:\/\/blog.espol.edu.ec\/ivogsarm\/wp-json\/wp\/v2\/comments?post=31"}],"version-history":[{"count":3,"href":"https:\/\/blog.espol.edu.ec\/ivogsarm\/wp-json\/wp\/v2\/pages\/31\/revisions"}],"predecessor-version":[{"id":37,"href":"https:\/\/blog.espol.edu.ec\/ivogsarm\/wp-json\/wp\/v2\/pages\/31\/revisions\/37"}],"wp:attachment":[{"href":"https:\/\/blog.espol.edu.ec\/ivogsarm\/wp-json\/wp\/v2\/media?parent=31"}],"curies":[{"name":"wp","href":"https:\/\/api.w.org\/{rel}","templated":true}]}}