{"id":38,"date":"2014-06-11T00:53:25","date_gmt":"2014-06-11T00:53:25","guid":{"rendered":"http:\/\/blog.espol.edu.ec\/ivogsarm\/?page_id=38"},"modified":"2014-06-11T00:53:25","modified_gmt":"2014-06-11T00:53:25","slug":"como-se-juega","status":"publish","type":"page","link":"https:\/\/blog.espol.edu.ec\/ivogsarm\/como-se-juega\/","title":{"rendered":"COMO SE JUEGA?"},"content":{"rendered":"<p><a href=\"http:\/\/blog.espol.edu.ec\/ivogsarm\/files\/2014\/06\/marcador.jpg\"><img loading=\"lazy\" decoding=\"async\" class=\" wp-image-39 alignleft\" src=\"http:\/\/blog.espol.edu.ec\/ivogsarm\/files\/2014\/06\/marcador.jpg\" alt=\"marcador\" width=\"178\" height=\"107\" \/><\/a>\u2022 <strong>DURACI\u00d3N DE UN PARTIDO:<\/strong> En la FIBA (Federaci\u00f3n Internacional de Baloncesto), seg\u00fan su reglamento el partido est\u00e1 compuesto por cuatro per\u00edodos de 10 minutos cada uno. En la NBA la duraci\u00f3n de cada per\u00edodo es de 12 min, y en NCAA se juegan dos per\u00edodos de 20 minutos cada uno. Si el partido finaliza con empate entre los dos equipos, deber\u00e1 jugarse una pr\u00f3rroga de 5 min m\u00e1s. Y as\u00ed sucesivamente hasta que un equipo gane el partido.<\/p>\n<p><a href=\"http:\/\/blog.espol.edu.ec\/ivogsarm\/files\/2014\/06\/jugadores.jpg\"><img loading=\"lazy\" decoding=\"async\" class=\"wp-image-40 alignright\" src=\"http:\/\/blog.espol.edu.ec\/ivogsarm\/files\/2014\/06\/jugadores.jpg\" alt=\"jugadores\" width=\"236\" height=\"181\" \/><\/a>\u2022 <strong>JUGADORES<\/strong>: el equipo presentado al partido est\u00e1 formado por 12 jugadores como m\u00e1ximo. 5 formar\u00e1n el quinteto inicial y los otros 7 ser\u00e1n los suplentes. El entrenador podr\u00e1 cambiar a los jugadores tantas veces como desee aprovechando interrupciones en el juego, salvo en las categor\u00edas escolares hasta Infantiles (edad de 13 a 14 a\u00f1os) que todos los jugadores del equipo deben jugar como m\u00ednimo un periodo durante los tres primeros, pudiendo en el \u00faltimo hacer sustituciones.<\/p>\n<p>&nbsp;<br \/>\n<a href=\"http:\/\/blog.espol.edu.ec\/ivogsarm\/files\/2014\/06\/inicio.jpg\"><img loading=\"lazy\" decoding=\"async\" class=\" wp-image-41 alignleft\" src=\"http:\/\/blog.espol.edu.ec\/ivogsarm\/files\/2014\/06\/inicio.jpg\" alt=\"inicio\" width=\"225\" height=\"131\" \/><\/a>\u2022 <strong>INICIO DEL PARTIDO:<\/strong> debe colocarse un jugador de cada equipo dentro del c\u00edrculo central con un pie cerca de la l\u00ednea que divide el terreno de juego en dos mitades, situado cada uno de ellos en su campo. Los dem\u00e1s jugadores deben estar fuera del c\u00edrculo. El \u00e1rbitro lanza la pelota hacia arriba desde el centro del c\u00edrculo y los dos jugadores saltan verticalmente para intentar desviarla, sin cogerla, hacia alg\u00fan compa\u00f1ero de su equipo.<\/p>\n<p>&nbsp;<br \/>\n<a href=\"http:\/\/blog.espol.edu.ec\/ivogsarm\/files\/2014\/06\/arbitros.jpg\"><img loading=\"lazy\" decoding=\"async\" class=\"wp-image-42 alignright\" src=\"http:\/\/blog.espol.edu.ec\/ivogsarm\/files\/2014\/06\/arbitros.jpg\" alt=\"arbitros\" width=\"166\" height=\"178\" \/><\/a>\u2022 <strong>\u00c1RBITROS<\/strong>: para la mayor\u00eda de competiciones suelen ser dos \u00e1rbitros los encargados de dirigir el encuentro. Aunque para muchas ligas profesionales existan tres y para otras con muy bajo presupuesto uno.<\/p>\n<p>&nbsp;<\/p>\n<p>&nbsp;<br \/>\n<a href=\"http:\/\/blog.espol.edu.ec\/ivogsarm\/files\/2014\/06\/mesa.jpg\"><img loading=\"lazy\" decoding=\"async\" class=\" wp-image-43 alignleft\" src=\"http:\/\/blog.espol.edu.ec\/ivogsarm\/files\/2014\/06\/mesa.jpg\" alt=\"mesa\" width=\"236\" height=\"162\" \/><\/a>\u2022 <strong>MESA DE ANOTADORES:<\/strong> la mesa de anotadores (anotador, ayudante de anotador, cronometrador, operador de la regla de 24 segundos y, si lo hubiera, comisario) controla todas las incidencias del partido (tanteo, tiempos muertos, tiempo de juego, faltas, cambios, etc.) y elabora el acta del partido.<\/p>\n","protected":false},"excerpt":{"rendered":"<p>\u2022 DURACI\u00d3N DE UN PARTIDO: En la FIBA (Federaci\u00f3n Internacional de Baloncesto), seg\u00fan su reglamento el partido est\u00e1 compuesto por cuatro per\u00edodos de 10 minutos cada uno. En la NBA la duraci\u00f3n de cada per\u00edodo es de 12 min, y en NCAA se juegan dos per\u00edodos de 20 minutos cada uno. Si el partido finaliza &hellip; <a href=\"https:\/\/blog.espol.edu.ec\/ivogsarm\/como-se-juega\/\" class=\"more-link\">Seguir leyendo <span class=\"screen-reader-text\">COMO SE JUEGA?<\/span> <span class=\"meta-nav\">&rarr;<\/span><\/a><\/p>\n","protected":false},"author":9163,"featured_media":0,"parent":0,"menu_order":0,"comment_status":"open","ping_status":"open","template":"","meta":{"footnotes":""},"class_list":["post-38","page","type-page","status-publish","hentry"],"_links":{"self":[{"href":"https:\/\/blog.espol.edu.ec\/ivogsarm\/wp-json\/wp\/v2\/pages\/38","targetHints":{"allow":["GET"]}}],"collection":[{"href":"https:\/\/blog.espol.edu.ec\/ivogsarm\/wp-json\/wp\/v2\/pages"}],"about":[{"href":"https:\/\/blog.espol.edu.ec\/ivogsarm\/wp-json\/wp\/v2\/types\/page"}],"author":[{"embeddable":true,"href":"https:\/\/blog.espol.edu.ec\/ivogsarm\/wp-json\/wp\/v2\/users\/9163"}],"replies":[{"embeddable":true,"href":"https:\/\/blog.espol.edu.ec\/ivogsarm\/wp-json\/wp\/v2\/comments?post=38"}],"version-history":[{"count":4,"href":"https:\/\/blog.espol.edu.ec\/ivogsarm\/wp-json\/wp\/v2\/pages\/38\/revisions"}],"predecessor-version":[{"id":47,"href":"https:\/\/blog.espol.edu.ec\/ivogsarm\/wp-json\/wp\/v2\/pages\/38\/revisions\/47"}],"wp:attachment":[{"href":"https:\/\/blog.espol.edu.ec\/ivogsarm\/wp-json\/wp\/v2\/media?parent=38"}],"curies":[{"name":"wp","href":"https:\/\/api.w.org\/{rel}","templated":true}]}}