{"id":48,"date":"2014-06-11T01:05:02","date_gmt":"2014-06-11T01:05:02","guid":{"rendered":"http:\/\/blog.espol.edu.ec\/ivogsarm\/?page_id=48"},"modified":"2014-06-11T21:46:24","modified_gmt":"2014-06-11T21:46:24","slug":"48-2","status":"publish","type":"page","link":"https:\/\/blog.espol.edu.ec\/ivogsarm\/48-2\/","title":{"rendered":"POSICIONES DE LOS JUGADORES"},"content":{"rendered":"<p><strong><a href=\"http:\/\/blog.espol.edu.ec\/ivogsarm\/files\/2014\/06\/posiciones.jpg\"><img loading=\"lazy\" decoding=\"async\" class=\" wp-image-49 aligncenter\" src=\"http:\/\/blog.espol.edu.ec\/ivogsarm\/files\/2014\/06\/posiciones.jpg\" alt=\"posiciones\" width=\"242\" height=\"240\" \/><\/a><\/strong><\/p>\n<p><strong>\u2022 BASE:<\/strong>\u00a0Tambi\u00e9n llamado \u201cplaymaker\u201c. Normalmente el jugador m\u00e1s bajo del equipo. En ataque sube la pelota hasta el campo contrario y dirige el juego de ataque de su equipo mandando el sistema de juego. Sus caracter\u00edsticas recomendables son un buen manejo de bal\u00f3n, visi\u00f3n de juego, capacidad de dar buenos pases, buena velocidad y un acertado tiro exterior. En los bases son apreciadas las asistencias como los puntos conseguidos, aunque un buen jugador debe conseguir ambas cosas. En defensa han de dificultar la subida del bal\u00f3n del base contrario, tapar las l\u00edneas de pase y estar atento a recoger los rebotes largos. Conocidos como 1 en la terminolog\u00eda empleada por los entrenadores.<\/p>\n<p><strong>\u2022 ESCOLTA:<\/strong>\u00a0Jugador normalmente m\u00e1s bajo, r\u00e1pido y \u00e1gil que el resto, exceptuando a veces la base. Debe aportar puntos al equipo, con un buen tiro incluyendo el tiro de tres puntos, un buen dominio del bal\u00f3n y una gran capacidad de entrar a canasta. Conocidos como 2.<\/p>\n<p><strong>\u2022 ALERO:<\/strong> Es generalmente una altura intermedia entre los jugadores interiores y los exteriores. Su juego est\u00e1 equilibrado entre la fuerza y el tiro. Es un puesto importante, por su capacidad de combinar altura con velocidad. En ataque debe ser buen tirador de tres puntos y asimismo saber culminar una entrada hasta debajo del tablero contrario, son piezas b\u00e1sicas en lanzar el contraataque y suelen culminar la mayor\u00eda de ellos. Conocidos como 3.<\/p>\n<p><strong>\u2022 ALA-P\u00cdVOT:<\/strong> Es un rol m\u00e1s f\u00edsico que el del alero, en muchos casos con un juego muy similar al p\u00edvot. Mantiene la mayor\u00eda de los puntos en el poste bajo, aunque algunos pueden llegar a convertirse en tiradores muy efectivos. Sirven de ayuda al p\u00edvot para impedir el juego interior del equipo contrario, y cierran el rebote. Conocidos como 4.<\/p>\n<p><strong>\u2022 P\u00cdVOT:<\/strong> Son los jugadores de mayor altura del equipo, y los m\u00e1s fuertes. Normalmente, el p\u00edvot debe usar su altura y su potencia jugando cerca del aro. Un p\u00edvot que conjunte fuerza con agilidad es una pieza fundamental para su equipo. Son los jugadores que m\u00e1s sorprenden a los aficionados n\u00f3veles, por su gran altura. En Europa el p\u00edvot medio ha evolucionado m\u00e1s y es capaz de abrirse hacia afuera para tirar. En defensa buscan recoger el rebote corto, impedir el juego interior del equipo contrario y taponar las entradas de jugadores exteriores. Conocidos como 5.<\/p>\n","protected":false},"excerpt":{"rendered":"<p>\u2022 BASE:\u00a0Tambi\u00e9n llamado \u201cplaymaker\u201c. Normalmente el jugador m\u00e1s bajo del equipo. En ataque sube la pelota hasta el campo contrario y dirige el juego de ataque de su equipo mandando el sistema de juego. Sus caracter\u00edsticas recomendables son un buen manejo de bal\u00f3n, visi\u00f3n de juego, capacidad de dar buenos pases, buena velocidad y un &hellip; <a href=\"https:\/\/blog.espol.edu.ec\/ivogsarm\/48-2\/\" class=\"more-link\">Seguir leyendo <span class=\"screen-reader-text\">POSICIONES DE LOS JUGADORES<\/span> <span class=\"meta-nav\">&rarr;<\/span><\/a><\/p>\n","protected":false},"author":9163,"featured_media":0,"parent":0,"menu_order":0,"comment_status":"open","ping_status":"open","template":"","meta":{"footnotes":""},"class_list":["post-48","page","type-page","status-publish","hentry"],"_links":{"self":[{"href":"https:\/\/blog.espol.edu.ec\/ivogsarm\/wp-json\/wp\/v2\/pages\/48","targetHints":{"allow":["GET"]}}],"collection":[{"href":"https:\/\/blog.espol.edu.ec\/ivogsarm\/wp-json\/wp\/v2\/pages"}],"about":[{"href":"https:\/\/blog.espol.edu.ec\/ivogsarm\/wp-json\/wp\/v2\/types\/page"}],"author":[{"embeddable":true,"href":"https:\/\/blog.espol.edu.ec\/ivogsarm\/wp-json\/wp\/v2\/users\/9163"}],"replies":[{"embeddable":true,"href":"https:\/\/blog.espol.edu.ec\/ivogsarm\/wp-json\/wp\/v2\/comments?post=48"}],"version-history":[{"count":4,"href":"https:\/\/blog.espol.edu.ec\/ivogsarm\/wp-json\/wp\/v2\/pages\/48\/revisions"}],"predecessor-version":[{"id":54,"href":"https:\/\/blog.espol.edu.ec\/ivogsarm\/wp-json\/wp\/v2\/pages\/48\/revisions\/54"}],"wp:attachment":[{"href":"https:\/\/blog.espol.edu.ec\/ivogsarm\/wp-json\/wp\/v2\/media?parent=48"}],"curies":[{"name":"wp","href":"https:\/\/api.w.org\/{rel}","templated":true}]}}