{"id":142,"date":"2014-11-12T13:37:32","date_gmt":"2014-11-12T13:37:32","guid":{"rendered":"http:\/\/blog.espol.edu.ec\/jabrito\/?page_id=142"},"modified":"2014-11-12T13:37:32","modified_gmt":"2014-11-12T13:37:32","slug":"correcto-manejo-de-la-maquinaria","status":"publish","type":"page","link":"https:\/\/blog.espol.edu.ec\/jabrito\/correcto-manejo-de-la-maquinaria\/","title":{"rendered":"Correcto manejo de la maquinaria"},"content":{"rendered":"<p style=\"text-align: justify\">Seg\u00fan el protocolo para la conducci\u00f3n de estudios tanto para \"penetraci\u00f3n de calor\" y para \"distribuci\u00f3n de temperatura\" , debemos ajustar correctamente la brida para que no haya fuga de vapor ni de agua.<\/p>\n<p style=\"text-align: justify\">En general, el autoclave seleccionado para la prueba debe ser aquel que represente las peores condiciones para llevar a cabo el proceso prefijado. Los factores que pueden ayudar a identificar cual autoclave usar ser\u00edan:<br \/>\n1) Su ubicaci\u00f3n<br \/>\n2) Estilo de planchas divisoras<br \/>\n3) Configuraci\u00f3n de envases.<\/p>\n<div id=\"attachment_36\" style=\"width: 310px\" class=\"wp-caption aligncenter\"><a href=\"http:\/\/blog.espol.edu.ec\/jabrito\/files\/2014\/11\/FTS6.jpg\"><img loading=\"lazy\" decoding=\"async\" aria-describedby=\"caption-attachment-36\" class=\"wp-image-36 size-medium\" src=\"http:\/\/blog.espol.edu.ec\/jabrito\/files\/2014\/11\/FTS6-300x300.jpg\" alt=\"Este es uno de los pasos m\u00e1s importante porque ajustamos el cerramiento de la brida. Si no cerramos correctamente se puede escapar el vapor de presi\u00f3n y causar\u00eda da\u00f1os tanto al producto como al ingeniero encargado.\" width=\"300\" height=\"300\" srcset=\"https:\/\/blog.espol.edu.ec\/jabrito\/files\/2014\/11\/FTS6-300x300.jpg 300w, https:\/\/blog.espol.edu.ec\/jabrito\/files\/2014\/11\/FTS6-150x150.jpg 150w, https:\/\/blog.espol.edu.ec\/jabrito\/files\/2014\/11\/FTS6.jpg 600w\" sizes=\"auto, (max-width: 300px) 100vw, 300px\" \/><\/a><p id=\"caption-attachment-36\" class=\"wp-caption-text\">Este es uno de los pasos m\u00e1s importante porque ajustamos el cerramiento de la brida. Si no cerramos correctamente se puede escapar el vapor de presi\u00f3n y causar\u00eda da\u00f1os tanto al producto como al ingeniero encargado.<\/p><\/div>\n","protected":false},"excerpt":{"rendered":"<p>Seg\u00fan el protocolo para la conducci\u00f3n de estudios tanto para \"penetraci\u00f3n de calor\" y para \"distribuci\u00f3n de temperatura\" , debemos ajustar correctamente la brida para que no haya fuga de vapor ni de agua. En general, el autoclave seleccionado para la prueba debe ser aquel que represente las peores condiciones para llevar a cabo el [&hellip;]<\/p>\n","protected":false},"author":9328,"featured_media":0,"parent":0,"menu_order":0,"comment_status":"open","ping_status":"open","template":"","meta":{"footnotes":""},"class_list":["post-142","page","type-page","status-publish","hentry"],"_links":{"self":[{"href":"https:\/\/blog.espol.edu.ec\/jabrito\/wp-json\/wp\/v2\/pages\/142","targetHints":{"allow":["GET"]}}],"collection":[{"href":"https:\/\/blog.espol.edu.ec\/jabrito\/wp-json\/wp\/v2\/pages"}],"about":[{"href":"https:\/\/blog.espol.edu.ec\/jabrito\/wp-json\/wp\/v2\/types\/page"}],"author":[{"embeddable":true,"href":"https:\/\/blog.espol.edu.ec\/jabrito\/wp-json\/wp\/v2\/users\/9328"}],"replies":[{"embeddable":true,"href":"https:\/\/blog.espol.edu.ec\/jabrito\/wp-json\/wp\/v2\/comments?post=142"}],"version-history":[{"count":1,"href":"https:\/\/blog.espol.edu.ec\/jabrito\/wp-json\/wp\/v2\/pages\/142\/revisions"}],"predecessor-version":[{"id":143,"href":"https:\/\/blog.espol.edu.ec\/jabrito\/wp-json\/wp\/v2\/pages\/142\/revisions\/143"}],"wp:attachment":[{"href":"https:\/\/blog.espol.edu.ec\/jabrito\/wp-json\/wp\/v2\/media?parent=142"}],"curies":[{"name":"wp","href":"https:\/\/api.w.org\/{rel}","templated":true}]}}