{"id":29,"date":"2014-06-09T15:41:05","date_gmt":"2014-06-09T15:41:05","guid":{"rendered":"http:\/\/blog.espol.edu.ec\/jacelper\/?page_id=29"},"modified":"2014-06-09T16:48:10","modified_gmt":"2014-06-09T16:48:10","slug":"gestion-logistica","status":"publish","type":"page","link":"https:\/\/blog.espol.edu.ec\/jacelper\/gestion-logistica\/","title":{"rendered":"Gestion Logistica"},"content":{"rendered":"<p>Esta empresa maneja el <strong>\u00c1rea de Gerencia<\/strong> teniendo en cuentas tres factores principales.<\/p>\n<p><b>Log\u00edstica<\/b>: Manejo del producto terminado (materia prima,almacenaje,Despacho)<\/p>\n<p><b>Producci\u00f3n<\/b><strong>:<\/strong> Producci\u00f3n de Pet,Aguas y Bebidas no Alcoh\u00f3licas.<\/p>\n<p><b>Comercializaci\u00f3n<\/b><strong>: <\/strong>Establecer el producto en el mercado.<\/p>\n","protected":false},"excerpt":{"rendered":"<p>Esta empresa maneja el \u00c1rea de Gerencia teniendo en cuentas tres factores principales. Log\u00edstica: Manejo del producto terminado (materia prima,almacenaje,Despacho) Producci\u00f3n: Producci\u00f3n de Pet,Aguas y Bebidas no Alcoh\u00f3licas. Comercializaci\u00f3n: Establecer el producto en el mercado.<\/p>\n","protected":false},"author":9131,"featured_media":0,"parent":0,"menu_order":0,"comment_status":"open","ping_status":"open","template":"","meta":{"footnotes":""},"class_list":["post-29","page","type-page","status-publish","hentry"],"_links":{"self":[{"href":"https:\/\/blog.espol.edu.ec\/jacelper\/wp-json\/wp\/v2\/pages\/29","targetHints":{"allow":["GET"]}}],"collection":[{"href":"https:\/\/blog.espol.edu.ec\/jacelper\/wp-json\/wp\/v2\/pages"}],"about":[{"href":"https:\/\/blog.espol.edu.ec\/jacelper\/wp-json\/wp\/v2\/types\/page"}],"author":[{"embeddable":true,"href":"https:\/\/blog.espol.edu.ec\/jacelper\/wp-json\/wp\/v2\/users\/9131"}],"replies":[{"embeddable":true,"href":"https:\/\/blog.espol.edu.ec\/jacelper\/wp-json\/wp\/v2\/comments?post=29"}],"version-history":[{"count":1,"href":"https:\/\/blog.espol.edu.ec\/jacelper\/wp-json\/wp\/v2\/pages\/29\/revisions"}],"predecessor-version":[{"id":30,"href":"https:\/\/blog.espol.edu.ec\/jacelper\/wp-json\/wp\/v2\/pages\/29\/revisions\/30"}],"wp:attachment":[{"href":"https:\/\/blog.espol.edu.ec\/jacelper\/wp-json\/wp\/v2\/media?parent=29"}],"curies":[{"name":"wp","href":"https:\/\/api.w.org\/{rel}","templated":true}]}}