{"id":3,"date":"2010-05-28T05:17:14","date_gmt":"2010-05-28T05:17:14","guid":{"rendered":"http:\/\/blog.espol.edu.ec\/jafreire\/?page_id=3"},"modified":"2010-08-05T16:09:08","modified_gmt":"2010-08-05T21:39:08","slug":"introduccion","status":"publish","type":"page","link":"https:\/\/blog.espol.edu.ec\/jafreire\/introduccion\/","title":{"rendered":"INTRODUCCION"},"content":{"rendered":"<p style=\"text-align: center\">Estimados lectores, iniciar\u00e9 \u00e9ste SU espacio de <em>GESTION <\/em> sabiendo que es de gran inter\u00e9s para todos los que nos encontramos inmersos en el \u00e1rea de administraci\u00f3n, debido a que con la globalizacion de los negocios, el desarrollo tecnologico, el fuerte impacto de cambio y el intenso movimiento en busca de la calidad y de la productividad, nos ha demostrado que la principal ventaja competitiva que tienen las empresas proviene de las personas que trabajan en ellas.<\/p>\n<p style=\"text-align: center\">Es por esto que intentare profundizar los conocimientos con nuevas tendencias y caracteristicas que hoy en dia ha aquirido la administracion del recurso humano (AH), Procesos (AP) y Calidad (AK) en las organizaciones; ademas, se pretende mostrar a las personas como seres humanos dotados de habilidades y capacidades intelectuales, capaces de tomar decisiones, emprender acciones, crear innovaciones y sobre todo capaces de agregarle valor a las organizaciones.<\/p>\n<p style=\"text-align: center\">Espero sus comentarios y sugerencias para enriquecernos de talento juntos!!<\/p>\n<p style=\"text-align: center\">Talento: Conocimiento, habilidad, juicio y actitud<\/p>\n<p style=\"text-align: center\">ADELANTE!<\/p>\n<p style=\"text-align: center\">JorgeFreireMata<\/p>\n<p style=\"text-align: center\">Estudiante ESPOL y UTPL, Economia y Adm\u00f3n de Empresas respectivamente.<\/p>\n<p style=\"text-align: center\">jfrema@hotmail.com<\/p>\n<p style=\"text-align: center\">\n","protected":false},"excerpt":{"rendered":"<p>Estimados lectores, iniciar\u00e9 \u00e9ste SU espacio de GESTION sabiendo que es de gran inter\u00e9s para todos los que nos encontramos inmersos en el \u00e1rea de administraci\u00f3n, debido a que con la globalizacion de los negocios, el desarrollo tecnologico, el fuerte impacto de cambio y el intenso movimiento en busca de la calidad y de la [&hellip;]<\/p>\n","protected":false},"author":4012,"featured_media":0,"parent":0,"menu_order":0,"comment_status":"open","ping_status":"open","template":"","meta":{"footnotes":""},"class_list":["post-3","page","type-page","status-publish","hentry"],"_links":{"self":[{"href":"https:\/\/blog.espol.edu.ec\/jafreire\/wp-json\/wp\/v2\/pages\/3","targetHints":{"allow":["GET"]}}],"collection":[{"href":"https:\/\/blog.espol.edu.ec\/jafreire\/wp-json\/wp\/v2\/pages"}],"about":[{"href":"https:\/\/blog.espol.edu.ec\/jafreire\/wp-json\/wp\/v2\/types\/page"}],"author":[{"embeddable":true,"href":"https:\/\/blog.espol.edu.ec\/jafreire\/wp-json\/wp\/v2\/users\/4012"}],"replies":[{"embeddable":true,"href":"https:\/\/blog.espol.edu.ec\/jafreire\/wp-json\/wp\/v2\/comments?post=3"}],"version-history":[{"count":6,"href":"https:\/\/blog.espol.edu.ec\/jafreire\/wp-json\/wp\/v2\/pages\/3\/revisions"}],"predecessor-version":[{"id":25,"href":"https:\/\/blog.espol.edu.ec\/jafreire\/wp-json\/wp\/v2\/pages\/3\/revisions\/25"}],"wp:attachment":[{"href":"https:\/\/blog.espol.edu.ec\/jafreire\/wp-json\/wp\/v2\/media?parent=3"}],"curies":[{"name":"wp","href":"https:\/\/api.w.org\/{rel}","templated":true}]}}