{"id":118,"date":"2009-11-20T15:50:21","date_gmt":"2009-11-20T20:50:21","guid":{"rendered":"http:\/\/blog.espol.edu.ec\/jaiicobe\/?page_id=118"},"modified":"2009-11-20T15:50:21","modified_gmt":"2009-11-20T20:50:21","slug":"misterios","status":"publish","type":"page","link":"https:\/\/blog.espol.edu.ec\/jaiicobe\/misterios\/","title":{"rendered":"MISTERIOS"},"content":{"rendered":"<p><!--[if !mso]&gt;-->  <!--[endif]--><!--[if gte mso 9]&gt;  Normal 0 false  21   false false false  ES X-NONE X-NONE                           &lt;![endif]--><!--[if gte mso 9]&gt;                                                                                                                                            &lt;![endif]--> <!--[if gte mso 10]&gt;-->  <!--[endif]--><!--[if gte mso 9]&gt;  &lt;![endif]--><!--[if gte mso 9]&gt;   &lt;![endif]--><\/p>\n<p class=\"MsoNormal\"><strong><span style=\"font-size: 18pt;font-family: &quot;Times New Roman&quot;,&quot;serif&quot\"><span> <\/span>Curiosidades<\/span><\/strong><\/p>\n<div class=\"entry\">\n<p><em><strong>\u00bfQui\u00e9n dijo que los peces eran tontos?<\/strong><\/em> <img decoding=\"async\" class=\"wp-smiley\" src=\"http:\/\/www.planetacurioso.com\/wp-includes\/images\/smilies\/icon_biggrin.gif\" alt=\":D\" \/><\/p>\n<div class=\"img\"><img loading=\"lazy\" decoding=\"async\" class=\"alignnone size-full wp-image-10341\" src=\"http:\/\/www.planetacurioso.com\/wp-content\/uploads\/2009\/09\/espinoso-pez-listo.jpg\" alt=\"espinoso-pez-listo\" width=\"500\" height=\"236\" \/><\/div>\n<p>Los espinosos -nombre con el que se les conoce a los peces pertenecientes a la familia de los Gasterosteidae com\u00fanmente encontrados en Europa, Asia y Norteam\u00e9rica- <strong>\u00a1No son nada tontos! Al contrario son tan listos que se les reconoci\u00f3 como los genios del mundo pisc\u00edcola. <\/strong><\/p>\n<div class=\"fecha\"><a title=\"Ver todas las entradas en \u00bfSabias que...?\" rel=\"category tag\" href=\"http:\/\/www.planetacurioso.com\/categoria\/sabias-que\/\"><br \/>\n<\/a><\/div>\n<div class=\"img\"><img loading=\"lazy\" decoding=\"async\" class=\"alignnone size-full wp-image-10331\" src=\"http:\/\/www.planetacurioso.com\/wp-content\/uploads\/2009\/09\/demonio-espinado1.jpg\" alt=\"demonio-espinado1\" width=\"597\" height=\"423\" \/><\/div>\n<\/div>\n<div class=\"entry\">Este peque\u00f1o lagarto que habita en el desierto conocido como demonio espinoso (Moloch horridus) jam\u00e1s se agacha para beber agua, puesto que no tiene necesidad de hacerlo, toma toda el agua que necesita del ambiente que lo rodea; directamente de la lluvia, agua estancada o de la humedad del suelo, sin necesitar de dispositivos de bombeo ni energ\u00eda. Pero,<strong> \u00bfc\u00f3mo lo hace?<\/strong><\/div>\n<div class=\"fecha\"><\/div>\n<div class=\"fecha\"><\/div>\n<p><strong><em>\u00bfSab\u00edas que por algun tiempo se detestaba el tomate y era cuasa de desprecio?<\/em><\/strong><\/p>\n<p><img decoding=\"async\" class=\"im\" src=\"http:\/\/www.planetacurioso.com\/wp-content\/uploads\/2009\/07\/jitomate-manzana-amor-tomate.jpg\" alt=\"\" \/>As\u00ed es, <strong>fueron los franceses quienes lo llamaron pomme d\u2019amour, es decir, \u201cmanzana del amor\u201d<\/strong>. Y puede que lo llamaron as\u00ed, por que algunos herbolarios atribuyeron al tomate propiedades afrodis\u00edacas.<\/p>\n<p>Ahora bien, el tomate no siempre fue bien aceptado,  aunque para el siglo XV, ten\u00eda una buena reputaci\u00f3n en M\u00e9xico, <strong>pronto obtuvo mala fama en Europa<\/strong>. Y todo comenz\u00f3 cuando los bot\u00e1nicos del viejo continente incluyeron la tomatera en la familia de las solan\u00e1ceas: la misma a la que pertenece la belladona, planta sumamente venenosa. Por otro lado, las hojas de la tomatera desped\u00edan un fuerte olor, y result\u00f3 que eran t\u00f3xicas.<\/p>\n<div class=\"catdesc\"><\/div>\n<div class=\"post\">\n<h2><a title=\"\u00bfSab\u00edas que los Chipaya habitan en viviendas llamadas \u201cputucu\u201d?\" rel=\"bookmark\" href=\"http:\/\/www.planetacurioso.com\/2009\/07\/06\/%c2%bfsabias-que-los-chipaya-habitan-en-viviendas-llamadas-putucu\/\">\u00bfSab\u00edas que los Chipaya habitan en viviendas llamadas \u201cputucu\u201d? <\/a><\/h2>\n<div class=\"fecha\"><a title=\"Ver todas las entradas en \u00bfSabias que...?\" rel=\"category tag\" href=\"http:\/\/www.planetacurioso.com\/categoria\/sabias-que\/\"><br \/>\n<\/a><\/div>\n<div class=\"entry\">\n<div class=\"img\"><img loading=\"lazy\" decoding=\"async\" class=\"alignnone size-full wp-image-9319\" src=\"http:\/\/www.planetacurioso.com\/wp-content\/uploads\/2009\/07\/chipaya-putuc.jpg\" alt=\"chipaya-putuc\" width=\"500\" height=\"333\" \/><\/div>\n<p>Primero <strong> \u00bfquienes son los Chipaya?<\/strong> La Cultura Chipaya por su antig\u00fcedad y su cer\u00e1mica puede ser considerada como una de las m\u00e1s antiguas e importantes ruinas arqueol\u00f3gicas y etnol\u00f3gicas viviente del continente, la antig\u00fcedad de esta cultura se remonta por lo menos 2500 a\u00f1os a.c.<\/p>\n<p>Estos viven en tugurios redondos a los que llaman putucu en idioma puquina. Su construcci\u00f3n es simple, tiene forma de cono, esta en la forma m\u00e1s com\u00fan en el pueblo aunque tambi\u00e9n existen casas cuadradas. Las mujeres viven en el mismo ayllu del marido.<br \/>\n<a class=\"more-link\" href=\"http:\/\/www.planetacurioso.com\/2009\/07\/06\/%c2%bfsabias-que-los-chipaya-habitan-en-viviendas-llamadas-putucu\/#more-9316\"><br \/>\n<\/a><\/div>\n<\/div>\n<div class=\"post\">\n<h2><a title=\"\u00bfSab\u00edas que el cerebro trabaja m\u00e1s cuando mientes?\" rel=\"bookmark\" href=\"http:\/\/www.planetacurioso.com\/2009\/06\/16\/sabias-que-el-cerebro-trabaja-mas-cuando-mientes\/\">\u00bfSab\u00edas que el cerebro trabaja m\u00e1s cuando mientes? <\/a><\/h2>\n<div class=\"fecha\"><a title=\"Ver todas las entradas en \u00bfSabias que...?\" rel=\"category tag\" href=\"http:\/\/www.planetacurioso.com\/categoria\/sabias-que\/\"><br \/>\n<\/a><\/div>\n<div class=\"entry\">\n<p><img decoding=\"async\" class=\"im\" src=\"http:\/\/www.planetacurioso.com\/wp-content\/uploads\/2009\/06\/pinocho-mentiroso-nariz.jpg\" alt=\"pinocho-mentiroso-nariz\" \/>La Escuela de Medicina de la Universidad de Pennsylvania, tras realizar un estudio de resonancia magn\u00e9tica a cierto n\u00famero de individuos, descubri\u00f3 zonas del cerebro que se iluminan cuando las personas mienten.<\/p>\n<p>Seg\u00fan ellos, su cerebro lo inhibe de decir la verdad y eso hace que el l\u00f3bulo frontal est\u00e9 m\u00e1s activo, de tal forma que <strong>la persona tiene que pensar m\u00e1s<\/strong>. Adem\u00e1s la revista \u201cQuo\u201d explica que mentir requiere un incremento de la actividad cerebral en las regiones involucradas en la inhibici\u00f3n y el control.<\/p>\n<p>Adem\u00e1s se presenta la sudoraci\u00f3n, por que al mentir aumenta la presi\u00f3n arterial, la frecuencia cardiaca, respiratoria y hay cambios en la actividad el\u00e9ctrica de la piel.<br \/>\n<a class=\"more-link\" href=\"http:\/\/www.planetacurioso.com\/2009\/06\/16\/sabias-que-el-cerebro-trabaja-mas-cuando-mientes\/#more-9011\"><br \/>\n<\/a><\/div>\n<\/div>\n<h2><a title=\"\u00bfSab\u00edas que el so\u00f1ar ayuda a consolidar la memoria?\" rel=\"bookmark\" href=\"http:\/\/www.planetacurioso.com\/2009\/06\/11\/sabias-que-el-sonar-ayuda-a-consolidar-la-memoria\/\">\u00bfSab\u00edas que el so\u00f1ar ayuda a consolidar la memoria? <\/a><\/h2>\n<div class=\"fecha\"><a title=\"Ver todas las entradas en \u00bfSabias que...?\" rel=\"category tag\" href=\"http:\/\/www.planetacurioso.com\/categoria\/sabias-que\/\"><br \/>\n<\/a><\/div>\n<p><img decoding=\"async\" class=\"im\" src=\"http:\/\/www.planetacurioso.com\/wp-content\/uploads\/2009\/06\/cerebro-memoria-sueno.jpg\" alt=\"cerebro-memoria-sueno\" \/><em>Creo que esto nos puede ayudar a la hora de querer recordar algo que estudiamos por la noche, por ejemplo a la hora de hacer ex\u00e1menes, para los que a\u00fan estudian <\/em> <img decoding=\"async\" class=\"wp-smiley\" src=\"http:\/\/www.planetacurioso.com\/wp-includes\/images\/smilies\/icon_biggrin.gif\" alt=\":D\" \/><\/p>\n<p>El sue\u00f1o tiene varias fases y es <strong>durante la fase del sue\u00f1o profundo<\/strong> cuando la actividad neuronal desempe\u00f1a un papel importante a la hora de que la memoria conserve ciertas conductas aprendidas durante el resto del d\u00eda, seg\u00fan lo recoge la revista Nature.<\/p>\n<p>As\u00ed que un equipo de investigadores demostr\u00f3 que la actividad registrada en la corteza prefrontal media se reproduce de forma similar en el hipocampo, \u00e1rea vital en la formaci\u00f3n de la memoria y la recuperaci\u00f3n de datos.<\/p>\n<div class=\"entry\"><strong><br \/>\n<\/strong><\/div>\n","protected":false},"excerpt":{"rendered":"<p>Curiosidades \u00bfQui\u00e9n dijo que los peces eran tontos? Los espinosos -nombre con el que se les conoce a los peces pertenecientes a la familia de los Gasterosteidae com\u00fanmente encontrados en Europa, Asia y Norteam\u00e9rica- \u00a1No son nada tontos! Al contrario son tan listos que se les reconoci\u00f3 como los genios del mundo pisc\u00edcola. Este peque\u00f1o [&hellip;]<\/p>\n","protected":false},"author":3094,"featured_media":0,"parent":0,"menu_order":0,"comment_status":"open","ping_status":"open","template":"","meta":{"footnotes":""},"class_list":["post-118","page","type-page","status-publish","hentry"],"_links":{"self":[{"href":"https:\/\/blog.espol.edu.ec\/jaiicobe\/wp-json\/wp\/v2\/pages\/118","targetHints":{"allow":["GET"]}}],"collection":[{"href":"https:\/\/blog.espol.edu.ec\/jaiicobe\/wp-json\/wp\/v2\/pages"}],"about":[{"href":"https:\/\/blog.espol.edu.ec\/jaiicobe\/wp-json\/wp\/v2\/types\/page"}],"author":[{"embeddable":true,"href":"https:\/\/blog.espol.edu.ec\/jaiicobe\/wp-json\/wp\/v2\/users\/3094"}],"replies":[{"embeddable":true,"href":"https:\/\/blog.espol.edu.ec\/jaiicobe\/wp-json\/wp\/v2\/comments?post=118"}],"version-history":[{"count":1,"href":"https:\/\/blog.espol.edu.ec\/jaiicobe\/wp-json\/wp\/v2\/pages\/118\/revisions"}],"predecessor-version":[{"id":121,"href":"https:\/\/blog.espol.edu.ec\/jaiicobe\/wp-json\/wp\/v2\/pages\/118\/revisions\/121"}],"wp:attachment":[{"href":"https:\/\/blog.espol.edu.ec\/jaiicobe\/wp-json\/wp\/v2\/media?parent=118"}],"curies":[{"name":"wp","href":"https:\/\/api.w.org\/{rel}","templated":true}]}}