{"id":32,"date":"2009-10-31T16:10:11","date_gmt":"2009-10-31T21:10:11","guid":{"rendered":"http:\/\/blog.espol.edu.ec\/jaiicobe\/?page_id=32"},"modified":"2010-01-29T14:21:55","modified_gmt":"2010-01-29T19:21:55","slug":"naturaleza-vs-oceano","status":"publish","type":"page","link":"https:\/\/blog.espol.edu.ec\/jaiicobe\/naturaleza-vs-oceano\/","title":{"rendered":"ANCONCITO"},"content":{"rendered":"<p><img loading=\"lazy\" decoding=\"async\" class=\"size-medium wp-image-59 alignright\" src=\"http:\/\/blog.espol.edu.ec\/jaiicobe\/files\/2009\/10\/p1010024-300x225.jpg\" alt=\"ANCONCITO\" width=\"300\" height=\"225\" srcset=\"https:\/\/blog.espol.edu.ec\/jaiicobe\/files\/2009\/10\/p1010024-300x225.jpg 300w, https:\/\/blog.espol.edu.ec\/jaiicobe\/files\/2009\/10\/p1010024.jpg 1024w\" sizes=\"auto, (max-width: 300px) 100vw, 300px\" \/><\/p>\n<p style=\"text-align: center\"><em><strong>ANCONCITO<\/strong><\/em><\/p>\n<p style=\"text-align: left\"><strong>Anconcito PUERTO PESQUERO\u00a0 SU LOCALIZACION SE ENCUENTRA EN LA\u00a0 PROVINCIA DE SANTA ELENA ,SU ECONOMIA SE BASA EN LA\u00a0\u00a0\u00a0 PESCA Y EN EL COMERCIO ,SU GENTE ES MUY TRABAJADORA SE ESMERAN EN SOBRESALIR ENTRE LA SOCIEDAD .El clima es agradable por la frescura de la brisa marina. Sus habitantes con notable esfuerzo han construido hermosos jardines en sus villas y avenidas.<br \/>\nLas aguas del oc\u00e9ano son ricas en productos marinos como peces, camarones, langostas, pulpos, conchas, cangrejos, ostiones, etc.\u00a0 La pesca artesanal de mar es significativa tanto en el consumo dom\u00e9stico como en la industria peninsular. <\/strong><\/p>\n<p><strong><br \/>\n<\/strong><\/p>\n<p><strong><\/strong><\/p>\n<p class=\"MsoNormal\" style=\"margin: 0cm 0cm 0pt;text-align: justify\" align=\"center\"><span style=\"font-family: Verdana,Arial,Helvetica,sans-serif;color: #990000;font-size: x-small\"><span class=\"texto\" style=\"color: #000000\"><span style=\"color: #660000\"><span style=\"color: #000000\"><em><span style=\"color: #660000\"><br \/>\n<\/span><\/em><\/span><\/span><\/span><\/span><\/p>\n<p class=\"MsoNormal\" style=\"margin: 0cm 0cm 0pt;text-align: justify\"><span style=\"font-family: Verdana,Arial,Helvetica,sans-serif;color: #990000;font-size: x-small\"><span class=\"texto\" style=\"color: #000000\"><\/span><\/span><\/p>\n<p><strong>FIESTA DE ANCONCITO<\/strong><\/p>\n<p><span style=\"font-family: Verdana,Arial,Helvetica,sans-serif;color: #990000;font-size: x-small\"><span class=\"texto\" style=\"color: #000000\"><span style=\"color: #660000\"><\/span><\/span><\/span><\/p>\n<p><span style=\"font-family: Verdana,Arial,Helvetica,sans-serif;color: #990000;font-size: x-small\"><span class=\"texto\" style=\"color: #000000\"><span style=\"color: #660000\"><span style=\"color: #000000\"><em><span style=\"color: #660000\"><img loading=\"lazy\" decoding=\"async\" class=\"alignright\" style=\"border: 0pt none\" src=\"http:\/\/www.municipiodesalinas.gov.ec\/i\/siteimages\/normal\/cristo3.jpg\" border=\"0\" alt=\"\" hspace=\"0\" width=\"300\" height=\"185\" align=\"right\" \/><strong>FIESTAS DE SAN RAFAEL DE ARCARGEL.- <\/strong><\/span><\/em><strong>24 de Octubre\u00a0 de cada a\u00f1o, se realizanprocesiones, misa, juegos pirot\u00e9cnicos, bailes populares. Esto se hace en Jos\u00e9 Lu\u00edsTamayo, a la igual que la fiesta de San Pedro el 29 de Junio, Divino Ni\u00f1o 20 de Julio, Virgen del Cisne mes de Septiembre. <\/strong><\/span><\/span><\/span><\/span><\/p>\n<p class=\"MsoNormal\" style=\"margin: 0cm 0cm 0pt;text-align: justify\"><strong><span style=\"font-family: Verdana,Arial,Helvetica,sans-serif;color: #990000;font-size: x-small\"><span class=\"texto\" style=\"color: #000000\"><span style=\"color: #660000\"><span style=\"color: #000000\"><em><span style=\"color: #660000\">FIESTA DE ANCONCITO<\/span><\/em>.- Fiestas de San Miguel de Arc\u00e1ngel, 29 de Septiembre, Misa procesi\u00f3n, juegos pirot\u00e9cnicos y bailes populares.<br \/>\nFiesta del Pescador.- 31 de Mayo, fiestas de Monserrat se realiza la ultima semana de Noviembre, y fiestas de la parroquia el 18 de Diciembre, Virgen del Carmen el 16 de Julio.<br \/>\n<\/span><\/span><\/span><\/span><\/strong><\/p>\n<p><strong><span style=\"font-family: Verdana,Arial,Helvetica,sans-serif;color: #990000;font-size: x-small\"><span class=\"texto\" style=\"color: #000000\"><\/span><\/span><\/strong><\/p>\n<p class=\"MsoNormal\" style=\"margin: 0cm 0cm 0pt;text-align: justify\"><strong><span style=\"font-family: Verdana,Arial,Helvetica,sans-serif;color: #990000;font-size: x-small\"><span class=\"texto\" style=\"color: #000000\"><span style=\"color: #660000\">DIA DE LOS DIFUNTOS EN ANCONCITO<br \/>\n<\/span><\/span><\/span><\/strong><\/p>\n<p class=\"MsoNormal\" style=\"margin: 0cm 0cm 0pt;text-align: justify\"><strong><span style=\"font-family: Verdana,Arial,Helvetica,sans-serif;color: #990000;font-size: x-small\"><span class=\"texto\" style=\"color: #000000\"><br \/>\n<\/span><\/span><\/strong><\/p>\n<p class=\"MsoNormal\" style=\"margin: 0cm 0cm 0pt;text-align: justify\"><strong><span style=\"font-family: Verdana,Arial,Helvetica,sans-serif;color: #990000;font-size: x-small\"><span class=\"texto\" style=\"color: #000000\"><img decoding=\"async\" src=\"http:\/\/www.municipiodesalinas.gov.ec\/i\/siteimages\/normal\/cristo4.jpg\" border=\"0\" alt=\"\" hspace=\"0\" align=\"left\" \/>En toda la Penincula de Santa Elena, se celebra el d\u00eda de los fieles difuntos el 2 de Noviembre de cada A\u00f1o, se cree que los difuntos regresan a la vida terrenal a servirse de todo lo que le gustaba de comer en vida, es por eso la Denominaci\u00f3n \u201cMESA DE MUERTO\u201d, tambien se elaboran panes con figuras que son parte de un tradici\u00f3n, y que luego personas de fuera llegan a diferentes casas y dicen la frase conocida \u201cANGELES SOMOS DEL CIELO VENIMOS PAN PEDIMOS\u201d\u00a0 y los due\u00f1os de casas proceden a brindarles pan.<\/span><\/span><\/strong><\/p>\n<p class=\"MsoNormal\" style=\"margin: 0cm 0cm 0pt;text-align: justify\"><strong><span style=\"font-family: Verdana,Arial,Helvetica,sans-serif;color: #990000;font-size: x-small\"><span class=\"texto\" style=\"color: #000000\">Culmina con la Visita a los seres queridos, que reposan en los diversos cementerios.<\/span><\/span><\/strong><\/p>\n<p class=\"MsoNormal\" style=\"margin: 0cm 0cm 0pt;text-align: justify\"><strong><span style=\"font-family: Verdana,Arial,Helvetica,sans-serif;color: #990000;font-size: x-small\"><span class=\"texto\" style=\"color: #000000\"><\/span><\/span><\/strong><\/p>\n<p class=\"MsoNormal\" style=\"margin: 0cm 0cm 0pt;text-align: justify\"><strong><span style=\"font-family: Verdana,Arial,Helvetica,sans-serif;color: #990000;font-size: x-small\"><span class=\"texto\" style=\"color: #000000\"><\/span><\/span><\/strong><\/p>\n<p class=\"MsoNormal\" style=\"margin: 0cm 0cm 0pt;text-align: justify\"><strong><span style=\"font-family: Verdana,Arial,Helvetica,sans-serif;color: #990000;font-size: x-small\"><span class=\"texto\" style=\"color: #000000\"><span style=\"color: #660000\">grafico<\/span><\/span><\/span><\/strong><\/p>\n<p class=\"MsoNormal\" style=\"margin: 0cm 0cm 0pt;text-align: justify\"><strong><span style=\"font-family: Verdana,Arial,Helvetica,sans-serif;color: #990000;font-size: x-small\"><span class=\"texto\" style=\"color: #000000\"><span style=\"color: #660000\"><img decoding=\"async\" src=\"http:\/\/espaciomotos.com\/wp-content\/aprilia-fv2.jpg\" alt=\"moto\" \/><\/span><\/span><\/span><\/strong><\/p>\n","protected":false},"excerpt":{"rendered":"<p>ANCONCITO Anconcito PUERTO PESQUERO\u00a0 SU LOCALIZACION SE ENCUENTRA EN LA\u00a0 PROVINCIA DE SANTA ELENA ,SU ECONOMIA SE BASA EN LA\u00a0\u00a0\u00a0 PESCA Y EN EL COMERCIO ,SU GENTE ES MUY TRABAJADORA SE ESMERAN EN SOBRESALIR ENTRE LA SOCIEDAD .El clima es agradable por la frescura de la brisa marina. Sus habitantes con notable esfuerzo han construido [&hellip;]<\/p>\n","protected":false},"author":3094,"featured_media":0,"parent":0,"menu_order":0,"comment_status":"open","ping_status":"open","template":"","meta":{"footnotes":""},"class_list":["post-32","page","type-page","status-publish","hentry"],"_links":{"self":[{"href":"https:\/\/blog.espol.edu.ec\/jaiicobe\/wp-json\/wp\/v2\/pages\/32","targetHints":{"allow":["GET"]}}],"collection":[{"href":"https:\/\/blog.espol.edu.ec\/jaiicobe\/wp-json\/wp\/v2\/pages"}],"about":[{"href":"https:\/\/blog.espol.edu.ec\/jaiicobe\/wp-json\/wp\/v2\/types\/page"}],"author":[{"embeddable":true,"href":"https:\/\/blog.espol.edu.ec\/jaiicobe\/wp-json\/wp\/v2\/users\/3094"}],"replies":[{"embeddable":true,"href":"https:\/\/blog.espol.edu.ec\/jaiicobe\/wp-json\/wp\/v2\/comments?post=32"}],"version-history":[{"count":8,"href":"https:\/\/blog.espol.edu.ec\/jaiicobe\/wp-json\/wp\/v2\/pages\/32\/revisions"}],"predecessor-version":[{"id":57,"href":"https:\/\/blog.espol.edu.ec\/jaiicobe\/wp-json\/wp\/v2\/pages\/32\/revisions\/57"}],"wp:attachment":[{"href":"https:\/\/blog.espol.edu.ec\/jaiicobe\/wp-json\/wp\/v2\/media?parent=32"}],"curies":[{"name":"wp","href":"https:\/\/api.w.org\/{rel}","templated":true}]}}