{"id":49,"date":"2009-11-16T13:02:40","date_gmt":"2009-11-16T18:02:40","guid":{"rendered":"http:\/\/blog.espol.edu.ec\/jaimebenalcazar\/?page_id=49"},"modified":"2009-11-20T13:56:00","modified_gmt":"2009-11-20T18:56:00","slug":"festivales-de-rock","status":"publish","type":"page","link":"https:\/\/blog.espol.edu.ec\/jaimebenalcazar\/festivales-de-rock\/","title":{"rendered":"FESTIVALES DE ROCK"},"content":{"rendered":"<p><a href=\"http:\/\/www.downloadfestival.co.uk\/\"><strong><span style=\"color: #1e608e\">Download Festival:<\/span><\/strong><\/a> desde 2003, se realiza en el Reino Unido, en Donington Park, con una duraci\u00f3n de tres d\u00edas. Re\u00fane, en diferentes escenarios, a importantes bandas, tanto <em>mainstream<\/em>, cuanto independientes. Entre las primeras ha contado con la presencia de Iron Maiden, Metallica, Stone Sour, Mudvayne, Korn, Evanecence, Sepultura, Deftones, Guns n' Roses, <a href=\"http:\/\/www.myspace.com\/funeralforafriend\"><span style=\"color: #1e608e\">Funeral for a friend<\/span><\/a>, Slipknot, My chemichal romance, 30 seconds to mars, entre otras; y en en el segundo grupo ha incluido a los desaparecidos <a href=\"http:\/\/www.myspace.com\/boysetsfire\"><span style=\"color: #1e608e\">Boysetsfire<\/span><\/a>, a <a href=\"http:\/\/www.myspace.com\/bulletformyvalentine\"><span style=\"color: #1e608e\">Bullet for my valentine<\/span><\/a>, NOFX (quienes tocaron en Guayaquil), A day to remember, The devil wears prada, The Black Dahlia Murder (que estuvieron en Quito), <a href=\"http:\/\/www.myspace.com\/thrice\"><span style=\"color: #1e608e\">Thrice<\/span><\/a>, Arch Enemy, <a href=\"http:\/\/www.myspace.com\/meshuggah\"><span style=\"color: #1e608e\">Meshuggah<\/span><\/a>, Mastodon, Caliban, Lamb of god, Unearth, <a href=\"http:\/\/www.myspace.com\/comebackkid\"><span style=\"color: #1e608e\">Comeback kid<\/span><\/a> (que estar\u00e1n en Ecuador en el <a href=\"http:\/\/www.quitu.net\/\"><span style=\"color: #1e608e\">Quitu Raymi<\/span><\/a> de este a\u00f1o), etc.<br \/>\n<span><br \/>\n<strong><a href=\"http:\/\/lh5.ggpht.com\/_TTUKmXV2Aqk\/SQ5CIbelgpI\/AAAAAAAABWE\/ItaeGGEp_1U\/s1600-h\/warpedtour%5B7%5D.jpg\"><img loading=\"lazy\" decoding=\"async\" style=\"margin: 5px 5px 0px 0px\" src=\"http:\/\/lh5.ggpht.com\/_TTUKmXV2Aqk\/SQ5CRBxWnLI\/AAAAAAAABWI\/H-YGwin8iSo\/warpedtour_thumb%5B5%5D.jpg?imgmax=800\" border=\"0\" alt=\"warpedtour\" width=\"288\" height=\"209\" align=\"left\" \/><\/a> <a href=\"http:\/\/www.warpedtour.com\/\"><span style=\"color: #1e608e\">Vans Warped Tour:<\/span><\/a><\/strong> naci\u00f3 en 1994 como un festival de m\u00fasica <em>skate punk<\/em> , hip-hop y ska, junto con deportes extremos y patrocinado por Vans, la marca de calzado. Desde 1998 se convierte en <em>tour<\/em>, ya que sale de gira por EE.UU., Europa, Australia y Jap\u00f3n. Las bandas tocan simult\u00e1neamente en alrededor de diez escenarios diferentes y se cuenta un promedio de cien bandas por festival; las giras m\u00e1s recientes han incluido sobre todo bandas de post-hardcore. Entre las que han participado tenemos a <a href=\"http:\/\/www.myspace.com\/nofx\"><span style=\"color: #1e608e\">NOFX<\/span><\/a>, Blink-182, <a href=\"http:\/\/www.myspace.com\/underoath\"><span style=\"color: #1e608e\">Underoath<\/span><\/a>, A day to remember, <a href=\"http:\/\/www.angels-and-airwaves.com\/\"><span style=\"color: #1e608e\">Angels and Airwaves<\/span><\/a>, <a href=\"http:\/\/www.myspace.com\/evergreenterrace\"><span style=\"color: #1e608e\">Evergreen Terrace<\/span><\/a>, From first to last, Rise against, <a href=\"http:\/\/www.myspace.com\/skyeatsairplane\"><span style=\"color: #1e608e\">Sky eats airplane<\/span><\/a>, Everytime I die, Norma Jean, The <a href=\"http:\/\/es.wikipedia.org\/wiki\/Dillinger_Escape_Plan\"><span style=\"color: #1e608e\">dillinger escape plan<\/span><\/a>, etc.<\/span><\/p>\n<p><span><br \/>\n<\/span><\/p>\n<p><span> <strong><a href=\"http:\/\/www.readingfestival.com\/\"><\/a><a href=\"http:\/\/lh5.ggpht.com\/_TTUKmXV2Aqk\/SQ5CatBweCI\/AAAAAAAABWM\/Or-_ov0Fseg\/s1600-h\/reading%5B5%5D.jpg\"><img loading=\"lazy\" decoding=\"async\" style=\"margin: 5px 5px 0px 0px\" src=\"http:\/\/lh5.ggpht.com\/_TTUKmXV2Aqk\/SQ5CfOAedlI\/AAAAAAAABWQ\/bzqvbUUpnDk\/reading_thumb%5B3%5D.jpg?imgmax=800\" border=\"0\" alt=\"reading\" width=\"288\" height=\"223\" align=\"left\" \/><\/a><a href=\"http:\/\/www.readingfestival.com\/\"><span style=\"color: #1e608e\">Reading<\/span><\/a> y <span style=\"text-decoration: underline\"><a href=\"http:\/\/www.leedsfestival.com\/\"><span style=\"color: #1e608e\">Leeds<\/span><\/a><\/span>:<\/strong> desde 1971, Reading es el festival de m\u00fasica popular m\u00e1s antiguo entre los que perduran. Se lleva a cabo simult\u00e1neamente con el Leeds Festival; cada uno de ellos debe su nombre al de la localidad en que se realiza y comparten cartel. Los escenarios son tem\u00e1ticos, quedando reservado uno para bandas <em>major<\/em>, otro para j\u00f3venes bandas revelaci\u00f3n, otro m\u00e1s para bandas hardcore y punk independientes, y carpas para m\u00fasica <em>dance,<\/em> comedia y shows de cabaret, as\u00ed como para bandas sin contrato discogr\u00e1fico. En 1992, Kurt Cobain hizo su c\u00e9lebre entrada al escenario sentado en una silla de ruedas, en el Reading Festival.<\/span><\/p>\n<p><span><br \/>\n<\/span><\/p>\n<p><span> <a href=\"http:\/\/lh6.ggpht.com\/_TTUKmXV2Aqk\/SQ5Cmy_MNSI\/AAAAAAAABWU\/1B1i6oJsaOk\/s1600-h\/ozzfest%5B5%5D.jpg\"><img loading=\"lazy\" decoding=\"async\" style=\"margin: 5px 5px 0px 0px\" src=\"http:\/\/lh5.ggpht.com\/_TTUKmXV2Aqk\/SQ5CsXCV8cI\/AAAAAAAABWY\/E2qJ-4TbQM0\/ozzfest_thumb%5B3%5D.jpg?imgmax=800\" border=\"0\" alt=\"ozzfest\" width=\"291\" height=\"225\" align=\"left\" \/><\/a> <a href=\"http:\/\/www.ozzfest.com\/\"><strong><span style=\"color: #1e608e\">Ozzfest :<\/span><\/strong><\/a> Fundado por Sharon Osbourne, desde 1996, a ra\u00edz de que Ozzy fuera rechazado en el Lollapalooza. El Ozzfest se realiza anualmente y se concentra especialmente en los g\u00e9neros metal; durante el auge del New Metal, fueron muchas las bandas de este g\u00e9nero que se incluyeron en el festival, as\u00ed por ejemplo: Linkin Park, Papa Roach, <a href=\"http:\/\/www.systemofadown.com\/\"><span style=\"color: #1e608e\">System of a Down<\/span><\/a>, Soulfly, Limp Biskit y Slipknot. Otras bandas presentes han sido: Lacuna Coil, Pantera, Marilyn Manson, <a href=\"http:\/\/www.myspace.com\/disturbed\"><span style=\"color: #1e608e\">Disturbed<\/span><\/a>, Cradle of filth, <a href=\"http:\/\/www.myspace.com\/dimmuborgir\"><span style=\"color: #1e608e\">Dimmu Borgir,<\/span><\/a> <a href=\"http:\/\/www.myspace.com\/inflames\"><span style=\"color: #1e608e\">In flames<\/span><\/a>, <a href=\"http:\/\/www.myspace.com\/trivium\"><span style=\"color: #1e608e\">Trivium<\/span><\/a>, Devildriver, Hatebreed, entre otras.<\/span><\/p>\n<p><span><br \/>\n<\/span><\/p>\n<p><span> <a href=\"http:\/\/lh3.ggpht.com\/_TTUKmXV2Aqk\/SQ5Cyo26p9I\/AAAAAAAABWc\/G-CDDWBqFL0\/s1600-h\/rockalparque%5B4%5D.jpg\"><img loading=\"lazy\" decoding=\"async\" style=\"margin: 5px 5px 5px 0px\" src=\"http:\/\/lh6.ggpht.com\/_TTUKmXV2Aqk\/SQ5C3RQ6xMI\/AAAAAAAABWg\/PEuncnKwtxE\/rockalparque_thumb%5B2%5D.jpg?imgmax=800\" border=\"0\" alt=\"rockalparque\" width=\"282\" height=\"193\" align=\"left\" \/><\/a> <a href=\"http:\/\/www.rockalparque.gov.co\/\"><strong><span style=\"color: #1e608e\">Rock al Parque:<\/span><\/strong><\/a> se lleva a cabo en Bogot\u00e1, Colombia, desde 1995, con la gesti\u00f3n del gobierno de la ciudad. Probablemente es el evento musical gratuito m\u00e1s importante de Latinoam\u00e9rica. Este a\u00f1o Ecuador estuvo representado por la banda quite\u00f1a <a href=\"http:\/\/myspace.com\/muscariahardcore\"><span style=\"color: #1e608e\">Muscaria<\/span><\/a>, que subi\u00f3 al escenario el s\u00e1bado 1 de noviembre, fecha en que tocaron tambi\u00e9n Ratos de Porao, Koyi K Utho, Carcass y Paradise Lost. Otra banda ecuatoriana invitada al prestigioso festival fue <a href=\"http:\/\/www.myspace.com\/larocolita\"><span style=\"color: #1e608e\">Rocola Bacalao<\/span><\/a>. Adem\u00e1s de los conciertos, el evento propone una serie de actividades paralelas como foros, debates y conferencias; y cuenta tambi\u00e9n con una carpa destinada a la exhibici\u00f3n de productos de todos quienes trabajan o se relacionan de alguna manera con la industria del rock. Entre las bandas participantes en la historia del festival encontramos: <a href=\"http:\/\/www.animal.com.ar\/\"><span style=\"color: #1e608e\">A.N.I.M.A.L<\/span><\/a>, <a href=\"http:\/\/www.myspace.com\/puyamusic\"><span style=\"color: #1e608e\">Puya<\/span><\/a>, Robi Draco, Luis Alberto Spinetta, Caf\u00e9 Tacuba, Jaguares, Molotov, Brujer\u00eda, <a href=\"http:\/\/www.myspace.com\/fearfactoryofficial\"><span style=\"color: #1e608e\">Fear Factory<\/span><\/a>, Suicidal Tendencies, Manu Chao, entre otras.<\/span><\/p>\n<p><span><br \/>\n<a href=\"http:\/\/lh5.ggpht.com\/_TTUKmXV2Aqk\/SQ5C_PEalnI\/AAAAAAAABWk\/UJwN_b9f7bI\/s1600-h\/lollapalooza%5B4%5D.jpg\"><img loading=\"lazy\" decoding=\"async\" style=\"margin: 5px 5px 0px 0px\" src=\"http:\/\/lh6.ggpht.com\/_TTUKmXV2Aqk\/SQ5DCGVXAjI\/AAAAAAAABWo\/PzEmQJtDhJA\/lollapalooza_thumb%5B2%5D.jpg?imgmax=800\" border=\"0\" alt=\"lollapalooza\" width=\"283\" height=\"202\" align=\"left\" \/><\/a> <a href=\"http:\/\/www.lollapalooza.com\/\"><strong><span style=\"color: #1e608e\">Lollapalooza:<\/span><\/strong><\/a><strong> <\/strong>Fundado en 1991 por Perry Farrell, cantante de <a href=\"http:\/\/www.janesaddiction.com\/\"><span style=\"color: #1e608e\">Jane's Addiction<\/span><\/a>, dej\u00f3 de organizarse en 1997 y revivi\u00f3 en 2003. Inicialmente pensado a manera de <em>tour<\/em>, es uno de los referentes culturales m\u00e1s importantes de los a\u00f1os 90, al punto de que la expresi\u00f3n \"generaci\u00f3n Lollapalooza\" suele usarse como sin\u00f3nimo de \"generaci\u00f3n X\". En 2005 Farrell vendi\u00f3 la franquicia y Lollapalooza pas\u00f3 a ser un festival de varios d\u00edas en una sola localidad. A trav\u00e9s de los a\u00f1os han estado presentes bandas como: Nine Inch Nails, Red Hot Chili Peppers, Soundgarden, Porno for Pyros, <a href=\"http:\/\/www.ratm.com\/\"><span style=\"color: #1e608e\">Rage against the machine<\/span><\/a>, Primus, <a href=\"http:\/\/www.beastieboys.com\/\"><span style=\"color: #1e608e\">Beastie Boys<\/span><\/a>, Sonic Youth, Metallica, Devo, Tool, Audioslave, Boysetsfire, Weezer, entre otras.<br \/>\n<\/span><\/p>\n","protected":false},"excerpt":{"rendered":"<p>Download Festival: desde 2003, se realiza en el Reino Unido, en Donington Park, con una duraci\u00f3n de tres d\u00edas. Re\u00fane, en diferentes escenarios, a importantes bandas, tanto mainstream, cuanto independientes. Entre las primeras ha contado con la presencia de Iron Maiden, Metallica, Stone Sour, Mudvayne, Korn, Evanecence, Sepultura, Deftones, Guns n' Roses, Funeral for a [&hellip;]<\/p>\n","protected":false},"author":3066,"featured_media":0,"parent":0,"menu_order":0,"comment_status":"open","ping_status":"open","template":"","meta":{"footnotes":""},"class_list":["post-49","page","type-page","status-publish","hentry"],"_links":{"self":[{"href":"https:\/\/blog.espol.edu.ec\/jaimebenalcazar\/wp-json\/wp\/v2\/pages\/49","targetHints":{"allow":["GET"]}}],"collection":[{"href":"https:\/\/blog.espol.edu.ec\/jaimebenalcazar\/wp-json\/wp\/v2\/pages"}],"about":[{"href":"https:\/\/blog.espol.edu.ec\/jaimebenalcazar\/wp-json\/wp\/v2\/types\/page"}],"author":[{"embeddable":true,"href":"https:\/\/blog.espol.edu.ec\/jaimebenalcazar\/wp-json\/wp\/v2\/users\/3066"}],"replies":[{"embeddable":true,"href":"https:\/\/blog.espol.edu.ec\/jaimebenalcazar\/wp-json\/wp\/v2\/comments?post=49"}],"version-history":[{"count":8,"href":"https:\/\/blog.espol.edu.ec\/jaimebenalcazar\/wp-json\/wp\/v2\/pages\/49\/revisions"}],"predecessor-version":[{"id":87,"href":"https:\/\/blog.espol.edu.ec\/jaimebenalcazar\/wp-json\/wp\/v2\/pages\/49\/revisions\/87"}],"wp:attachment":[{"href":"https:\/\/blog.espol.edu.ec\/jaimebenalcazar\/wp-json\/wp\/v2\/media?parent=49"}],"curies":[{"name":"wp","href":"https:\/\/api.w.org\/{rel}","templated":true}]}}