{"id":74,"date":"2009-11-17T14:26:01","date_gmt":"2009-11-17T19:26:01","guid":{"rendered":"http:\/\/blog.espol.edu.ec\/jaimebenalcazar\/?page_id=74"},"modified":"2009-11-17T14:39:19","modified_gmt":"2009-11-17T19:39:19","slug":"los-mejores-del-rock","status":"publish","type":"page","link":"https:\/\/blog.espol.edu.ec\/jaimebenalcazar\/los-mejores-del-rock\/","title":{"rendered":"LOS MEJORES DEL ROCK"},"content":{"rendered":"<p><strong>Hendrix, el \"mejor guitarrista de la historia\"<\/strong><\/p>\n<p><img decoding=\"async\" class=\"alignright\" src=\"http:\/\/farm3.static.flickr.com\/2791\/4113080474_0e5bebbcb8_m.jpg\" alt=\"phpk1UmMf\" \/><\/p>\n<p>Jimi Hendrix es el <strong>mejor guitarrista de la historia<\/strong>, seg\u00fan la revista Time, que elabor\u00f3 una lista en la que tambi\u00e9n incluye a otros iconos de la m\u00fasica como Slash, B.B. King, Keith Richards, Eric Clapton o el recientemente fallecido Les Paul.<\/p>\n<p>\"Nunca nadie ha combinado con una guitarra el blues, el rock y la 'psicodelia' con tanta facilidad y carisma\" como Hendrix (1942-1970), asegura el cr\u00edtico musical de Time, Josh Tyrangiel, encargado de elaborar un listado que s\u00f3lo se centra en los maestros de la guitarra el\u00e9ctrica.<\/p>\n<p>Seg\u00fan Tyrangiel, el legendario Hendrix se impone a artistas de todas las \u00e9pocas y g\u00e9neros, aunque le sigue de cerca el ex guitarrista de la banda Guns N' Roses <strong>Saul Hudson<\/strong>, merecedor del segundo puesto gracias a su \"precisi\u00f3n\" con las seis cuerdas y a su paciencia con Axel Rose, el cantante de su antiguo grupo.<\/p>\n<p>Slash, como se le conoce, es desde 2002 uno de los miembros de la formaci\u00f3n Velvet Revolver, junto con sus compa\u00f1eros de Guns N' Roses Duff McKagan y Matt Sorum y el guitarrista Dave Kushner.<\/p>\n<p>El tercer puesto de esta lista de diez lo ocupan la leyenda del blues <strong>B.B. King<\/strong> y su guitarra \"Lucille\".<\/p>\n<p>Con \u00e9xitos como \"(I Can't Get No) Satisfaction\", \"Gimme Shelter\" o \"Start Me Up\", el guitarrista de los emblem\u00e1ticos Rolling Stones <strong>Keith Richards<\/strong> tambi\u00e9n encuentra su rinc\u00f3n en esta lista, seguido de <strong>Eric Clapton<\/strong>, cuyos mel\u00f3dicos solos le han valido el apodo de \"Manolenta\".<\/p>\n<p><strong>Jimmy Page<\/strong>, ex miembro del grupo de rock Led Zeppelin, marca el ecuador de este clasificaci\u00f3n. \"La guitarra de Page suena como seis y el caracter\u00edstico sonido de Led Zeppelin se debe plenamente a la fuerza de su mano derecha\", se\u00f1ala Tyrangiel para justificar su elecci\u00f3n.<\/p>\n<p>Time tambi\u00e9n incluye en su particular lista al pionero del rock'n'roll <strong>Chuck Berry<\/strong>, de quien la revista destaca su popular \"staccato\" que \"todav\u00eda se escucha en la mayor\u00eda de canciones\" de este g\u00e9nero y lo coloca en la s\u00e9ptima posici\u00f3n.<\/p>\n<p>En una lista de este tipo, no pod\u00eda faltar el estadounidense <strong>Les Paul<\/strong>, conocido como el padre de la guitarra el\u00e9ctrica y de varias t\u00e9cnicas de grabaci\u00f3n que revolucionaron el rock.<\/p>\n<p>\"Les Paul fue un guitarrista de gran talento que cont\u00f3 con varios \u00e9xitos de sonido futurista en la d\u00e9cada de los cincuenta. Sin embargo, <strong>su m\u00fasica qued\u00f3 ensombrecida por su invento<\/strong>, que enriqueci\u00f3 al resto de artistas de esta lista\", subraya Tyrangiel de este m\u00fasico, que falleci\u00f3 la semana pasada a los 94 a\u00f1os.<\/p>\n<p>El sueco Yngwie Malmsteen, de quien el cr\u00edtico se\u00f1ala su \"rapid\u00edsimo estilo neocl\u00e1sico\", y el estadounidense Prince cierran el \"top 10\" de ilustres de la guitarra el\u00e9ctrica.<\/p>\n<p>Sin embargo, Time reserva una posici\u00f3n adicional para mencionar tambi\u00e9n al guitarrista de \"The Ramones\",<strong> Johnny Ramone<\/strong>.<\/p>\n<p>\"<strong>Nadie odiaba los solos m\u00e1s que Johnny Ramone<\/strong>, por lo que no es ninguna sorpresa que perfeccionara el 'punk' pisando bien las cuerdas sin dejar margen alguno al estilo libre\", agreg\u00f3 el cr\u00edtico musical.<a class=\"flickr-image alignright\" title=\"phpk1UmMf\" href=\"http:\/\/www.flickr.com\/photos\/44532635@N02\/4113080474\/\"><\/a><\/p>\n<p>\u00a0<\/p>\n<h1 class=\"Titulo_nota\" style=\"margin: 0px 0px 10px\">Robert Plant es elegido como el mejor cantante de rock<\/h1>\n<p class=\"Titulo_nota\" style=\"margin: 0px 0px 10px\"><a class=\"flickr-image alignright\" title=\"phpDzkecc\" href=\"http:\/\/www.flickr.com\/photos\/44532635@N02\/4112343919\/\"><img loading=\"lazy\" decoding=\"async\" class=\"alignright\" src=\"http:\/\/farm3.static.flickr.com\/2791\/4112343919_4ff8037fa9_m.jpg\" alt=\"phpDzkecc\" width=\"240\" height=\"180\" \/><\/a><\/p>\n<h2 class=\"Copete_nota\">El ex Led Zeppelin fue seleccionado en una encuesta como la mejor voz del rock.\u00a0 Freddie Mercury y Paul Rodgers le siguieron de cerca.<\/h2>\n<div id=\"REGIONS_10__11Nota\">\n<div class=\"div_float_left\">\n<div id=\"REGION10\">\n<div id=\"OBJETO2734\" class=\"CLASS18\">\n<div style=\"margin: 6px 6px 20px;width: 95%\">\n<div class=\"Cuerpo_nota\">Dos buenas noticias para <strong>Robert Plant<\/strong> en poco menos de una semana: primero, fue honrado con el t\u00edtulo de Comandante del Imperio Brit\u00e1nico por su contribuci\u00f3n a la m\u00fasica y ahora, en un reconocimiento no tan real ni oficial, fue elegido como la mejor voz del rock.\u00a0\u00a0<br \/>\n\u00a0<br \/>\nLos fans de Planet Rock fueron encargados de elegir a los veinte mejores cantantes de rock de todos los tiempos, en la encuesta donde el ex Led Zeppelin se qued\u00f3 con el puesto n\u00famero uno. El inigualable <strong>Freddie Mercury<\/strong> se ubic\u00f3 en el segundo lugar, mientras que el actual vocalista de Queen y ex Bad Company, <strong>Paul Rodgers<\/strong>, qued\u00f3 tercero.<br \/>\n\u00a0<br \/>\n<strong>Mick Jagger, Axl Rose, David Bowie, Bon Scott<\/strong> y <strong>Steven Tyler<\/strong> son algunos de los tantos cantantes que integran la lista, en la que llamativamente, no aparece ninguna mujer. Aqu\u00ed, el Top 20 de las mejores voces del rock:<br \/>\n\u00a0<br \/>\n1. Robert Plant (Led Zeppelin)<br \/>\n2. Freddie Mercury (Queen)<br \/>\n3. Paul Rodgers (Free\/Bad Company)<br \/>\n4. Ian Gillan (Deep Purple)<br \/>\n5. Roger Daltrey (The Who)<br \/>\n6. David Coverdale (Whitesnake)<br \/>\n7. Axl Rose (Guns N' Roses)<br \/>\n8. Bruce Dickinson (Iron Maiden)<br \/>\n9. Mick Jagger (The Rolling Stones)<br \/>\n10. Bon Scott (AC\/DC)<br \/>\n11. David Bowie<br \/>\n12. Jon Bon Jovi (Bon Jovi)<br \/>\n13. Steven Tyler (Aerosmith)<br \/>\n14. Jon Anderson (Yes)<br \/>\n15. Bruce Springsteen<br \/>\n16. Joe Cocker<br \/>\n17. Ozzy Osbourne (Black Sabbath)<br \/>\n18. Bono (U2)<br \/>\n19. Peter Gabriel<br \/>\n20. James Hetfield (Metallica)<\/div>\n<\/div>\n<\/div>\n<\/div>\n<\/div>\n<\/div>\n","protected":false},"excerpt":{"rendered":"<p>Hendrix, el \"mejor guitarrista de la historia\" Jimi Hendrix es el mejor guitarrista de la historia, seg\u00fan la revista Time, que elabor\u00f3 una lista en la que tambi\u00e9n incluye a otros iconos de la m\u00fasica como Slash, B.B. King, Keith Richards, Eric Clapton o el recientemente fallecido Les Paul. \"Nunca nadie ha combinado con una [&hellip;]<\/p>\n","protected":false},"author":3066,"featured_media":0,"parent":0,"menu_order":0,"comment_status":"open","ping_status":"open","template":"","meta":{"footnotes":""},"class_list":["post-74","page","type-page","status-publish","hentry"],"_links":{"self":[{"href":"https:\/\/blog.espol.edu.ec\/jaimebenalcazar\/wp-json\/wp\/v2\/pages\/74","targetHints":{"allow":["GET"]}}],"collection":[{"href":"https:\/\/blog.espol.edu.ec\/jaimebenalcazar\/wp-json\/wp\/v2\/pages"}],"about":[{"href":"https:\/\/blog.espol.edu.ec\/jaimebenalcazar\/wp-json\/wp\/v2\/types\/page"}],"author":[{"embeddable":true,"href":"https:\/\/blog.espol.edu.ec\/jaimebenalcazar\/wp-json\/wp\/v2\/users\/3066"}],"replies":[{"embeddable":true,"href":"https:\/\/blog.espol.edu.ec\/jaimebenalcazar\/wp-json\/wp\/v2\/comments?post=74"}],"version-history":[{"count":4,"href":"https:\/\/blog.espol.edu.ec\/jaimebenalcazar\/wp-json\/wp\/v2\/pages\/74\/revisions"}],"predecessor-version":[{"id":76,"href":"https:\/\/blog.espol.edu.ec\/jaimebenalcazar\/wp-json\/wp\/v2\/pages\/74\/revisions\/76"}],"wp:attachment":[{"href":"https:\/\/blog.espol.edu.ec\/jaimebenalcazar\/wp-json\/wp\/v2\/media?parent=74"}],"curies":[{"name":"wp","href":"https:\/\/api.w.org\/{rel}","templated":true}]}}