{"id":83,"date":"2009-11-20T12:46:21","date_gmt":"2009-11-20T17:46:21","guid":{"rendered":"http:\/\/blog.espol.edu.ec\/jaimebenalcazar\/?page_id=83"},"modified":"2009-11-23T12:12:59","modified_gmt":"2009-11-23T17:12:59","slug":"guns-nroses","status":"publish","type":"page","link":"https:\/\/blog.espol.edu.ec\/jaimebenalcazar\/guns-nroses\/","title":{"rendered":"Guns N'Roses"},"content":{"rendered":"<p><object width=\"425\" height=\"344\" data=\"http:\/\/www.youtube.com\/v\/P-AYAv0IoWI&amp;hl=en_US&amp;fs=1&amp;\" type=\"application\/x-shockwave-flash\"><param name=\"allowFullScreen\" value=\"true\" \/><param name=\"allowscriptaccess\" value=\"always\" \/><param name=\"src\" value=\"http:\/\/www.youtube.com\/v\/P-AYAv0IoWI&amp;hl=en_US&amp;fs=1&amp;\" \/><\/object><br \/>\n<object width=\"425\" height=\"344\" data=\"http:\/\/www.youtube.com\/v\/pEzuC5UoM8g&amp;hl=en_US&amp;fs=1&amp;\" type=\"application\/x-shockwave-flash\"><param name=\"allowFullScreen\" value=\"true\" \/><param name=\"allowscriptaccess\" value=\"always\" \/><param name=\"src\" value=\"http:\/\/www.youtube.com\/v\/pEzuC5UoM8g&amp;hl=en_US&amp;fs=1&amp;\" \/><\/object><\/p>\n<p class=\"MsoNormal\" style=\"text-align: center;margin: 0cm 0cm 10pt\" align=\"center\"><strong><span style=\"font-size: 12pt\" lang=\"ES\"><span style=\"font-family: Calibri\"><a href=\"http:\/\/web.gunsnroses.com\/index.jsp\">GUN N\u2019ROES<\/a><\/span><\/span><\/strong><\/p>\n<p class=\"MsoNormal\" style=\"margin: 0cm 0cm 10pt\"><span style=\"font-size: 9pt\" lang=\"ES\"><span style=\"font-family: Calibri\">Los Guns N' Roses se formaron en Los Angeles en 1985, cuando se juntaron dos guitarristas (Slash e Izzy Stradlin), un bajo (Duff McKagan), un bater\u00eda (Steven Adler) y un cantante (Axl Rose).<\/span><\/span><\/p>\n<p class=\"MsoNormal\" style=\"margin: 0cm 0cm 10pt\"><span style=\"font-size: 9pt\" lang=\"ES\"><span style=\"font-family: Calibri\">Con esta composici\u00f3n, el grupo lanza en 1987 su primer \u00e1lbum, titulado 'Appetite for Destruction', bajo el sello Geffen Records. La banda comienza una gira y ofrece numerosas actuaciones hasta que, gracias a la MTV, que les da a conocer a todo el mundo, su disco consigue auparse a los puestos m\u00e1s altos en las listas americanas.<\/span><\/span><\/p>\n<p class=\"MsoNormal\" style=\"margin: 0cm 0cm 10pt\"><span style=\"font-size: 9pt\" lang=\"ES\"><span style=\"font-family: Calibri\">Paralelo a estos \u00e9xitos, sus apariciones en p\u00fablico resultaban bastante escabrosas. Tan pronto destrozaban las habitaciones de los hoteles de las ciudades donde actuaban, como montaban peleas o anulaban conciertos por problemas de drogas. En un concierto en Inglaterra, dos fans murieron al ser aplastados por la multitud cuando lod Guns sal\u00edan al escenario.<\/span><\/span><\/p>\n<p class=\"MsoNormal\" style=\"margin: 0cm 0cm 10pt\"><span style=\"font-family: Calibri\"><span style=\"font-size: 9pt\" lang=\"EN-US\">En 1988 Guns N'Roses publican 'GN'R Lies'. <\/span><span style=\"font-size: 9pt\" lang=\"ES\">En 1989 act\u00faan en la entrega de los premios MTV y comienzan una gira con los Rolling Stones.<\/span><\/span><\/p>\n<p class=\"MsoNormal\" style=\"margin: 0cm 0cm 10pt\"><span style=\"font-size: 9pt\" lang=\"ES\"><span style=\"font-family: Calibri\">En 1990 Adler abandona el grupo por su adicci\u00f3n a las drogas, y es sustitu\u00eddo por Matt Sorum. Crean la banda sonora de la pel\u00edcula 'D\u00edas de Trueno', de Tom Cruise, con la versi\u00f3n de una vieja canci\u00f3n de Bob Dylan.<\/span><\/span><\/p>\n<p class=\"MsoNormal\" style=\"margin: 0cm 0cm 10pt\"><span style=\"font-size: 9pt\" lang=\"ES\"><span style=\"font-family: Calibri\">Tras un arduo trabajo, en 1991 publican dos \u00e1lbumes consecutivos: 'Use Your Illusion I' y 'Use Your Illusion II', lo que les obliga a realizar una gigantesca gira con un tremendo \u00e9xito entre sus fans. Act\u00faan en el festival Rock en R\u00edo, en el estadio Maracan\u00e1 y colaboran en la banda sonora de 'Terminator 2'. Ese mismo a\u00f1o (1991) Izzy Stradlin abandona el grupo por el cansancio de las giras y por desavenencias con Axl.<\/span><\/span><\/p>\n<p class=\"MsoNormal\" style=\"margin: 0cm 0cm 10pt\"><span style=\"font-size: 9pt\" lang=\"ES\"><span style=\"font-family: Calibri\">El siguiente trabajo de Guns N' Roses tuvo que esperar hasta 1993. Su t\u00edtulo: 'The Spaghetti Incident?'. <\/span><\/span><\/p>\n<p class=\"MsoNormal\" style=\"margin: 0cm 0cm 10pt\"><span style=\"font-size: 9pt\" lang=\"ES\"><span style=\"font-family: Calibri\">En 2008 aparece \"Chinese Democracy\", el sexto \u00e1lbum de Guns N' Roses. Fue lanzado el 23 de noviembre de 2008 en Estados Unidos. Es el primer \u00e1lbum con temas originales de la banda despu\u00e9s de los lanzamientos simult\u00e1neos de Use Your Illusion I y Use Your Illusion II en 1991, y es el primer \u00e1lbum de estudio despu\u00e9s del lanzamiento en 1993 de \"The Spaghetti Incident?\".<\/span><\/span><\/p>\n","protected":false},"excerpt":{"rendered":"<p>GUN N\u2019ROES Los Guns N' Roses se formaron en Los Angeles en 1985, cuando se juntaron dos guitarristas (Slash e Izzy Stradlin), un bajo (Duff McKagan), un bater\u00eda (Steven Adler) y un cantante (Axl Rose). Con esta composici\u00f3n, el grupo lanza en 1987 su primer \u00e1lbum, titulado 'Appetite for Destruction', bajo el sello Geffen Records. [&hellip;]<\/p>\n","protected":false},"author":3066,"featured_media":0,"parent":0,"menu_order":0,"comment_status":"open","ping_status":"open","template":"","meta":{"footnotes":""},"class_list":["post-83","page","type-page","status-publish","hentry"],"_links":{"self":[{"href":"https:\/\/blog.espol.edu.ec\/jaimebenalcazar\/wp-json\/wp\/v2\/pages\/83","targetHints":{"allow":["GET"]}}],"collection":[{"href":"https:\/\/blog.espol.edu.ec\/jaimebenalcazar\/wp-json\/wp\/v2\/pages"}],"about":[{"href":"https:\/\/blog.espol.edu.ec\/jaimebenalcazar\/wp-json\/wp\/v2\/types\/page"}],"author":[{"embeddable":true,"href":"https:\/\/blog.espol.edu.ec\/jaimebenalcazar\/wp-json\/wp\/v2\/users\/3066"}],"replies":[{"embeddable":true,"href":"https:\/\/blog.espol.edu.ec\/jaimebenalcazar\/wp-json\/wp\/v2\/comments?post=83"}],"version-history":[{"count":4,"href":"https:\/\/blog.espol.edu.ec\/jaimebenalcazar\/wp-json\/wp\/v2\/pages\/83\/revisions"}],"predecessor-version":[{"id":93,"href":"https:\/\/blog.espol.edu.ec\/jaimebenalcazar\/wp-json\/wp\/v2\/pages\/83\/revisions\/93"}],"wp:attachment":[{"href":"https:\/\/blog.espol.edu.ec\/jaimebenalcazar\/wp-json\/wp\/v2\/media?parent=83"}],"curies":[{"name":"wp","href":"https:\/\/api.w.org\/{rel}","templated":true}]}}