{"id":99,"date":"2009-11-23T14:56:19","date_gmt":"2009-11-23T19:56:19","guid":{"rendered":"http:\/\/blog.espol.edu.ec\/jaimebenalcazar\/?page_id=99"},"modified":"2009-11-23T15:12:35","modified_gmt":"2009-11-23T20:12:35","slug":"acdc","status":"publish","type":"page","link":"https:\/\/blog.espol.edu.ec\/jaimebenalcazar\/acdc\/","title":{"rendered":"AC\/DC"},"content":{"rendered":"<p class=\"MsoNormal\"><span style=\"font-size: 8pt\">El grupo australiano AC\/DC se form\u00f3 en (Australia) en 1973, gracias a dos hermanos escoceses, Malcolm y Angus Young. El nombre del grupo, con connotaciones el\u00e9ctricas, son las iniciales en ingl\u00e9s de Corriente alterna\/ Corriente continua. Cuando el grupo se form\u00f3 Angus apenas ten\u00eda 15 a\u00f1os, por lo que alguien le sugiri\u00f3 que se subiera al escenario vestido con el uniforme colegial. A partir de ese momento, aquella fue la ense\u00f1a de la banda.<\/span><\/p>\n<p class=\"MsoNormal\"><span style=\"font-size: 8pt\">En 1974 los hermanos Young se trasladan a Melbourne, donde se unen al bater\u00eda Phil Rudd y al bajista Mark Evans. Como cantante se les uni\u00f3 Bon Scott, quien ya hab\u00eda participado anteriormente en algunas bandas de pop. Adem\u00e1s, Scott aport\u00f3 a la banda un estilo agresivo de chicos inadaptados que les acompa\u00f1\u00f3 a lo largo de su carrera. De esta forma, con la banda ya formada, realizan una gira por Australia, comenzando a trabajar en lo que ser\u00eda su primer \u00e1lbum.<\/span><\/p>\n<p class=\"MsoNormal\"><span style=\"font-size: 8pt\">En 1975 aparecen en Australia los dos primeros \u00e1lbumes de AC\/DC, titulados \"High voltage\" y \"T.N.T\". Un a\u00f1o m\u00e1s tarde firman contrato con la discogr\u00e1fica Atlantic Records, quienes editan \"High voltage\" para el Reino Unido, un nuevo \u00e1lbum que mezcla temas de sus dos trabajos en Australia. Ese mismo a\u00f1o publican su primer trabajo propiamente brit\u00e1nico, \"Dirty deeds done dirt cheap\".<\/span><\/p>\n<p class=\"MsoNormal\"><span style=\"font-size: 8pt\">En 1977 Evans abandona la banda y es sustitu\u00eddo por Cliff Williams, con quien comienzan publicando el \u00e1lbum \"Let there be rock\", que se aup\u00f3 al n\u00famero uno de las listas americanas. Parte del \u00e9xito se lo deben a sus espectaculares conciertos en directo y a la energ\u00eda que derrochan sobre el escenario.<\/span><\/p>\n<p class=\"MsoNormal\"><span style=\"font-size: 8pt\">En 1978 aparece publicado \"Powerage\", que precedi\u00f3 al primer gran \u00e9xito de la banda, \"Highway to hell\", un \u00e1lbum con ventas millonarias y que entr\u00f3 en los primeros puestos de todas las listas, consiguiendo numerosos discos de oro. Poco despu\u00e9s del \u00e9xito de \"Highway to hell\", el cantante de la banda, Bon Scott apareci\u00f3 muerto en Londres. AC\/DC tuvo que recomponerse, uni\u00e9ndose a la banda Brian Johnson en el lugar ocupado anteriormente por Scott.<\/span><\/p>\n<p class=\"MsoNormal\"><span style=\"font-size: 8pt\"> <\/span><\/p>\n<p class=\"MsoNormal\"><span style=\"font-size: 8pt\">El siguiente trabajo de AC\/DC fue \"Back in black\", en 1980, que lleg\u00f3 a ser n\u00famero uno en Inglaterra y Estados Unidos, vendiendo m\u00e1s de 10 millones de copias solamente en el pa\u00eds norteamericano. Se calcula que hasta la fecha se han vendido 44 millones del copias del \u00e1lbum, lo que le colocar\u00eda como uno de los m\u00e1s vendidos de la historia. A partir de este momento, los trabajos anteriores de AC\/DC comenzaron a venderse como rosquillas, lo que llev\u00f3 a la banda a aprovechar el tir\u00f3n en su siguiente disco.<\/span><\/p>\n<p class=\"MsoNormal\"><span style=\"font-size: 8pt\">En 1981 aparece \"For those about to rock\", con el que nuevamente conquistaron el mercado americano. Un a\u00f1o despu\u00e9s, el bater\u00eda Phil Rudd abandona la banda y es sustitu\u00eddo por Simon Wright.<\/span><\/p>\n<p class=\"MsoNormal\"><span style=\"font-size: 8pt\">En 1983 se publica \"Flick of the switch\", con el que AC\/DC comienza una etapa menos brillante en su historia. Los siguientes trabajos de la banda siguen con la l\u00ednea descendente de ventas: \"Fly on the wall\" y el recopilatorio \"Who made who\" pertenecen a esta \u00e9poca del grupo.<\/span><\/p>\n<p class=\"MsoNormal\"><span style=\"font-size: 8pt\">En 1987 publican \"Blow up your video\", con el que se lanzaron a una gira en la que Malcom fue sustitu\u00eddo temporalmente por su primo Steve. tras la gira, Wright abandon\u00f3 el grupo, siendo sustitu\u00eddo por Chris Slade, con amplia experiencia en diversos grupos.<\/span><\/p>\n<p class=\"MsoNormal\"><span style=\"font-size: 8pt\">En 1990 aparece un nuevo \u00e1lbum de AC\/DC, titulado \"The razors edge\", con el que llegan al n\u00famero dos en las listas americanas, estando situados en listas durante m\u00e1s de un a\u00f1o consecutivo. En 1992 publican un disco en directo, \"AC\/DC Live\".<\/span><\/p>\n<p class=\"MsoNormal\"><span style=\"font-size: 8pt\">El siguiente trabajo de la banda aparece en 1995, bajo el t\u00edtulo de \"Ballbreaker\", de nuevo con Phil Rudd incorporado al grupo. El disco fue un enorme \u00e9xito, vendiendo varios millones de copias y estando en puestos preferentes en las listas de Estados Unidos.<\/span><\/p>\n<p class=\"MsoNormal\"><span style=\"font-size: 8pt\">En 1997 publican una caja con cinco CD's, como homenaje al fallecido Bon Scott. En el a\u00f1o 2000 publican el \u00e1lbum \"Stiff upper lip\", grabado en el estudio de Bryan Adams en Canad\u00e1. Para promocionar este disco realizaron una gira por innumerables pa\u00edses, entre ellos Espa\u00f1a. Precisamente, los hermanos Young estuvieron en la localidad madrile\u00f1a de Legan\u00e9s, para inaugurar una calle que lleva su nombre. Se da la circunstancia de que la placa que lleva el nombre de la calle fue robada el mismo d\u00eda de la inauguraci\u00f3n.<\/span><\/p>\n<p class=\"MsoNormal\"><span style=\"font-size: 8pt\">En Octubre de 2008, rompiendo un silencio de 8 a\u00f1os, AC\/DC regresa a los estudios de grabaci\u00f3n para publicar un nuevo trabajo, titulado \"Black ice\". El \u00e1lbum contiene 15 nuevas canciones, entre las que destaca su primer single 'Rock 'n' Roll train'. <\/span><\/p>\n<p class=\"MsoNormal\"><span style=\"font-size: 8pt\"> <\/span><\/p>\n","protected":false},"excerpt":{"rendered":"<p>El grupo australiano AC\/DC se form\u00f3 en (Australia) en 1973, gracias a dos hermanos escoceses, Malcolm y Angus Young. El nombre del grupo, con connotaciones el\u00e9ctricas, son las iniciales en ingl\u00e9s de Corriente alterna\/ Corriente continua. Cuando el grupo se form\u00f3 Angus apenas ten\u00eda 15 a\u00f1os, por lo que alguien le sugiri\u00f3 que se subiera [&hellip;]<\/p>\n","protected":false},"author":3066,"featured_media":0,"parent":0,"menu_order":0,"comment_status":"open","ping_status":"open","template":"","meta":{"footnotes":""},"class_list":["post-99","page","type-page","status-publish","hentry"],"_links":{"self":[{"href":"https:\/\/blog.espol.edu.ec\/jaimebenalcazar\/wp-json\/wp\/v2\/pages\/99","targetHints":{"allow":["GET"]}}],"collection":[{"href":"https:\/\/blog.espol.edu.ec\/jaimebenalcazar\/wp-json\/wp\/v2\/pages"}],"about":[{"href":"https:\/\/blog.espol.edu.ec\/jaimebenalcazar\/wp-json\/wp\/v2\/types\/page"}],"author":[{"embeddable":true,"href":"https:\/\/blog.espol.edu.ec\/jaimebenalcazar\/wp-json\/wp\/v2\/users\/3066"}],"replies":[{"embeddable":true,"href":"https:\/\/blog.espol.edu.ec\/jaimebenalcazar\/wp-json\/wp\/v2\/comments?post=99"}],"version-history":[{"count":3,"href":"https:\/\/blog.espol.edu.ec\/jaimebenalcazar\/wp-json\/wp\/v2\/pages\/99\/revisions"}],"predecessor-version":[{"id":101,"href":"https:\/\/blog.espol.edu.ec\/jaimebenalcazar\/wp-json\/wp\/v2\/pages\/99\/revisions\/101"}],"wp:attachment":[{"href":"https:\/\/blog.espol.edu.ec\/jaimebenalcazar\/wp-json\/wp\/v2\/media?parent=99"}],"curies":[{"name":"wp","href":"https:\/\/api.w.org\/{rel}","templated":true}]}}