{"id":44,"date":"2016-10-22T20:32:47","date_gmt":"2016-10-23T01:32:47","guid":{"rendered":"http:\/\/blog.espol.edu.ec\/jamesflores\/?page_id=44"},"modified":"2016-10-22T20:32:47","modified_gmt":"2016-10-23T01:32:47","slug":"diccionario","status":"publish","type":"page","link":"https:\/\/blog.espol.edu.ec\/jamesflores\/diccionario\/","title":{"rendered":"Diccionario"},"content":{"rendered":"<p>Hay distintas palabras que cambian su significado seg\u00fan el tema del que se habla, y la m\u00fasica no es una excepci\u00f3n, as\u00ed que en esta secci\u00f3n hablar\u00e9 sobre ciertas palabras y su significado, seg\u00fan sea necesario voy a actualizar esta p\u00e1gina para incluir los temas tratados para que se entiendan de la manera m\u00e1s clara posible.<\/p>\n<p>Una de las palabras que m\u00e1s voy a utilizar es \"cover\", la cual de forma textual significa cubierta, pero en este contexto se refiere a una interpretaci\u00f3n de alguna canci\u00f3n, dando una nueva versi\u00f3n de la misma, la cual puede ser ac\u00fastica, instrumental e incluso con acapella.<\/p>\n<p>La acapella es una forma de crear m\u00fasica, por medio de la voz humana, emulando ritmos, varias voces e incluso instrumentos. Es un arte vocal que tiene una gran dificultad, pero que ofrece un producto \u00fanico.<\/p>\n<p>Cuando hablo de \"Mashup\" me refiero a una especie de cover, pero que se basa en una combinaci\u00f3n de dos o m\u00e1s canciones \u00a0en una sola interpretaci\u00f3n. En lo personal pienso que es super complicado, puesto que se necesita encontrar canciones que tengan armon\u00eda, temas relacionados y se puedan juntar como si fueran una sola piesa.<\/p>\n","protected":false},"excerpt":{"rendered":"<p>Hay distintas palabras que cambian su significado seg\u00fan el tema del que se habla, y la m\u00fasica no es una excepci\u00f3n, as\u00ed que en esta secci\u00f3n hablar\u00e9 sobre ciertas palabras y su significado, seg\u00fan sea necesario voy a actualizar esta p\u00e1gina para incluir los temas tratados para que se entiendan de la manera m\u00e1s clara [&hellip;]<\/p>\n","protected":false},"author":10620,"featured_media":0,"parent":0,"menu_order":0,"comment_status":"closed","ping_status":"closed","template":"","meta":{"footnotes":""},"class_list":["post-44","page","type-page","status-publish","hentry"],"_links":{"self":[{"href":"https:\/\/blog.espol.edu.ec\/jamesflores\/wp-json\/wp\/v2\/pages\/44","targetHints":{"allow":["GET"]}}],"collection":[{"href":"https:\/\/blog.espol.edu.ec\/jamesflores\/wp-json\/wp\/v2\/pages"}],"about":[{"href":"https:\/\/blog.espol.edu.ec\/jamesflores\/wp-json\/wp\/v2\/types\/page"}],"author":[{"embeddable":true,"href":"https:\/\/blog.espol.edu.ec\/jamesflores\/wp-json\/wp\/v2\/users\/10620"}],"replies":[{"embeddable":true,"href":"https:\/\/blog.espol.edu.ec\/jamesflores\/wp-json\/wp\/v2\/comments?post=44"}],"version-history":[{"count":1,"href":"https:\/\/blog.espol.edu.ec\/jamesflores\/wp-json\/wp\/v2\/pages\/44\/revisions"}],"predecessor-version":[{"id":45,"href":"https:\/\/blog.espol.edu.ec\/jamesflores\/wp-json\/wp\/v2\/pages\/44\/revisions\/45"}],"wp:attachment":[{"href":"https:\/\/blog.espol.edu.ec\/jamesflores\/wp-json\/wp\/v2\/media?parent=44"}],"curies":[{"name":"wp","href":"https:\/\/api.w.org\/{rel}","templated":true}]}}