{"id":50,"date":"2016-10-25T22:06:56","date_gmt":"2016-10-26T03:06:56","guid":{"rendered":"http:\/\/blog.espol.edu.ec\/jamesflores\/?page_id=50"},"modified":"2016-10-25T22:06:56","modified_gmt":"2016-10-26T03:06:56","slug":"test","status":"publish","type":"page","link":"https:\/\/blog.espol.edu.ec\/jamesflores\/test\/","title":{"rendered":"Test"},"content":{"rendered":"<p>Hace unos d\u00edas quer\u00eda hacer\u00a0un test, pero simplemente termin\u00e9 haciendo unas preguntas a unos amigos, aunque eso no puede demostrar mucho, as\u00ed que se me ocurri\u00f3 una idea.<\/p>\n<p>Voy a agregar el link de un test que encontr\u00e9 en la red que relaciona un genero musical con tu personalidad, la idea es que comenten sus resultados junto con el g\u00e9nero musical que m\u00e1s les gusta, para tener una idea de hacia donde dirigir el barco.<\/p>\n<p>En fin a mi me sali\u00f3 rock, siendo honesto no me quejo. En fin, hacer click <a href=\"http:\/\/www.trendybynick.com\/2015\/08\/test-que-genero-musical-eres-segun-tu-personalidad\/\" target=\"_blank\">aqu\u00ed<\/a>.<\/p>\n<p>PD: El test no es m\u00edo, le pertenece a la p\u00e1gina.<\/p>\n","protected":false},"excerpt":{"rendered":"<p>Hace unos d\u00edas quer\u00eda hacer\u00a0un test, pero simplemente termin\u00e9 haciendo unas preguntas a unos amigos, aunque eso no puede demostrar mucho, as\u00ed que se me ocurri\u00f3 una idea. Voy a agregar el link de un test que encontr\u00e9 en la red que relaciona un genero musical con tu personalidad, la idea es que comenten sus [&hellip;]<\/p>\n","protected":false},"author":10620,"featured_media":0,"parent":0,"menu_order":0,"comment_status":"closed","ping_status":"closed","template":"","meta":{"footnotes":""},"class_list":["post-50","page","type-page","status-publish","hentry"],"_links":{"self":[{"href":"https:\/\/blog.espol.edu.ec\/jamesflores\/wp-json\/wp\/v2\/pages\/50","targetHints":{"allow":["GET"]}}],"collection":[{"href":"https:\/\/blog.espol.edu.ec\/jamesflores\/wp-json\/wp\/v2\/pages"}],"about":[{"href":"https:\/\/blog.espol.edu.ec\/jamesflores\/wp-json\/wp\/v2\/types\/page"}],"author":[{"embeddable":true,"href":"https:\/\/blog.espol.edu.ec\/jamesflores\/wp-json\/wp\/v2\/users\/10620"}],"replies":[{"embeddable":true,"href":"https:\/\/blog.espol.edu.ec\/jamesflores\/wp-json\/wp\/v2\/comments?post=50"}],"version-history":[{"count":1,"href":"https:\/\/blog.espol.edu.ec\/jamesflores\/wp-json\/wp\/v2\/pages\/50\/revisions"}],"predecessor-version":[{"id":51,"href":"https:\/\/blog.espol.edu.ec\/jamesflores\/wp-json\/wp\/v2\/pages\/50\/revisions\/51"}],"wp:attachment":[{"href":"https:\/\/blog.espol.edu.ec\/jamesflores\/wp-json\/wp\/v2\/media?parent=50"}],"curies":[{"name":"wp","href":"https:\/\/api.w.org\/{rel}","templated":true}]}}