{"id":208,"date":"2014-11-09T16:13:22","date_gmt":"2014-11-09T16:13:22","guid":{"rendered":"http:\/\/blog.espol.edu.ec\/janliben\/?page_id=208"},"modified":"2014-11-09T21:57:04","modified_gmt":"2014-11-09T21:57:04","slug":"lagunas","status":"publish","type":"page","link":"https:\/\/blog.espol.edu.ec\/janliben\/lagunas\/","title":{"rendered":"LAGUNAS"},"content":{"rendered":"<p>Las Tres Lagunas<\/p>\n<p><a href=\"http:\/\/www.parroquiaprincipalchordeleg.gob.ec\/...las-tres-lagunas\/2-turismo\">Las Tres Lagunas<\/a> son admiradas y apreciadas por su encanto y sus aguas que poseen propiedades curativas. Se sabe que los antiguos ind\u00edgenas de la zonas aleda\u00f1as se ba\u00f1aban en estas aguas para curar enfermedades y aliviar sus dolencias.<\/p>\n<p style=\"text-align: left\"><b>Ubicaci\u00f3n<\/b><br \/>\nEstas se encuentran aproximadamente a unos 25 Km. de Chordeleg su acceso se lo hace en veh\u00edculo el primer tramo y el otro a pie.<\/p>\n<div class=\"titulo1\"><strong>Atractivos<\/strong><\/div>\n<p>\u2022 Las Tres Lagunas forman una especie de escalera muy grande, debido a su ubicaci\u00f3n. Sus aguas tienen propiedades curativas.<\/p>\n<p><b><i>La cascada<\/i><\/b>: Se origina en la parte alta de la monta\u00f1a, como si fuese hilos de plata desciende graciosamente, de pronto el agua parece suspendida en el aire para inexorablemente descansar en la primera laguna.<\/p>\n<p>Esta ceremonia forma una encantadora tr\u00edada de espejos de agua de singular belleza esc\u00e9nica y paisaj\u00edstica.<\/p>\n<p>\u2022 <b><i>Paisaje Natural<\/i><\/b>: En este lugar es posible observar la gran variedad de aves t\u00edpicas de la zona, y admirar la formaci\u00f3n natural que da vida a las Tres Lagunas en medio de una vegetaci\u00f3n exuberante.<\/p>\n<p><a href=\"http:\/\/blog.espol.edu.ec\/janliben\/files\/2014\/11\/2009-02-02-94614_tres-lagunas-1.jpg\"><img loading=\"lazy\" decoding=\"async\" class=\"alignnone size-full wp-image-209\" src=\"http:\/\/blog.espol.edu.ec\/janliben\/files\/2014\/11\/2009-02-02-94614_tres-lagunas-1.jpg\" alt=\"2009-02-02 94614_tres lagunas 1\" width=\"800\" height=\"600\" srcset=\"https:\/\/blog.espol.edu.ec\/janliben\/files\/2014\/11\/2009-02-02-94614_tres-lagunas-1.jpg 800w, https:\/\/blog.espol.edu.ec\/janliben\/files\/2014\/11\/2009-02-02-94614_tres-lagunas-1-300x225.jpg 300w, https:\/\/blog.espol.edu.ec\/janliben\/files\/2014\/11\/2009-02-02-94614_tres-lagunas-1-400x300.jpg 400w\" sizes=\"auto, (max-width: 800px) 100vw, 800px\" \/><\/a><\/p>\n<hr \/>\n<p>&nbsp;<\/p>\n<p><strong>Laguna Culebrillas<\/strong><\/p>\n<p><b>Ubicaci\u00f3n<\/b><br \/>\n<a href=\"http:\/\/www.gobiernodelcanar.gob.ec\/public_html\/...\/laguna-de-culebrillas.79\">Culebrillas<\/a> se encuentra situado en la <a href=\"http:\/\/www.ubica.ec\/ubicaec\/lugar\/y-919711\">parroquia Juncal<\/a>, en los paramos contiguos al nudo del <a href=\"http:\/\/es.wikipedia.org\/wiki\/Cuenca_(Ecuador)\" target=\"_blank\">Azuay<\/a> y aproximadamente a 40 kil\u00f3metros del Cant\u00f3n <a href=\"http:\/\/es.wikipedia.org\/wiki\/Provincia_de_Ca\u00f1ar\" target=\"_blank\">Ca\u00f1ar<\/a>, ingresando por Altarurco, en la V\u00eda Duran-El Tambo.<\/p>\n<div class=\"titulo1\"><strong>Atractivos<\/strong><\/div>\n<p>\u2022 <i><b>Cueva culebrillas<\/b><\/i>: Se halla al costado derecho de la laguna, que no es mas que un abrigo rocoso de 2 metros de profundidad, en donde podr\u00edan caber de 2 a 3 personas. Este abrigo rocoso es utilizado por pescadores para resguardarse del fr\u00edo, cocer alimentos y pernoctar.<\/p>\n<p>\u2022 <i><b>Cerro Quilloloma<\/b><\/i>: A media altura del <a href=\"http:\/\/www.vivenciaandina.com\/viajes-a-ecuador\/antiguas-rutas-incas.htm\" target=\"_blank\">Cerro Quilloloma<\/a> se encuentra las denominadas cuevas de Esp\u00edndola que tambi\u00e9n se trata de abrigos rocosos.<\/p>\n<p><a href=\"http:\/\/blog.espol.edu.ec\/janliben\/files\/2014\/11\/10749238_993923137301222_334732880_n.jpg\"><img loading=\"lazy\" decoding=\"async\" class=\"wp-image-21 aligncenter\" src=\"http:\/\/blog.espol.edu.ec\/janliben\/files\/2014\/11\/10749238_993923137301222_334732880_n.jpg\" alt=\"10749238_993923137301222_334732880_n\" width=\"394\" height=\"298\" \/><\/a><a href=\"http:\/\/blog.espol.edu.ec\/janliben\/files\/2014\/11\/descarga-11.jpg\"><img loading=\"lazy\" decoding=\"async\" class=\"wp-image-210 aligncenter\" src=\"http:\/\/blog.espol.edu.ec\/janliben\/files\/2014\/11\/descarga-11.jpg\" alt=\"descarga (1)\" width=\"392\" height=\"269\" \/><\/a><\/p>\n<hr \/>\n<p>&nbsp;<\/p>\n<p><strong>Laguna de Yambo<\/strong><\/p>\n<p><b>Ubicaci\u00f3n<\/b><br \/>\nLa laguna de <a href=\"http:\/\/www.paisdeleyenda.com\/archivo.htm\/treninfernal.htm\" target=\"_blank\">Yambo<\/a> esta situada a 7 kil\u00f3metros de La Cabecera Cantonal, en la parroquia <a href=\"http:\/\/grupounojim.blogspot.com\/p\/blog-page.html\" target=\"_blank\">Panzaleo<\/a>; que ocupa la regi\u00f3n sur del cant\u00f3n. Desde la Cabecera Cantonal por la panamericana sur son 15 minutos; y hacia el interior es de media hora.<\/p>\n<div class=\"titulo1\"><strong>Atractivo<\/strong><\/div>\n<p>\u2022 Existe servicios de botes, caba\u00f1as y un peque\u00f1o muelle.<\/p>\n<p><a href=\"http:\/\/blog.espol.edu.ec\/janliben\/files\/2014\/11\/images-1.jpg\"><img loading=\"lazy\" decoding=\"async\" class=\"wp-image-211 aligncenter\" src=\"http:\/\/blog.espol.edu.ec\/janliben\/files\/2014\/11\/images-1.jpg\" alt=\"images (1)\" width=\"376\" height=\"285\" \/><\/a><\/p>\n<hr \/>\n<p><strong>Laguna Encantada de Chillacocha<\/strong><\/p>\n<p><strong>Como llegar<\/strong>:\u00a0Se toma la v\u00eda que conduce desde Chilla hasta las antenas hasta el sector de Portete, hasta donde se puede avanzar en veh\u00edculo. Una vez aqu\u00ed se divisa la laguna de <a href=\"http:\/\/www.lahora.com.ec\/index.php\/...\/Chilla,_santuario_tur\u00edstico_orense.html\" target=\"_blank\">Chillacocha<\/a> por un sendero para ir caminando o en ac\u00e9milas (caballo) esto demora de 10 a 15 minutos, se hace este tiempo ya que en el trayecto hasta la laguna se divisa paisajes exuberantes, monta\u00f1as, cavernas, cuevas, la flora y fauna propias del sector.<\/p>\n<div class=\"titulo1\"><strong>Atractivos<\/strong><\/div>\n<div class=\"texto\">\u2022 En este lugar se puede realizar caminatas a pie o caballo, se pueden escalar monta\u00f1as, en la laguna se puede navegar en balsa, se puede practicar deportes ya que a un costado existe una planicie que permite realizarlo, adem\u00e1s se puede realizar excursiones debido a que en este sector existen cuevas y ruinas de los antepasados.<\/div>\n<div class=\"texto\"><a href=\"http:\/\/blog.espol.edu.ec\/janliben\/files\/2014\/11\/descarga-2.jpg\"><img loading=\"lazy\" decoding=\"async\" class=\"wp-image-212 aligncenter\" src=\"http:\/\/blog.espol.edu.ec\/janliben\/files\/2014\/11\/descarga-2.jpg\" alt=\"descarga (2)\" width=\"355\" height=\"268\" \/><\/a><\/div>\n<div class=\"texto\"><\/div>\n<div class=\"texto\">\n<hr \/>\n<p><strong>Laguna de\u00a0Villamil<\/strong><\/p>\n<\/div>\n<div class=\"texto\">Estas lagunas son adyacentes a <a href=\"http:\/\/es.wikipedia.org\/wiki\/Puerto_Villami\" target=\"_blank\">Puerto Villamil<\/a> y a pesar de no ser un lugar dentro del <a href=\"http:\/\/es.wikipedia.org\/wiki\/Parque_nacional\" target=\"_blank\">Parque Nacional<\/a>, sino que pertenece a la Municipalidad de pueblo, es muy bueno para observar aves.<\/div>\n<div class=\"texto\">\n<div class=\"titulo1\"><strong>Atractivos<\/strong><\/div>\n<p>\u2022 La playa y las lagunas son los mejores lugares en todo el Archipi\u00e9lago para observar aves migratorias.<\/p>\n<\/div>\n<div class=\"texto\"><\/div>\n<div class=\"texto\"><a href=\"http:\/\/blog.espol.edu.ec\/janliben\/files\/2014\/11\/descarga-31.jpg\"><img loading=\"lazy\" decoding=\"async\" class=\"alignnone  wp-image-213\" src=\"http:\/\/blog.espol.edu.ec\/janliben\/files\/2014\/11\/descarga-31.jpg\" alt=\"descarga (3)\" width=\"525\" height=\"357\" \/><\/a><\/div>\n<div class=\"texto\"><\/div>\n<div class=\"texto\">\n<hr \/>\n<\/div>\n<div class=\"texto\"><\/div>\n<div class=\"texto\"><strong>Laguna de San Pablo o Imbakucha<\/strong><\/div>\n<div class=\"texto\"><\/div>\n<div class=\"texto\"><strong><b>Ubicaci\u00f3n<\/b><br \/>\n<\/strong>Est\u00e1 ubicada a 4 km. de la ciudad de <a href=\"http:\/\/es.wikipedia.org\/wiki\/Otavalo\" target=\"_blank\">Otavalo<\/a>, est\u00e1 rodeada por el <a href=\"http:\/\/es.wikipedia.org\/wiki\/Volc\u00e1n_Imbabura\" target=\"_blank\">volc\u00e1n Imbabura<\/a> y por totoras que se utiliza para la elaboraci\u00f3n de artesan\u00edas.<\/div>\n<div class=\"texto\">\n<div class=\"titulo1\"><strong>Actividades Tur\u00edsticas<\/strong><\/div>\n<p>\u2022 Deportes acu\u00e1ticos de altura, donde se disfruta de una variedad de deportes para todas las edades y gustos. Speed Boat, Motos de agua, Sky, Wakeboard, Keneeboard, boyas, utube Kayas.<\/p>\n<p>Eventos que se realizan anualmente campeonatos, slalom, gyncana de motos, Show de Deportes Acu\u00e1ticos.<\/p>\n<p>\u2022 <i><b>Velerismo<\/b><\/i>: El Yacht Club, suele organizar campeonatos mundiales de velerismo y actividades de fin de semana como paseos en canoas a motor, remo y lanchas.<\/p>\n<p>\u2022 <i><b>Paseos<\/b><\/i>: El Club de Pesca de Chicapan tiene embarcaciones destinadas a paseos y a la pr\u00e1ctica de pesca deportiva.<\/p>\n<p>\u2022 <i><b>Investigaci\u00f3n<\/b><\/i>: Tambi\u00e9n se encuentra la <a href=\"http:\/\/ecuadorecuatoriano.blogspot.com\/2012\/02\/lago-san-pablo.html\" target=\"_blank\"><i><b>Estaci\u00f3n Pisc\u00edcola de Punyaro<\/b><\/i><\/a> que investiga y experimenta la adaptaci\u00f3n de especies Ictiol\u00f3gicas.<\/p>\n<p><i><b>Temporada<\/b><\/i>: La traves\u00eda al lago San Pablo se realiza en las fiestas del Yamor en el mes de septiembre.<\/p>\n<\/div>\n<div class=\"texto\"><a href=\"http:\/\/blog.espol.edu.ec\/janliben\/files\/2014\/11\/descarga-41.jpg\"><img loading=\"lazy\" decoding=\"async\" class=\"alignnone  wp-image-214\" src=\"http:\/\/blog.espol.edu.ec\/janliben\/files\/2014\/11\/descarga-41.jpg\" alt=\"descarga (4)\" width=\"462\" height=\"351\" \/><\/a><\/div>\n<div class=\"texto\"><\/div>\n","protected":false},"excerpt":{"rendered":"<p>Las Tres Lagunas Las Tres Lagunas son admiradas y apreciadas por su encanto y sus aguas que poseen propiedades curativas. Se sabe que los antiguos ind\u00edgenas de la zonas aleda\u00f1as se ba\u00f1aban en estas aguas para curar enfermedades y aliviar &hellip; <a href=\"https:\/\/blog.espol.edu.ec\/janliben\/lagunas\/\">Sigue leyendo <span class=\"meta-nav\">&rarr;<\/span><\/a><\/p>\n","protected":false},"author":9429,"featured_media":0,"parent":0,"menu_order":0,"comment_status":"open","ping_status":"open","template":"","meta":{"footnotes":""},"class_list":["post-208","page","type-page","status-publish","hentry"],"_links":{"self":[{"href":"https:\/\/blog.espol.edu.ec\/janliben\/wp-json\/wp\/v2\/pages\/208","targetHints":{"allow":["GET"]}}],"collection":[{"href":"https:\/\/blog.espol.edu.ec\/janliben\/wp-json\/wp\/v2\/pages"}],"about":[{"href":"https:\/\/blog.espol.edu.ec\/janliben\/wp-json\/wp\/v2\/types\/page"}],"author":[{"embeddable":true,"href":"https:\/\/blog.espol.edu.ec\/janliben\/wp-json\/wp\/v2\/users\/9429"}],"replies":[{"embeddable":true,"href":"https:\/\/blog.espol.edu.ec\/janliben\/wp-json\/wp\/v2\/comments?post=208"}],"version-history":[{"count":2,"href":"https:\/\/blog.espol.edu.ec\/janliben\/wp-json\/wp\/v2\/pages\/208\/revisions"}],"predecessor-version":[{"id":216,"href":"https:\/\/blog.espol.edu.ec\/janliben\/wp-json\/wp\/v2\/pages\/208\/revisions\/216"}],"wp:attachment":[{"href":"https:\/\/blog.espol.edu.ec\/janliben\/wp-json\/wp\/v2\/media?parent=208"}],"curies":[{"name":"wp","href":"https:\/\/api.w.org\/{rel}","templated":true}]}}