{"id":226,"date":"2014-11-11T03:12:39","date_gmt":"2014-11-11T03:12:39","guid":{"rendered":"http:\/\/blog.espol.edu.ec\/janliben\/?page_id=226"},"modified":"2014-11-11T03:13:13","modified_gmt":"2014-11-11T03:13:13","slug":"florecimiento-de-los-guayacanes","status":"publish","type":"page","link":"https:\/\/blog.espol.edu.ec\/janliben\/florecimiento-de-los-guayacanes\/","title":{"rendered":"FLORECIMIENTO DE LOS GUAYACANES"},"content":{"rendered":"<p style=\"text-align: center\"><strong>LOJA-ZAPATILLO<\/strong><\/p>\n<p>El florecimiento de las 40 000 hect\u00e1reas de guayacanes (\u00e1rbol maderable), que ocurre con las primeras lluvias de enero, atrae a los turistas nacionales y extranjeros. Sus humildes habitantes se prepararon con antelaci\u00f3n para ofrecer hospedaje, alimentaci\u00f3n, guianza, artesan\u00edas... Este a\u00f1o, este acontecimiento natural comenz\u00f3 el viernes. Las primeras flores amarillas brotaron con la aurora de ese d\u00eda. De acuerdo con la Junta Parroquial de Mangahurco, han llegando m\u00e1s de 4 000 personas para mirar la flor amarilla, que al caerse se convierte en una especie de alfombra. Preparados para el turismo Seg\u00fan Osman Romero, presidente de la Junta Parroquial de Mangahurco, desde octubre pasado 500 pobladores de la frontera recibieron capacitaciones del Ministerio de Turismo sobre atenci\u00f3n al visitante. Por ejemplo, Severa Camacho, de 65 a\u00f1os, acondicion\u00f3 la sala de su casa de bahareque y teja para recibir a cuatro turistas, que llegaron para divisar el paisaje fronterizo. A diario limpia el lugar. La poblaci\u00f3n de Cazaderos fue creada en el 2012 y est\u00e1 ubicada en un valle en la frontera con Per\u00fa, a 20 minutos de Mangahurco. La mayor\u00eda de sus casas es de bahareque y teja. 22 inmuebles fueron reconstruidos por el Ministerio de Cultura y Patrimonio, lo que las convierte en otro atractivo. Este es el primer a\u00f1o que sus habitantes reciben a turistas, al igual que Bolaspamba. Hasta el a\u00f1o anterior solo llegaban hasta Mangahurco. Camacho cont\u00f3 que los lugare\u00f1os ofrecen platos t\u00edpicos como el chivo al hueco, tortillas de ma\u00edz con chancho, chicha, arroz con pato\u2026 desde USD 4. La amabilidad y hospitalidad de los pobladores se evidencia a cada paso. Jaime Sunci\u00f3n, de Bolaspamba, alist\u00f3 sus hamacas en el umbral de su casa. Para \u00e9l, lo m\u00e1s placentero es observar el florecimiento recostado en una de ellas. Tambi\u00e9n ofrece miel de abeja, que tiene propiedades medicinales. Mangahurco acoger\u00e1 a m\u00e1s turistas porque all\u00ed est\u00e1 la mayor extensi\u00f3n de guayacanes. Irlanda Meca elabor\u00f3 vestidos tejidos y carteras de tela y las exhibe en el portal de su casa. El guayaquile\u00f1o Jonathan Carvaca lleg\u00f3 a Mangahurco el lunes, 27 de enero. Su prop\u00f3sito es no perderse ni un solo momento del florecimiento. Se quedar\u00e1 hasta el 1 de febrero, cuando la floraci\u00f3n concluya. Por eso llev\u00f3 una carpa y alimentos enlatados para pernoctar al aire libre. \"Me apasiona la naturaleza. Es m\u00e1gico observar este espect\u00e1culo\", dice Carvaca. Afluencia tur\u00edstica en ascenso La promoci\u00f3n del florecimiento empez\u00f3 en el 2012. Seg\u00fan datos de la Junta Parroquial de Mangahurco, ese a\u00f1o llegaron 200 turistas, en el 2013 fueron m\u00e1s de 2 000 y ahora se prev\u00e9 que ser\u00e1n m\u00e1s de 4 000 visitantes. Esta parroquia tambi\u00e9n promociona tres rutas. La primera es la visita al barrio Santa Teresita, ubicado en un cerro de donde se aprecia una vista panor\u00e1mica de los guayacanes floridos. Hay caba\u00f1as comunitarias, donde Eulalia C\u00f3rdova preparar\u00e1 pasteles en horno de le\u00f1a. La segunda ruta es a la comunidad Ojos de Agua. Ah\u00ed se puede realizar el avistamiento de aves, conocer otras especies nativas de \u00e1rboles y degustar frutas como mangos y ciruelas. Se llega a pie o en veh\u00edculo. La tercera ruta es Miraflores, otro mirador natural. Se ingresa por un camino en el que las ramas de los guayacanes forman una especie de arcos. Aunque no est\u00e1 dentro de las propuestas de rutas, los turistas tambi\u00e9n pueden visitar el balneario Ba\u00f1os del Inca. Hay una roca gigante que el agua, con el pasar de los a\u00f1os, fue carcomiendo hasta dejarla en una peque\u00f1a vasija. Otras actividades preparadas son las caminatas guiadas, ciclopaseos, cabalgatas, elaboraci\u00f3n de murales, feria artesanal, exposiciones fotogr\u00e1ficas, siembra y apadrinamiento de guayacanes, serenatas...<\/p>\n<p><a href=\"http:\/\/blog.espol.edu.ec\/janliben\/files\/2014\/11\/descarga2.jpg\"><img loading=\"lazy\" decoding=\"async\" class=\"alignnone  wp-image-227\" src=\"http:\/\/blog.espol.edu.ec\/janliben\/files\/2014\/11\/descarga2.jpg\" alt=\"descarga\" width=\"621\" height=\"407\" \/><\/a> <a href=\"http:\/\/blog.espol.edu.ec\/janliben\/files\/2014\/11\/images-11.jpg\"><img loading=\"lazy\" decoding=\"async\" class=\"alignnone  wp-image-228\" src=\"http:\/\/blog.espol.edu.ec\/janliben\/files\/2014\/11\/images-11.jpg\" alt=\"images (1)\" width=\"558\" height=\"322\" \/><\/a><\/p>\n<p>Este contenido ha sido publicado originalmente por Diario EL COMERCIO en la siguiente direcci\u00f3n:<br \/>\nhttp:\/\/www.elcomercio.com\/actualidad\/ecuador\/zapotillo-revive-florecimiento-de-guayacanes.html. Si est\u00e1 pensando en hacer uso del mismo, por favor, cite la fuente y haga un enlace hacia la nota original de donde usted ha tomado este contenido. ElComercio.com<\/p>\n","protected":false},"excerpt":{"rendered":"<p>LOJA-ZAPATILLO El florecimiento de las 40 000 hect\u00e1reas de guayacanes (\u00e1rbol maderable), que ocurre con las primeras lluvias de enero, atrae a los turistas nacionales y extranjeros. Sus humildes habitantes se prepararon con antelaci\u00f3n para ofrecer hospedaje, alimentaci\u00f3n, guianza, artesan\u00edas... &hellip; <a href=\"https:\/\/blog.espol.edu.ec\/janliben\/florecimiento-de-los-guayacanes\/\">Sigue leyendo <span class=\"meta-nav\">&rarr;<\/span><\/a><\/p>\n","protected":false},"author":9429,"featured_media":0,"parent":0,"menu_order":0,"comment_status":"open","ping_status":"open","template":"","meta":{"footnotes":""},"class_list":["post-226","page","type-page","status-publish","hentry"],"_links":{"self":[{"href":"https:\/\/blog.espol.edu.ec\/janliben\/wp-json\/wp\/v2\/pages\/226","targetHints":{"allow":["GET"]}}],"collection":[{"href":"https:\/\/blog.espol.edu.ec\/janliben\/wp-json\/wp\/v2\/pages"}],"about":[{"href":"https:\/\/blog.espol.edu.ec\/janliben\/wp-json\/wp\/v2\/types\/page"}],"author":[{"embeddable":true,"href":"https:\/\/blog.espol.edu.ec\/janliben\/wp-json\/wp\/v2\/users\/9429"}],"replies":[{"embeddable":true,"href":"https:\/\/blog.espol.edu.ec\/janliben\/wp-json\/wp\/v2\/comments?post=226"}],"version-history":[{"count":1,"href":"https:\/\/blog.espol.edu.ec\/janliben\/wp-json\/wp\/v2\/pages\/226\/revisions"}],"predecessor-version":[{"id":229,"href":"https:\/\/blog.espol.edu.ec\/janliben\/wp-json\/wp\/v2\/pages\/226\/revisions\/229"}],"wp:attachment":[{"href":"https:\/\/blog.espol.edu.ec\/janliben\/wp-json\/wp\/v2\/media?parent=226"}],"curies":[{"name":"wp","href":"https:\/\/api.w.org\/{rel}","templated":true}]}}