{"id":61,"date":"2014-11-08T03:03:46","date_gmt":"2014-11-08T03:03:46","guid":{"rendered":"http:\/\/blog.espol.edu.ec\/janliben\/?page_id=61"},"modified":"2014-11-08T03:27:22","modified_gmt":"2014-11-08T03:27:22","slug":"el-puyo-ciudad-de-la-canela","status":"publish","type":"page","link":"https:\/\/blog.espol.edu.ec\/janliben\/el-puyo-ciudad-de-la-canela\/","title":{"rendered":"EL PUYO \"CIUDAD DE LA CANELA\""},"content":{"rendered":"<div class=\"texto\">Puyo es una <a title=\"Ciudad\" href=\"http:\/\/es.wikipedia.org\/wiki\/Ciudad\">ciudad<\/a> <a title=\"Ecuador\" href=\"http:\/\/es.wikipedia.org\/wiki\/Ecuador\">ecuatoriana<\/a>; es la cabecera cantonal del <a title=\"Cant\u00f3n Pastaza\" href=\"http:\/\/es.wikipedia.org\/wiki\/Cant%C3%B3n_Pastaza\">Cant\u00f3n Pastaza<\/a> y capital de la <a title=\"Provincia de Pastaza\" href=\"http:\/\/es.wikipedia.org\/wiki\/Provincia_de_Pastaza\">Provincia de Pastaza<\/a>. La ciudad es el centro econ\u00f3mico de la provincia, y uno de los principales de la <a class=\"mw-redirect\" title=\"Regi\u00f3n Amaz\u00f3nica del Ecuador\" href=\"http:\/\/es.wikipedia.org\/wiki\/Regi%C3%B3n_Amaz%C3%B3nica_del_Ecuador\">Regi\u00f3n Amaz\u00f3nica del Ecuador<\/a><\/div>\n<div class=\"texto\"><a href=\"http:\/\/blog.espol.edu.ec\/janliben\/files\/2014\/11\/images-3.jpg\"><img loading=\"lazy\" decoding=\"async\" class=\"wp-image-62 aligncenter\" src=\"http:\/\/blog.espol.edu.ec\/janliben\/files\/2014\/11\/images-3.jpg\" alt=\"images (3)\" width=\"384\" height=\"310\" \/><\/a><\/div>\n<div class=\"texto\"><i><b>Desde Quito:<\/b><\/i> En el Terminal terrestre de Quito se puede tomar buses que salen cada hora hacia la cuidad de Ba\u00f1os y cada 2 horas hacia la cuidad del Puyo. Donde nuestro personal le estar\u00e1 esperando en el T<a href=\"http:\/\/http:\/\/www.fotopaises.com\/foto\/Ecuador\/Puyo\/330436.html\" target=\"_blank\">erminal terrestre de la ciudad de Puyo<\/a>.<\/div>\n<div class=\"texto\">Desde Quito a Puyo hay los siguientes turnos diarios: 04h00, 05h30, 07h00, 08h45, 11h00, 13h00, 14h15, 15h00, 18h45, 19h50 y a las 22h30.<\/div>\n<div class=\"texto\"><i><b>Por avioneta:<\/b><\/i> Existen varias compon\u00edas a\u00e9reas que prestan sus servicios desde Quito a Shell donde luego de un vuelo de 35 minutos aproximadamente , nuestro personal le estar\u00e1 esperando en el angar del aeropuerto de la \u201cShell\u201d y le lleva en transportaci\u00f3n privada a nuestra hoster\u00eda llegando en 55 minutos aproximadamente.<\/div>\n<div class=\"texto\">\u2022 <i><b>Desde Guayaquil:<\/b><\/i> Si viaja desde <a href=\"http:\/\/http:\/\/es.wikipedia.org\/wiki\/Guayaquil\" target=\"_blank\">Guayaquil<\/a> el tiempo de viaje es de 7 a 8 horas (349 Km) hasta Puyo si sale de Quito el tiempo es de 4 a 5 horas (237 Km), en los dos casos debe tomar desde el Terminal Terrestre un bus de la <a href=\"http:\/\/www.coac-sanfra.com\" target=\"_blank\">Cooperativa San Francisco<\/a>, tiene turnos directos hasta Puyo y viceversa.<\/div>\n<div class=\"texto\">Hay 2 turnos diarios desde Guayaquil el primero a las 08h45 am y el segundo a las 20h00.El valor del pasaje es de 10.25 dolares.<\/div>\n<div class=\"texto\">\n<table border=\"0\" width=\"100%\" cellspacing=\"0\" cellpadding=\"0\">\n<tbody>\n<tr valign=\"top\">\n<td class=\"texto\">\n<div><strong><span class=\"titulo5\">Parque Pedag\u00f3gico Etno \u2013 Bot\u00e1nico \u201cOmaere\u201d<\/span><\/strong><\/div>\n<\/td>\n<\/tr>\n<\/tbody>\n<\/table>\n<\/div>\n<div class=\"texto\">\n<div class=\"texto\"><strong>UBICACION<\/strong><\/div>\n<div class=\"texto\">El parque Omaere est\u00e1 ubicado en la parte nor-occidental de la ciudad del Puyo, a un kil\u00f3metro del parque central de esta ciudad.<\/div>\n<div class=\"texto\">\n<div class=\"texto\"><strong>CLIMA<\/strong><\/div>\n<div class=\"texto\">El clima es muy agradable, y oscila entre los 18\u00ba C a 20\u00ba C.<\/div>\n<div class=\"texto\"><strong>QUE LLEVAR<\/strong><\/div>\n<div class=\"texto\">El recorrido var\u00eda de 1 a 2 horas (seg\u00fan la necesidad del turista), se recomienda llevar impermeable, botas de caucho y agua mineral para la caminata.<\/div>\n<div class=\"texto\">\u00a0 \u00a0 \u00a0 \u00a0 \u00a0 \u00a0 \u00a0 \u00a0 \u00a0 \u00a0 \u00a0 \u00a0 \u00a0 \u00a0<a href=\"http:\/\/blog.espol.edu.ec\/janliben\/files\/2014\/11\/rafting-pastaza.jpg\"><img loading=\"lazy\" decoding=\"async\" class=\"wp-image-63 aligncenter\" src=\"http:\/\/blog.espol.edu.ec\/janliben\/files\/2014\/11\/rafting-pastaza.jpg\" alt=\"rafting-pastaza\" width=\"459\" height=\"256\" \/><\/a> <a href=\"http:\/\/blog.espol.edu.ec\/janliben\/files\/2014\/11\/omaere.jpg\"><img loading=\"lazy\" decoding=\"async\" class=\"size-full wp-image-64 aligncenter\" src=\"http:\/\/blog.espol.edu.ec\/janliben\/files\/2014\/11\/omaere.jpg\" alt=\"omaere\" width=\"307\" height=\"230\" srcset=\"https:\/\/blog.espol.edu.ec\/janliben\/files\/2014\/11\/omaere.jpg 307w, https:\/\/blog.espol.edu.ec\/janliben\/files\/2014\/11\/omaere-300x224.jpg 300w\" sizes=\"auto, (max-width: 307px) 100vw, 307px\" \/><\/a><strong>JARDIN BOTANICO \"ORQUIDEAS\"<\/strong><\/div>\n<div class=\"texto\"><strong>Como llegar<\/strong><\/div>\n<div class=\"texto\">\u00a0A 3 Km de la Ciudad de Puyo, en la v\u00eda Macas, <a href=\"http:\/\/http:\/\/www.ecostravel.com\/ecuador\/ciudades-destinos\/orquideario-puyo.php\">desv\u00edo a San Jacinto en el Barrio<\/a> \"Los \u00c1ngeles\". El recorrido var\u00eda de 2 a 3 horas (seg\u00fan la necesidad del turista).<\/div>\n<div class=\"texto\"><strong>Que llevar<\/strong><\/div>\n<div class=\"texto\">Se recomienda llevar impermeable, botas de caucho para mayor comodidad (no indispensable) y agua mineral para la caminata.<\/div>\n<div class=\"texto\">El <a href=\"http:\/\/http:\/\/www.ecostravel.com\/ecuador\/ciudades-destinos\/orquideario-puyo.php\">valor de la entrada<\/a> es de 5 dolares.<\/div>\n<div class=\"texto\"><a href=\"http:\/\/blog.espol.edu.ec\/janliben\/files\/2014\/11\/descarga.jpg\"><img loading=\"lazy\" decoding=\"async\" class=\"alignnone size-full wp-image-66\" src=\"http:\/\/blog.espol.edu.ec\/janliben\/files\/2014\/11\/descarga.jpg\" alt=\"descarga\" width=\"75\" height=\"259\" \/><\/a><a href=\"http:\/\/blog.espol.edu.ec\/janliben\/files\/2014\/11\/images-4.jpg\"><img loading=\"lazy\" decoding=\"async\" class=\"alignnone  wp-image-65\" src=\"http:\/\/blog.espol.edu.ec\/janliben\/files\/2014\/11\/images-4.jpg\" alt=\"images (4)\" width=\"409\" height=\"235\" \/><\/a><a href=\"http:\/\/blog.espol.edu.ec\/janliben\/files\/2014\/11\/verBannerApFoto.jpg\"><img loading=\"lazy\" decoding=\"async\" class=\"wp-image-67 aligncenter\" src=\"http:\/\/blog.espol.edu.ec\/janliben\/files\/2014\/11\/verBannerApFoto.jpg\" alt=\"verBannerApFoto\" width=\"287\" height=\"217\" \/><\/a><\/div>\n<div class=\"texto\"><strong>PARQUE REAL DE AVES\u00a0<\/strong><b>EX\u00d3TICAS<\/b><\/div>\n<div class=\"texto\">Es un atractivo tur\u00edstico destinado a la observaci\u00f3n y reproducci\u00f3n de varias especies de aves de hermosos colores formas y tama\u00f1os, la mayor\u00eda de estas son originarias de otros continentes y se encuentran en cautiverio (jaulas) ya que son aves de granja o corral, son alimentados con suplementos<\/div>\n<div class=\"texto\"><strong>Como llegar<\/strong><\/div>\n<div class=\"texto\">Se puede acceder mediante las cooperativas de transporte Cordero Guerra, ruta La Merced) o a pie desde el centro de la ciudad de Puyo (15' minutos).<\/div>\n<div class=\"texto\"><\/div>\n<div class=\"texto\"><a href=\"http:\/\/blog.espol.edu.ec\/janliben\/files\/2014\/11\/descarga-1.jpg\"><img loading=\"lazy\" decoding=\"async\" class=\"wp-image-68 aligncenter\" src=\"http:\/\/blog.espol.edu.ec\/janliben\/files\/2014\/11\/descarga-1.jpg\" alt=\"descarga (1)\" width=\"264\" height=\"213\" \/><img loading=\"lazy\" decoding=\"async\" class=\"size-full wp-image-69 aligncenter\" src=\"http:\/\/blog.espol.edu.ec\/janliben\/files\/2014\/11\/1675736827-368x276.jpg\" alt=\"1675736827-368x276\" width=\"368\" height=\"276\" srcset=\"https:\/\/blog.espol.edu.ec\/janliben\/files\/2014\/11\/1675736827-368x276.jpg 368w, https:\/\/blog.espol.edu.ec\/janliben\/files\/2014\/11\/1675736827-368x276-300x225.jpg 300w\" sizes=\"auto, (max-width: 368px) 100vw, 368px\" \/><\/a>\u00a0\u00a0<a href=\"http:\/\/blog.espol.edu.ec\/janliben\/files\/2014\/11\/Aves-ex\u00f3ticas.jpg\"><img loading=\"lazy\" decoding=\"async\" class=\"alignnone  wp-image-70\" src=\"http:\/\/blog.espol.edu.ec\/janliben\/files\/2014\/11\/Aves-ex\u00f3ticas.jpg\" alt=\"Aves-ex\u00f3ticas\" width=\"664\" height=\"355\" \/><\/a><strong>RESERVA BOSQUE TROPICAL \"HOLA VIDA\"<\/strong><\/div>\n<div class=\"texto\">Este atractivo cuenta con todas las caracter\u00edsticas para ser considerado un \"Complejo Tur\u00edstico\", ya que se puede observar, admirar y disfrutar de la selva, el r\u00edo y la cascada.<br \/>\nEl recorrido inicia a partir de las <a href=\"http:\/\/http:\/\/t1.gstatic.com\/images?q=tbn:ANd9GcSP9AiwEh0TbmpVO-h5fLf1lAyCeneNYI5iqGhKhaXbHtbkYyR_\" target=\"_blank\">5 caba\u00f1as de hospedaje<\/a> las mismas que est\u00e1n construidas con materiales propios de la zona, y se encuentran perfectamente acondicionadas a las necesidades de los turistas que visitan \"<a href=\"http:\/\/http:\/\/www.viajandox.com\/pastaza\/reserva-hola-vida-pastaza5.jpg\" target=\"_blank\">Hola Vida\"<\/a>.<\/div>\n<div class=\"texto\"><strong>Como llegar<\/strong><\/div>\n<div class=\"texto\">\u00a0A 28 Km. de la ciudad de Puyo, en el Km. 16 de la v\u00eda Macas, se toma el desv\u00edo a mano derecha y se ingresa una distancia de 12 Km. a mano izquierda, se encuentra la Fundaci\u00f3n \"Hola Vida\".<\/div>\n<div class=\"texto\">\n<p align=\"justify\"><strong>Horario de Atenci\u00f3n:<\/strong> Lunes - Domingo: 08h00 - 17h00 \u00a0 \u00a0 \u00a0\u00a0<strong>Costo de Ingreso: <\/strong>$ 1,50<\/p>\n<p align=\"justify\"><strong>Hospedaje:<\/strong> existen muchos<a href=\"http:\/\/http:\/\/www.amazonlodgejungle.com\/amazonia-ecuador\/oriente-selva\/pastaza-lodge-activities.html\" target=\"_blank\"> hoteles<\/a> en el centro de el puyo<\/p>\n<\/div>\n<div class=\"texto\"><a href=\"http:\/\/blog.espol.edu.ec\/janliben\/files\/2014\/11\/reserva-hola-vida-pastaza5.jpg\"><img loading=\"lazy\" decoding=\"async\" class=\"wp-image-73 aligncenter\" src=\"http:\/\/blog.espol.edu.ec\/janliben\/files\/2014\/11\/reserva-hola-vida-pastaza5.jpg\" alt=\"reserva-hola-vida-pastaza5\" width=\"386\" height=\"277\" \/><\/a><\/div>\n<div class=\"texto\"><\/div>\n<\/div>\n<\/div>\n","protected":false},"excerpt":{"rendered":"<p>Puyo es una ciudad ecuatoriana; es la cabecera cantonal del Cant\u00f3n Pastaza y capital de la Provincia de Pastaza. La ciudad es el centro econ\u00f3mico de la provincia, y uno de los principales de la Regi\u00f3n Amaz\u00f3nica del Ecuador Desde &hellip; <a href=\"https:\/\/blog.espol.edu.ec\/janliben\/el-puyo-ciudad-de-la-canela\/\">Sigue leyendo <span class=\"meta-nav\">&rarr;<\/span><\/a><\/p>\n","protected":false},"author":9429,"featured_media":0,"parent":0,"menu_order":0,"comment_status":"open","ping_status":"open","template":"","meta":{"footnotes":""},"class_list":["post-61","page","type-page","status-publish","hentry"],"_links":{"self":[{"href":"https:\/\/blog.espol.edu.ec\/janliben\/wp-json\/wp\/v2\/pages\/61","targetHints":{"allow":["GET"]}}],"collection":[{"href":"https:\/\/blog.espol.edu.ec\/janliben\/wp-json\/wp\/v2\/pages"}],"about":[{"href":"https:\/\/blog.espol.edu.ec\/janliben\/wp-json\/wp\/v2\/types\/page"}],"author":[{"embeddable":true,"href":"https:\/\/blog.espol.edu.ec\/janliben\/wp-json\/wp\/v2\/users\/9429"}],"replies":[{"embeddable":true,"href":"https:\/\/blog.espol.edu.ec\/janliben\/wp-json\/wp\/v2\/comments?post=61"}],"version-history":[{"count":4,"href":"https:\/\/blog.espol.edu.ec\/janliben\/wp-json\/wp\/v2\/pages\/61\/revisions"}],"predecessor-version":[{"id":76,"href":"https:\/\/blog.espol.edu.ec\/janliben\/wp-json\/wp\/v2\/pages\/61\/revisions\/76"}],"wp:attachment":[{"href":"https:\/\/blog.espol.edu.ec\/janliben\/wp-json\/wp\/v2\/media?parent=61"}],"curies":[{"name":"wp","href":"https:\/\/api.w.org\/{rel}","templated":true}]}}