{"id":108,"date":"2015-06-27T19:48:22","date_gmt":"2015-06-27T19:48:22","guid":{"rendered":"http:\/\/blog.espol.edu.ec\/jaristephaniia\/?page_id=108"},"modified":"2015-06-27T19:57:55","modified_gmt":"2015-06-27T19:57:55","slug":"tu-cuerpo","status":"publish","type":"page","link":"https:\/\/blog.espol.edu.ec\/jaristephaniia\/tu-cuerpo\/","title":{"rendered":"Tu cuerpo"},"content":{"rendered":"<p style=\"text-align: center\">-\u00a1\u00a1\u00a1EL BALLET INFLUYE EN TU CUERPO!!!-<\/p>\n<p style=\"text-align: center\"><img loading=\"lazy\" decoding=\"async\" class=\" alignright\" src=\"http:\/\/ichef.bbci.co.uk\/news\/ws\/660\/amz\/worldservice\/live\/assets\/images\/2015\/05\/07\/150507141439_ballet_promos__624x351_thinkstock.jpg\" alt=\"\" width=\"506\" height=\"284\" \/><\/p>\n<p style=\"text-align: left\">\n<p style=\"text-align: left\">El Ballet surgi\u00f3 como parte de la \u00f3pera, y desde que se separ\u00f3, la danza cl\u00e1sica no ha hecho m\u00e1s que deleitar a sus espectadores; adem\u00e1s de la admiraci\u00f3n que causa, tambi\u00e9n ha provocado cr\u00edticas por su severidad y por exigir lo que algunos se\u00f1alan como \u00a0\"poses poco naturales\". Pero en los \u00faltimos tiempos ha estado ganando popularidad como una forma de ejercicio f\u00edsico.<\/p>\n<p>Tenemos que olvidarnos de la imagen tradicional que llevamos del ballet: ni\u00f1as en tut\u00fas rosados. el ballet va m\u00e1s all\u00e1 de esa imagen... Actualmente, las clases de ballet pueden estar dirigidas a personas mayores que no tienen el deseo de ser <em>primas ballerinas<\/em> (primeras bailarinas, la m\u00e1s importante bailarina de una compa\u00f1\u00eda)<em>\u00a0<\/em>, o \u00a0de ser profesoras de este arte.<\/p>\n<p><img loading=\"lazy\" decoding=\"async\" class=\" alignleft\" src=\"http:\/\/1.bp.blogspot.com\/-NgJQXKYH90w\/Tjnuoznwe6I\/AAAAAAAAAWk\/qGp9fXvCScs\/s1600\/Barra1.jpg\" alt=\"\" width=\"474\" height=\"314\" \/><\/p>\n<p>La intenci\u00f3n es mantenerse en forma<br \/>\ny sano lo que nos lleva a cuestionarnos sobre cu\u00e1les son los beneficios de entregarse a este arte.<\/p>\n<p>&nbsp;<\/p>\n<p>F\u00cdSICAMENTE SANOS<\/p>\n<p>Una clase de ballet provee una sesi\u00f3n de ejercicios rigurosa.<\/p>\n<p>Cuando los bailarines entran en el escenario, lo que los espectadores observan son poses perfectas y agraciados movimientos, pero de cerca es evidente que el esfuerzo es arduo y el sudor corre.<\/p>\n<div style=\"width: 496px\" class=\"wp-caption alignright\"><img loading=\"lazy\" decoding=\"async\" class=\"\" src=\"http:\/\/4.bp.blogspot.com\/-GDiiMezu_SM\/UoX6stna-II\/AAAAAAAAOxg\/qCHfvmjX0aU\/s1600\/home_ballet_6909_1024x507.jpg\" alt=\"\" width=\"486\" height=\"323\" \/><p class=\"wp-caption-text\">La belleza de la danza se logra con el trabajo duro en la barra<\/p><\/div>\n<p>Las clases se enfocan en varias partes del cuerpo: brazos, piernas, pies y tobillos, m\u00fasculos del est\u00f3mago, que se van tornando cada vez m\u00e1s fuertes y firmes.<\/p>\n<p>Practicarlo regularmente puede mejorar la postura y el equilibrio, lo que resulta en una postura m\u00e1s alargada y elegante.<\/p>\n<p>Los beneficios f\u00edsicos del ballet se empezar\u00e1n a notar en cuesti\u00f3n de unas pocas semanas de asistencia regular a las clases y de auto-disciplina.<\/p>\n<p>Sin embargo, la sensaci\u00f3n de bienestar de las lecciones ser\u00e1 visible casi inmediatamente, pues adem\u00e1s de la actividad f\u00edsica, \u00a1el ballet es excelente para la salud mental!<\/p>\n<p>EJERCITANDO EL CEREBRO<\/p>\n<p>Mientras que los bailarines ejercitan sus cuerpos, sus cerebros tambi\u00e9n est\u00e1n siendo estimulados.<img loading=\"lazy\" decoding=\"async\" class=\" alignright\" src=\"http:\/\/demo.joomlaux.com\/extensions\/content\/images\/jux_gallery\/adrstadgsg-art-atmosphere-ballet-beach-beautiful-Favim.jpg.jpg\" alt=\"\" width=\"171\" height=\"113\" \/><\/p>\n<p>No es posible participar de una clase sin concentrarse completamente.<\/p>\n<p>Los pupilos tienen que prestarle atenci\u00f3n al maestro para poder aprender y repetir la coreograf\u00eda o la rutina diaria de ejercicios.<\/p>\n<p>Es un trabajo complicado, los bailarines tienen que mejorar sus pasos y posiciones cada d\u00eda y aprender a calcular su espacio en el sal\u00f3n de clase o escenario, todo al ritmo de la m\u00fasica.<\/p>\n<p>Por su complejidad, obliga a la mente a enfocarse y as\u00ed estimula el cerebro. hay estudios que indican que puede ayudar a reducir el riesgo de sufrir de demencia e incluso a quienes sufren de la enfermedad de Parkinson, pues sus s\u00edntomas a menudo incluyen la falta de equilibrio y coordinaci\u00f3n, de manera que tomar clases regulares puede aliviar temporalmente esos problemas.<\/p>\n<p><img loading=\"lazy\" decoding=\"async\" class=\"\" src=\"http:\/\/www.danzaballet.com\/UserFiles\/Image\/2\/06.jpg\" alt=\"\" width=\"511\" height=\"344\" \/><\/p>\n<p>El mundo del ballet sigue siendo un espacio predominantemente femenino, pero a medida que los ejercicios f\u00edsicos del ballet se han ido conociendo m\u00e1s all\u00e1 de los salones de clase y los escenarios, m\u00e1s hombres est\u00e1n incorporando la danza a su rutina de ejercitaci\u00f3n.<\/p>\n<p><a href=\"http:\/\/blog.espol.edu.ec\/jaristephaniia\/files\/2015\/06\/941595_521227407913369_236680867_n.jpg\"><img loading=\"lazy\" decoding=\"async\" class=\"  wp-image-89 alignleft\" src=\"http:\/\/blog.espol.edu.ec\/jaristephaniia\/files\/2015\/06\/941595_521227407913369_236680867_n-300x300.jpg\" alt=\"941595_521227407913369_236680867_n\" width=\"498\" height=\"498\" srcset=\"https:\/\/blog.espol.edu.ec\/jaristephaniia\/files\/2015\/06\/941595_521227407913369_236680867_n-300x300.jpg 300w, https:\/\/blog.espol.edu.ec\/jaristephaniia\/files\/2015\/06\/941595_521227407913369_236680867_n-150x150.jpg 150w, https:\/\/blog.espol.edu.ec\/jaristephaniia\/files\/2015\/06\/941595_521227407913369_236680867_n.jpg 480w\" sizes=\"auto, (max-width: 498px) 100vw, 498px\" \/><\/a><\/p>\n<p>&nbsp;<\/p>\n<p>El ballet puede contribuir al bienestar de la gente de una manera significativa, as\u00ed que vale la pena animarse y buscar una barra en alg\u00fan sal\u00f3n de clase en el que se escuche algo de m\u00fasica y un profesor que te ense\u00f1e qu\u00e9 hacer cuando \u00e9sta suene.<\/p>\n<p>&nbsp;<\/p>\n","protected":false},"excerpt":{"rendered":"<p>-\u00a1\u00a1\u00a1EL BALLET INFLUYE EN TU CUERPO!!!- El Ballet surgi\u00f3 como parte de la \u00f3pera, y desde que se separ\u00f3, la danza cl\u00e1sica no ha hecho m\u00e1s que deleitar a sus espectadores; adem\u00e1s de la admiraci\u00f3n que causa, tambi\u00e9n ha provocado &hellip; <a href=\"https:\/\/blog.espol.edu.ec\/jaristephaniia\/tu-cuerpo\/\">Sigue leyendo <span class=\"meta-nav\">&rarr;<\/span><\/a><\/p>\n","protected":false},"author":9694,"featured_media":0,"parent":0,"menu_order":0,"comment_status":"open","ping_status":"open","template":"","meta":{"footnotes":""},"class_list":["post-108","page","type-page","status-publish","hentry"],"_links":{"self":[{"href":"https:\/\/blog.espol.edu.ec\/jaristephaniia\/wp-json\/wp\/v2\/pages\/108","targetHints":{"allow":["GET"]}}],"collection":[{"href":"https:\/\/blog.espol.edu.ec\/jaristephaniia\/wp-json\/wp\/v2\/pages"}],"about":[{"href":"https:\/\/blog.espol.edu.ec\/jaristephaniia\/wp-json\/wp\/v2\/types\/page"}],"author":[{"embeddable":true,"href":"https:\/\/blog.espol.edu.ec\/jaristephaniia\/wp-json\/wp\/v2\/users\/9694"}],"replies":[{"embeddable":true,"href":"https:\/\/blog.espol.edu.ec\/jaristephaniia\/wp-json\/wp\/v2\/comments?post=108"}],"version-history":[{"count":5,"href":"https:\/\/blog.espol.edu.ec\/jaristephaniia\/wp-json\/wp\/v2\/pages\/108\/revisions"}],"predecessor-version":[{"id":113,"href":"https:\/\/blog.espol.edu.ec\/jaristephaniia\/wp-json\/wp\/v2\/pages\/108\/revisions\/113"}],"wp:attachment":[{"href":"https:\/\/blog.espol.edu.ec\/jaristephaniia\/wp-json\/wp\/v2\/media?parent=108"}],"curies":[{"name":"wp","href":"https:\/\/api.w.org\/{rel}","templated":true}]}}