{"id":115,"date":"2015-06-27T20:10:11","date_gmt":"2015-06-27T20:10:11","guid":{"rendered":"http:\/\/blog.espol.edu.ec\/jaristephaniia\/?page_id=115"},"modified":"2015-06-27T20:20:36","modified_gmt":"2015-06-27T20:20:36","slug":"hombres-en-la-danza","status":"publish","type":"page","link":"https:\/\/blog.espol.edu.ec\/jaristephaniia\/hombres-en-la-danza\/","title":{"rendered":"Hombres en la danza"},"content":{"rendered":"<p style=\"text-align: center\">HOMBRES EN EL BALLET<\/p>\n<p>A veces es criticado la decisi\u00f3n un ni\u00f1o, adolescente u hombre de que quiera pertenecer a un cuerpo de baile o simplemente asistir a clases de ballet. \u00a0Es criterio de cada persona pero en realidad la danza no tiene por qu\u00e9 perjudicarlos. As\u00ed como lo t\u00edpico el color rosa es de ni\u00f1a y el azul de ni\u00f1o, eso ya no es del siglo XXI. Todos tienen derecho a elegir lo que les hace feliz y los fortalece, y el ballet combina el arte con el deporte. Una muy buena opci\u00f3n para quienes les gusta disfrutar y despejarse un poco del estr\u00e9s del colegio, de la universidad, de la vida cotidiana.<\/p>\n<p>&nbsp;<\/p>\n<p><a href=\"http:\/\/blog.espol.edu.ec\/jaristephaniia\/files\/2015\/06\/11121766_885845641454829_4438299444578162273_n.png\"><img loading=\"lazy\" decoding=\"async\" class=\"  wp-image-101 aligncenter\" src=\"http:\/\/blog.espol.edu.ec\/jaristephaniia\/files\/2015\/06\/11121766_885845641454829_4438299444578162273_n-300x206.png\" alt=\"11121766_885845641454829_4438299444578162273_n\" width=\"452\" height=\"311\" srcset=\"https:\/\/blog.espol.edu.ec\/jaristephaniia\/files\/2015\/06\/11121766_885845641454829_4438299444578162273_n-300x206.png 300w, https:\/\/blog.espol.edu.ec\/jaristephaniia\/files\/2015\/06\/11121766_885845641454829_4438299444578162273_n.png 616w\" sizes=\"auto, (max-width: 452px) 100vw, 452px\" \/><\/a><\/p>\n<p>Y hay quienes\u00a0dicen que los bailarines somos masoquistas porque disfrutamos del dolor, y es que ese es el \u00e9xito: si te duele, entonces lo est\u00e1s haciendo bien. Necesitas del dolor para sentir el placer de estar perfeccionando un paso o una posici\u00f3n. El ballet es visto como lo m\u00e1s cercano a la perfecci\u00f3n.<\/p>\n<p><a href=\"http:\/\/blog.espol.edu.ec\/jaristephaniia\/files\/2015\/06\/1238027760792_f.jpg\"><img loading=\"lazy\" decoding=\"async\" class=\"alignnone  wp-image-90\" src=\"http:\/\/blog.espol.edu.ec\/jaristephaniia\/files\/2015\/06\/1238027760792_f-230x300.jpg\" alt=\"1238027760792_f\" width=\"197\" height=\"257\" srcset=\"https:\/\/blog.espol.edu.ec\/jaristephaniia\/files\/2015\/06\/1238027760792_f-230x300.jpg 230w, https:\/\/blog.espol.edu.ec\/jaristephaniia\/files\/2015\/06\/1238027760792_f.jpg 384w\" sizes=\"auto, (max-width: 197px) 100vw, 197px\" \/><\/a><a href=\"http:\/\/blog.espol.edu.ec\/jaristephaniia\/files\/2015\/06\/DIE-WIENER-STAATSOPER-Nurejew-Gala-2012-Grand-Pas-Classique-1.jpg\"><img loading=\"lazy\" decoding=\"async\" class=\" size-medium wp-image-91 alignright\" src=\"http:\/\/blog.espol.edu.ec\/jaristephaniia\/files\/2015\/06\/DIE-WIENER-STAATSOPER-Nurejew-Gala-2012-Grand-Pas-Classique-1-300x210.jpg\" alt=\"DIE WIENER STAATSOPER - Nurejew-Gala-2012---Grand-Pas-Classique (1)\" width=\"300\" height=\"210\" srcset=\"https:\/\/blog.espol.edu.ec\/jaristephaniia\/files\/2015\/06\/DIE-WIENER-STAATSOPER-Nurejew-Gala-2012-Grand-Pas-Classique-1-300x210.jpg 300w, https:\/\/blog.espol.edu.ec\/jaristephaniia\/files\/2015\/06\/DIE-WIENER-STAATSOPER-Nurejew-Gala-2012-Grand-Pas-Classique-1-1024x717.jpg 1024w, https:\/\/blog.espol.edu.ec\/jaristephaniia\/files\/2015\/06\/DIE-WIENER-STAATSOPER-Nurejew-Gala-2012-Grand-Pas-Classique-1-800x560.jpg 800w, https:\/\/blog.espol.edu.ec\/jaristephaniia\/files\/2015\/06\/DIE-WIENER-STAATSOPER-Nurejew-Gala-2012-Grand-Pas-Classique-1.jpg 1600w\" sizes=\"auto, (max-width: 300px) 100vw, 300px\" \/><\/a><\/p>\n<p>&nbsp;<\/p>\n<p>&nbsp;<\/p>\n<p>&nbsp;<\/p>\n<p>&nbsp;<\/p>\n<p>&nbsp;<\/p>\n<p>Tambi\u00e9n est\u00e1 comprobado de que las bailarinas bailan mucho mejor en los escenarios cuando tienen como compa\u00f1eros a los hombres. As\u00ed que ellos son importantes, y aunque pocos son los valientes que se atreven a ingresar a este maravilloso mundo de la danza, s\u00e9 que existen millones de hombres que est\u00e1n prepar\u00e1ndose para ser mejores d\u00eda a d\u00eda.<\/p>\n<blockquote><p>Homosexual, marica, gay, son algunos de los apelativos que con frecuencia se escuchan al referirse a los hombres que practican ballet, oficio por cierto de bastante exigencia f\u00edsica y mental, que para cualquier deportista de alto rendimiento ser\u00eda\u00a0de digno respeto.<\/p>\n<p>En pleno siglo XXI el tab\u00fa de ver a un hombre en trusa y baletas a\u00fan causa estupor en la comunidad en general, efecto que se vive con mucha m\u00e1s intensidad en Am\u00e9rica Latina. El machismo y la ignorancia de esta sociedad admiten que sus hijos practiquen deportes que a la vista de todo el mundo son \u201cpa\u00b4machos\u201d, f\u00fatbol, lucha, boxeo, artes marciales etc. Pero cuando a temprana edad ven alg\u00fan indicio o curiosidad por involucrarse en el mundo de la danza, el primer pensamiento que viene a la cabeza de los padres es un cuestionamiento sobre la sexualidad de su hijo, enseguida el recriminar este gusto y por \u00faltimo la prohibici\u00f3n de tal actividad que ante los ojos de familiares y amigos es considerado como deshonroso para las costumbres tradicionalistas de la familia latina.<\/p>\n<p>Dentro del ballet, los hombres juegan un papel fundamental, sus espectaculares giros, sus vueltas en el aire, y grandes saltos, entre otra serie de pasos, son indispensables para lograr una armon\u00eda perfecta en la danza, que seg\u00fan los maestros experimentados, no pueden hacer las mujeres. El hombre tiene que verse liviano pero a su vez fuerte y masculino, es el soporte para la mujer quien tiene que verse estilizada, fina, esbelta y delicada.<\/p>\n<p>La participaci\u00f3n actual de los ni\u00f1os y j\u00f3venes en las academias es visible, pero detr\u00e1s hay una realidad de rechazo marcada principalmente por la familia.<\/p><\/blockquote>\n<p>Aqu\u00ed les dejo un reportaje de unos bailarines ecuatorianos, que actualmente son parte del cuerpo de baile del reconocido Teatro Centro de Arte; que tambi\u00e9n tiene su escuela de ballet, a la que pertenezco, \"Inge Br\u00fcckmann\".<\/p>\n<p><iframe loading=\"lazy\" title=\"LOS HOMBRES Y EL BALLET\" width=\"500\" height=\"375\" src=\"https:\/\/www.youtube.com\/embed\/H_9XFM0QpuQ?feature=oembed\" frameborder=\"0\" allow=\"accelerometer; autoplay; clipboard-write; encrypted-media; gyroscope; picture-in-picture; web-share\" referrerpolicy=\"strict-origin-when-cross-origin\" allowfullscreen><\/iframe><\/p>\n<p>&nbsp;<\/p>\n","protected":false},"excerpt":{"rendered":"<p>HOMBRES EN EL BALLET A veces es criticado la decisi\u00f3n un ni\u00f1o, adolescente u hombre de que quiera pertenecer a un cuerpo de baile o simplemente asistir a clases de ballet. \u00a0Es criterio de cada persona pero en realidad la &hellip; <a href=\"https:\/\/blog.espol.edu.ec\/jaristephaniia\/hombres-en-la-danza\/\">Sigue leyendo <span class=\"meta-nav\">&rarr;<\/span><\/a><\/p>\n","protected":false},"author":9694,"featured_media":0,"parent":0,"menu_order":0,"comment_status":"open","ping_status":"open","template":"","meta":{"footnotes":""},"class_list":["post-115","page","type-page","status-publish","hentry"],"_links":{"self":[{"href":"https:\/\/blog.espol.edu.ec\/jaristephaniia\/wp-json\/wp\/v2\/pages\/115","targetHints":{"allow":["GET"]}}],"collection":[{"href":"https:\/\/blog.espol.edu.ec\/jaristephaniia\/wp-json\/wp\/v2\/pages"}],"about":[{"href":"https:\/\/blog.espol.edu.ec\/jaristephaniia\/wp-json\/wp\/v2\/types\/page"}],"author":[{"embeddable":true,"href":"https:\/\/blog.espol.edu.ec\/jaristephaniia\/wp-json\/wp\/v2\/users\/9694"}],"replies":[{"embeddable":true,"href":"https:\/\/blog.espol.edu.ec\/jaristephaniia\/wp-json\/wp\/v2\/comments?post=115"}],"version-history":[{"count":3,"href":"https:\/\/blog.espol.edu.ec\/jaristephaniia\/wp-json\/wp\/v2\/pages\/115\/revisions"}],"predecessor-version":[{"id":159,"href":"https:\/\/blog.espol.edu.ec\/jaristephaniia\/wp-json\/wp\/v2\/pages\/115\/revisions\/159"}],"wp:attachment":[{"href":"https:\/\/blog.espol.edu.ec\/jaristephaniia\/wp-json\/wp\/v2\/media?parent=115"}],"curies":[{"name":"wp","href":"https:\/\/api.w.org\/{rel}","templated":true}]}}