{"id":161,"date":"2015-06-28T02:26:39","date_gmt":"2015-06-28T02:26:39","guid":{"rendered":"http:\/\/blog.espol.edu.ec\/jaristephaniia\/?page_id=161"},"modified":"2015-06-28T02:34:16","modified_gmt":"2015-06-28T02:34:16","slug":"ballet","status":"publish","type":"page","link":"https:\/\/blog.espol.edu.ec\/jaristephaniia\/ballet\/","title":{"rendered":"Ballet!"},"content":{"rendered":"<p style=\"text-align: center\">BALLET<\/p>\n<p><img loading=\"lazy\" decoding=\"async\" id=\"irc_mi\" class=\" alignright\" src=\"http:\/\/i939.photobucket.com\/albums\/ad234\/Fenix27_bucket\/Ballerine-1.gif\" alt=\"\" width=\"240\" height=\"400\" \/><\/p>\n<p style=\"text-align: left\">El ballet nace como un espect\u00e1culo que englobaba pintura, poes\u00eda, m\u00fasica y danza. Ten\u00eda lugar en las cortes italianas del renacimiento, principalmente para banquetes y bailes. La actuaci\u00f3n se basaba en las danzas sociales de la \u00e9poca.<\/p>\n<p style=\"text-align: center\">Hacia mediados del siglo XV, cuando el renacimiento se expand\u00eda en toda Europa, los ballet cortesanos italianos fueron ampliamente desarrollados en Francia. El Ballet c\u00f3mico de la reina, primer ballet del que sobrevive una partitura completa, fue creado por Balthazar de Beajoyeaux, y fue bailado por arist\u00f3cratas aficionados.<\/p>\n<p>El escenario se emple\u00f3 por primera vez en Francia a mediados del siglo XVII. El ballet de corte alcanza su cumbre durante el reinado de Luis XIV, entre 1643-1715, cuando se funda la Academic Royale de Danse abriendo as\u00ed el camino hacia la danza profesional. Al principio todos los bailarines eran hombres, los papeles femeninos los interpretaban hombres disfrazados. Las primeras bailarinas aparecieron en 1861.<\/p>\n<p><a href=\"http:\/\/blog.espol.edu.ec\/jaristephaniia\/files\/2015\/06\/Pointe-shoe-image-1-opt.1.jpg\"><img loading=\"lazy\" decoding=\"async\" class=\"  wp-image-100 alignleft\" src=\"http:\/\/blog.espol.edu.ec\/jaristephaniia\/files\/2015\/06\/Pointe-shoe-image-1-opt.1-300x172.jpg\" alt=\"Pointe-shoe-image-1-opt.\" width=\"249\" height=\"143\" srcset=\"https:\/\/blog.espol.edu.ec\/jaristephaniia\/files\/2015\/06\/Pointe-shoe-image-1-opt.1-300x172.jpg 300w, https:\/\/blog.espol.edu.ec\/jaristephaniia\/files\/2015\/06\/Pointe-shoe-image-1-opt.1.jpg 480w\" sizes=\"auto, (max-width: 249px) 100vw, 249px\" \/><\/a>El uso de las puntas dio comienzo en el siglo XIX, por el a\u00f1o 1800, con el auge de los ballets rom\u00e1nticos, siendo la genial Mar\u00eda Taglioni quien las utiliz\u00f3 por primera vez. El fin que se buscaba era alcanzar el m\u00e1ximo refinamiento y sutileza de movimiento , tal como lo requer\u00eda el romanticismo, obsesionado por seres espirituales, hadas y espectros, donde las puntas adquir\u00edan especial protagonismo. Posteriormente su uso se generaliz\u00f3 para todas las bailarinas y en la actualidad se utilizan para la representaci\u00f3n de todos los ballets cl\u00e1sicos. El core\u00f3grafo italiano Carlo Blassis, a comienzos del siglo XIX, cre\u00f3 el Attitude, derivado de una estatua del dios Mercurio apoyado ligeramente sobre la punta del pie izquierdo. El ballet rom\u00e1ntico naci\u00f3 en Par\u00eds en 1832, representado por primera vez por el ballet La s\u00edlfide. El papel principal era una criatura sobrenatural, con el cual se abus\u00f3 del uso de puntas para realizar rasgos sobrenaturales del personaje. Otra obra destacada de este estilo fue Giselle.<\/p>\n<p>Durante la segunda mitad del siglo XIX el ballet empez\u00f3 a perder inter\u00e9s art\u00edstico y se desech\u00f3 la danza masculina. El core\u00f3grafo franc\u00e9s Marius Petipa perfeccion\u00f3 el ballet con un argumento largo y completo que combinaba series de danzas con escenas de mimo. Sus obras m\u00e1s importantes fueron Cascanueces, La Bella Durmiente y El Lago de los Cisnes, las tres con m\u00fasica de Chaikovski. En 1909, los ballets rusos debutaron en Par\u00eds con un \u00e9xito inmediato, iniciando as\u00ed el ballet moderno. Esto los llev\u00f3 a ser sin\u00f3nimo de innovaci\u00f3n y vitalidad y revitalizaron el ballet por todo el mundo. Anna Pavlova cre\u00f3 su propia compa\u00f1\u00eda viajando por muchos pa\u00edses. El American Ballet Theatre tiene sus origines en el trabajo de ballet de Fokine. La brit\u00e1nico - polaca Marie Rambert y Ninette de Valois, contribuyeron a que el ballet arraigara definitivamente en Inglaterra. La danza moderna, que ya se hab\u00eda iniciado a finales del siglo XIX, comenz\u00f3 a desarrollarse en EEUU y Alemania entre los a\u00f1os 1920 y 1930. Los bailarines estadounidenses Martha Graham y Doris Humphrey y la alemana Mary Wigman rompieron con el ballet tradicional para crear sus propios estilos. El vocabulario del movimiento en el ballet se ampli\u00f3 con la danza moderna en movimientos que los bailarines producen acostados, sentados y con el uso del torso.<\/p>\n<p style=\"text-align: left\">En la d\u00e9cada del 40 se fundaron el American Ballet Theatre, y el New York City Ballet en Nueva York. En la segunda mitad del siglo XX, las compa\u00f1\u00edas rusas hicieron representaciones en occidente que produjeron un impacto enorme por su intensa expresividad dram\u00e1tica y su virtuosismo t\u00e9cnico. La influencia rusa sobre el ballet es enorme: Rudolf Nureyev, director art\u00edstico del Ballet \u00d3pera de Par\u00eds desde 1983 hasta 1989, Natalia Makarova, Mija\u00edl Bartshnikov, director del American Ballet Theatre desde 1980 hasta 1989.<\/p>\n<p style=\"text-align: left\">El repertorio del ballet actual ofrece una gran variedad. Los bailarines intenta constantemente ampliar su nivel t\u00e9cnico y dram\u00e1tico. Nacen constantemente nuevos ballets que son recreaciones de antiguos con montajes novedosos.<\/p>\n<p style=\"text-align: justify\"><a href=\"http:\/\/www.hagaselamusica.com\/clasica-y-opera\/ballet\/historia-del-ballet\/\" target=\"_blank\">Leer m\u00e1s sobre el inicio de la danza...<\/a><\/p>\n<p style=\"text-align: justify\"><a href=\"http:\/\/www.danzaballet.com\/el-ballet-y-las-zapatillas-de-puntas-curso-de-iniciacion-a-las-puntas\/\" target=\"_blank\">Las puntas de Ballet...<\/a><\/p>\n<p style=\"text-align: left\"><img loading=\"lazy\" decoding=\"async\" id=\"irc_mi\" class=\" aligncenter\" src=\"http:\/\/3.bp.blogspot.com\/-XKC1t02656U\/U9Zd_hRNKxI\/AAAAAAACTM8\/l2CeraxzonQ\/s1600\/CHICAS+%28238%29.gif\" alt=\"\" width=\"200\" height=\"398\" \/><\/p>\n<p>~\"A muchos les parecer\u00eda aburrida esta danza, pero para mi es mi vida, mi mundo, m\u00e1s que un pasatiempo. Tienes la oportunidad de conocer a muchas personas que comparten tu Estilo de Vida.\u00a0Muchos de los bailarines sacrifican de todo para triunfar en el mundo de la danza, y es que no es f\u00e1cil... Muchos tienen que organizar su tiempo, su vida, y si es tu pasi\u00f3n, ese sacrificio valdr\u00e1 la pena. Cada d\u00eda entrenar para que un paso te salga a la perfecci\u00f3n,\u00a0sudor en clases, aguantar ca\u00eddas, lesiones, desprecio o admiraci\u00f3n. Cada d\u00eda el bailar\u00edn lucha por perfeccionar sus pasos.\"<\/p>\n<p>Deben verlo: <a href=\"https:\/\/www.youtube.com\/watch?v=tcqfN8J_wHM\" target=\"_blank\">El Ballet m\u00e1s imperfecto del Mundo!!!<\/a><\/p>\n<p>~Porque al bailar dices lo que no puedes con palabras...<\/p>\n<p>Polina Semionova: Mi Bailarina Favorita<\/p>\n<p><iframe loading=\"lazy\" title=\"ORIGINAL - Polina Semionova (HD - Ballet - H. Gr\u00f6nemeyer - instrumental)\" width=\"500\" height=\"375\" src=\"https:\/\/www.youtube.com\/embed\/UaO7bS5Ky6M?feature=oembed\" frameborder=\"0\" allow=\"accelerometer; autoplay; clipboard-write; encrypted-media; gyroscope; picture-in-picture; web-share\" referrerpolicy=\"strict-origin-when-cross-origin\" allowfullscreen><\/iframe><\/p>\n<p><iframe loading=\"lazy\" title=\"passage : Roberto Bolle e Polina Semionova\" width=\"500\" height=\"281\" src=\"https:\/\/www.youtube.com\/embed\/BXwQp4ikwdo?feature=oembed\" frameborder=\"0\" allow=\"accelerometer; autoplay; clipboard-write; encrypted-media; gyroscope; picture-in-picture; web-share\" referrerpolicy=\"strict-origin-when-cross-origin\" allowfullscreen><\/iframe><\/p>\n<p>*BAILARINAS<\/p>\n<p>Porque cada esfuerzo vale la pena... Si es tu pasi\u00f3n, el dolor deja de importar...<\/p>\n<p><a href=\"http:\/\/blog.espol.edu.ec\/jaristephaniia\/files\/2015\/06\/578021_388917331216332_1723992408_n.jpg\"><img loading=\"lazy\" decoding=\"async\" class=\"alignnone  wp-image-103\" src=\"http:\/\/blog.espol.edu.ec\/jaristephaniia\/files\/2015\/06\/578021_388917331216332_1723992408_n-300x200.jpg\" alt=\"578021_388917331216332_1723992408_n\" width=\"504\" height=\"335\" \/><\/a><\/p>\n<p>Aqu\u00ed una de las mejores: Miko Fogarty y mi variaci\u00f3n favorita: Esmeralda! \ud83d\ude09<\/p>\n<p><iframe loading=\"lazy\" title=\"Miko Fogarty, 16, Moscow IBC, Gold Medalist Final Round - Esmeralda -\" width=\"500\" height=\"281\" src=\"https:\/\/www.youtube.com\/embed\/50lAMbJUXfc?feature=oembed\" frameborder=\"0\" allow=\"accelerometer; autoplay; clipboard-write; encrypted-media; gyroscope; picture-in-picture; web-share\" referrerpolicy=\"strict-origin-when-cross-origin\" allowfullscreen><\/iframe><\/p>\n<p><iframe loading=\"lazy\" title=\"Miko Fogarty - 2015 Prix de Lausanne selections - Classical Variation\" width=\"500\" height=\"281\" src=\"https:\/\/www.youtube.com\/embed\/E3HmDPvVMY4?feature=oembed\" frameborder=\"0\" allow=\"accelerometer; autoplay; clipboard-write; encrypted-media; gyroscope; picture-in-picture; web-share\" referrerpolicy=\"strict-origin-when-cross-origin\" allowfullscreen><\/iframe><\/p>\n<p><iframe loading=\"lazy\" title=\"Miko Fogarty, 12, YAGP NY Final, Bronze Medalist - Don Quixote -\" width=\"500\" height=\"281\" src=\"https:\/\/www.youtube.com\/embed\/NeiYtTFM3UY?feature=oembed\" frameborder=\"0\" allow=\"accelerometer; autoplay; clipboard-write; encrypted-media; gyroscope; picture-in-picture; web-share\" referrerpolicy=\"strict-origin-when-cross-origin\" allowfullscreen><\/iframe><\/p>\n<p>Svetlana Zakharova, una bailarina muy reconocida! -La mejor de las mejores-<\/p>\n<p><iframe loading=\"lazy\" title=\"ROBERTO BOLLE and Svetlana Zakharova ~Swan Lake\" width=\"500\" height=\"375\" src=\"https:\/\/www.youtube.com\/embed\/UHbM58HMXZ4?feature=oembed\" frameborder=\"0\" allow=\"accelerometer; autoplay; clipboard-write; encrypted-media; gyroscope; picture-in-picture; web-share\" referrerpolicy=\"strict-origin-when-cross-origin\" allowfullscreen><\/iframe><\/p>\n<p>&nbsp;<\/p>\n","protected":false},"excerpt":{"rendered":"<p>BALLET El ballet nace como un espect\u00e1culo que englobaba pintura, poes\u00eda, m\u00fasica y danza. Ten\u00eda lugar en las cortes italianas del renacimiento, principalmente para banquetes y bailes. La actuaci\u00f3n se basaba en las danzas sociales de la \u00e9poca. Hacia mediados &hellip; <a href=\"https:\/\/blog.espol.edu.ec\/jaristephaniia\/ballet\/\">Sigue leyendo <span class=\"meta-nav\">&rarr;<\/span><\/a><\/p>\n","protected":false},"author":9694,"featured_media":0,"parent":0,"menu_order":0,"comment_status":"open","ping_status":"open","template":"","meta":{"footnotes":""},"class_list":["post-161","page","type-page","status-publish","hentry"],"_links":{"self":[{"href":"https:\/\/blog.espol.edu.ec\/jaristephaniia\/wp-json\/wp\/v2\/pages\/161","targetHints":{"allow":["GET"]}}],"collection":[{"href":"https:\/\/blog.espol.edu.ec\/jaristephaniia\/wp-json\/wp\/v2\/pages"}],"about":[{"href":"https:\/\/blog.espol.edu.ec\/jaristephaniia\/wp-json\/wp\/v2\/types\/page"}],"author":[{"embeddable":true,"href":"https:\/\/blog.espol.edu.ec\/jaristephaniia\/wp-json\/wp\/v2\/users\/9694"}],"replies":[{"embeddable":true,"href":"https:\/\/blog.espol.edu.ec\/jaristephaniia\/wp-json\/wp\/v2\/comments?post=161"}],"version-history":[{"count":3,"href":"https:\/\/blog.espol.edu.ec\/jaristephaniia\/wp-json\/wp\/v2\/pages\/161\/revisions"}],"predecessor-version":[{"id":164,"href":"https:\/\/blog.espol.edu.ec\/jaristephaniia\/wp-json\/wp\/v2\/pages\/161\/revisions\/164"}],"wp:attachment":[{"href":"https:\/\/blog.espol.edu.ec\/jaristephaniia\/wp-json\/wp\/v2\/media?parent=161"}],"curies":[{"name":"wp","href":"https:\/\/api.w.org\/{rel}","templated":true}]}}