{"id":102,"date":"2011-10-30T17:48:29","date_gmt":"2011-10-30T17:48:29","guid":{"rendered":"http:\/\/blog.espol.edu.ec\/jasmibar\/?page_id=102"},"modified":"2012-01-18T03:37:02","modified_gmt":"2012-01-18T03:37:02","slug":"proyecto-abet-espol-2011","status":"publish","type":"page","link":"https:\/\/blog.espol.edu.ec\/jasmibar\/proyecto-abet-espol-2011\/","title":{"rendered":"PROYECTO ABET - ESPOL 2011"},"content":{"rendered":"<p style=\"text-align: center\">AQUI ESTA EL DOCUMENTO DEL ABET ESPERO QUE LES SIRVA, ANEXEN LAS TAREAS AQUI.<\/p>\n<p style=\"text-align: center\"><a href=\"http:\/\/blog.espol.edu.ec\/jasmibar\/files\/2011\/10\/ABET-ARROZ-ORIGINAL-con-las-40-preguntas..docx\">ABET ARROZ ORIGINAL con las 40 preguntas.<\/a><\/p>\n<p style=\"text-align: center\"><a href=\"http:\/\/blog.espol.edu.ec\/jasmibar\/files\/2011\/10\/SEGUNDA-PARTE-DEL-ABET.docx\">SEGUNDA PARTE DEL ABET<\/a><\/p>\n<p style=\"text-align: center\"><a href=\"http:\/\/blog.espol.edu.ec\/jasmibar\/files\/2011\/10\/curva-de-crecimiento.xlsx\">CURVA DE CRECIMIENTO DE MI ARROZ <\/a><\/p>\n<p>\u00a0HE AQUI MI GALERIA DE FOTOS DE MI ARROZ<\/p>\n\n\t\t<style type=\"text\/css\">\n\t\t\t#gallery-1 {\n\t\t\t\tmargin: auto;\n\t\t\t}\n\t\t\t#gallery-1 .gallery-item {\n\t\t\t\tfloat: left;\n\t\t\t\tmargin-top: 10px;\n\t\t\t\ttext-align: center;\n\t\t\t\twidth: 33%;\n\t\t\t}\n\t\t\t#gallery-1 img {\n\t\t\t\tborder: 2px solid #cfcfcf;\n\t\t\t}\n\t\t\t#gallery-1 .gallery-caption {\n\t\t\t\tmargin-left: 0;\n\t\t\t}\n\t\t\t\/* see gallery_shortcode() in wp-includes\/media.php *\/\n\t\t<\/style>\n\t\t<div id='gallery-1' class='gallery galleryid-102 gallery-columns-3 gallery-size-thumbnail'><dl class='gallery-item'>\n\t\t\t<dt class='gallery-icon portrait'>\n\t\t\t\t<a href='https:\/\/blog.espol.edu.ec\/jasmibar\/files\/2011\/10\/IMG0395A.jpg'><img loading=\"lazy\" decoding=\"async\" width=\"150\" height=\"150\" src=\"https:\/\/blog.espol.edu.ec\/jasmibar\/files\/2011\/10\/IMG0395A-150x150.jpg\" class=\"attachment-thumbnail size-thumbnail\" alt=\"\" \/><\/a>\n\t\t\t<\/dt><\/dl><dl class='gallery-item'>\n\t\t\t<dt class='gallery-icon portrait'>\n\t\t\t\t<a href='https:\/\/blog.espol.edu.ec\/jasmibar\/files\/2011\/10\/DSC02040.jpg'><img loading=\"lazy\" decoding=\"async\" width=\"150\" height=\"150\" src=\"https:\/\/blog.espol.edu.ec\/jasmibar\/files\/2011\/10\/DSC02040-150x150.jpg\" class=\"attachment-thumbnail size-thumbnail\" alt=\"\" \/><\/a>\n\t\t\t<\/dt><\/dl><dl class='gallery-item'>\n\t\t\t<dt class='gallery-icon landscape'>\n\t\t\t\t<a href='https:\/\/blog.espol.edu.ec\/jasmibar\/files\/2011\/10\/DSC01869.jpg'><img loading=\"lazy\" decoding=\"async\" width=\"150\" height=\"150\" src=\"https:\/\/blog.espol.edu.ec\/jasmibar\/files\/2011\/10\/DSC01869-150x150.jpg\" class=\"attachment-thumbnail size-thumbnail\" alt=\"\" \/><\/a>\n\t\t\t<\/dt><\/dl><br style=\"clear: both\" \/><dl class='gallery-item'>\n\t\t\t<dt class='gallery-icon portrait'>\n\t\t\t\t<a href='https:\/\/blog.espol.edu.ec\/jasmibar\/files\/2011\/10\/DSC01867.jpg'><img loading=\"lazy\" decoding=\"async\" width=\"150\" height=\"150\" src=\"https:\/\/blog.espol.edu.ec\/jasmibar\/files\/2011\/10\/DSC01867-150x150.jpg\" class=\"attachment-thumbnail size-thumbnail\" alt=\"\" \/><\/a>\n\t\t\t<\/dt><\/dl><dl class='gallery-item'>\n\t\t\t<dt class='gallery-icon landscape'>\n\t\t\t\t<a href='https:\/\/blog.espol.edu.ec\/jasmibar\/files\/2011\/10\/393592_201815029901603_100002193230541_437880_2037056082_n.jpg'><img loading=\"lazy\" decoding=\"async\" width=\"150\" height=\"150\" src=\"https:\/\/blog.espol.edu.ec\/jasmibar\/files\/2011\/10\/393592_201815029901603_100002193230541_437880_2037056082_n-150x150.jpg\" class=\"attachment-thumbnail size-thumbnail\" alt=\"\" \/><\/a>\n\t\t\t<\/dt><\/dl><dl class='gallery-item'>\n\t\t\t<dt class='gallery-icon landscape'>\n\t\t\t\t<a href='https:\/\/blog.espol.edu.ec\/jasmibar\/files\/2011\/10\/393404_201815103234929_100002193230541_437881_454849777_n.jpg'><img loading=\"lazy\" decoding=\"async\" width=\"150\" height=\"150\" src=\"https:\/\/blog.espol.edu.ec\/jasmibar\/files\/2011\/10\/393404_201815103234929_100002193230541_437881_454849777_n-150x150.jpg\" class=\"attachment-thumbnail size-thumbnail\" alt=\"\" \/><\/a>\n\t\t\t<\/dt><\/dl><br style=\"clear: both\" \/><dl class='gallery-item'>\n\t\t\t<dt class='gallery-icon landscape'>\n\t\t\t\t<a href='https:\/\/blog.espol.edu.ec\/jasmibar\/files\/2011\/10\/379783_201815383234901_100002193230541_437884_1744208903_n.jpg'><img loading=\"lazy\" decoding=\"async\" width=\"150\" height=\"150\" src=\"https:\/\/blog.espol.edu.ec\/jasmibar\/files\/2011\/10\/379783_201815383234901_100002193230541_437884_1744208903_n-150x150.jpg\" class=\"attachment-thumbnail size-thumbnail\" alt=\"\" \/><\/a>\n\t\t\t<\/dt><\/dl>\n\t\t\t<br style='clear: both' \/>\n\t\t<\/div>\n\n<p>&nbsp;<\/p>\n<ol>\n<li><span style=\"color: #000000\"><span style=\"font-style: normal\"><span style=\"font-weight: normal\"><span style=\"color: #800000\">I. <\/span><\/span><\/span><\/span><span style=\"color: #000000\"><span style=\"font-style: normal\"><span style=\"font-weight: normal\"><span style=\"color: #800000\">CRITERIOS H Y J DEL ABET. <\/span><\/span><\/span><\/span><\/li>\n<\/ol>\n<ul>\n<li><span style=\"text-decoration: underline\"><span style=\"color: #000000\"><span style=\"font-style: normal\">\u00bfQU\u00c9 ES EL INTERNATIONAL RICE RESEARCH INSTITUTE?<\/span><\/span><\/span><\/li>\n<\/ul>\n<address>\n<p style=\"text-align: justify\"><span style=\"color: #000000\"><span style=\"font-style: normal\"><span style=\"font-weight: normal\">IRRI, o el International Rice Research Institute, es una investigaci\u00f3n sin fines de lucro independiente y la capacitaci\u00f3n. IRRI es parte del <\/span><\/span><\/span><a href=\"http:\/\/www.cgiar.org\/\" target=\"_blank\"><span style=\"color: #000000\"><span style=\"font-style: normal\"><span style=\"font-weight: normal\">Grupo Consultivo sobre Agricultura <\/span><\/span><\/span><\/a><span style=\"color: #000000\"><span style=\"font-style: normal\"><span style=\"font-weight: normal\">(CGIAR).<\/span><\/span><\/span><\/p>\n<\/address>\n<ul style=\"text-align: justify\">\n<li><span style=\"text-decoration: underline\"><span style=\"color: #000000\"><span style=\"font-style: normal\">DETALLES SIGNIFICATIVOS DE LOS TRABAJOS DEL IRRI EN T\u00c9RMINOS DE SU CARREARA DE INGENIER\u00cdA. <\/span><\/span><\/span><\/li>\n<\/ul>\n<address>\n<p style=\"text-align: justify\"><span style=\"color: #000000\"><span style=\"font-style: normal\"><span style=\"font-weight: normal\">Uno de los detalles mas significativo es la producci\u00f3n mas eficaz por medio de la automatizaci\u00f3n industrial para obtener un mejor producto y mayor alcance para las personas de menos estatus econ\u00f3mico y por medio de el IRRI y sus grandes avances investigativos sobre esta maravillosa gram\u00ednea, podemos implementar mejores ideas para su cultivo como lo avenido haciendo el IRRI.<\/span><\/span><\/span><\/p>\n<\/address>\n<ul>\n<li><span style=\"text-decoration: underline\"><span style=\"color: #000000\"><span style=\"font-style: normal\">CUAL ES VALOR ESTRATEGICO DEL IRRI<\/span><\/span><\/span><\/li>\n<\/ul>\n<address>\n<p style=\"text-align: justify\"><span style=\"color: #000000\"><span style=\"font-style: normal\"><span style=\"font-weight: normal\">IRRI desarrolla nuevas variedades de arroz y las t\u00e9cnicas de manejo de cultivos que ayudan a los productores de arroz mejorar el rendimiento y la calidad de su arroz de una manera ambientalmente sostenible. Trabajamos con nuestros socios del sector p\u00fablico y privado en la investigaci\u00f3n agr\u00edcola nacional y los sistemas de extensi\u00f3n en los principales pa\u00edses productores de arroz para hacer la investigaci\u00f3n, capacitaci\u00f3n y transferencia de conocimientos. Nuestra investigaci\u00f3n social y econ\u00f3mica tambi\u00e9n informa a los gobiernos para ayudar a formular pol\u00edticas para mejorar el suministro equitativo de arroz.<\/span><\/span><\/span><\/p>\n<\/address>\n<ul>\n<li><span style=\"text-decoration: underline\"><span style=\"color: #000000\"><span style=\"font-style: normal\">UBICACI\u00d3N DE LA OFICINA MATRIZ DE IRRI.<\/span><\/span><\/span><\/li>\n<\/ul>\n<address><span style=\"color: #000000\"><span style=\"font-style: normal\"><span style=\"font-weight: normal\">El IRRI tiene su sede central en Los Ba\u00f1os, Filipinas y fue creado en 1960 con el apoyo de la Fundaci\u00f3n Rockefeller,\u00a0 la Fundaci\u00f3n Ford y el Gobierno de Filipinas. Es un centro de investigaci\u00f3n y formaci\u00f3n agraria sin \u00e1nimo de lucro que tiene por objetivo mejorar las condiciones de vida de las poblaciones que dependen del arroz.<\/span><\/span><\/span><\/address>\n<ul>\n<li><span style=\"text-decoration: underline\"><span style=\"color: #000000\"><span style=\"font-style: normal\">EN QUE AREAS INVIERTE EL IRRI SUS RECURSOS ECONOMICOS DESTINADOS HACER LABOR CIENTIFICA.<\/span><\/span><\/span><\/li>\n<\/ul>\n<address><span style=\"color: #000000\"><span style=\"font-style: normal\"><span style=\"font-weight: normal\">El <\/span><\/span><\/span><a href=\"http:\/\/www.irri.org\/\" target=\"_blank\"><span style=\"color: #000000\"><span style=\"font-style: normal\"><span style=\"font-weight: normal\">International Rice Research Institute (IRRI) <\/span><\/span><\/span><\/a><span style=\"color: #000000\"><span style=\"font-style: normal\"><span style=\"font-weight: normal\">llevar\u00e1 GRiSP y actividades en Asia, con el <\/span><\/span><\/span><a href=\"http:\/\/www.warda.org\/\" target=\"_blank\"><span style=\"color: #000000\"><span style=\"font-style: normal\"><span style=\"font-weight: normal\">Centro Africano del Arroz (AfricaRice) <\/span><\/span><\/span><\/a><span style=\"color: #000000\"><span style=\"font-style: normal\"><span style=\"font-weight: normal\">dirigir el trabajo en \u00c1frica y el <\/span><\/span><\/span><a href=\"http:\/\/www.ciat.cgiar.org\/\" target=\"_blank\"><span style=\"color: #000000\"><span style=\"font-style: normal\"><span style=\"font-weight: normal\">Centro Internacional de Agricultura Tropical (CIAT), <\/span><\/span><\/span><\/a><span style=\"color: #000000\"><span style=\"font-style: normal\"><span style=\"font-weight: normal\">el trabajo en la regi\u00f3n de Am\u00e9rica Latina y el Caribe. Otras operan a nivel internacional las organizaciones de investigaci\u00f3n como el <\/span><\/span><\/span><a href=\"http:\/\/www.cirad.fr\/\" target=\"_blank\"><span style=\"color: #000000\"><span style=\"font-style: normal\"><span style=\"font-weight: normal\">Centro de Cooperaci\u00f3n Internacional en Investigaci\u00f3n Agron\u00f3mica pour le D\u00e9veloppement (CIRAD) <\/span><\/span><\/span><\/a><span style=\"color: #000000\"><span style=\"font-style: normal\"><span style=\"font-weight: normal\">, <\/span><\/span><\/span><a href=\"http:\/\/www.ird.fr\/\" target=\"_blank\"><span style=\"color: #000000\"><span style=\"font-style: normal\"><span style=\"font-weight: normal\">L'Institut de Recherche pour le D\u00e9veloppement (IRD) <\/span><\/span><\/span><\/a><span style=\"color: #000000\"><span style=\"font-style: normal\"><span style=\"font-weight: normal\">, y el <\/span><\/span><\/span><a href=\"http:\/\/www.jircas.affrc.go.jp\/\" target=\"_blank\"><span style=\"color: #000000\"><span style=\"font-style: normal\"><span style=\"font-weight: normal\">Jap\u00f3n, Centro Internacional de Investigaciones para las Ciencias Agr\u00edcolas (JIRCAS) <\/span><\/span><\/span><\/a><span style=\"color: #000000\"><span style=\"font-style: normal\"><span style=\"font-weight: normal\">jugar\u00e1 un papel estrat\u00e9gico en m\u00e1s asociaciones GRiSP y muchos se fomentar\u00e1.<\/span><\/span><\/span>\u00a0<\/address>\n<ul>\n<li><span style=\"color: #000000\"><span style=\"font-style: normal\">\u00bfES NECESARIA UNA OFICINA DEL IRRI EN EL PAIS?<\/span><\/span><\/li>\n<\/ul>\n<address><span style=\"color: #000000\"><span style=\"font-style: normal\"><span style=\"font-weight: normal\">Si seria fundamental para la producci\u00f3n y el cuidado del cultivo del arroz en nuestro pa\u00eds y seria un punto de arranque esencial para la producci\u00f3n agr\u00edcola del ecuador, y para tener una mejor producci\u00f3n de arroz y contrarrestar la pobreza y hambre de nuestros habitantes y tener un mejor producto que satisfaga a los consumidores.<\/span><\/span><\/span><\/address>\n<ul>\n<li><span style=\"color: #000000\"><span style=\"font-style: normal\">CONSIDERA QUE LAS FUNCIONES DEL IRRI PUEDEN SER REALKIZADAS POR OTRAS ORGANIZACIONES YA EXISTENTES EN NUESTRO PAIS.<\/span><\/span><\/li>\n<\/ul>\n<address><span style=\"color: #000000\"><span style=\"font-style: normal\"><span style=\"font-weight: normal\">Si una de los ministerios que hay en nuestro pa\u00eds es <\/span><\/span><\/span><a href=\"http:\/\/www.google.com.ec\/url?q=http:\/\/www.aladi.org\/nsfaladi\/reuniones.nsf\/d7a9692370623189032569960066550d\/fbcfa465d339a9f303256b9f006ce390\/%24FILE\/ecuador.doc&amp;sa=U&amp;ei=PHStTsrDKpLpgQei7tXkDw&amp;ved=0CBoQFjAE&amp;usg=AFQjCNEgaFyJ5wKeg_h9XF8xZrozTCtc3A\"><span style=\"color: #000000\"><span style=\"font-style: normal\"><span style=\"font-weight: normal\">MINISTERIO DE <\/span><\/span><\/span><span style=\"color: #000000\"><span style=\"font-style: normal\"><span style=\"font-weight: normal\">AGRICULTURA<\/span><\/span><\/span><span style=\"color: #000000\"><span style=\"font-style: normal\"><span style=\"font-weight: normal\"> Y GANDERIA<\/span><\/span><\/span><\/a><span style=\"color: #000000\"><span style=\"font-style: normal\"><span style=\"font-weight: normal\"> quienes se podr\u00edan hacer cargo de este importante tema de la producci\u00f3n y cuidado del arroz como seria \u00a0CORPCOM (corporaci\u00f3n de industriales del ecuador).<\/span><\/span><\/span>\u00a0<\/address>\n<ul>\n<li><span style=\"text-decoration: underline\"><span style=\"color: #000000\"><span style=\"font-style: normal\">Misi\u00f3n y metas del IRRI.<\/span><\/span><\/span><\/li>\n<\/ul>\n<address><span style=\"color: #000000\"><span style=\"font-style: normal\">Misi\u00f3n<span style=\"font-weight: normal\">.<\/span><\/span><\/span><span style=\"color: #000000\"><span style=\"font-style: normal\"><span style=\"font-weight: normal\">Para reducir la pobreza y el hambre, mejorar la salud de los agricultores y consumidores de arroz, y asegurar la sostenibilidad ambiental a trav\u00e9s de la investigaci\u00f3n en colaboraci\u00f3n, las asociaciones y el fortalecimiento de los sistemas agr\u00edcolas de investigaci\u00f3n y extensi\u00f3n.<\/span><\/span><\/span><span style=\"color: #000000\"><span style=\"font-style: normal\"> Metas.<\/span><\/span><\/address>\n<ul>\n<li><span style=\"color: #000000\"><span style=\"font-style: normal\"><span style=\"font-weight: normal\">Reducir la pobreza mediante la mejora y diversificaci\u00f3n de los sistemas a base de arroz.<\/span><\/span><\/span><\/li>\n<li><span style=\"color: #000000\"><span style=\"font-style: normal\"><span style=\"font-weight: normal\">Aseg\u00farese de que la producci\u00f3n de arroz es sostenible y estable, tiene un m\u00ednimo impacto ambiental negativo, y puede hacer frente al cambio clim\u00e1tico.<\/span><\/span><\/span><\/li>\n<li><span style=\"color: #000000\"><span style=\"font-style: normal\"><span style=\"font-weight: normal\">Mejorar la nutrici\u00f3n y la salud de los consumidores de arroz pobres y los productores de arroz.<\/span><\/span><\/span><\/li>\n<li><span style=\"color: #000000\"><span style=\"font-style: normal\"><span style=\"font-weight: normal\">Proporcionar un acceso equitativo a la informaci\u00f3n y el conocimiento sobre el arroz y ayudar a desarrollar la pr\u00f3xima generaci\u00f3n de cient\u00edficos de arroz.<\/span><\/span><\/span><\/li>\n<li><span style=\"color: #000000\"><span style=\"font-style: normal\"><span style=\"font-weight: normal\">Proporcionar a los cient\u00edficos y los productores de arroz con la informaci\u00f3n gen\u00e9tica y el material que necesitan para desarrollar mejores tecnolog\u00edas y aumentar la producci\u00f3n de arroz.<\/span><\/span><\/span><\/li>\n<li><span style=\"color: #000000\"><span style=\"font-style: normal\"><span style=\"font-weight: normal\">Objetivos del IRRI contribuir a la <\/span><\/span><\/span><a href=\"http:\/\/www.un.org\/millenniumgoals\/\" target=\"_blank\"><span style=\"color: #000000\"><span style=\"font-style: normal\"><span style=\"font-weight: normal\">Metas de Desarrollo del Milenio de las Naciones Unidas<\/span><\/span><\/span><\/a><span style=\"color: #000000\"><span style=\"font-style: normal\"><span style=\"font-weight: normal\">para erradicar la pobreza extrema y el hambre y garantizar la sostenibilidad del medio ambiente. Ellos tambi\u00e9n est\u00e1n alineados con los objetivos de la <\/span><\/span><\/span><a href=\"http:\/\/irri.org\/our-science\/global-rice-science-partnership-grisp\"><span style=\"color: #000000\"><span style=\"font-style: normal\"><span style=\"font-weight: normal\">Asociaci\u00f3n de arroz mundial de la ciencia<\/span><\/span><\/span><\/a><span style=\"color: #000000\"><span style=\"font-style: normal\"><span style=\"font-weight: normal\">que ayudan a ofrecer la investigaci\u00f3n coordinada a nivel internacional eficaz y eficiente con nuestros socios.<\/span><\/span><\/span><\/li>\n<\/ul>\n<ul>\n<li><span style=\"text-decoration: underline\"><span style=\"color: #000000\"><span style=\"font-style: normal\">\u00bfDE DONDE PROVIENEN LOS FONDOS DE IRRI?<\/span><\/span><\/span><\/li>\n<\/ul>\n<address>\n<p style=\"text-align: justify\"><span style=\"color: #000000\"><span style=\"font-style: normal\"><span style=\"font-weight: normal\">El IRRI es una <\/span><\/span><\/span><a href=\"http:\/\/en.wikipedia.org\/wiki\/Non-profit_organization\" target=\"_blank\"><span style=\"color: #000000\"><span style=\"font-style: normal\"><span style=\"font-weight: normal\">organizaci\u00f3n sin fines de lucro<\/span><\/span><\/span><\/a><span style=\"color: #000000\"><span style=\"font-style: normal\"><span style=\"font-weight: normal\">, lo que significa que todos los fondos que reciben van directamente hacia el logro de nuestros objetivos de reducir la pobreza y el hambre, mejorar la salud de los agricultores y consumidores de arroz, y asegurar que la producci\u00f3n de arroz es ambientalmente sostenible.<\/span><\/span><\/span><\/p>\n<p style=\"text-align: justify\"><span style=\"color: #000000\"><span style=\"font-style: normal\"><span style=\"font-weight: normal\">Hemos recibido apoyo financiero de donantes de todo el mundo, incluyendo los gobiernos, las fundaciones filantr\u00f3picas, el sector privado, organismos internacionales, universidades, as\u00ed como del Grupo Consultivo sobre Investigaci\u00f3n Agr\u00edcola Internacional (CGIAR). Inversiones de los donantes es fundamental para lograr nuestros objetivos.<\/span><\/span><\/span><\/p>\n<p style=\"text-align: justify\"><span style=\"color: #000000\"><span style=\"font-style: normal\"><span style=\"font-weight: normal\">El IRRI no tiene acuerdos comerciales o de lucro con nadie.<\/span><\/span><\/span><\/p>\n<p style=\"text-align: justify\"><span style=\"color: #000000\"><span style=\"font-style: normal\"><span style=\"font-weight: normal\">En 2010, el presupuesto del IRRI fue de alrededor de EE.UU. $ 57 millones. Las fuentes de financiaci\u00f3n incluido nuestro gobierno (48,3%), las fundaciones filantr\u00f3picas (31,6%), los organismos internacionales sin fines de lucro (11,9%), los centros del CGIAR y de los programas (4,8%), el sector privado (1,7%), y las universidades (1,7%).<\/span><\/span><\/span><\/p>\n<\/address>\n<ol>\n<li><span style=\"color: #000000\"><span style=\"font-style: normal\"> II. <\/span><\/span><span style=\"color: #000000\"><span style=\"font-style: normal\">CRITERIOS H Y J DEL ABET.<\/span><\/span><\/li>\n<\/ol>\n<ol>\n<li><span style=\"color: #000000\"><span style=\"font-style: normal\"> III. <\/span><\/span><span style=\"color: #000000\"><span style=\"font-style: normal\">CRITERIOS G,H Y J DEL ABET<\/span><\/span><\/li>\n<\/ol>\n<ul>\n<li><span style=\"text-decoration: underline\"><span style=\"color: #000000\"><span style=\"font-style: normal\">RELACION ENTRE EL INIAP Y EL IRRI.<\/span><\/span><\/span><\/li>\n<\/ul>\n<address>\n<p style=\"text-align: justify\"><span style=\"color: #000000\"><span style=\"font-style: normal\"><span style=\"font-weight: normal\">El <\/span><\/span><\/span><a href=\"http:\/\/www.irri.org\/\" target=\"_blank\"><span style=\"color: #000000\"><span style=\"font-style: normal\"><span style=\"font-weight: normal\">International Rice Research Institute (IRRI) <\/span><\/span><\/span><\/a><span style=\"color: #000000\"><span style=\"font-style: normal\"><span style=\"font-weight: normal\"> aun no tiene ning\u00fan convenio ni relaci\u00f3n con el Instituto Nacional Aut\u00f3nomo de Investigaci\u00f3n Agropecuario (INIAP), pero existen algunos proyectos que IRRI quiere implementar en nuestro pa\u00eds, solo falta un poco mas de colaboraci\u00f3n de nuestras entidades publicas para llevar acabo un gran proyecto como lo avenido haciendo el IRRI a lo largo de los a\u00f1os. Se deber\u00eda implementar proyectos que favorezcan al desarrollo productivo del arroz en nuestro medio y que nuestro Apis tambi\u00e9n sobresalga en los grandes productores de arroz como lo es la Rep\u00fablica del Brasil que tiene convenios con el IRRI.<\/span><\/span><\/span><\/p>\n<p>&nbsp;<\/p>\n<\/address>\n<ol>\n<li><span style=\"color: #000000\"><span style=\"font-style: normal\"> IV. <\/span><\/span><span style=\"color: #000000\"><span style=\"font-style: normal\">CRITERIOS G, H Y J DEL ABET. <\/span><\/span><\/li>\n<\/ol>\n<ol>\n<li><span style=\"color: #000000\"><span style=\"font-style: normal\"> V. <\/span><\/span><span style=\"color: #000000\"><span style=\"font-style: normal\">CRITERIOS G, H Y J DEL ABET.<\/span><\/span><\/li>\n<\/ol>\n<address>\n<p style=\"text-align: justify\"><span style=\"color: #000000\"><span style=\"font-style: normal\"><span style=\"font-weight: normal\">Reparar toda la maquinaria recuperando todas las piezas originales hasta conseguir que pudieran reproducir los movimientos que realizaban.<br \/>\nPresentar a los visitantes, de un modo directo e indirecto, no s\u00f3lo el proceso de transformaci\u00f3n del arroz c\u00e1scara procedente de los campos en arroz blanco apto para el consumo, sino tambi\u00e9n dar una perspectiva global que incluyera la agricultura y el consumo de este cereal tan arraigado en nuestra cultura.<br \/>\nDarle al contenido del Museo un car\u00e1cter did\u00e1ctico que pudiera ser \u00fatil a la mayor\u00eda de las personas que lo visitasen, adaptado a sus edades, su formaci\u00f3n y sus intereses<\/span><\/span><\/span><\/p>\n<p>&nbsp;<\/p>\n<\/address>\n<ol>\n<li><span style=\"color: #000000\"><span style=\"font-style: normal\"><span style=\"font-weight: normal\"> VI. <\/span><\/span><\/span><span style=\"color: #000000\"><span style=\"font-style: normal\"><span style=\"font-weight: normal\">CRITERIOS A, H Y J DEL ABET.<\/span><\/span><\/span><\/li>\n<\/ol>\n<p style=\"text-align: justify\">\n","protected":false},"excerpt":{"rendered":"<p>AQUI ESTA EL DOCUMENTO DEL ABET ESPERO QUE LES SIRVA, ANEXEN LAS TAREAS AQUI. ABET ARROZ ORIGINAL con las 40 preguntas. SEGUNDA PARTE DEL ABET CURVA DE CRECIMIENTO DE MI ARROZ \u00a0HE AQUI MI GALERIA DE FOTOS DE MI ARROZ &nbsp; I. CRITERIOS H Y J DEL ABET. \u00bfQU\u00c9 ES EL INTERNATIONAL RICE RESEARCH INSTITUTE? [&hellip;]<\/p>\n","protected":false},"author":6866,"featured_media":0,"parent":0,"menu_order":0,"comment_status":"open","ping_status":"open","template":"","meta":{"footnotes":""},"class_list":["post-102","page","type-page","status-publish","hentry"],"_links":{"self":[{"href":"https:\/\/blog.espol.edu.ec\/jasmibar\/wp-json\/wp\/v2\/pages\/102","targetHints":{"allow":["GET"]}}],"collection":[{"href":"https:\/\/blog.espol.edu.ec\/jasmibar\/wp-json\/wp\/v2\/pages"}],"about":[{"href":"https:\/\/blog.espol.edu.ec\/jasmibar\/wp-json\/wp\/v2\/types\/page"}],"author":[{"embeddable":true,"href":"https:\/\/blog.espol.edu.ec\/jasmibar\/wp-json\/wp\/v2\/users\/6866"}],"replies":[{"embeddable":true,"href":"https:\/\/blog.espol.edu.ec\/jasmibar\/wp-json\/wp\/v2\/comments?post=102"}],"version-history":[{"count":12,"href":"https:\/\/blog.espol.edu.ec\/jasmibar\/wp-json\/wp\/v2\/pages\/102\/revisions"}],"predecessor-version":[{"id":249,"href":"https:\/\/blog.espol.edu.ec\/jasmibar\/wp-json\/wp\/v2\/pages\/102\/revisions\/249"}],"wp:attachment":[{"href":"https:\/\/blog.espol.edu.ec\/jasmibar\/wp-json\/wp\/v2\/media?parent=102"}],"curies":[{"name":"wp","href":"https:\/\/api.w.org\/{rel}","templated":true}]}}