{"id":85,"date":"2011-10-28T23:49:29","date_gmt":"2011-10-28T23:49:29","guid":{"rendered":"http:\/\/blog.espol.edu.ec\/jasmibar\/?page_id=85"},"modified":"2012-01-15T04:31:09","modified_gmt":"2012-01-15T04:31:09","slug":"proyecto-de-emprendimiento-2011","status":"publish","type":"page","link":"https:\/\/blog.espol.edu.ec\/jasmibar\/proyecto-de-emprendimiento-2011\/","title":{"rendered":"PROYECTO DE EMPRENDIMIENTO 2011"},"content":{"rendered":"<h1 style=\"text-align: center\"><strong><span style=\"text-decoration: underline\"><em><span style=\"color: #ff0000\">PROYECTO ANGUELALB<\/span><\/em><\/span><\/strong><\/h1>\n<p><strong><span style=\"text-decoration: underline\"><em><span style=\"color: #ff0000\"><br \/>\n<\/span><\/em><\/span><\/strong><\/p>\n<p><strong><em><\/em><\/strong><span style=\"color: #008000\"><strong><em><a href=\"http:\/\/blog.espol.edu.ec\/jasmibar\/files\/2011\/10\/logotipo-final.jpg\"><img loading=\"lazy\" decoding=\"async\" class=\"aligncenter size-thumbnail wp-image-223\" src=\"http:\/\/blog.espol.edu.ec\/jasmibar\/files\/2011\/10\/logotipo-final-150x150.jpg\" alt=\"\" width=\"150\" height=\"150\" \/><\/a><\/em><\/strong><\/span><\/p>\n<p><span style=\"color: #008000\"><strong><em><br \/>\n<\/em><\/strong><\/span><\/p>\n<p><span style=\"color: #008000\"><strong><em>EN ESTOS LINCK\u00b4S\u00a0 ENCONTRARAS MAYOR INFORMACION SOBRE MI PROYECTO <\/em><\/strong><\/span><\/p>\n<p><span style=\"color: #008000\"><strong><em>DONDE ENCONTRARAS ARCHIVOS DEL PROCESO.<\/em><\/strong><\/span><\/p>\n<p><strong><em><span style=\"color: #ff0000\"><br \/>\n<\/span><\/em><\/strong><\/p>\n<p><a href=\"http:\/\/blog.espol.edu.ec\/jasmibar\/files\/2011\/10\/consome-de-albahaca-y-huevos-de-tiburon..docx\">consome de albahaca y huevos de tiburon.<\/a><\/p>\n<p><a href=\"http:\/\/blog.espol.edu.ec\/jasmibar\/files\/2011\/10\/ESCULA-SUPERIOR-POLITECNICA-DEL-LITORAL.docx\">ESCULA SUPERIOR POLITECNICA DEL LITORAL<\/a><\/p>\n<p><a href=\"http:\/\/blog.espol.edu.ec\/jasmibar\/files\/2011\/10\/informe-final-csect.docx\">INFORME DEL PROYECTO PREFINAL<\/a><\/p>\n<p>AQUI ESTA EL INFORME FINAL DEL PROYECTO CSECT 2011- 2012<\/p>\n<p><a href=\"http:\/\/blog.espol.edu.ec\/jasmibar\/files\/2011\/10\/informe-final-csect-FINAL-ENERO1.docx\">CSECT FINAL ENERO<\/a><\/p>\n<h1><strong><em>La albahaca medicinal<\/em><\/strong><\/h1>\n<p><strong>Nombre cient\u00edfico<\/strong><em>: Ocimun basilicum Varo \"crispum\" <\/em>. (Labiada).<\/p>\n<p><strong>Nombre com\u00fan<\/strong>: Alhahaca dulce.<\/p>\n<p style=\"text-align: justify\"><span style=\"text-decoration: underline\">Especies relacionadas:<\/span> O. gratissimun, O. canum, O. tenuif\/orum, n. micranthum, O. kilinlandscharicum, O. americanum, O. minimun.<br \/>\nGenero con 150 especies de anuales y perennes, arhustivas.<br \/>\nOriginaria de Persiay de Asia Menor, Ilego a Inglatcna en el siglo XVI y l\u00dae llevada a Am\u00e9rica por los primero pohladores. [_os hind\u00faes divinizahan a esta planta. El nombre gen\u00e9rico proviene del griego<\/p>\n<h1><a href=\"http:\/\/blog.espol.edu.ec\/jasmibar\/files\/2011\/10\/albahaca.jpg\"><img loading=\"lazy\" decoding=\"async\" class=\"alignright size-full wp-image-88\" src=\"http:\/\/blog.espol.edu.ec\/jasmibar\/files\/2011\/10\/albahaca.jpg\" alt=\"\" width=\"240\" height=\"180\" \/><\/a><\/h1>\n<p style=\"text-align: justify\">\"\u00f3kimon\", que significa oloroso (por las flores y las hojas). El nombre espec\u00edfico, por la palabra \"hasilikon\" que significa real o regio, por sus caracter\u00edsticas principales.<\/p>\n<p><strong>DESCRIPCION<\/strong><\/p>\n<p style=\"text-align: justify\">Es una planta herb\u00e1cea, arom\u00e1tica anual o bianual, seg\u00fan las condiciones del ambiente donde se encuentre. Las hojas son jugosas, arom\u00e1ticas, pccioladas opuestas, finamente dentadas o aserradas y ovaladas. Tallos erguidos, ramillados, de hasta 50 cm. de alto, cuadrangulares. Las flores dispuestas en la parte superior del tallo o en el extremo de las ramas, son de color blanco aunque existen p\u00farpuras p\u00e1lido, se hallan dispuestas en espigas axilares. C\u00e1liz ovoide, labio superior de la corola con cuatro hendiduras. Fruto formado por cuatro aquenios, lisos y peque\u00f1os.<\/p>\n<h2 style=\"text-align: justify\">PROPIEDADES Y APLICACIONES DE LA ALBAHACA<\/h2>\n<p style=\"text-align: justify\">Combate la depresi\u00f3n, el agotamiento, el insomnio y la jaqueca. Es digest.iva, antiespasm\u00f3dica, contra la inapetencia, dispepsias nerviosas, es carminativa, puede aumentar la secreci\u00f3n de leche en las madres. Es diur\u00e9tica y disminuye estados febriles. Se la utiliza como digestiva, contra espasmos gastro~intestinales, es diur\u00e9tica, contra par\u00e1sitos intestinales y en dispepsias nerviosas. Tambi\u00e9n como vulnerar\u00eda y para calmar irritaciones cut\u00e1neas. En antitusiva y es muy propicia contra la faringitis y laringitis. Se emplea en jaquecas de origen nervioso o digestivo, como sedante, desinflamante de aftas y pezones irritados. Activa el sistema inmunol\u00f3gico y aumenta los anticuerpos. Combate el acn\u00e9. Se le atribuyen propiedades afrodis\u00edacas. Es cicatrizante, analg\u00e9sica, antis\u00e9ptica y contra las inflamaciones osteo-articulares.<br \/>\nSe la aplica en infusiones, cocimientos, cataplasmas, pomadas, tinturas, b\u00e1lsamos, lociones, compresas jarabes, jabones, cremas, fresca y seca, en polvo.<\/p>\n<p style=\"text-align: justify\"><strong>MODOS DE EMPLEO<br \/>\n<\/strong><\/p>\n<p style=\"text-align: justify\"><strong>Culinario y Arom\u00e1tico <\/strong><\/p>\n<p style=\"text-align: justify\">Para condimentos de sopas, ensaladas, carnes blancas y rojas, pastas, estofados, guisos y salsas. Es muy apreciada en el arte culinario, entre otras preparaciones, el pesto se realiza con ajo picado, albahaca picada y aceit.e de oliva. Se la emplea en potpurr\u00edes, en perfumer\u00eda para preparar lociones, jabones y productos de cosm\u00e9tica, tambi\u00e9n frecuentemente en licorer\u00eda. En ensaladas aporta un exquisito aroma a jengibre.<\/p>\n<p style=\"text-align: justify\"><strong>Uso interno<\/strong><\/p>\n<p style=\"text-align: justify\">Para resfriados, las glipes, contra la depresi\u00f3n, el agotamiento, el insomnio, los problemas digestivos y dispepsias nerviosas e incluso como carminativa, se emplea en infusiones: Se coloca un litro de agua a punto de hervir en 10 grs. de partes tallos y hojas, se deja reposar tapado 5 minutos y se filtra, se le puede agregar una cucharada de miel. Se debe beber 1 taza diaria durante dos semanas, dejar pasar una semana y repetir, as\u00ed durante tres meses.<\/p>\n<p style=\"text-align: justify\">Como carminativa se prepara una infusi\u00f3n con 15 grs. de partes frescas (tallos y hojas) en un litro de agua a punto de hervir. Se deja reposar 10 minutos tapada, se filtra y se beben 2 tazas diarias, durante el tiempo necesario.<\/p>\n<p style=\"text-align: justify\">Para aumentar la secreci\u00f3n de leche en las madres, como diur\u00e9tico y para disminuir los estados febriles, es \u00fatil preparar un cocimiento con 5 gramos de flores o 10 de hojas, hervir durante 5 minutos, dejar reposar otros 5 minutos sin tapar y filtrar. Se beben dos tazas durante una semana.<\/p>\n<p style=\"text-align: justify\">Para fortalecer el sistema inmunol\u00f3gico se prepara una infusi\u00f3n de un litro de agua casi hervida en 5 grs. De flores frescas. Se deja reposar 10 minutos semitapada y se filtra. Se bebe una taza todos los d\u00edas, durante dos semanas.<\/p>\n<p style=\"text-align: justify\"><strong>Uso externo<\/strong><\/p>\n<p style=\"text-align: justify\"><strong>\n\t\t<style type=\"text\/css\">\n\t\t\t#gallery-1 {\n\t\t\t\tmargin: auto;\n\t\t\t}\n\t\t\t#gallery-1 .gallery-item {\n\t\t\t\tfloat: left;\n\t\t\t\tmargin-top: 10px;\n\t\t\t\ttext-align: center;\n\t\t\t\twidth: 33%;\n\t\t\t}\n\t\t\t#gallery-1 img {\n\t\t\t\tborder: 2px solid #cfcfcf;\n\t\t\t}\n\t\t\t#gallery-1 .gallery-caption {\n\t\t\t\tmargin-left: 0;\n\t\t\t}\n\t\t\t\/* see gallery_shortcode() in wp-includes\/media.php *\/\n\t\t<\/style>\n\t\t<div id='gallery-1' class='gallery galleryid-85 gallery-columns-3 gallery-size-thumbnail'><dl class='gallery-item'>\n\t\t\t<dt class='gallery-icon landscape'>\n\t\t\t\t<a href='https:\/\/blog.espol.edu.ec\/jasmibar\/files\/2011\/10\/albahaca.jpg'><img loading=\"lazy\" decoding=\"async\" width=\"150\" height=\"150\" src=\"https:\/\/blog.espol.edu.ec\/jasmibar\/files\/2011\/10\/albahaca-150x150.jpg\" class=\"attachment-thumbnail size-thumbnail\" alt=\"\" \/><\/a>\n\t\t\t<\/dt><\/dl><dl class='gallery-item'>\n\t\t\t<dt class='gallery-icon landscape'>\n\t\t\t\t<a href='https:\/\/blog.espol.edu.ec\/jasmibar\/files\/2011\/10\/Aceite_de_albahaca.jpg'><img loading=\"lazy\" decoding=\"async\" width=\"150\" height=\"150\" src=\"https:\/\/blog.espol.edu.ec\/jasmibar\/files\/2011\/10\/Aceite_de_albahaca-150x150.jpg\" class=\"attachment-thumbnail size-thumbnail\" alt=\"\" \/><\/a>\n\t\t\t<\/dt><\/dl><dl class='gallery-item'>\n\t\t\t<dt class='gallery-icon landscape'>\n\t\t\t\t<a href='https:\/\/blog.espol.edu.ec\/jasmibar\/files\/2011\/10\/angelalb-copia.jpg'><img loading=\"lazy\" decoding=\"async\" width=\"150\" height=\"150\" src=\"https:\/\/blog.espol.edu.ec\/jasmibar\/files\/2011\/10\/angelalb-copia-150x150.jpg\" class=\"attachment-thumbnail size-thumbnail\" alt=\"\" \/><\/a>\n\t\t\t<\/dt><\/dl><br style=\"clear: both\" \/><dl class='gallery-item'>\n\t\t\t<dt class='gallery-icon landscape'>\n\t\t\t\t<a href='https:\/\/blog.espol.edu.ec\/jasmibar\/files\/2011\/10\/logotipo-final.jpg'><img loading=\"lazy\" decoding=\"async\" width=\"150\" height=\"150\" src=\"https:\/\/blog.espol.edu.ec\/jasmibar\/files\/2011\/10\/logotipo-final-150x150.jpg\" class=\"attachment-thumbnail size-thumbnail\" alt=\"\" \/><\/a>\n\t\t\t<\/dt><\/dl>\n\t\t\t<br style='clear: both' \/>\n\t\t<\/div>\n<\/p>\n<p><\/strong><\/p>\n<p>&nbsp;<\/p>\n<p>&nbsp;<\/p>\n<p>&nbsp;<\/p>\n<p>&nbsp;<\/p>\n<p>&nbsp;<\/p>\n<p>&nbsp;<\/p>\n<p>&nbsp;<\/p>\n<p>&nbsp;<\/p>\n<p>&nbsp;<\/p>\n<p>&nbsp;<\/p>\n<p>&nbsp;<\/p>\n<p>&nbsp;<\/p>\n<p>&nbsp;<\/p>\n<p>&nbsp;<\/p>\n<p>&nbsp;<\/p>\n<p>&nbsp;<\/p>\n<p>&nbsp;<\/p>\n<p>&nbsp;<\/p>\n<p>&nbsp;<\/p>\n<p>&nbsp;<\/p>\n<p>&nbsp;<\/p>\n<p>&nbsp;<\/p>\n<p>&nbsp;<\/p>\n<p>&nbsp;<\/p>\n<p>&nbsp;<\/p>\n<p style=\"text-align: justify\">Para combatir problemas infecciosos d\u00e9rmicos, causados por bacterias y hongos, para el acn\u00e9, o como antis\u00e9ptica, se la emplea en cataplasmas, tintura o b\u00e1lsamo. Para lo primero, con 30 grs. de hojas frescas que se dejan macerar en agua por 6 horas, se le agregan 2 cucharadas de polenta o s\u00e9mola y se envuelve con una gasa, aplicar durante 5 minutos tibia y cambiar.<\/p>\n<p style=\"text-align: justify\">La tintura se prepara colocando 40 grs, de hojas y tallos en un litro de alcohol medicinal durante 6 d\u00edas, se filtra y se guarda en frasco oscuro, se aplica en friccio\u00adnes 3 veces por d\u00eda.<br \/>\nEl b\u00e1lsamo, se prepara colocando 30 grs. en un litro de aceite de oliva, en frasco oscuro, al mes se filtra y se encuentra listo para ser utilizado sobre las partes afectadas.<\/p>\n<p style=\"text-align: justify\">El aceite esencial se 10 emplea en perfumer\u00eda y jabones.<br \/>\nLa crema se realiza con 30 grs. de partes frescas machacadas en mortero y mezcladas con 50 grs. de crema base, 20 de cera de abeja y 30 de lanolina. Se mezcla todo y se calienta a ba\u00f1o de Mar\u00eda a fuego lento durante 50 minutos. Se le puede agregar 20 ml de tintura que se evapora al ba\u00f1o de Mar\u00eda. Se filtra en caliente y se coloca en recipientes oscuros. Se aplica en la zona afectada 2 o 3 veces por d\u00eda.<\/p>\n<h1 style=\"text-align: justify\">Cultivo de albahaca<\/h1>\n<p style=\"text-align: justify\">El cultivo de albahaca u Ocimum basilicum L, puede realizarse en un huerto, jard\u00edn o maceta. La albahaca es una hierba arom\u00e1tica anual, originaria de India, con tallos rectos m\u00faltiples, hojas verde lustroso, dentadas y textura sedosa, que puede alcanzar 1m de altura. Tiene flores tubulares agrupadas en espigas de color blanco o viol\u00e1ceo.<\/p>\n<p style=\"text-align: justify\">El cultivo de albahaca s\u00f3lo puede hacerse por semillas, que pueden sembrarse en semilleros o macetas en invernaderos, a principios o mediados de la primavera. La albahaca necesita exposici\u00f3n directa al sol, pero en climas calurosos, necesita algo de sombra. Esta planta es muy sensible a las heladas.<\/p>\n<p style=\"text-align: justify\">El\u00a0<strong>cultivo de albahaca<\/strong> requiere de suelos f\u00e9rtiles, permeables y h\u00famedos.<br \/>\nEs una planta muy apreciada en la gastronom\u00eda, por ello es com\u00fan el cultivo de albahaca en macetas, como planta de interiores, ubicada en el alf\u00e9izar de las ventanas de cocinas o en las terrazas. La albahaca es utilizada como t\u00f3nico, estimulante, digestivo y antis\u00e9ptico.<\/p>\n<h2 style=\"text-align: justify\">Caracter\u00edsticas del cultivo de albahaca:<\/h2>\n<p style=\"text-align: justify\">El cultivo de albahaca necesita mucha humedad, pero no tolera los encharcamientos, son preferibles los suelos con buen drenaje. Se adapta al pH del terreno, pero el ideal est\u00e1 entre 5,5-6,5. Para favorecer el crecimiento arbustivo, se despuntan las ramas cuando se forman los capullos florales.<\/p>\n<p style=\"text-align: justify\">El cultivo de albahaca en extensi\u00f3n es altamente rentable, por los rendimientos por hect\u00e1rea que ofrece, y con varios cortes al a\u00f1o. El producto del cultivo de albahaca puede comercializarse fresco, seco, o su aceite esencial.<\/p>\n<p style=\"text-align: justify\">El cultivo de albahaca se hace por semillas, en suelo directo o en maceteros. Se puede cubrir las semillas con 0,5cm de compost. La tierra para la siembra debe ser humedecida previamente. Las semillas de albahaca tardan aproximadamente una semana en germinar. Debido a su peque\u00f1o tama\u00f1o, es preferible sembrar una buena cantidad de semillas. Cuando las pl\u00e1ntulas hayan desarrollado dos pares de hojas, ser\u00e1 el momento de arrancar las pl\u00e1ntulas m\u00e1s d\u00e9biles, para favorecer el desarrollo de las m\u00e1s fuertes.<\/p>\n<p style=\"text-align: justify\">El cultivo de albahaca requiere lugares soleados, pero admite sitios ligeramente sombreados. En los climas fr\u00edos, las hojas se ponen negras en contacto con la escarcha. Es preferible no mojar las hojas al regar. El riego se puede hacer tres veces por semana si la planta est\u00e1 al sol, y si est\u00e1 a la sombra, bastar\u00e1 con una vez a la semana.<\/p>\n<p style=\"text-align: justify\">El abono debe hacerse antes de sembrar las semillas, y puede reforzarse cada cierto tiempo, empleando abono org\u00e1nico. Hay que cuidar el contenido de nitr\u00f3geno del terreno, ya que favorece la producci\u00f3n de hojas, pero en exceso, afecta su sabor.<\/p>\n<p style=\"text-align: justify\">Para mantener el sabor y aroma de las hojas, es preferible cortar las flores, a menos que se desee recolectar las semillas. Una manera de evitar la producci\u00f3n de flores, es cosechar las hojas de la parte alta de la planta (luego que la planta haya alcanzado 20cm de altura).<\/p>\n<p style=\"text-align: justify\">Una de las ventajas del\u00a0<em>cultivo de albahaca<\/em> es que las hojas pueden cosecharse todo el a\u00f1o, resultando beneficioso para la planta. Es necesario esperar a que la planta alcance determinada altura para cosechar las hojas.<\/p>\n<p style=\"text-align: center\"><span style=\"color: #ff0000\">HUEVOS DE\u00a0TIBUR\u00d3N\u00a0ANGELOTE<\/span><\/p>\n<h3 style=\"text-align: justify\">Angelote o tibur\u00f3n \u00e1ngel<\/h3>\n<div style=\"text-align: justify\">\n<p><a href=\"http:\/\/3.bp.blogspot.com\/_Z3u9Ki2Nw3c\/SZV6FqjFvBI\/AAAAAAAAAMg\/bEPeS2kHK_Q\/s1600-h\/angelote_tenerife_1.jpg\"><img decoding=\"async\" src=\"http:\/\/3.bp.blogspot.com\/_Z3u9Ki2Nw3c\/SZV6FqjFvBI\/AAAAAAAAAMg\/bEPeS2kHK_Q\/s200\/angelote_tenerife_1.jpg\" alt=\"\" border=\"0\" \/><\/a>La especie de tibur\u00f3n la m\u00e1s com\u00fan en Canarias es la del tibur\u00f3n \u00e1ngel o Angelote (Squatina squatina, Linnaeus, 1758).\u00a0Durante los meses de noviembre a marzo, se acercan de las costas de Tenerife, a poca profundidad, lo que nos da buenas oportunidades de cruzarlos en buceo o incluso desde la superficie puesto que pueden observarse sobre fondos de 2 metros.<\/p>\n<div>\n<p><a href=\"http:\/\/3.bp.blogspot.com\/_Z3u9Ki2Nw3c\/SZV6M7D84tI\/AAAAAAAAAMo\/65jPwyYsm7M\/s1600-h\/angelote_tenerife_2.jpg\"><img decoding=\"async\" src=\"http:\/\/3.bp.blogspot.com\/_Z3u9Ki2Nw3c\/SZV6M7D84tI\/AAAAAAAAAMo\/65jPwyYsm7M\/s200\/angelote_tenerife_2.jpg\" alt=\"\" border=\"0\" \/><\/a>Enlace que falta entre los tiburones y las rayas, el tibur\u00f3n \u00e1ngel posee una cabeza plana, como las rayas, y un cuerpo afilado como los tiburones. Vive y se alimenta cerca del fondo y es muy raro verlo nadar en agua abierta.<\/p>\n<p><a href=\"http:\/\/1.bp.blogspot.com\/_Z3u9Ki2Nw3c\/SZV6UHxB7fI\/AAAAAAAAAMw\/FKfW4tiaL9I\/s1600-h\/angelote_tenerife_3.jpg\"><img decoding=\"async\" src=\"http:\/\/1.bp.blogspot.com\/_Z3u9Ki2Nw3c\/SZV6UHxB7fI\/AAAAAAAAAMw\/FKfW4tiaL9I\/s200\/angelote_tenerife_3.jpg\" alt=\"\" border=\"0\" \/><\/a>Su camuflaje se adapta a su sistema de caza: al acecho. Sus aletas dorsales son flexibles, lo que le permite desaparecer completamente, ocultado en la arena. Su color var\u00eda del gris arena al rojizo y se abigarra incluso a veces de marr\u00f3n. No es raro sobrevolarlos sin percibirlos.<\/p>\n<p><a href=\"http:\/\/4.bp.blogspot.com\/_Z3u9Ki2Nw3c\/SZV6dJlsbvI\/AAAAAAAAAM4\/kWHMdyUhUOU\/s1600-h\/angelote_tenerife_4.jpg\"><img decoding=\"async\" src=\"http:\/\/4.bp.blogspot.com\/_Z3u9Ki2Nw3c\/SZV6dJlsbvI\/AAAAAAAAAM4\/kWHMdyUhUOU\/s200\/angelote_tenerife_4.jpg\" alt=\"\" border=\"0\" \/><\/a>Casando de noche, el angelote posee barbillas cerca de la boca que le permiten detectar sus presas. Se alimenta de crust\u00e1ceos, moluscos o peque\u00f1os pescados \u00f3seos. La boca, llena de peque\u00f1os dientes, se sit\u00faa sobre el frente del morro.<\/p>\n<p><a href=\"http:\/\/1.bp.blogspot.com\/_Z3u9Ki2Nw3c\/SZV6okXraAI\/AAAAAAAAANA\/6JY9A5WRBrU\/s1600-h\/angelote_tenerife_5.jpg\"><img decoding=\"async\" src=\"http:\/\/1.bp.blogspot.com\/_Z3u9Ki2Nw3c\/SZV6okXraAI\/AAAAAAAAANA\/6JY9A5WRBrU\/s200\/angelote_tenerife_5.jpg\" alt=\"\" border=\"0\" \/><\/a>Los peque\u00f1os nacen en el vientre de la madre (ovov\u00edparo) donde se desarrollan hasta una treintena de cent\u00edmetros antes de aventurarse al exterior\u2026 Este m\u00e9todo de reproducci\u00f3n ofrece protecci\u00f3n a los j\u00f3venes que reduce la mortalidad infantil y que aumenta as\u00ed las posibilidades de supervivencia de la especie. Este tibur\u00f3n es inofensivo para el hombre, pero puede ser agresivo si se siente amenazado o si esta molestado por submarinistas poco respetuosos. Se aconseja vivamente no molestarlos, ya que corre el riesgo de que le ataca.<\/p>\n<div style=\"text-align: justify\"><a href=\"http:\/\/4.bp.blogspot.com\/_Z3u9Ki2Nw3c\/SlCksjBfYiI\/AAAAAAAABEc\/M_bg8elj5yI\/s1600-h\/angelshark_tenerife_6.jpg\"><img decoding=\"async\" src=\"http:\/\/4.bp.blogspot.com\/_Z3u9Ki2Nw3c\/SlCksjBfYiI\/AAAAAAAABEc\/M_bg8elj5yI\/s200\/angelshark_tenerife_6.jpg\" alt=\"\" border=\"0\" \/><\/a>La t\u00e9cnica de caza del tibur\u00f3n \u00e1ngel hace de el una especie f\u00e1cil de acercarse. Generalmente lo encontramos enarenado debajo un cardumen de gambas min\u00fasculas (Mysidaceos) o de larvas de peces, que le sirven como cebo.<br \/>\nSin embargo, es muy importante no perturbar su modo de vida y poner fin a estos \"Shows subacu\u00e1ticos\u201d de desarenar al animal de forma sistem\u00e1tica, ya que \u00e9stos tiburones est\u00e1n clasificados como\u00a0<a href=\"http:\/\/es.wikipedia.org\/wiki\/Especie_en_peligro_cr%C3%ADtico_de_extinci%C3%B3n\">especie en peligro cr\u00edtico<\/a> seg\u00fan el\u00a0<a href=\"http:\/\/www.iucnredlist.org\/details\/39332\/0\">IUCN<\/a> (International Union for Conservation of Nature and Natural Resources).<\/div>\n<\/div>\n<\/div>\n","protected":false},"excerpt":{"rendered":"<p>PROYECTO ANGUELALB EN ESTOS LINCK\u00b4S\u00a0 ENCONTRARAS MAYOR INFORMACION SOBRE MI PROYECTO DONDE ENCONTRARAS ARCHIVOS DEL PROCESO. consome de albahaca y huevos de tiburon. ESCULA SUPERIOR POLITECNICA DEL LITORAL INFORME DEL PROYECTO PREFINAL AQUI ESTA EL INFORME FINAL DEL PROYECTO CSECT 2011- 2012 CSECT FINAL ENERO La albahaca medicinal Nombre cient\u00edfico: Ocimun basilicum Varo \"crispum\" . [&hellip;]<\/p>\n","protected":false},"author":6866,"featured_media":0,"parent":0,"menu_order":0,"comment_status":"open","ping_status":"open","template":"","meta":{"footnotes":""},"class_list":["post-85","page","type-page","status-publish","hentry"],"_links":{"self":[{"href":"https:\/\/blog.espol.edu.ec\/jasmibar\/wp-json\/wp\/v2\/pages\/85","targetHints":{"allow":["GET"]}}],"collection":[{"href":"https:\/\/blog.espol.edu.ec\/jasmibar\/wp-json\/wp\/v2\/pages"}],"about":[{"href":"https:\/\/blog.espol.edu.ec\/jasmibar\/wp-json\/wp\/v2\/types\/page"}],"author":[{"embeddable":true,"href":"https:\/\/blog.espol.edu.ec\/jasmibar\/wp-json\/wp\/v2\/users\/6866"}],"replies":[{"embeddable":true,"href":"https:\/\/blog.espol.edu.ec\/jasmibar\/wp-json\/wp\/v2\/comments?post=85"}],"version-history":[{"count":20,"href":"https:\/\/blog.espol.edu.ec\/jasmibar\/wp-json\/wp\/v2\/pages\/85\/revisions"}],"predecessor-version":[{"id":224,"href":"https:\/\/blog.espol.edu.ec\/jasmibar\/wp-json\/wp\/v2\/pages\/85\/revisions\/224"}],"wp:attachment":[{"href":"https:\/\/blog.espol.edu.ec\/jasmibar\/wp-json\/wp\/v2\/media?parent=85"}],"curies":[{"name":"wp","href":"https:\/\/api.w.org\/{rel}","templated":true}]}}