{"id":26,"date":"2009-11-11T21:18:31","date_gmt":"2009-11-12T02:18:31","guid":{"rendered":"http:\/\/blog.espol.edu.ec\/javandel\/?page_id=26"},"modified":"2009-11-11T21:53:32","modified_gmt":"2009-11-12T02:53:32","slug":"los-mejores-chistes","status":"publish","type":"page","link":"https:\/\/blog.espol.edu.ec\/javandel\/los-mejores-chistes\/","title":{"rendered":"Chistes de Borrachos"},"content":{"rendered":"<div class=\"chiste\">Aqui les traigo unos chistes espero q les guste...<\/div>\n<div class=\"chiste\"><strong>CHISTE 1<\/strong><\/div>\n<div class=\"chiste\">\n<div class=\"chiste\">Era una vez dos borrachos que se acuestan a dormir en una litera, y el borracho que est\u00e1 en la parte de arriba de la litera antes de dormirse comienza a rezar:<br \/>\nCon Dios me acuesto, con Dios me levanto, la Virgen Mar\u00eda, y el Esp\u00edritu Santo. En eso se cae la litera y el borracho que est\u00e1 en la parte de abajo dice:<br \/>\n\u00bfVistes? \u00a1Eso pasa por estar durmiendo con tanta gente!<\/div>\n<div class=\"chiste\"><strong>CHSITE 2<\/strong><\/div>\n<div class=\"chiste\">\n<div class=\"chiste\">Estaba un borracho en una esquina, cuando una mujer pasa caminando, el borracho la observa y le dice:<br \/>\n\u00a1Adi\u00f3s fea!<br \/>\nLa mujer indignada se da media vuelta y le dice:<br \/>\n\u00a1Borracho!<br \/>\nEl borracho con una sonrisa le dice:<br \/>\nS\u00ed, pero a m\u00ed, ma\u00f1ana se me pasa.<\/div>\n<div class=\"chiste\"><strong>CHISTE3<\/strong><\/div>\n<div class=\"chiste\">\n<div class=\"chiste\">El borracho que llega tarde en la noche a su propia casa y empieza a gritar:<br \/>\nReinita, \u00e1breme la puerta que le traigo flores a la mujer m\u00e1s linda.<br \/>\nLa mujer baja corriendo y abre la puerta y dice:<br \/>\n\u00bfD\u00f3nde est\u00e1n las flores?<br \/>\nEl borrachito contesta:<br \/>\nA ver, y d\u00f3nde est\u00e1 la mujer m\u00e1s linda.<\/div>\n<div class=\"chiste\"><strong>CHISTE4<\/strong><\/div>\n<div class=\"chiste\">\n<div class=\"chiste\">Iba caminando por la calle un borrachito y se encuentra con su compadre, y \u00e9ste al ver que el borrachito ten\u00eda las orejas a carne viva le pregunta:<br \/>\nPero, \u00bfqu\u00e9 te ha pasado compadre?<br \/>\nEs que a mi esposa se le ocurri\u00f3 dejar la plancha prendida, y son\u00f3 el tel\u00e9fono y agarr\u00e9 la plancha por equivocaci\u00f3n.<br \/>\nPero, \u00bfy la otra? Y el borrachito le contesta:<br \/>\nEl maldito imb\u00e9cil volvi\u00f3 a llamar.<\/div>\n<div class=\"chiste\"><strong>CHISTE5<\/strong><\/div>\n<div class=\"chiste\">\n<div class=\"chiste\">Este era un hombre que cada vez que se emborrachaba se convert\u00eda en un \"busca pleito\". Esa noche entra a la barra y dice:<br \/>\n\u00a1Todos los que est\u00e1n al lado izquierdo de la barra, son unos EST\u00daPIDOS, Y los que est\u00e1n al lado derecho son unos IMB\u00c9CILES!<br \/>\nSale un hombre del lado izquierdo y le dice enfurecido:<br \/>\n\u00a1Un momentito, que yo no soy ning\u00fan est\u00fapido!<br \/>\nEl borracho le contesta:<br \/>\n\u00a1Pues mu\u00e9vete a la derecha, IMB\u00c9CIL!<\/div>\n<div class=\"chiste\"><strong>CHISTE6<\/strong><\/div>\n<div class=\"chiste\">\n<div class=\"chiste\">Va un borracho en moto y choca con una se\u00f1al de tr\u00e1nsito. Entonces llega el polic\u00eda y le pregunta:<br \/>\n\u00bfSe\u00f1or, no vio la flecha?<br \/>\nEl borracho responde:<br \/>\nNi al indio que me la tir\u00f3.<\/div>\n<div class=\"chiste\"><strong>CHISTE7<\/strong><\/div>\n<div class=\"chiste\">Estaba un borracho caminando por la calle, cuando de pronto se encuentra con una monja con su vestido negro. El borracho se le acerca y sin pensarlo le cae a golpes, y la monja cae al suelo.<br \/>\nEl borracho le dice:<br \/>\n\u00a1Vamos Batman, lev\u00e1ntate y lucha!<\/div>\n<div class=\"chiste\"><strong>CHSITE8<\/strong><\/div>\n<div class=\"chiste\">\n<div class=\"chiste\">Estaba un borracho en la cantina y llega otro y le pregunta:<br \/>\n\u00bfPor qu\u00e9 toma?<br \/>\nY le contesta:<br \/>\nPara verme m\u00e1s bonito.<br \/>\n\u00bfTomando te ves m\u00e1s bonito?<br \/>\nS\u00ed, cuando llego a mi casa mi vieja me dice: \"\u00a1Que bonito!\"<\/p>\n<p><strong>CHISTE9<\/strong><\/div>\n<div class=\"chiste\">\n<div class=\"chiste\">Este era un se\u00f1or muy borracho, que ya se le hab\u00eda hecho costumbre llegar a su casa borrach\u00edsimo, su mujer muy enfadada le pone una trampa, se disfraza de satan\u00e1s y se esconde detr\u00e1s de un sill\u00f3n para asustarlo, el tipo llega, se sienta en el sill\u00f3n, su mujer sale y empieza a dar de gritos, el sin inmutarse le contesta:<br \/>\n\u00a1No me asustas, estoy casado con tu hermana!<\/div>\n<div class=\"chiste\"><strong>CHISTE10<\/strong><\/div>\n<div class=\"chiste\">\n<div class=\"chiste\">Iba un borrachito a una cantina. Al entrar le dice al cantinero:<br \/>\nDeme una botella para m\u00ed, una para usted, y otra para todos los que est\u00e9n aqu\u00ed.<br \/>\nEl cantinero se las da, y al terminar le pide la cuenta, el borracho contesta:<br \/>\nAhorita no traigo dinero.<br \/>\nPor lo que lo saca a golpes. Al d\u00eda siguiente vuelve a ir y dice:<br \/>\nDame una botella para m\u00ed, una para usted, y otra para todos los que est\u00e9n aqu\u00ed.<br \/>\nEl cantinero se las da, y al terminar le pide la cuenta, el cantinero le cobra la cuenta y el borrachito contesta:<br \/>\nSe me olvid\u00f3 traer el dinero.<br \/>\nPor lo que otra vez el cantinero la saca a patadas.<br \/>\nAl tercer d\u00eda el borrachito vuelve a la cantina y le pide al cantinero:<br \/>\nDame una botella para m\u00ed, y otra para todos los que est\u00e9n aqu\u00ed.<br \/>\nEl cantinero le pregunta:<br \/>\n\u00bfY a m\u00ed por qu\u00e9 no me mencion\u00f3?<br \/>\nPorque usted es bien violento cuando toma.<\/div>\n<\/div>\n<\/div>\n<\/div>\n<\/div>\n<\/div>\n<\/div>\n<\/div>\n<\/div>\n<\/div>\n","protected":false},"excerpt":{"rendered":"<p>Aqui les traigo unos chistes espero q les guste... CHISTE 1 Era una vez dos borrachos que se acuestan a dormir en una litera, y el borracho que est\u00e1 en la parte de arriba de la litera antes de dormirse comienza a rezar: Con Dios me acuesto, con Dios me levanto, la Virgen Mar\u00eda, y [&hellip;]<\/p>\n","protected":false},"author":3133,"featured_media":0,"parent":0,"menu_order":0,"comment_status":"open","ping_status":"open","template":"","meta":{"footnotes":""},"class_list":["post-26","page","type-page","status-publish","hentry"],"_links":{"self":[{"href":"https:\/\/blog.espol.edu.ec\/javandel\/wp-json\/wp\/v2\/pages\/26","targetHints":{"allow":["GET"]}}],"collection":[{"href":"https:\/\/blog.espol.edu.ec\/javandel\/wp-json\/wp\/v2\/pages"}],"about":[{"href":"https:\/\/blog.espol.edu.ec\/javandel\/wp-json\/wp\/v2\/types\/page"}],"author":[{"embeddable":true,"href":"https:\/\/blog.espol.edu.ec\/javandel\/wp-json\/wp\/v2\/users\/3133"}],"replies":[{"embeddable":true,"href":"https:\/\/blog.espol.edu.ec\/javandel\/wp-json\/wp\/v2\/comments?post=26"}],"version-history":[{"count":6,"href":"https:\/\/blog.espol.edu.ec\/javandel\/wp-json\/wp\/v2\/pages\/26\/revisions"}],"predecessor-version":[{"id":29,"href":"https:\/\/blog.espol.edu.ec\/javandel\/wp-json\/wp\/v2\/pages\/26\/revisions\/29"}],"wp:attachment":[{"href":"https:\/\/blog.espol.edu.ec\/javandel\/wp-json\/wp\/v2\/media?parent=26"}],"curies":[{"name":"wp","href":"https:\/\/api.w.org\/{rel}","templated":true}]}}