{"id":46,"date":"2009-11-19T21:20:00","date_gmt":"2009-11-20T02:20:00","guid":{"rendered":"http:\/\/blog.espol.edu.ec\/javandel\/?page_id=46"},"modified":"2009-11-21T11:32:07","modified_gmt":"2009-11-21T16:32:07","slug":"manabi-turistico","status":"publish","type":"page","link":"https:\/\/blog.espol.edu.ec\/javandel\/manabi-turistico\/","title":{"rendered":"MANAB\u00cd TURISTICO!!!!!"},"content":{"rendered":"<p>\u00a0<\/p>\n<div id=\"attachment_49\" style=\"width: 150px\" class=\"wp-caption alignleft\"><img loading=\"lazy\" decoding=\"async\" aria-describedby=\"caption-attachment-49\" class=\"size-full wp-image-49 \" src=\"http:\/\/blog.espol.edu.ec\/javandel\/files\/2009\/11\/1121724812fotos-turismo31.jpg\" alt=\"Los hermosos paisajes\" width=\"140\" height=\"292\" \/><p id=\"caption-attachment-49\" class=\"wp-caption-text\">Los hermosos paisajes<\/p><\/div>\n<p><a href=\"http:\/\/blog.espol.edu.ec\/javandel\/wp-admin\/manabi123-turismo-de-diversidad.html\"><span style=\"color: #007b33\">TURISMO DE DIVERSIDAD<\/span><\/a><br \/>\nLa provincia de <a href=\"http:\/\/www.manabi.gov.ec\/\" target=\"_blank\">Manab\u00ed<\/a> es la m\u00e1s privilegiada de la <a href=\"http:\/\/www.recorrecuador.com\/ecuador\/la-costa-ecuatoriana\" target=\"_blank\">costa de Ecuador<\/a> con sus 350 kil\u00f3metros de playa, desde <a href=\"http:\/\/www.designalltag.com\/ayampe\/spanish.html\" target=\"_blank\">Ayampe<\/a> (en el sur) hasta <a href=\"http:\/\/www.manabi.gov.ec\/cantones8-pedernales\/\" target=\"_blank\">Pedernales<\/a> (en el norte), geograf\u00eda caracterizada por acantilados, desembocaduras, estuarios, islotes, islas, lajas y rocas que muestran bellos paisajes a lo largo de nuestra geograf\u00eda costera, que es el principal atractivo tur\u00edstico de nuestra provincia regi\u00f3n.<br \/>\n<a href=\"http:\/\/blog.espol.edu.ec\/javandel\/wp-admin\/manabi126-manabi-datos-geograficos.html\"><span style=\"color: #007b33\">MANABI DATOS GEOGRAFICOS<\/span><\/a><br \/>\nEstas son las cifras oficiales de la provincia de Manab\u00ed, seg\u00fan datos proporcionados por el <a href=\"http:\/\/www.inec.gov.ec\/web\/guest\/inicio\" target=\"_blank\">Instituto Ecuatoriano de Estad\u00edsticas y Censos<\/a><\/p>\n<p>La provincia de Manab\u00ed limita al norte con la provincia de <a href=\"http:\/\/www.codeso.com\/TurismoEsmeraldas.html\" target=\"_blank\">Esmeraldas<\/a>, al sur con la <a href=\"http:\/\/www.guayas.gov.ec\/\" target=\"_blank\">provincia del Guayas<\/a>, al este con las provincias de Guayas, <a href=\"http:\/\/www.ecuaworld.com.ec\/los_rios.htm\" target=\"_blank\">Los R\u00edos<\/a> y <a href=\"http:\/\/www.pichincha.gov.ec\/\" target=\"_blank\">Pichincha<\/a>, y al oeste con el <a href=\"http:\/\/es.wikipedia.org\/wiki\/Oc%C3%A9ano_Pac%C3%ADfico\" target=\"_blank\">Oc\u00e9ano Pacifico<\/a>.<\/p>\n<p><a href=\"http:\/\/blog.espol.edu.ec\/javandel\/wp-admin\/manabi99-nuestras-playas-y-balnearios-de-agua-dulce.html\"><span style=\"color: #007b33\">NUESTRAS PLAYAS Y BALNEARIOS DE AGUA DULCE<\/span><\/a><br \/>\nManab\u00ed cuenta con 350 kil\u00f3metros de playas, poco desarrolladas, esperando inversionistas. As\u00ed tenemos: En la zona norte: <a href=\"http:\/\/www.bahiacity.com\/\" target=\"_blank\">Bah\u00eda de Car\u00e1quez<\/a>, <a href=\"http:\/\/www.gobiernocantonaldesanvicente.gov.ec\/\" target=\"_blank\">San Vicente<\/a>, <a href=\"http:\/\/www.chirije.com\/\">Chirije<\/a>, <a href=\"http:\/\/www.hoy.com.ec\/especial\/2004\/novio\/cojimies.htm\" target=\"_blank\">Cojim\u00edes<\/a>, <a href=\"http:\/\/www.ame.gov.ec\/frontEnd\/municipios\/mainMunicipios.php?idMunicipios=267\" target=\"_blank\">Pedernales<\/a>, <a href=\"http:\/\/www.viajandox.com\/manabi\/mana_pedernales_puntpalmar.htm\" target=\"_blank\">Punta Palmar<\/a>, <a href=\"http:\/\/www.crwflags.com\/fotw\/Flags\/ec-ma-jm.html\" target=\"_blank\">Jama<\/a>, El Matal, <a href=\"http:\/\/www.visitaecuador.com\/costa.php?opcion=datos&amp;provincia=14&amp;ciudad=wOzgRIJA\" target=\"_blank\">Can\u00f3a<\/a>, Don Juan, Brice\u00f1o y otras<\/p>\n<p><a href=\"http:\/\/blog.espol.edu.ec\/javandel\/wp-admin\/manabi97-manabi-cultura-montana-mar-y-gastronomia.html\"><span style=\"color: #007b33\">MANABI, CULTURA, MONTA\u00d1A MAR Y GASTRONOMIA.<\/span><\/a><br \/>\nLa provincia de Manab\u00ed se encuentra situada en el centro del Ecuador; en el centro del mundo. Tiene una superficie aproximada a los 18.878 kil\u00f3metros cuadrados y esta al oeste del oc\u00e9ano pac\u00edfico. Posee 350 kil\u00f3metros de playa y atraviesa el paralelo 0 en su parte norte. Su poblaci\u00f3n es cercana a los 1.180.335 habitantes. Tiene un clima agradable, entre subtropical seco y tropical h\u00famedo, con 25 grados cent\u00edgrados promedio por a\u00f1o.<\/p>\n<p><a href=\"http:\/\/blog.espol.edu.ec\/javandel\/wp-admin\/manabi98-lugares-de-interes-religioso.html\"><span style=\"color: #007b33\">LUGARES DE INTERES RELIGIOSO<\/span><\/a><br \/>\nEl visitante puede encontrar en Manab\u00ed varios lugares de inter\u00e9s religioso como la <a href=\"http:\/\/www.viajandox.com\/manabi\/mana_portoviejo_catedral.htm\" target=\"_blank\">Catedral Metropolitana en Portoviejo<\/a>, con arquitectura tipo bizantino y pinturas murales \u00fanicas en su g\u00e9nero, donde los tipos humanos representados son netamente manabitas y reflejan las escenas b\u00edblicas con nuestro entorno ambiental y antropol\u00f3gico.<br \/>\n<a href=\"http:\/\/blog.espol.edu.ec\/javandel\/wp-admin\/manabi100-areas-para-ecoturismo.html\"><span style=\"color: #007b33\">AREAS PARA ECOTURISMO<\/span><\/a><br \/>\nEn el mundo entero el ecoturismo est\u00e1 de moda. Para este efecto Manab\u00ed tiene tambi\u00e9n muchos lugares disponibles para el visitante:<\/p>\n<p><a href=\"http:\/\/blog.espol.edu.ec\/javandel\/wp-admin\/manabi46-sitios-de-preferencia-de-los-turistas.html\"><span style=\"color: #007b33\">SITIOS DE PREFERENCIA DE LOS TURISTAS<\/span><\/a><br \/>\nEl turismo, como recurso econ\u00f3mico en la provincia de Manab\u00ed, se encuentra en franco desarrollo, debido a que cuenta con atractivos de tipo natural, cultural y paisaj\u00edstico, que la ubican en un sitio de preferencia para el turista.<\/p>\n<p>Las \u00e1reas de principal atractivo se localizan en <a href=\"http:\/\/www.manta.gov.ec\/\" target=\"_blank\">Manta <\/a>y sus playas, El Murci\u00e9lago y Tarqui; <a href=\"http:\/\/www.hosteriavenecia.com\/\" target=\"_blank\">Crucita en Portoviejo<\/a>; <a href=\"http:\/\/es.wikipedia.org\/wiki\/Balneario_San_Jacinto_(Ecuador)\" target=\"_blank\">San Jacinto<\/a>, <a href=\"http:\/\/www.palmazulhotel.com\/es\/san-clemente.html\" target=\"_blank\">San Clemente<\/a> y m\u00e1s al norte est\u00e1n San Vicente, Boca de Brice\u00f1o, Canoa, Pedernales, Cojim\u00edes y al Sur, Puerto Cayo, Puerto L\u00f3pez y el <a href=\"http:\/\/www.explored.com.ec\/ecuador\/guia\/costa\/machdes.htm\" target=\"_blank\">Parque Nacional Machalilla.<\/a><\/p>\n","protected":false},"excerpt":{"rendered":"<p>\u00a0 TURISMO DE DIVERSIDAD La provincia de Manab\u00ed es la m\u00e1s privilegiada de la costa de Ecuador con sus 350 kil\u00f3metros de playa, desde Ayampe (en el sur) hasta Pedernales (en el norte), geograf\u00eda caracterizada por acantilados, desembocaduras, estuarios, islotes, islas, lajas y rocas que muestran bellos paisajes a lo largo de nuestra geograf\u00eda costera, [&hellip;]<\/p>\n","protected":false},"author":3133,"featured_media":0,"parent":0,"menu_order":0,"comment_status":"open","ping_status":"open","template":"","meta":{"footnotes":""},"class_list":["post-46","page","type-page","status-publish","hentry"],"_links":{"self":[{"href":"https:\/\/blog.espol.edu.ec\/javandel\/wp-json\/wp\/v2\/pages\/46","targetHints":{"allow":["GET"]}}],"collection":[{"href":"https:\/\/blog.espol.edu.ec\/javandel\/wp-json\/wp\/v2\/pages"}],"about":[{"href":"https:\/\/blog.espol.edu.ec\/javandel\/wp-json\/wp\/v2\/types\/page"}],"author":[{"embeddable":true,"href":"https:\/\/blog.espol.edu.ec\/javandel\/wp-json\/wp\/v2\/users\/3133"}],"replies":[{"embeddable":true,"href":"https:\/\/blog.espol.edu.ec\/javandel\/wp-json\/wp\/v2\/comments?post=46"}],"version-history":[{"count":5,"href":"https:\/\/blog.espol.edu.ec\/javandel\/wp-json\/wp\/v2\/pages\/46\/revisions"}],"predecessor-version":[{"id":97,"href":"https:\/\/blog.espol.edu.ec\/javandel\/wp-json\/wp\/v2\/pages\/46\/revisions\/97"}],"wp:attachment":[{"href":"https:\/\/blog.espol.edu.ec\/javandel\/wp-json\/wp\/v2\/media?parent=46"}],"curies":[{"name":"wp","href":"https:\/\/api.w.org\/{rel}","templated":true}]}}