{"id":55,"date":"2009-11-19T21:48:53","date_gmt":"2009-11-20T02:48:53","guid":{"rendered":"http:\/\/blog.espol.edu.ec\/javandel\/?page_id=55"},"modified":"2009-11-21T11:36:24","modified_gmt":"2009-11-21T16:36:24","slug":"el-mundial-sus-comienzos","status":"publish","type":"page","link":"https:\/\/blog.espol.edu.ec\/javandel\/el-mundial-sus-comienzos\/","title":{"rendered":"El MUNDIAL.... SUS COMIENZOS!!!!!!!!!!!!!!!"},"content":{"rendered":"<p><img loading=\"lazy\" decoding=\"async\" class=\"size-full wp-image-54 alignleft\" src=\"http:\/\/blog.espol.edu.ec\/javandel\/files\/2009\/11\/373px_fifa_worldcup_copy_for_germany_19901.jpg\" alt=\"La copa del mundo\" width=\"224\" height=\"360\" srcset=\"https:\/\/blog.espol.edu.ec\/javandel\/files\/2009\/11\/373px_fifa_worldcup_copy_for_germany_19901.jpg 373w, https:\/\/blog.espol.edu.ec\/javandel\/files\/2009\/11\/373px_fifa_worldcup_copy_for_germany_19901-186x300.jpg 186w\" sizes=\"auto, (max-width: 224px) 100vw, 224px\" \/><\/p>\n<p style=\"text-align: justify\"><strong><span style=\"font-family: &quot;BankGothic Md BT&quot;,&quot;sans-serif&amp;quot\" lang=\"ES\"><span style=\"font-size: small\">A\u00f1o 1908. El f\u00fatbol es admitido por primera vez en unos <\/span><a title=\"COE\" href=\"http:\/\/www.coe.es\/\" target=\"_blank\"><span style=\"font-size: small;color: #0000ff\">Juegos Ol\u00edmpicos<\/span><\/a><\/span><\/strong><span style=\"font-family: &quot;BankGothic Md BT&quot;,&quot;sans-serif&amp;quot\" lang=\"ES\"><span style=\"font-size: small\">. Sin embargo, tres a\u00f1os antes, Gerin y Hirschmann, miembros de la <\/span><a title=\"Fifa\" href=\"http:\/\/es.fifa.com\/\" target=\"_blank\"><span style=\"font-size: small;color: #0000ff\">FIFA<\/span><\/a><span style=\"font-size: small\"> idearon un reglamento de un torneo en el que participar\u00edan 13 equipos distribuidos en 4 grupos distintos. <\/span><a title=\"Suiza\" href=\"http:\/\/locuraviajes.com\/blog\/la-pintoresca-suiza\/\" target=\"_blank\"><span style=\"font-size: small;color: #0000ff\">Suiza<\/span><\/a><span style=\"font-size: small\"> fue la sede, pero, sin embargo, ning\u00fan pa\u00eds quiso acudir a la cita.<\/span><\/span><\/p>\n<p style=\"text-align: justify\"><span style=\"font-family: &quot;BankGothic Md BT&quot;,&quot;sans-serif&amp;quot\" lang=\"ES\"><span style=\"font-size: small\">Olimpiada tras Olimpiada se fue demostrando el enorme tir\u00f3n que ten\u00eda el deporte del f\u00fatbol. <\/span><a title=\"Londres\" href=\"http:\/\/locuraviajes.com\/blog\/category\/viajes-europa\/reino-unido\/londres\/\" target=\"_blank\"><span style=\"font-size: small;color: #0000ff\">Londres<\/span><\/a><span style=\"font-size: small\"> en 1908, <\/span><a title=\"Estocolmo\" href=\"http:\/\/sobreturismo.es\/2007\/08\/11\/arte-en-el-metro-de-estocolmo\/\" target=\"_blank\"><span style=\"font-size: small;color: #0000ff\">Estocolmo<\/span><\/a><span style=\"font-size: small\"> en 1912, <\/span><a title=\"Amberes\" href=\"http:\/\/locuraviajes.com\/blog\/amberes-la-ciudad-de-los-diamantes\/\" target=\"_blank\"><span style=\"font-size: small;color: #0000ff\">Amberes<\/span><\/a><span style=\"font-size: small\"> en 1920\u2026 <strong><span style=\"font-family: &quot;BankGothic Md BT&quot;,&quot;sans-serif&amp;quot\">Jules Rimet<\/span><\/strong> intent\u00f3 ya en el a\u00f1o 1914 organizar un encuentro mundial de selecciones nacionales dado el enorme protagonismo que estaba adquiriendo el balompi\u00e9. No obstante, aquel a\u00f1o fue un a\u00f1o ca\u00f3tico, y la Primera Guerra Mundial ech\u00f3 por tierra todas las posibilidades de organizar un campeonato mundial.<\/span><\/span><\/p>\n<p style=\"text-align: justify\"><span style=\"font-size: small\"><strong><span style=\"font-family: &quot;BankGothic Md BT&quot;,&quot;sans-serif&amp;quot\" lang=\"ES\">La final de las Olimpiadas de Par\u00eds en 1924\u00a0la disputaron Uruguay y Suiza ante 50.000 espectadores<\/span><\/strong><span style=\"font-family: &quot;BankGothic Md BT&quot;,&quot;sans-serif&amp;quot\" lang=\"ES\">. La pasi\u00f3n por el f\u00fatbol se hab\u00eda desbocado, y Jules Rimet volvi\u00f3 a la carga con el mismo proyecto: la elaboraci\u00f3n de un campeonato mundial de f\u00fatbol. Corr\u00eda el a\u00f1o 1926 y de nuevo se lanz\u00f3 un borrador de campeonato en la que no s\u00f3lo jugar\u00edan amateurs como en las Olimpiadas, sino que lo har\u00edan profesionales. De ese modo, el inter\u00e9s se multiplicaba.<\/span><\/span><\/p>\n<p style=\"text-align: justify\"><span style=\"font-family: &quot;BankGothic Md BT&quot;,&quot;sans-serif&amp;quot\" lang=\"ES\"><span style=\"font-size: small\">En 1928 Uruguay volvi\u00f3 a lazarse con el t\u00edtulo de campe\u00f3n ol\u00edmpico de f\u00fatbol posibilitando as\u00ed su designaci\u00f3n como sede <strong><span style=\"font-family: &quot;BankGothic Md BT&quot;,&quot;sans-serif&amp;quot\">del Primer Campeonato del Mundo que se celebrar\u00eda en 1930.\u00a0 La sede elegida fue la de la mejor selecci\u00f3n de f\u00fatbol del momento: Uruguay<\/span><\/strong>, quien se comprometi\u00f3 a construir un estadio que albergara 108.000 espectadores. As\u00ed naci\u00f3 el Estadio Centenario.<\/span><\/span><\/p>\n<p style=\"text-align: justify\"><span style=\"font-family: &quot;BankGothic Md BT&quot;,&quot;sans-serif&amp;quot\" lang=\"ES\"><span style=\"font-size: small\">Curiosamente, la copa que se obtendr\u00eda como premio, ser\u00eda llamada como <strong><span style=\"font-family: &quot;BankGothic Md BT&quot;,&quot;sans-serif&amp;quot\">copa Jules Rimet<\/span><\/strong>, en honor a\u00a0su creador. \u00a0Se trataba de una estatua de plata fina y oro puro que pesaba unos 4 kilogramos y med\u00eda unos 35 cms.<\/span><\/span><\/p>\n","protected":false},"excerpt":{"rendered":"<p>A\u00f1o 1908. El f\u00fatbol es admitido por primera vez en unos Juegos Ol\u00edmpicos. Sin embargo, tres a\u00f1os antes, Gerin y Hirschmann, miembros de la FIFA idearon un reglamento de un torneo en el que participar\u00edan 13 equipos distribuidos en 4 grupos distintos. Suiza fue la sede, pero, sin embargo, ning\u00fan pa\u00eds quiso acudir a la [&hellip;]<\/p>\n","protected":false},"author":3133,"featured_media":0,"parent":0,"menu_order":0,"comment_status":"open","ping_status":"open","template":"","meta":{"footnotes":""},"class_list":["post-55","page","type-page","status-publish","hentry"],"_links":{"self":[{"href":"https:\/\/blog.espol.edu.ec\/javandel\/wp-json\/wp\/v2\/pages\/55","targetHints":{"allow":["GET"]}}],"collection":[{"href":"https:\/\/blog.espol.edu.ec\/javandel\/wp-json\/wp\/v2\/pages"}],"about":[{"href":"https:\/\/blog.espol.edu.ec\/javandel\/wp-json\/wp\/v2\/types\/page"}],"author":[{"embeddable":true,"href":"https:\/\/blog.espol.edu.ec\/javandel\/wp-json\/wp\/v2\/users\/3133"}],"replies":[{"embeddable":true,"href":"https:\/\/blog.espol.edu.ec\/javandel\/wp-json\/wp\/v2\/comments?post=55"}],"version-history":[{"count":8,"href":"https:\/\/blog.espol.edu.ec\/javandel\/wp-json\/wp\/v2\/pages\/55\/revisions"}],"predecessor-version":[{"id":68,"href":"https:\/\/blog.espol.edu.ec\/javandel\/wp-json\/wp\/v2\/pages\/55\/revisions\/68"}],"wp:attachment":[{"href":"https:\/\/blog.espol.edu.ec\/javandel\/wp-json\/wp\/v2\/media?parent=55"}],"curies":[{"name":"wp","href":"https:\/\/api.w.org\/{rel}","templated":true}]}}