{"id":39,"date":"2014-11-10T22:09:03","date_gmt":"2014-11-11T03:09:03","guid":{"rendered":"http:\/\/blog.espol.edu.ec\/javiteri\/?page_id=39"},"modified":"2014-11-10T22:09:03","modified_gmt":"2014-11-11T03:09:03","slug":"top-7-metodos-de-ejecucion","status":"publish","type":"page","link":"https:\/\/blog.espol.edu.ec\/javiteri\/top-7-metodos-de-ejecucion\/","title":{"rendered":"Top 7: m\u00e9todos de ejecuci\u00f3n."},"content":{"rendered":"<p>Quiz\u00e1s una de las cosas que nos caracterizan como seres humanos desde el principio de la historia, es la capacidad para querer matarnos entre nosotros mismos. Eso se ve reflejado en la cantidad de guerras que se han hecho desde el principio de la existencia. Sin embargo muchas veces decidimos castigar a alguien de una manera severa: conden\u00e1ndolo a muerte. Las razones de ello pudieron haber sido el capricho de un gobernante o querer castigar a alguien por un delito serio. Aunque la pena de muerte de sigue platicando las siguientes penas har\u00e1n quedar en rid\u00edculo a los tipos de ejecuciones actuales, tanto por su crueldad y sadismo como las razones del porque se aplicaban.<\/p>\n<p><strong>7: Crucifixi\u00f3n<\/strong><\/p>\n<p><img decoding=\"async\" src=\"https:\/\/encrypted-tbn2.gstatic.com\/images?q=tbn:ANd9GcR9LckAPofvd0UtE7a0zvf0qjutd99Z0aZx5guV16XcH7DCjylq3Q\" alt=\"\" \/><\/p>\n<p>Quiz\u00e1s este m\u00e9todo de ejecuci\u00f3n sea uno de las m\u00e1s conocidos, m\u00e1s que todo gracias a la proliferaci\u00f3n del cristianismo. B\u00e1sicamente consist\u00eda en que cada uno de los miembros del ejecutado sea literalmente clavado a una \"cruz\". Esta cruz pod\u00eda tener muchas formas, aunque la m\u00e1s usada era la que ten\u00eda forma de \"T\". Aun a pesar de esto hab\u00eda cruces con formas de \"\u2020\" (como la que fue usada con Jes\u00fas), de X o incluso de Y.\u00a0Previamente el ejecutado era torturado, y era com\u00fan que el condenado cargue parte de su cruz hasta el lugar donde iba a ser ejecutado. La muerte llegaba m\u00e1s que todo por un colapso pulmonar y dependiendo de la resistencia de la persona pod\u00eda tomar horas o hasta d\u00edas. Adem\u00e1s de Jes\u00fas uno de crucificados m\u00e1s famosos fue Espartaco, gladiador romano, que fue ejecutado por revelarse al imperio junto con todos aquellos que lo acompa\u00f1aron.<\/p>\n<p>&nbsp;<\/p>\n<p><strong>6: Empalamiento<\/strong><\/p>\n<p><img loading=\"lazy\" decoding=\"async\" class=\"\" src=\"http:\/\/1.bp.blogspot.com\/-WrNZbFthTwA\/UEi5hPuVZyI\/AAAAAAAAA8U\/9FA3TqIVxks\/s1600\/Empalamiento+mjuer.png\" alt=\"\" width=\"310\" height=\"380\" \/><\/p>\n<p>Este es quiz\u00e1s uno de los m\u00e9todos de ejecuci\u00f3n m\u00e1s\u00a0usado en tiempos antiguos. Consist\u00eda b\u00e1sicamente en insertar al ejecutado en un palo puntiagudo. Esto se pod\u00eda hacer v\u00eda recto, de costado, por la vagina o por la boca. Es hist\u00f3ricamente reconocido por ser el m\u00e9todo preferido de ejecuci\u00f3n de Vlad Tepes, pr\u00edncipe de Valaquia, peque\u00f1o reino que se ubicaba al sur de Rumania. Vlad, hombre que es mayormente reconocido por ser el personaje hist\u00f3rico detr\u00e1s de Dr\u00e1cula, fue capaz de mandar a empalar hasta a 23,000 personas en un solo d\u00eda. A pesar de ello es reconocido como un h\u00e9roe nacional en su pa\u00eds, ya que a pesar de ser un m\u00e9todo cruel, el solo lo usaba con traidores, ladrones o personas que representaban una amenaza a su reino.<\/p>\n<p><strong>5: Toro de Falaris<\/strong><\/p>\n<p><img loading=\"lazy\" decoding=\"async\" class=\"\" src=\"http:\/\/escapandodelacaverna.com\/wp-content\/uploads\/2014\/04\/Brazen-Bull-Execution-knowledgeballs.jpg\" alt=\"\" width=\"409\" height=\"273\" \/><\/p>\n<p>Ya adentr\u00e1ndonos m\u00e1s en la lista nos encontramos con m\u00e9todos m\u00e1s s\u00e1dicos. Y aunque este m\u00e9todo resultaba ser una muerte m\u00e1s r\u00e1pida, s\u00ed que era escalofriante. El toro de Falaris fue un metido de tortura inventado por Perillo de Atenas alrededor del siglo V A.C, \u00a0consist\u00eda b\u00e1sicamente en un gran toro de metal hueco, donde se introduc\u00eda a la v\u00edctima, para despu\u00e9s ser puesto en una hoguera. As\u00ed mientras el ejecutado era literalmente cocinado vivo, gritaba y estos gritos sal\u00edan como los bramidos del toro. Una leyenda cuenta que cuando Perillo se lo presento a Falaris, gobernante de Agrigento en Grecia y del cual el toro recibi\u00f3 su nombre, quiso probar el toro en el mismo Perillo. Ir\u00f3nicamente fue su inventor el primero en ser ejecutado por este m\u00e9todo. Realmente escalofriante.<\/p>\n<p>&nbsp;<\/p>\n<p><strong>4: La doncella\u00a0de hierro<\/strong><\/p>\n<p><img loading=\"lazy\" decoding=\"async\" class=\"\" src=\"http:\/\/3.bp.blogspot.com\/-XRUVSJ1Y9Z8\/UEjuCFvm9kI\/AAAAAAAABig\/svEZpLCxrtU\/s1600\/doncelladehierro1.jpg\" alt=\"\" width=\"276\" height=\"355\" \/><\/p>\n<p>Dentro de los m\u00e9todos de ejecuci\u00f3n creados en la edad media, este era uno de los m\u00e1s macabros. Realmente representaba como la ingenier\u00eda de las ejecuciones hab\u00eda avanzado. Consist\u00eda \u00a0en un gigantesco ata\u00fad de 2 metros de alto por uno de ancho lleno de pinchos de metal, largos y oxidados. La persona a ser ejecutado era puesta en el ata\u00fad y despu\u00e9s era cerrado. Al hacerlo los pinchos se clavaban en el cuerpo de la victima de tal manera que esquivaban todo \u00f3rgano vital, y as\u00ed asegur\u00e1ndose de que la muerte llegar\u00eda despu\u00e9s de varios d\u00edas. Adem\u00e1s era bastante gruesa para que as\u00ed los gritos no sean escuchados en el exterior.<\/p>\n<p>&nbsp;<\/p>\n<p><strong>3: Tortura de la rata.<\/strong><\/p>\n<p><img loading=\"lazy\" decoding=\"async\" class=\"\" src=\"http:\/\/www.10puntos.com\/wp-content\/uploads\/2010\/12\/el-tormento-de-la-rata.jpg\" alt=\"\" width=\"373\" height=\"236\" \/><\/p>\n<p>Este m\u00e9todo a pesar de no ser una muerte tan lenta es escalofriante tan solo de pensarlo. Con sitia en atar a la persona a una mesa para despu\u00e9s ponerle una rata en el est\u00f3mago con la ayuda de una capsula de metal. Despu\u00e9s a la capsula se le daba calor. La rata al verse amenazada y encerrada solo ten\u00eda un mecanismo de escape, cavar para abajo, donde estaba el est\u00f3mago de la v\u00edctima. As\u00ed la persona mor\u00eda de una forma horrible.<\/p>\n<p>&nbsp;<\/p>\n<p><strong>2: La rueda<\/strong><\/p>\n<p><img decoding=\"async\" src=\"http:\/\/upload.wikimedia.org\/wikipedia\/commons\/thumb\/3\/39\/Radern_(Variante_mit_Eisenstange).png\/250px-Radern_(Variante_mit_Eisenstange).png\" alt=\"\" \/><\/p>\n<p>Este es un m\u00e9todo que dejara en rid\u00edculo a la cruz o al empalamiento: este sea quiz\u00e1s uno de los m\u00e9todos m\u00e1s crueles usados por la inquisici\u00f3n. Pero \u00bfque lo hac\u00eda tan terrible? Consist\u00eda de dos partes, primero la preparaci\u00f3n. Aqu\u00ed a la persona se le romp\u00edan todos los huesos, dejando intacto el cr\u00e1neo. Esto era hecho por un profesional porque se quer\u00eda asegurar de que la persona no muera. Despu\u00e9s era puesto en una rueda de carreta de tal manera que su cabeza este alado de sus tobillos y los brazos recorran el per\u00edmetro de la rueda, algo anat\u00f3micamente imposible si no era \"preparado\" antes. Despu\u00e9s era subido y dejado a su voluntad lo que hac\u00eda que su muerte no llegara hasta d\u00edas despu\u00e9s.<\/p>\n<p>&nbsp;<\/p>\n<p><strong>1: Escafismo.<\/strong><\/p>\n<p><img decoding=\"async\" src=\"http:\/\/upload.wikimedia.org\/wikipedia\/commons\/thumb\/e\/eb\/Boat_pl_124_ubt.jpeg\/220px-Boat_pl_124_ubt.jpeg\" alt=\"\" \/><\/p>\n<p>A pesar de que la rueda ya de por si representaba la c\u00faspide de la tortura humana, el siguiente m\u00e9todo de ejecuci\u00f3n nos har\u00e1 cuestionar nuestra humanidad. Este m\u00e9todo fue usado por los persas y descrito por los griegos. Lo primero que se hac\u00eda era alimentar a la persona con miel y cerveza muchas veces en mal estado. Si esta no se dejaba era obligado a ello. Despu\u00e9s era metido en un caj\u00f3n de madera o entre dos artesas, especie de mini botes, de tal manera que sobresalieran sus extremidades y la cabeza. Despu\u00e9s este era cubierto con miel y cerveza. Esto atra\u00eda a insectos de todo tipo que se posaban en las partes que sobresal\u00edan.\u00a0As\u00ed estos pon\u00edan sus huevos y la persona era literalmente comida por los insectos de afuera hacia adentro. Esta muerte era extremadamente lenta, ya que la muerte no se daba hasta que los insectos llegasen a \u00f3rganos vitales. Cabe decir que la persona era alimentada todo el tiempo para que no muera de hambre y que sus secreciones atraigan a m\u00e1s insectos. Esto hacia que la muerte no se d\u00e9 hasta despu\u00e9s de semanas. Escalofriante.<\/p>\n","protected":false},"excerpt":{"rendered":"<p>Quiz\u00e1s una de las cosas que nos caracterizan como seres humanos desde el principio de la historia, es la capacidad para querer matarnos entre nosotros mismos. Eso se ve reflejado en la cantidad de guerras que se han hecho desde el principio de la existencia. Sin embargo muchas veces decidimos castigar a alguien de una [&hellip;]<\/p>\n","protected":false},"author":9393,"featured_media":0,"parent":0,"menu_order":0,"comment_status":"open","ping_status":"open","template":"","meta":{"footnotes":""},"class_list":["post-39","page","type-page","status-publish","hentry"],"_links":{"self":[{"href":"https:\/\/blog.espol.edu.ec\/javiteri\/wp-json\/wp\/v2\/pages\/39","targetHints":{"allow":["GET"]}}],"collection":[{"href":"https:\/\/blog.espol.edu.ec\/javiteri\/wp-json\/wp\/v2\/pages"}],"about":[{"href":"https:\/\/blog.espol.edu.ec\/javiteri\/wp-json\/wp\/v2\/types\/page"}],"author":[{"embeddable":true,"href":"https:\/\/blog.espol.edu.ec\/javiteri\/wp-json\/wp\/v2\/users\/9393"}],"replies":[{"embeddable":true,"href":"https:\/\/blog.espol.edu.ec\/javiteri\/wp-json\/wp\/v2\/comments?post=39"}],"version-history":[{"count":1,"href":"https:\/\/blog.espol.edu.ec\/javiteri\/wp-json\/wp\/v2\/pages\/39\/revisions"}],"predecessor-version":[{"id":40,"href":"https:\/\/blog.espol.edu.ec\/javiteri\/wp-json\/wp\/v2\/pages\/39\/revisions\/40"}],"wp:attachment":[{"href":"https:\/\/blog.espol.edu.ec\/javiteri\/wp-json\/wp\/v2\/media?parent=39"}],"curies":[{"name":"wp","href":"https:\/\/api.w.org\/{rel}","templated":true}]}}