{"id":62,"date":"2016-11-13T03:10:06","date_gmt":"2016-11-13T03:10:06","guid":{"rendered":"http:\/\/blog.espol.edu.ec\/jazanedo\/?page_id=62"},"modified":"2016-11-15T15:12:43","modified_gmt":"2016-11-15T15:12:43","slug":"comedia","status":"publish","type":"page","link":"https:\/\/blog.espol.edu.ec\/jazanedo\/comedia\/","title":{"rendered":"COMEDIA"},"content":{"rendered":"<h2 style=\"text-align: center\"><del><\/del><span style=\"color: #33cccc\"><strong><span style=\"color: #33cccc\">MY<\/span> <span style=\"color: #33cccc\">NAME<\/span> <span style=\"color: #33cccc\">IS KIM SAM SOON<\/span><\/strong><\/span><\/h2>\n<p><img loading=\"lazy\" decoding=\"async\" class=\" wp-image-106 aligncenter\" src=\"http:\/\/blog.espol.edu.ec\/jazanedo\/files\/2016\/11\/descarga-1.jpg\" alt=\"descarga-1\" width=\"524\" height=\"393\" \/><\/p>\n<ul>\n<li><b>Episodios:<\/b> 16<\/li>\n<li><strong>A\u00f1o: <\/strong>2005<\/li>\n<li><strong><strong>Sinopsis:\u00a0<\/strong><\/strong>\n<p style=\"text-align: center\">Kim Sam Soon\u00a0es una repostera de 30 a\u00f1os. En v\u00edsperas de la navidad, descubre a su novio\u00a0si\u00e9ndole infiel, por lo que rompe con \u00e9l al instante. Esa misma noche, accidentalmente entra en el ba\u00f1o de caballeros, donde no deja de llorar y patalear. All\u00edKim Sam-soon es una chica normal que acaba de cumplir 30 a\u00f1os y siempre que est\u00e1 deprimida o tensa le da por comer. El mismo d\u00eda que su novio termina con ella, pierde el trabajo y conoce a Hyun Jin-hun, un tipo bastante fr\u00edo y que es due\u00f1o de un restaurante. Aunque sus primeros encuentros son muy malos, el reconoce su habilidad como pastelera y la contrata, pero tambi\u00e9n le pide a Sam-soon que se haga pasar por su novia para que su madre deje de presionarle para que olvide a Yoo Hee-jin, que desapareci\u00f3 sin explicaciones hace 3 a\u00f1os, despu\u00e9s de que \u00e9l sufriera un accidente en el que fallecieron su hermano mayor y su cu\u00f1ada y que lo dej\u00f3 con una pierna lisiada. Cuando su ex-novia regresa y se da cuenta de que \u00e9l se ha enamorado de una tal Kim Sam-soon, estar\u00e1 dispuesta a competir con ella con tal de recuperar el amor de Hyun...<\/p>\n<p><a href=\"https:\/\/www.youtube.com\/watch?v=VqoqZSQ0ZJM\">https:\/\/www.youtube.com\/watch?v=VqoqZSQ0ZJM<\/a><\/p>\n<p>&nbsp;<\/p>\n<p style=\"text-align: center\"><strong>PERSONAL TASTE\u00a0<\/strong><\/p>\n<p><img loading=\"lazy\" decoding=\"async\" class=\"alignnone size-medium wp-image-107\" src=\"http:\/\/blog.espol.edu.ec\/jazanedo\/files\/2016\/11\/2j5nswp-850x478.jpg\" alt=\"2j5nswp\" width=\"850\" height=\"478\" srcset=\"https:\/\/blog.espol.edu.ec\/jazanedo\/files\/2016\/11\/2j5nswp-850x478.jpg 850w, https:\/\/blog.espol.edu.ec\/jazanedo\/files\/2016\/11\/2j5nswp-250x141.jpg 250w, https:\/\/blog.espol.edu.ec\/jazanedo\/files\/2016\/11\/2j5nswp-1200x675.jpg 1200w\" sizes=\"auto, (max-width: 850px) 100vw, 850px\" \/><\/li>\n<li><b>Episodios: <\/b>16<\/li>\n<li><strong>A\u00f1o:<\/strong> 2010<\/li>\n<li><strong><strong>Sinopsis:<\/strong><\/strong>\n<p style=\"text-align: center\">Park Gae In es una impulsiva y torpe dise\u00f1adora de muebles, lleva muchos a\u00f1os con su novio Han Chang Ryul pero rompen sin motivo aparente. Luego, Gae In es invitada a la boda de su amiga Kim In Jee y se horroriza al descubrir que el marido es nada menos que Chang Ryul.<\/p>\n<p style=\"text-align: center\">Por otro lado esta Jeon Jin Ho, un arquitecto en busca de ganar un proyecto para la construcci\u00f3n del Dam Art Center, operado por el padre de Chang Ryul. Tras conocer a Gae In, Jin Ho se hace pasar por gay para tener acceso a la casa, ya que ella maneja informaci\u00f3n importante para \u00e9l y su proyecto. No obstante, al pasar el tiempo, la misi\u00f3n secreta de Jin Ho, se sale de camino y tendr\u00e1 que poner en riesgo su proyecto o su coraz\u00f3n.<\/p>\n<p><a href=\"https:\/\/www.youtube.com\/watch?v=RWXR22SOCrk\">https:\/\/www.youtube.com\/watch?v=RWXR22SOCrk<\/a><\/p>\n<p>&nbsp;<\/p>\n<p style=\"text-align: center\"><strong>FLOWER BOY RAMYUN SHOP<\/strong><\/p>\n<p><img loading=\"lazy\" decoding=\"async\" class=\"alignnone size-full wp-image-108\" src=\"http:\/\/blog.espol.edu.ec\/jazanedo\/files\/2016\/11\/flower-boy-ramyun-shop-3f9216f.jpg\" alt=\"flower-boy-ramyun-shop-3f9216f\" width=\"711\" height=\"401\" srcset=\"https:\/\/blog.espol.edu.ec\/jazanedo\/files\/2016\/11\/flower-boy-ramyun-shop-3f9216f.jpg 711w, https:\/\/blog.espol.edu.ec\/jazanedo\/files\/2016\/11\/flower-boy-ramyun-shop-3f9216f-250x141.jpg 250w\" sizes=\"auto, (max-width: 711px) 100vw, 711px\" \/><\/li>\n<li><b>Episodios:<\/b> 16<\/li>\n<li><strong>A\u00f1o:<\/strong> 2011<\/li>\n<li style=\"text-align: left\"><strong><strong>Sinopsis:<\/strong><\/strong>\n<p style=\"text-align: justify\">Cha Chi Soo es un chico rico, presumido y arrogante yYang Eun Bi es una chica ingenua, que luego de conocer a Cha Chi Soo tratar\u00e1 de conquistarlo, al pensar que es un chico mayor que ella. Todo cambiar\u00e1 cuando Eun Bi se da cuenta de que Chi Soo en realidad, es mucho menor de lo que ella pensaba, y que asistir\u00e1n a la misma escuela: el como alumno y ella como profesora. Por otro lado, aparece Choi Kang Hyuk, un chico amable quien le prometi\u00f3 al padre de Eun Bi que cuidar\u00eda de ella cuando \u00e9l ya no estuviera.<\/p>\n<p style=\"text-align: justify\">Chi Soo, Eun Bi y Kang Hyuk terminar\u00e1n trabajando juntos en la tienda de ramen del padre de Eun Bi, y poco a poco Chi Soo y Kang Hyuk terminaran enamor\u00e1ndose de ella. \u00bfA qui\u00e9n elegir\u00e1 Eun Bi?<\/p>\n<p><a href=\"https:\/\/www.youtube.com\/watch?v=Ow1ddgSVVQw\">https:\/\/www.youtube.com\/watch?v=Ow1ddgSVVQw<\/a><\/p>\n<p style=\"text-align: center\"><strong>\u00a0<\/strong><\/p>\n<p style=\"text-align: center\"><strong>SECRET GARDEN<\/strong>\u00a0<img loading=\"lazy\" decoding=\"async\" class=\"alignnone wp-image-110\" src=\"http:\/\/blog.espol.edu.ec\/jazanedo\/files\/2016\/11\/descarga-2.jpg\" alt=\"descarga-2\" width=\"607\" height=\"340\" srcset=\"https:\/\/blog.espol.edu.ec\/jazanedo\/files\/2016\/11\/descarga-2.jpg 300w, https:\/\/blog.espol.edu.ec\/jazanedo\/files\/2016\/11\/descarga-2-250x141.jpg 250w\" sizes=\"auto, (max-width: 607px) 100vw, 607px\" \/><\/p>\n<\/li>\n<li style=\"text-align: left\"><strong>Episodios:<\/strong> 20<\/li>\n<li style=\"text-align: left\"><strong>A\u00f1o:<\/strong> 2010<\/li>\n<li style=\"text-align: center\"><strong>Sinopsis:<\/strong>Cuenta la historia de Kim Joo Won, un arrogante y exc\u00e9ntrico director ejecutivo que aparenta tener una vida perfecta, ya que es due\u00f1o de un centro comercial y poseedor de una gran fortuna; a diferencia Gil Ra Im, una pobre y humilde doble de acci\u00f3n, cuya belleza y cuerpo son objeto de envidia entre las actrices m\u00e1s famosas. Ambos se conocen por accidente, cuando Joo Won confunde a Ra Im con la actriz Park Chae Rin, por la cual siente algo, y esto marca el inicio de una tensa y re\u00f1ida relaci\u00f3n. Pero todo cambia cuando Ra Im termina enamorando a Joo Won con sus genuinidad y forma de tratarlo, y una extra\u00f1a secuencia de eventos hace que intercambien de cuerpos.<a href=\"https:\/\/www.youtube.com\/watch?v=KqOwCLuoeDs\">https:\/\/www.youtube.com\/watch?v=KqOwCLuoeDs<\/a>\n<p>&nbsp;<\/p>\n<p><strong>BEAUTIFUL GONG SHIM<\/strong><img loading=\"lazy\" decoding=\"async\" class=\"wp-image-111 alignnone\" src=\"http:\/\/blog.espol.edu.ec\/jazanedo\/files\/2016\/11\/descarga-3.jpg\" alt=\"descarga-3\" width=\"702\" height=\"402\" \/><\/li>\n<li style=\"text-align: left\"><strong>Episodios:<\/strong> 20<\/li>\n<li style=\"text-align: left\"><strong>A\u00f1o:<\/strong> 2016<\/li>\n<li style=\"text-align: left\"><strong>Sinopsis:<\/strong>\n<p style=\"text-align: center\">Gong Shim es una chica con un c\u00e1lido coraz\u00f3n que toda su vida ha estado bajo la sombra de su hermana mayor, quien es una\u00a0abogada hermosa y exitosa.\u00a0Gong Shim\u00a0sue\u00f1a alg\u00fan d\u00eda lograr ser una gran dibujante, pero hasta ahora su vida s\u00f3lo ha estado llena de fracasos.<\/p>\n<p style=\"text-align: center\">Ahn Dan Tae es un abogado despreocupado y algo desordenado quien luego de haber sido encarcelado injustamente, dedica su vida a defender a los m\u00e1s necesitados. \u00c9l tambi\u00e9n suele trabajar como chofer, ya que ofrece sus servicios de abogado gratuitamente. Suk Joon Soo es el hijo de una gran familia quien lucha por independizarse y lograr sus metas con sus propias habilidades.\u00a0Luego\u00a0de que Dan Tae rescata a Joon Soo de algunos mafiosos, ambos se vuelven amigos muy cercanos, a pesar de sus diferentes personalidades.<\/p>\n<p style=\"text-align: center\">Gong Shim le alquila un cuarto a Dan Tae en la azotea de su casa; mientras que\u00a0ella empieza a trabajar en la empresa de\u00a0Joon Soo como secretaria. Los tres empezar\u00e1n a\u00a0pasar mucho tiempo juntos y se volver\u00e1n cada vez m\u00e1s cercanos, y ambos chicos comenzar\u00e1n a enamorarse de Gong Shim. Sin embargo, Gong Mi tambi\u00e9n se involucrar\u00e1 al ver en\u00a0Joon Soo un buen candidato como esposo, por lo que tratar\u00e1 de manipular las cosas a su manera para lograr acercarse a \u00e9l.<\/p>\n<p><iframe loading=\"lazy\" title=\"Minah (Girl&#039;s Day) - My First Kiss [Sub Espa\u00f1ol + Hangul + Rom] Beautiful Gong Shim OST - Part.2\" width=\"610\" height=\"343\" src=\"https:\/\/www.youtube.com\/embed\/og-ACcEMYR0?feature=oembed\" frameborder=\"0\" allow=\"accelerometer; autoplay; clipboard-write; encrypted-media; gyroscope; picture-in-picture; web-share\" referrerpolicy=\"strict-origin-when-cross-origin\" allowfullscreen><\/iframe><\/li>\n<\/ul>\n<p>&nbsp;<\/p>\n","protected":false},"excerpt":{"rendered":"<p>MY NAME IS KIM SAM SOON Episodios: 16 A\u00f1o: 2005 Sinopsis:\u00a0 Kim Sam Soon\u00a0es una repostera de 30 a\u00f1os. En v\u00edsperas de la navidad, descubre a su novio\u00a0si\u00e9ndole infiel, por lo que rompe con \u00e9l al instante. Esa misma noche, accidentalmente entra en el ba\u00f1o de caballeros, donde no deja de llorar y patalear. All\u00edKim [&hellip;]<\/p>\n","protected":false},"author":10717,"featured_media":0,"parent":0,"menu_order":0,"comment_status":"closed","ping_status":"closed","template":"","meta":{"footnotes":""},"class_list":["post-62","page","type-page","status-publish","hentry"],"_links":{"self":[{"href":"https:\/\/blog.espol.edu.ec\/jazanedo\/wp-json\/wp\/v2\/pages\/62","targetHints":{"allow":["GET"]}}],"collection":[{"href":"https:\/\/blog.espol.edu.ec\/jazanedo\/wp-json\/wp\/v2\/pages"}],"about":[{"href":"https:\/\/blog.espol.edu.ec\/jazanedo\/wp-json\/wp\/v2\/types\/page"}],"author":[{"embeddable":true,"href":"https:\/\/blog.espol.edu.ec\/jazanedo\/wp-json\/wp\/v2\/users\/10717"}],"replies":[{"embeddable":true,"href":"https:\/\/blog.espol.edu.ec\/jazanedo\/wp-json\/wp\/v2\/comments?post=62"}],"version-history":[{"count":4,"href":"https:\/\/blog.espol.edu.ec\/jazanedo\/wp-json\/wp\/v2\/pages\/62\/revisions"}],"predecessor-version":[{"id":195,"href":"https:\/\/blog.espol.edu.ec\/jazanedo\/wp-json\/wp\/v2\/pages\/62\/revisions\/195"}],"wp:attachment":[{"href":"https:\/\/blog.espol.edu.ec\/jazanedo\/wp-json\/wp\/v2\/media?parent=62"}],"curies":[{"name":"wp","href":"https:\/\/api.w.org\/{rel}","templated":true}]}}