{"id":64,"date":"2016-11-13T03:13:06","date_gmt":"2016-11-13T03:13:06","guid":{"rendered":"http:\/\/blog.espol.edu.ec\/jazanedo\/?page_id=64"},"modified":"2016-11-13T17:41:50","modified_gmt":"2016-11-13T17:41:50","slug":"romance","status":"publish","type":"page","link":"https:\/\/blog.espol.edu.ec\/jazanedo\/romance\/","title":{"rendered":"ROMANCE"},"content":{"rendered":"<h2 style=\"text-align: center\"><strong><span style=\"color: #993366\">BOYS OVER FLOWERS<\/span><\/strong><\/h2>\n<p style=\"padding-left: 30px\"><img loading=\"lazy\" decoding=\"async\" class=\"size-full wp-image-114 aligncenter\" src=\"http:\/\/blog.espol.edu.ec\/jazanedo\/files\/2016\/11\/Boys_Before_Flowers.jpg\" alt=\"boys_before_flowers\" width=\"473\" height=\"330\" srcset=\"https:\/\/blog.espol.edu.ec\/jazanedo\/files\/2016\/11\/Boys_Before_Flowers.jpg 473w, https:\/\/blog.espol.edu.ec\/jazanedo\/files\/2016\/11\/Boys_Before_Flowers-400x280.jpg 400w\" sizes=\"auto, (max-width: 473px) 100vw, 473px\" \/><\/p>\n<ul>\n<li><strong>Episodios:<\/strong> 25<\/li>\n<li><strong>A\u00f1o:<\/strong> 2009<\/li>\n<li style=\"text-align: center\"><strong>Sinopsis:<\/strong>\u00a0Geum Jan Di es una chica humilde cuya familia es propietaria de una tintorer\u00eda. Un d\u00eda, mientras realiza una\u00a0entrega para un estudiante de la prestigiosa Escuela Superior Shin Hwa (escuela para ricos) se percata que el chico iba a suicidarse desde la azotea por obtener la tarjeta roja de los F4 y justo en el preciso momento en el que salta, Geum Jan Di le salva la vida al detenerlo y es llamada \"la chica\/mujer maravilla\". Este acto gener\u00f3 gran controversia en la ciudad, por lo cual es becada para asistir a la escuela. Al principio es maltratada y aislada por los dem\u00e1s estudiantes al recibir la tarjeta roja de los F4 (4 flores), que es un grupo de alumnos que gobiernan cruelmente la escuela por su belleza y riqueza. Gu Jun Pyo, l\u00edder de los F4 y sucesor de la Compa\u00f1\u00eda Shinhwa, empieza a tener sentimientos hacia Geum Jan Di. Yoon Ji Hoo tambi\u00e9n se enamora de Geum Jan Di, pero antes de que se diera cuenta de que estaba enamorado de ella, \u00e9l ten\u00eda sus sentimientos puestos en su amiga de todo la vida Min Seo Hyun y ella \"corresponde\" ese sentimiento,pero poco a poco se enamora de Jan Di y se provoca un triangulo amoroso.<a href=\"https:\/\/www.youtube.com\/watch?v=gGfsGyYFULg\">https:\/\/www.youtube.com\/watch?v=gGfsGyYFULg<\/a>\n<p>&nbsp;<\/p>\n<p><strong>FATED TO LOVE YOU\u00a0<\/strong><\/p>\n<p><strong><img loading=\"lazy\" decoding=\"async\" class=\"alignnone size-full wp-image-115\" src=\"http:\/\/blog.espol.edu.ec\/jazanedo\/files\/2016\/11\/4516_FatedtoLoveYou_MBC_Nowplay_Small.jpg\" alt=\"4516_fatedtoloveyou_mbc_nowplay_small\" width=\"680\" height=\"390\" \/><\/strong><\/li>\n<li style=\"text-align: left\"><strong>Episodios:<\/strong> 20<\/li>\n<li style=\"text-align: left\"><strong>A\u00f1o:<\/strong> 2014<\/li>\n<li style=\"text-align: left\"><strong style=\"text-align: left\"><strong>Sinopsis:\u00a0<\/strong><\/strong><\/li>\n<\/ul>\n<p style=\"text-align: center;padding-left: 90px\">Lee Gun es el presidente de una empresa qu\u00edmica que produce art\u00edculos del hogar. \u00c9l tiene una novia bailarina de la que est\u00e1 profundamente enamorado. Por su parte Kim Mi Young trabaja como secretaria en un bufete de abogados. Su apodo es \"Post-it\" (nota adhesiva). Se gan\u00f3 ese apodo debido a su incapacidad para decir no a lo que le piden sus compa\u00f1eros de trabajo. Ella se acumula de tareas debido a que \u00e9stos se aprovechan de su bondad y poco car\u00e1cter. Una noche Lee Gun y Mi Young se encuentran drogados debido a terceras personas y Mi Young queda embarazada. Al enterarse la abuela de Gun, la presidenta Wang, lo obliga a buscarla y casarse con ella, pero \u00bfqu\u00e9 pasar\u00e1 cuando Kang Se Ra regrese?.<\/p>\n<p style=\"padding-left: 60px\"><iframe loading=\"lazy\" src=\"https:\/\/www.youtube.com\/embed\/OC8qzKpeq9M?feature=oembed\" width=\"610\" height=\"343\" frameborder=\"0\" allowfullscreen=\"allowfullscreen\"><\/iframe><\/p>\n<p style=\"text-align: center\">\n<p style=\"text-align: center\"><span style=\"color: #993366\"><strong>MY LOVE FROM THE STARS<\/strong><\/span><\/p>\n<p style=\"text-align: center;padding-left: 30px\"><img loading=\"lazy\" decoding=\"async\" class=\"alignnone size-medium wp-image-116\" src=\"http:\/\/blog.espol.edu.ec\/jazanedo\/files\/2016\/11\/my_love_from_another_star_promo_art-850x478.jpg\" alt=\"my_love_from_another_star_promo_art\" width=\"850\" height=\"478\" srcset=\"https:\/\/blog.espol.edu.ec\/jazanedo\/files\/2016\/11\/my_love_from_another_star_promo_art-850x478.jpg 850w, https:\/\/blog.espol.edu.ec\/jazanedo\/files\/2016\/11\/my_love_from_another_star_promo_art-250x141.jpg 250w, https:\/\/blog.espol.edu.ec\/jazanedo\/files\/2016\/11\/my_love_from_another_star_promo_art-768x433.jpg 768w, https:\/\/blog.espol.edu.ec\/jazanedo\/files\/2016\/11\/my_love_from_another_star_promo_art-1200x675.jpg 1200w, https:\/\/blog.espol.edu.ec\/jazanedo\/files\/2016\/11\/my_love_from_another_star_promo_art.jpg 1296w\" sizes=\"auto, (max-width: 850px) 100vw, 850px\" \/><\/p>\n<ul>\n<li><strong>Episodios:<\/strong>\u00a021 + Especial<\/li>\n<li><strong>A\u00f1o:<\/strong> 2014<\/li>\n<li style=\"text-align: center\"><strong><strong>Sinopsis:<\/strong><\/strong>\n<p style=\"text-align: center\">Una interesante historia sobre Do Min Joon un extraterrestre con una apariencia casi perfecta, que aterriz\u00f3 en Corea del Sur durante la dinast\u00eda Joseon (1609) y ha estado habitando la tierra por m\u00e1s de 400 a\u00f1os con excelentes habilidades de visi\u00f3n, audici\u00f3n y velocidad.<\/p>\n<p style=\"text-align: center\">En la era actual, cuando se acerca el d\u00eda de su partida y solo le quedan tres meses en la Tierra, conoce a una top actriz de Hallyu, Cheon Song Yi, qui\u00e9n le har\u00e1 desarrollar nuevos sentimientos y cambiar el concepto c\u00ednico que Do Min Joon tiene sobre los seres humanos.<\/p>\n<p><iframe loading=\"lazy\" title=\"[MV] Lyn(\ub9b0) _ My Destiny(My Love From the Star(\ubcc4\uc5d0\uc11c \uc628 \uadf8\ub300)OST Part 1)\" width=\"610\" height=\"343\" src=\"https:\/\/www.youtube.com\/embed\/D07Q2k04uCU?feature=oembed\" frameborder=\"0\" allow=\"accelerometer; autoplay; clipboard-write; encrypted-media; gyroscope; picture-in-picture; web-share\" referrerpolicy=\"strict-origin-when-cross-origin\" allowfullscreen><\/iframe><\/p>\n<p>&nbsp;<\/p>\n<p><strong>OH MY VENUS<\/strong><\/li>\n<\/ul>\n<p style=\"padding-left: 90px\"><img loading=\"lazy\" decoding=\"async\" class=\"alignnone  wp-image-117 aligncenter\" src=\"http:\/\/blog.espol.edu.ec\/jazanedo\/files\/2016\/11\/Oh-My-Venus_780x436_2_.jpg\" alt=\"oh-my-venus_780x436_2_\" width=\"544\" height=\"317\" \/><\/p>\n<ul>\n<li style=\"text-align: left\"><strong>Episodios:<\/strong> 16<\/li>\n<li style=\"text-align: left\"><strong>A\u00f1o:<\/strong> 2015<\/li>\n<li style=\"text-align: center\"><strong>Sinopsis:<\/strong>\n<p style=\"text-align: center\">Kim Young Ho es un entrenador personal para las estrellas de Hollywood. A pesar de que viene de una familia rica, pas\u00f3 gran parte de su infancia en el hospital. Ahora, \u00e9l supera sus problemas con paciencia y obstinaci\u00f3n aunque su cuerpo sigue recordando el dolor del pasado.<\/p>\n<p style=\"text-align: center\">Kang Joo Eun es abogada de 33 a\u00f1os de edad. Ella ha luchado por mantener a su familia. Ahora, Kang Joo Eun tiene sobrepeso y no es tan atractiva como en su juventud.<\/p>\n<p><iframe loading=\"lazy\" title=\"[\uc624 \ub9c8\uc774 \ube44\ub108\uc2a4 OST] \ud14c\uc774 (Tei) - \ub0b4\uac00 \uc788\uc744\uac8c MV\" width=\"610\" height=\"343\" src=\"https:\/\/www.youtube.com\/embed\/Akr-XrE57oU?list=PLxjrwoKLZp0Dqc1cTsktuT_Vu-oE9yFaz\" frameborder=\"0\" allow=\"accelerometer; autoplay; clipboard-write; encrypted-media; gyroscope; picture-in-picture; web-share\" referrerpolicy=\"strict-origin-when-cross-origin\" allowfullscreen><\/iframe><\/p>\n<p>&nbsp;<\/p>\n<p><strong>DESCENDANTS OF THE SUN<\/strong><\/li>\n<\/ul>\n<p style=\"padding-left: 90px\"><strong><img loading=\"lazy\" decoding=\"async\" class=\"wp-image-118 aligncenter\" src=\"http:\/\/blog.espol.edu.ec\/jazanedo\/files\/2016\/11\/Descendants-of-the-Sun_1560x872.jpg\" alt=\"descendants-of-the-sun_1560x872\" width=\"534\" height=\"311\" \/><\/strong><\/p>\n<ul>\n<li style=\"text-align: left\"><strong>Episodios:<\/strong> 16 + 3 Especiales<\/li>\n<li style=\"text-align: left\"><strong>A\u00f1o:<\/strong> 2016<\/li>\n<li style=\"text-align: left\"><strong>Sinopsis:<\/strong>\n<p style=\"text-align: center\">Yoo Si Jin (Song Joong Ki) es el capit\u00e1n de las Fuerzas Especiales. \u00c9l, junto al Sargento Superior Seo Dae Young (Jin Goo), atrapan a un ladr\u00f3n que se lastima durante su captura, es enviado al hospital mientras que Dae Young se da cuenta que le ha robado su celular y vana recuperarlo.<\/p>\n<p style=\"text-align: center\">En la sala de emergencias, Si Yin se encuentra con la Dra. Kang Mo Yeon (Song Hye Kyo) por primera vez. Mo Yeon confunde a Si Jin como parte de una banda criminal pero \u00e9l le prueba que es un soldado del ej\u00e9rcito.<\/p>\n<p style=\"text-align: center\">Si Jin y Mo Yeon empiezan a salir pero debido a sus trabajos, sus citas no terminan bien. Si Jin recibe la orden de llevar a sus soldados en una misi\u00f3n de paz al pa\u00eds de Uruk (pa\u00eds ficticio de Europa del Este) un pa\u00eds desgarrado por la guerra.<\/p>\n<p style=\"text-align: center\">Mo Yeon rechaza las insinuaciones sexuales del presidente del hospital, Suk Won (Tae In Ho), y como castigo es enviada como l\u00edder del equipo m\u00e9dico a Uruk. Y en ese lugar, Si Jin y Mo Yeon se vuelven a encontrar. \u00bfSer\u00e1 que el destino les dar\u00e1 una segunda oportunidad?<\/p>\n<p><iframe loading=\"lazy\" title=\"[MV] Gummy(\uac70\ubbf8) - You Are My Everything l Descendants of the Sun \ud0dc\uc591\uc758 \ud6c4\uc608 OST\" width=\"610\" height=\"343\" src=\"https:\/\/www.youtube.com\/embed\/ToASX6axGuw?list=PLR_5dpGMe906wni2h8aNim_wuElcDxjmI\" frameborder=\"0\" allow=\"accelerometer; autoplay; clipboard-write; encrypted-media; gyroscope; picture-in-picture; web-share\" referrerpolicy=\"strict-origin-when-cross-origin\" allowfullscreen><\/iframe><\/li>\n<\/ul>\n","protected":false},"excerpt":{"rendered":"<p>BOYS OVER FLOWERS Episodios: 25 A\u00f1o: 2009 Sinopsis:\u00a0Geum Jan Di es una chica humilde cuya familia es propietaria de una tintorer\u00eda. Un d\u00eda, mientras realiza una\u00a0entrega para un estudiante de la prestigiosa Escuela Superior Shin Hwa (escuela para ricos) se percata que el chico iba a suicidarse desde la azotea por obtener la tarjeta roja [&hellip;]<\/p>\n","protected":false},"author":10717,"featured_media":0,"parent":0,"menu_order":0,"comment_status":"closed","ping_status":"closed","template":"","meta":{"footnotes":""},"class_list":["post-64","page","type-page","status-publish","hentry"],"_links":{"self":[{"href":"https:\/\/blog.espol.edu.ec\/jazanedo\/wp-json\/wp\/v2\/pages\/64","targetHints":{"allow":["GET"]}}],"collection":[{"href":"https:\/\/blog.espol.edu.ec\/jazanedo\/wp-json\/wp\/v2\/pages"}],"about":[{"href":"https:\/\/blog.espol.edu.ec\/jazanedo\/wp-json\/wp\/v2\/types\/page"}],"author":[{"embeddable":true,"href":"https:\/\/blog.espol.edu.ec\/jazanedo\/wp-json\/wp\/v2\/users\/10717"}],"replies":[{"embeddable":true,"href":"https:\/\/blog.espol.edu.ec\/jazanedo\/wp-json\/wp\/v2\/comments?post=64"}],"version-history":[{"count":3,"href":"https:\/\/blog.espol.edu.ec\/jazanedo\/wp-json\/wp\/v2\/pages\/64\/revisions"}],"predecessor-version":[{"id":119,"href":"https:\/\/blog.espol.edu.ec\/jazanedo\/wp-json\/wp\/v2\/pages\/64\/revisions\/119"}],"wp:attachment":[{"href":"https:\/\/blog.espol.edu.ec\/jazanedo\/wp-json\/wp\/v2\/media?parent=64"}],"curies":[{"name":"wp","href":"https:\/\/api.w.org\/{rel}","templated":true}]}}