{"id":68,"date":"2016-11-13T03:11:24","date_gmt":"2016-11-13T03:11:24","guid":{"rendered":"http:\/\/blog.espol.edu.ec\/jazanedo\/?page_id=68"},"modified":"2016-11-13T18:29:38","modified_gmt":"2016-11-13T18:29:38","slug":"suspenso","status":"publish","type":"page","link":"https:\/\/blog.espol.edu.ec\/jazanedo\/suspenso\/","title":{"rendered":"MISTERIO"},"content":{"rendered":"<h2 style=\"text-align: center\"><span style=\"color: #ff0000\">THE MASTER\u00b4S SUN<\/span><\/h2>\n<p style=\"padding-left: 30px\"><img loading=\"lazy\" decoding=\"async\" class=\"alignnone size-full wp-image-127\" src=\"http:\/\/blog.espol.edu.ec\/jazanedo\/files\/2016\/11\/4305_TheMastersSun_Nowplay_Small.jpg\" alt=\"4305_themasterssun_nowplay_small\" width=\"680\" height=\"390\" \/><\/p>\n<ul>\n<li style=\"padding-left: 30px\"><em><strong>Episodios:<\/strong> 17<\/em><\/li>\n<li style=\"padding-left: 30px\"><em><strong>A\u00f1o:<\/strong><\/em> <em>2013<\/em><\/li>\n<li style=\"padding-left: 30px;text-align: justify\"><strong><em>Sinopsis:<\/em>\u00a0<\/strong><em>Joo Won Joong es el CEO de Kingdom, un centro comercial. Es mezquino, avaro y vanidoso, mide todas sus relaciones y sus actos a trav\u00e9s del dinero. Mientras tanto, Tae Gong Sil es una mujer que tiene la capacidad de ver fantasmas luego de sufrir un accidente, sin embargo esta habilidad le ha tra\u00eddo muchos problemas al ser despedida de cada trabajo que consigue y de ser pose\u00edda por ellos cada vez que queda inconsciente, por lo que no puede beber ni dormir. Pero todo cambiar\u00e1 cuando ambos se encuentren; Joong Won aprender\u00e1 a confiar en Gong Sil y la proteger\u00e1 de cualquier peligro, y a su vez Tae Gong Sil ayudar\u00e1 a Joo Joong Won con fantasmas que atormentan a sus clientes y podr\u00e1 encontrar un refugio para descansar de los esp\u00edritus.<\/em><\/li>\n<li style=\"padding-left: 30px;text-align: center\"><iframe loading=\"lazy\" title=\"Gummy - Day and Night FMV (Master&#039;s Sun OST) [ENGSUB + Romanization + Hangul]\" width=\"610\" height=\"343\" src=\"https:\/\/www.youtube.com\/embed\/DqnGBWAW7wQ?feature=oembed\" frameborder=\"0\" allow=\"accelerometer; autoplay; clipboard-write; encrypted-media; gyroscope; picture-in-picture; web-share\" referrerpolicy=\"strict-origin-when-cross-origin\" allowfullscreen><\/iframe>\n<p>&nbsp;<\/p>\n<p><strong>BRIDGE OF THE CENTURY<\/strong><\/li>\n<\/ul>\n<p style=\"padding-left: 90px\"><img loading=\"lazy\" decoding=\"async\" class=\"wp-image-128 aligncenter\" src=\"http:\/\/blog.espol.edu.ec\/jazanedo\/files\/2016\/11\/1394907399-image-o.jpg\" alt=\"1394907399-image-o\" width=\"555\" height=\"418\" \/><\/p>\n<ul>\n<li style=\"padding-left: 30px\"><em><strong>Episodios:<\/strong> 16<\/em><\/li>\n<li style=\"padding-left: 30px\"><em><strong>A\u00f1o:<\/strong><\/em> <em>2014<\/em><\/li>\n<li style=\"padding-left: 30px;text-align: justify\"><strong><strong><em>Sinopsis:<\/em><\/strong><\/strong>La familia Taeyang ha estado bajo una maldici\u00f3n de m\u00e1s de 100 a\u00f1os, por la cual la primera esposa del primer hijo de cada generaci\u00f3n muere durante la noche de bodas.Hoy en d\u00eda, la Corporaci\u00f3n Taeyang es el conglomerado m\u00e1s grande de Corea del Sur y su primog\u00e9nito.\n<p><b><\/b>Choi Kang Joo, ya ha sido prometido con la hija de una familia adinerada que depende que este matrimonio se lleve a cabo para que su empresa no caiga en la ruina. \u00bfPero qu\u00e9 ocurre cuando la prometida, Jang Yi Kyung, desaparece de la noche a la ma\u00f1ana? Mientras su familia busca desesperadamente a Yi Kyung, descubren en un peque\u00f1o pueblo pesquero a una chica que luce exactamente igual a ella, por lo que contratan a\u00a0Na Doo Rim para que se haga pasar por ella hasta que encuentren a la verdadera Yi Kyung. Pero cuando la dulce y noble Doo Rim choca con el fr\u00edo y prepotente Kang Joo, las cosas empiezan a complicarse en este cuento de hadas donde nada es lo que parece y las conspiraciones rodean a todos.<\/li>\n<li style=\"padding-left: 30px;text-align: justify\"><iframe loading=\"lazy\" title=\"CHOA (AOA) - Words I Couldn&#039;t Say Yet (Bride Of The Century OST) [Sub Espa\u00f1ol]\" width=\"610\" height=\"343\" src=\"https:\/\/www.youtube.com\/embed\/SK0z6YGRFFU?feature=oembed\" frameborder=\"0\" allow=\"accelerometer; autoplay; clipboard-write; encrypted-media; gyroscope; picture-in-picture; web-share\" referrerpolicy=\"strict-origin-when-cross-origin\" allowfullscreen><\/iframe><\/li>\n<\/ul>\n<p>&nbsp;<\/p>\n<p style=\"text-align: center\"><strong>HELLO MONSTER<\/strong><\/p>\n<p style=\"padding-left: 30px\"><img loading=\"lazy\" decoding=\"async\" class=\"alignnone size-medium wp-image-129\" src=\"http:\/\/blog.espol.edu.ec\/jazanedo\/files\/2016\/11\/Hello_MonsterKBS22015-4-850x478.jpg\" alt=\"hello_monsterkbs22015-4\" width=\"850\" height=\"478\" srcset=\"https:\/\/blog.espol.edu.ec\/jazanedo\/files\/2016\/11\/Hello_MonsterKBS22015-4-850x478.jpg 850w, https:\/\/blog.espol.edu.ec\/jazanedo\/files\/2016\/11\/Hello_MonsterKBS22015-4-250x141.jpg 250w\" sizes=\"auto, (max-width: 850px) 100vw, 850px\" \/><\/p>\n<ul>\n<li style=\"padding-left: 30px\"><em><strong>Episodios:<\/strong> 16<\/em><\/li>\n<li style=\"padding-left: 30px\"><em><strong>A\u00f1o:<\/strong><\/em> <em>2015<\/em><\/li>\n<li style=\"padding-left: 30px;text-align: justify\"><strong><strong><em>Sinopsis: <\/em><\/strong><\/strong><em>Diferentes personalidades se re\u00fanen en el Equipo de Investigaci\u00f3n Especial de Crimenes de la Policia. Lee Hyun (<\/em><em>Seo In Guk) es un genio perfilador de criminales con estudios en psicolog\u00eda criminal, ingenioso y h\u00e1bil para hablar y con un pasado que lo condiciona a ser bastante frio y serio con los dem\u00e1s. De regreso a Corea, se ve forzado a colaborar con el Equipo de Investigaci\u00f3n debido a extra\u00f1os casos de asesinatos que \u00e9l voluntariamente habia comenzado a indagar por su cuenta. Su actitud un tanto soberbia choca sobretodo con el sunbae del equipo, el detective Myeong Woo (Min Sung Wook) y es particularmente ir\u00f3nico con la detective Cha Ji An (Jang Na Ra), quien guarda un secreto pasado acosador. \u00bfPodr\u00e1n los investigadores aprender a trabajar juntos para atrapar a los m\u00e1s peligrosos criminales? o \u00bfser\u00e1 que debido a la revelaci\u00f3n de grandes y dolorosos secretos en los casos que investigan la integridad del equipo se vea perjudicada? \u00a1Qui\u00e9n podr\u00e1 ser capaz de atrapar a un astuto sociop\u00e1ta que ha sabido mantenerse en el anonimato por largos 20 a\u00f1os?<\/em><\/li>\n<li style=\"padding-left: 30px;text-align: justify\"><a href=\"https:\/\/www.youtube.com\/watch?v=jZtQRVlKM1Y\">https:\/\/www.youtube.com\/watch?v=jZtQRVlKM1Y<\/a><\/li>\n<\/ul>\n","protected":false},"excerpt":{"rendered":"<p>THE MASTER\u00b4S SUN Episodios: 17 A\u00f1o: 2013 Sinopsis:\u00a0Joo Won Joong es el CEO de Kingdom, un centro comercial. Es mezquino, avaro y vanidoso, mide todas sus relaciones y sus actos a trav\u00e9s del dinero. Mientras tanto, Tae Gong Sil es una mujer que tiene la capacidad de ver fantasmas luego de sufrir un accidente, sin [&hellip;]<\/p>\n","protected":false},"author":10717,"featured_media":0,"parent":0,"menu_order":0,"comment_status":"closed","ping_status":"closed","template":"","meta":{"footnotes":""},"class_list":["post-68","page","type-page","status-publish","hentry"],"_links":{"self":[{"href":"https:\/\/blog.espol.edu.ec\/jazanedo\/wp-json\/wp\/v2\/pages\/68","targetHints":{"allow":["GET"]}}],"collection":[{"href":"https:\/\/blog.espol.edu.ec\/jazanedo\/wp-json\/wp\/v2\/pages"}],"about":[{"href":"https:\/\/blog.espol.edu.ec\/jazanedo\/wp-json\/wp\/v2\/types\/page"}],"author":[{"embeddable":true,"href":"https:\/\/blog.espol.edu.ec\/jazanedo\/wp-json\/wp\/v2\/users\/10717"}],"replies":[{"embeddable":true,"href":"https:\/\/blog.espol.edu.ec\/jazanedo\/wp-json\/wp\/v2\/comments?post=68"}],"version-history":[{"count":3,"href":"https:\/\/blog.espol.edu.ec\/jazanedo\/wp-json\/wp\/v2\/pages\/68\/revisions"}],"predecessor-version":[{"id":130,"href":"https:\/\/blog.espol.edu.ec\/jazanedo\/wp-json\/wp\/v2\/pages\/68\/revisions\/130"}],"wp:attachment":[{"href":"https:\/\/blog.espol.edu.ec\/jazanedo\/wp-json\/wp\/v2\/media?parent=68"}],"curies":[{"name":"wp","href":"https:\/\/api.w.org\/{rel}","templated":true}]}}