{"id":93,"date":"2016-06-01T01:10:54","date_gmt":"2016-06-01T01:10:54","guid":{"rendered":"http:\/\/blog.espol.edu.ec\/jbenjume\/?page_id=93"},"modified":"2016-06-01T01:10:54","modified_gmt":"2016-06-01T01:10:54","slug":"ensamble","status":"publish","type":"page","link":"https:\/\/blog.espol.edu.ec\/jbenjume\/ensamble\/","title":{"rendered":"Ensamble"},"content":{"rendered":"<p>En esta secci\u00f3n incluiremos duetos, tr\u00edos, cuartetos como tambi\u00e9n partituras de ensamble para metales. Para descargar, dele click al t\u00edtulo.<\/p>\n<ul>\n<li><span style=\"color: #993366\"><strong><a style=\"color: #993366\" href=\"http:\/\/blog.espol.edu.ec\/jbenjume\/files\/2016\/06\/10-duets-trumpet.pdf\" target=\"_blank\">10 Jazzy Duets by Dave McKeown<\/a><\/strong><\/span><\/li>\n<\/ul>\n<p><img loading=\"lazy\" decoding=\"async\" class=\"alignnone size-medium wp-image-90\" src=\"http:\/\/blog.espol.edu.ec\/jbenjume\/files\/2016\/06\/jazz-duets-212x300.jpg\" alt=\"jazz duets\" width=\"212\" height=\"300\" srcset=\"https:\/\/blog.espol.edu.ec\/jbenjume\/files\/2016\/06\/jazz-duets-212x300.jpg 212w, https:\/\/blog.espol.edu.ec\/jbenjume\/files\/2016\/06\/jazz-duets.jpg 226w\" sizes=\"auto, (max-width: 212px) 100vw, 212px\" \/><\/p>\n<p>&nbsp;<\/p>\n","protected":false},"excerpt":{"rendered":"<p>En esta secci\u00f3n incluiremos duetos, tr\u00edos, cuartetos como tambi\u00e9n partituras de ensamble para metales. Para descargar, dele click al t\u00edtulo. 10 Jazzy Duets by Dave McKeown &nbsp;<\/p>\n","protected":false},"author":10287,"featured_media":0,"parent":0,"menu_order":0,"comment_status":"closed","ping_status":"closed","template":"","meta":{"footnotes":""},"class_list":["post-93","page","type-page","status-publish","hentry"],"_links":{"self":[{"href":"https:\/\/blog.espol.edu.ec\/jbenjume\/wp-json\/wp\/v2\/pages\/93","targetHints":{"allow":["GET"]}}],"collection":[{"href":"https:\/\/blog.espol.edu.ec\/jbenjume\/wp-json\/wp\/v2\/pages"}],"about":[{"href":"https:\/\/blog.espol.edu.ec\/jbenjume\/wp-json\/wp\/v2\/types\/page"}],"author":[{"embeddable":true,"href":"https:\/\/blog.espol.edu.ec\/jbenjume\/wp-json\/wp\/v2\/users\/10287"}],"replies":[{"embeddable":true,"href":"https:\/\/blog.espol.edu.ec\/jbenjume\/wp-json\/wp\/v2\/comments?post=93"}],"version-history":[{"count":1,"href":"https:\/\/blog.espol.edu.ec\/jbenjume\/wp-json\/wp\/v2\/pages\/93\/revisions"}],"predecessor-version":[{"id":94,"href":"https:\/\/blog.espol.edu.ec\/jbenjume\/wp-json\/wp\/v2\/pages\/93\/revisions\/94"}],"wp:attachment":[{"href":"https:\/\/blog.espol.edu.ec\/jbenjume\/wp-json\/wp\/v2\/media?parent=93"}],"curies":[{"name":"wp","href":"https:\/\/api.w.org\/{rel}","templated":true}]}}