{"id":124,"date":"2015-05-26T15:25:40","date_gmt":"2015-05-26T15:25:40","guid":{"rendered":"http:\/\/blog.espol.edu.ec\/jbveliz\/?page_id=124"},"modified":"2015-05-26T15:25:40","modified_gmt":"2015-05-26T15:25:40","slug":"peras-al-canelazo","status":"publish","type":"page","link":"https:\/\/blog.espol.edu.ec\/jbveliz\/postres-bebidas\/peras-al-canelazo\/","title":{"rendered":"Peras al canelazo"},"content":{"rendered":"<p><strong>Ingredientes<\/strong><\/p>\n<ul>\n<li>4 pera (maduras)<\/li>\n<li>4 rama de canela<\/li>\n<li>2 cucharada de az\u00facar<\/li>\n<li>1 naranja (c\u00e1scara)<\/li>\n<li>1 taza de naranjilla (jugo)<\/li>\n<li>aguardiente (ca\u00f1a) al gusto<\/li>\n<li>8 hoja de menta fresca picada<\/li>\n<li>1 litro de agua<\/li>\n<\/ul>\n<p><strong>Preparaci\u00f3n<\/strong><\/p>\n<p>Elaborar el canelazo poniendo a cocer el jugo de naranjilla, az\u00facar, canela y agua hasta que el az\u00facar se disuelva y se empiece a formar un alm\u00edbar.<\/p>\n<p>Pelar las peras, y colocarlas en esta preparaci\u00f3n, cocerlas a fuego lento hasta que est\u00e9n tiernas.<\/p>\n<p>Agregar al final el aguardiente al gusto y dejar hervir por dos minutos aprox..<\/p>\n<p>Retirar las peras y servirlas con el jugo de cocci\u00f3n, aromatizar con menta fresca.<\/p>\n","protected":false},"excerpt":{"rendered":"<p>Ingredientes 4 pera (maduras) 4 rama de canela 2 cucharada de az\u00facar 1 naranja (c\u00e1scara) 1 taza de naranjilla (jugo) aguardiente (ca\u00f1a) al gusto 8 hoja de menta fresca picada 1 litro de agua Preparaci\u00f3n Elaborar el canelazo poniendo a cocer el jugo de naranjilla, az\u00facar, canela y agua hasta que el az\u00facar se disuelva &hellip; <\/p>\n<p><a class=\"more-link btn\" href=\"https:\/\/blog.espol.edu.ec\/jbveliz\/postres-bebidas\/peras-al-canelazo\/\">Seguir leyendo<\/a><\/p>\n","protected":false},"author":9615,"featured_media":0,"parent":75,"menu_order":0,"comment_status":"open","ping_status":"open","template":"","meta":{"footnotes":""},"class_list":["post-124","page","type-page","status-publish","hentry","nodate","item-wrap"],"_links":{"self":[{"href":"https:\/\/blog.espol.edu.ec\/jbveliz\/wp-json\/wp\/v2\/pages\/124","targetHints":{"allow":["GET"]}}],"collection":[{"href":"https:\/\/blog.espol.edu.ec\/jbveliz\/wp-json\/wp\/v2\/pages"}],"about":[{"href":"https:\/\/blog.espol.edu.ec\/jbveliz\/wp-json\/wp\/v2\/types\/page"}],"author":[{"embeddable":true,"href":"https:\/\/blog.espol.edu.ec\/jbveliz\/wp-json\/wp\/v2\/users\/9615"}],"replies":[{"embeddable":true,"href":"https:\/\/blog.espol.edu.ec\/jbveliz\/wp-json\/wp\/v2\/comments?post=124"}],"version-history":[{"count":1,"href":"https:\/\/blog.espol.edu.ec\/jbveliz\/wp-json\/wp\/v2\/pages\/124\/revisions"}],"predecessor-version":[{"id":125,"href":"https:\/\/blog.espol.edu.ec\/jbveliz\/wp-json\/wp\/v2\/pages\/124\/revisions\/125"}],"up":[{"embeddable":true,"href":"https:\/\/blog.espol.edu.ec\/jbveliz\/wp-json\/wp\/v2\/pages\/75"}],"wp:attachment":[{"href":"https:\/\/blog.espol.edu.ec\/jbveliz\/wp-json\/wp\/v2\/media?parent=124"}],"curies":[{"name":"wp","href":"https:\/\/api.w.org\/{rel}","templated":true}]}}