{"id":144,"date":"2015-05-27T21:08:05","date_gmt":"2015-05-27T21:08:05","guid":{"rendered":"http:\/\/blog.espol.edu.ec\/jbveliz\/?page_id=144"},"modified":"2015-05-27T21:08:05","modified_gmt":"2015-05-27T21:08:05","slug":"empanadas","status":"publish","type":"page","link":"https:\/\/blog.espol.edu.ec\/jbveliz\/varias\/empanadas\/","title":{"rendered":"Empanadas"},"content":{"rendered":"<p><strong>Ingredientes<\/strong><\/p>\n<ul>\n<li>1 libra de harina\u00a0de trigo<\/li>\n<li>1 cucharadita de polvo de hornear<\/li>\n<li>1\/4 libra de mantequilla<\/li>\n<li>3 rama de cebolla blanca<\/li>\n<li>1\/2 libra de queso\u00a0fresco<\/li>\n<li>az\u00facar\u00a0al gusto<\/li>\n<li>sal\u00a0al gusto<\/li>\n<li>agua\u00a0fr\u00eda al gusto<\/li>\n<\/ul>\n<p><strong>Preparaci\u00f3n<\/strong><\/p>\n<ol>\n<li>Preparar la masa mezclando la harina con el polvo de hornear, agregar la mantequilla y el agua fr\u00eda hasta formar una masa compacta.<\/li>\n<li>Dejar reposar media hora.<\/li>\n<li>Amasar y extender con un rodillo sobre una mesa enharinada.<\/li>\n<li>Formar discos, poner en el centro cebolla blanca picada y el queso desmenuzado.<\/li>\n<li>Mojar un poco los bordes y replegarlos con un tenedor.<\/li>\n<li>Fre\u00edr en abundante aceite de 170 grados C y espolvorear con az\u00facar.<\/li>\n<\/ol>\n<p>&nbsp;<\/p>\n","protected":false},"excerpt":{"rendered":"<p>Ingredientes 1 libra de harina\u00a0de trigo 1 cucharadita de polvo de hornear 1\/4 libra de mantequilla 3 rama de cebolla blanca 1\/2 libra de queso\u00a0fresco az\u00facar\u00a0al gusto sal\u00a0al gusto agua\u00a0fr\u00eda al gusto Preparaci\u00f3n Preparar la masa mezclando la harina con el polvo de hornear, agregar la mantequilla y el agua fr\u00eda hasta formar una masa &hellip; <\/p>\n<p><a class=\"more-link btn\" href=\"https:\/\/blog.espol.edu.ec\/jbveliz\/varias\/empanadas\/\">Seguir leyendo<\/a><\/p>\n","protected":false},"author":9615,"featured_media":0,"parent":113,"menu_order":0,"comment_status":"open","ping_status":"open","template":"","meta":{"footnotes":""},"class_list":["post-144","page","type-page","status-publish","hentry","nodate","item-wrap"],"_links":{"self":[{"href":"https:\/\/blog.espol.edu.ec\/jbveliz\/wp-json\/wp\/v2\/pages\/144","targetHints":{"allow":["GET"]}}],"collection":[{"href":"https:\/\/blog.espol.edu.ec\/jbveliz\/wp-json\/wp\/v2\/pages"}],"about":[{"href":"https:\/\/blog.espol.edu.ec\/jbveliz\/wp-json\/wp\/v2\/types\/page"}],"author":[{"embeddable":true,"href":"https:\/\/blog.espol.edu.ec\/jbveliz\/wp-json\/wp\/v2\/users\/9615"}],"replies":[{"embeddable":true,"href":"https:\/\/blog.espol.edu.ec\/jbveliz\/wp-json\/wp\/v2\/comments?post=144"}],"version-history":[{"count":1,"href":"https:\/\/blog.espol.edu.ec\/jbveliz\/wp-json\/wp\/v2\/pages\/144\/revisions"}],"predecessor-version":[{"id":145,"href":"https:\/\/blog.espol.edu.ec\/jbveliz\/wp-json\/wp\/v2\/pages\/144\/revisions\/145"}],"up":[{"embeddable":true,"href":"https:\/\/blog.espol.edu.ec\/jbveliz\/wp-json\/wp\/v2\/pages\/113"}],"wp:attachment":[{"href":"https:\/\/blog.espol.edu.ec\/jbveliz\/wp-json\/wp\/v2\/media?parent=144"}],"curies":[{"name":"wp","href":"https:\/\/api.w.org\/{rel}","templated":true}]}}