{"id":165,"date":"2015-05-31T19:26:25","date_gmt":"2015-05-31T19:26:25","guid":{"rendered":"http:\/\/blog.espol.edu.ec\/jbveliz\/?page_id=165"},"modified":"2015-05-31T19:29:31","modified_gmt":"2015-05-31T19:29:31","slug":"ensalada-de-pollo","status":"publish","type":"page","link":"https:\/\/blog.espol.edu.ec\/jbveliz\/ensaladas\/ensalada-de-pollo\/","title":{"rendered":"Ensalada de pollo"},"content":{"rendered":"<h3><strong><a href=\"http:\/\/blog.espol.edu.ec\/jbveliz\/files\/2015\/05\/ensalada-de-pollo.jpg\"><img loading=\"lazy\" decoding=\"async\" class=\"alignleft wp-image-167 size-medium\" src=\"http:\/\/blog.espol.edu.ec\/jbveliz\/files\/2015\/05\/ensalada-de-pollo-e1433100553518-199x300.jpg\" alt=\"pollo\" width=\"199\" height=\"300\" srcset=\"https:\/\/blog.espol.edu.ec\/jbveliz\/files\/2015\/05\/ensalada-de-pollo-e1433100553518-199x300.jpg 199w, https:\/\/blog.espol.edu.ec\/jbveliz\/files\/2015\/05\/ensalada-de-pollo-e1433100553518.jpg 480w\" sizes=\"auto, (max-width: 199px) 100vw, 199px\" \/><\/a>Ingredientes (para cuatro personas):<\/strong><\/h3>\n<ul>\n<li>1 manzana<\/li>\n<li>1 pu\u00f1ado de pasas<\/li>\n<li>1\/2 pepino<\/li>\n<li>1\/2 pollo asado fr\u00edo<\/li>\n<li>125 gramos de queso manchego semicurado<\/li>\n<li>4 tomates<\/li>\n<li>el zumo de medio lim\u00f3n<\/li>\n<\/ul>\n<p><strong>Salsa:<\/strong><\/p>\n<ul>\n<li>1 cucharada sopera de aceite<\/li>\n<li>2 cucharadas (de las de postre) de ketchup<\/li>\n<li>1 cucharada sopera rasa de mostaza<\/li>\n<li>sal y pimienta<\/li>\n<li>1 yogur natural<\/li>\n<\/ul>\n<h4><strong>Preparaci\u00f3n de la ensalada de pollo:<\/strong><\/h4>\n<p>Pela el pepino, qu\u00edtale las simientes y c\u00f3rtalo en peque\u00f1os dados. De la misma forma pela tambi\u00e9n la manzana y, tras rociarla con zumo de lim\u00f3n c\u00f3rtala en cuadraditos. Trocea el queso tambi\u00e9n en cubos, el pollo en tiras m\u00e1s o menos finas y los tomates en cuartos.<\/p>\n<p>Pon todos estos ingredientes mezclados en una ensaladera y a\u00f1ade las pasas, previamente lavadas bajo el chorro de agua templada y secadas despu\u00e9s con un pa\u00f1o.<\/p>\n<p>Aparte, en un bol, bate todos los ingredientes de la salsa (yogur natural, mostaza, ketchup, aceite, sal y pimienta) y ali\u00f1a con ella la ensalada.<\/p>\n","protected":false},"excerpt":{"rendered":"<p>Ingredientes (para cuatro personas): 1 manzana 1 pu\u00f1ado de pasas 1\/2 pepino 1\/2 pollo asado fr\u00edo 125 gramos de queso manchego semicurado 4 tomates el zumo de medio lim\u00f3n Salsa: 1 cucharada sopera de aceite 2 cucharadas (de las de postre) de ketchup 1 cucharada sopera rasa de mostaza sal y pimienta 1 yogur natural &hellip; <\/p>\n<p><a class=\"more-link btn\" href=\"https:\/\/blog.espol.edu.ec\/jbveliz\/ensaladas\/ensalada-de-pollo\/\">Seguir leyendo<\/a><\/p>\n","protected":false},"author":9615,"featured_media":0,"parent":73,"menu_order":0,"comment_status":"open","ping_status":"open","template":"","meta":{"footnotes":""},"class_list":["post-165","page","type-page","status-publish","hentry","nodate","item-wrap"],"_links":{"self":[{"href":"https:\/\/blog.espol.edu.ec\/jbveliz\/wp-json\/wp\/v2\/pages\/165","targetHints":{"allow":["GET"]}}],"collection":[{"href":"https:\/\/blog.espol.edu.ec\/jbveliz\/wp-json\/wp\/v2\/pages"}],"about":[{"href":"https:\/\/blog.espol.edu.ec\/jbveliz\/wp-json\/wp\/v2\/types\/page"}],"author":[{"embeddable":true,"href":"https:\/\/blog.espol.edu.ec\/jbveliz\/wp-json\/wp\/v2\/users\/9615"}],"replies":[{"embeddable":true,"href":"https:\/\/blog.espol.edu.ec\/jbveliz\/wp-json\/wp\/v2\/comments?post=165"}],"version-history":[{"count":3,"href":"https:\/\/blog.espol.edu.ec\/jbveliz\/wp-json\/wp\/v2\/pages\/165\/revisions"}],"predecessor-version":[{"id":169,"href":"https:\/\/blog.espol.edu.ec\/jbveliz\/wp-json\/wp\/v2\/pages\/165\/revisions\/169"}],"up":[{"embeddable":true,"href":"https:\/\/blog.espol.edu.ec\/jbveliz\/wp-json\/wp\/v2\/pages\/73"}],"wp:attachment":[{"href":"https:\/\/blog.espol.edu.ec\/jbveliz\/wp-json\/wp\/v2\/media?parent=165"}],"curies":[{"name":"wp","href":"https:\/\/api.w.org\/{rel}","templated":true}]}}