{"id":184,"date":"2015-06-07T17:34:44","date_gmt":"2015-06-07T17:34:44","guid":{"rendered":"http:\/\/blog.espol.edu.ec\/jbveliz\/?page_id=184"},"modified":"2015-06-07T17:34:44","modified_gmt":"2015-06-07T17:34:44","slug":"bizcocho-de-naranja","status":"publish","type":"page","link":"https:\/\/blog.espol.edu.ec\/jbveliz\/postres-bebidas\/bizcocho-de-naranja\/","title":{"rendered":"Bizcocho de Naranja"},"content":{"rendered":"<p>Tiempo de Preparaci\u00f3n:\u00a0<span style=\"text-align: right\">45 minutos<\/span><br \/>\nTiempo de cocci\u00f3n:\u00a0<span style=\"text-align: right\">30 minutos<\/span><\/p>\n<p><strong><span style=\"font-family: 'Times New Roman', Times, serif;font-size: medium\">Ingredientes\u00a0<\/span><\/strong><\/p>\n<ul>\n<li><span class=\"ingredientes\">200 g. chocolate (opcional) <\/span><\/li>\n<li><span class=\"ingredientes\">1 naranja <\/span><\/li>\n<li><span class=\"ingredientes\">3 huevos <\/span><\/li>\n<li><span class=\"ingredientes\">250 g. az\u00facar<\/span><\/li>\n<li><span class=\"ingredientes\">1 yogurt <\/span><\/li>\n<li><span class=\"ingredientes\">100 ml. aceite\u00a0<\/span><\/li>\n<li><span class=\"ingredientes\">250 g. harina <\/span><\/li>\n<li><span class=\"ingredientes\">1 sobre de levadura <\/span><\/li>\n<li><span class=\"ingredientes\">1 pizca de sal<\/span><\/li>\n<\/ul>\n<p>Preparaci\u00f3n:<\/p>\n<p>Untamos de aceite el fondo del molde donde haremos el bizcocho, y tambi\u00e9n un poco de harina.<\/p>\n<p>Cogemos una naranja, le lavamos bien la piel y le cortamos los bordes. Echamos los huevos en el vaso de la batidora, el az\u00facar y la naranja, y batimos bien, al menos durante 3 minutos. A continuaci\u00f3n echamos el yogur natural y el aceite (tambi\u00e9n podemos echar mantequilla, pero a temperatura ambiente, no de la nevera, para que no se corte la masa).<\/p>\n<p>Luego a\u00f1adimos la levadura, volvemos a batir, y despu\u00e9s echamos la harina y volvemos a mezclar, poco a poco, para que no queden grumos.<\/p>\n<p>Vertemos la mezcla en el molde, y ya est\u00e1 listo para meter en el horno. Si queremos, podemos ponerle chocolate fundido, que le dar\u00e1 un sabor estupendo al contrastar con la naranja, Se trata de poner unos 200 gramos de chocolate partido en trozos grandes, en la superficie de la masa.<\/p>\n<p>Precalentamos el horno 10 minutos, y cocemos el bizcocho unos 30 minutos, aunque para cerciorarnos que ya est\u00e1 cocido, haremos la prueba del palillo (Clavar un cuchillo o palillo en la masa, y cuando salga seca, el bizcocho est\u00e1 en su punto).<\/p>\n","protected":false},"excerpt":{"rendered":"<p>Tiempo de Preparaci\u00f3n:\u00a045 minutos Tiempo de cocci\u00f3n:\u00a030 minutos Ingredientes\u00a0 200 g. chocolate (opcional) 1 naranja 3 huevos 250 g. az\u00facar 1 yogurt 100 ml. aceite\u00a0 250 g. harina 1 sobre de levadura 1 pizca de sal Preparaci\u00f3n: Untamos de aceite el fondo del molde donde haremos el bizcocho, y tambi\u00e9n un poco de harina. Cogemos &hellip; <\/p>\n<p><a class=\"more-link btn\" href=\"https:\/\/blog.espol.edu.ec\/jbveliz\/postres-bebidas\/bizcocho-de-naranja\/\">Seguir leyendo<\/a><\/p>\n","protected":false},"author":9615,"featured_media":0,"parent":75,"menu_order":0,"comment_status":"open","ping_status":"open","template":"","meta":{"footnotes":""},"class_list":["post-184","page","type-page","status-publish","hentry","nodate","item-wrap"],"_links":{"self":[{"href":"https:\/\/blog.espol.edu.ec\/jbveliz\/wp-json\/wp\/v2\/pages\/184","targetHints":{"allow":["GET"]}}],"collection":[{"href":"https:\/\/blog.espol.edu.ec\/jbveliz\/wp-json\/wp\/v2\/pages"}],"about":[{"href":"https:\/\/blog.espol.edu.ec\/jbveliz\/wp-json\/wp\/v2\/types\/page"}],"author":[{"embeddable":true,"href":"https:\/\/blog.espol.edu.ec\/jbveliz\/wp-json\/wp\/v2\/users\/9615"}],"replies":[{"embeddable":true,"href":"https:\/\/blog.espol.edu.ec\/jbveliz\/wp-json\/wp\/v2\/comments?post=184"}],"version-history":[{"count":1,"href":"https:\/\/blog.espol.edu.ec\/jbveliz\/wp-json\/wp\/v2\/pages\/184\/revisions"}],"predecessor-version":[{"id":185,"href":"https:\/\/blog.espol.edu.ec\/jbveliz\/wp-json\/wp\/v2\/pages\/184\/revisions\/185"}],"up":[{"embeddable":true,"href":"https:\/\/blog.espol.edu.ec\/jbveliz\/wp-json\/wp\/v2\/pages\/75"}],"wp:attachment":[{"href":"https:\/\/blog.espol.edu.ec\/jbveliz\/wp-json\/wp\/v2\/media?parent=184"}],"curies":[{"name":"wp","href":"https:\/\/api.w.org\/{rel}","templated":true}]}}