{"id":89,"date":"2015-05-26T01:49:49","date_gmt":"2015-05-26T01:49:49","guid":{"rendered":"http:\/\/blog.espol.edu.ec\/jbveliz\/?page_id=89"},"modified":"2015-05-26T01:53:07","modified_gmt":"2015-05-26T01:53:07","slug":"aguacates-rellenos","status":"publish","type":"page","link":"https:\/\/blog.espol.edu.ec\/jbveliz\/ensaladas\/aguacates-rellenos\/","title":{"rendered":"Aguacates rellenos"},"content":{"rendered":"<p>Para 4 personas<\/p>\n<p>Ingredientes<\/p>\n<ul>\n<li>2<a href=\"http:\/\/es.wikipedia.org\/wiki\/Persea_americana\" target=\"_blank\"> aguacates<\/a> grandes<\/li>\n<li>1 lata de at\u00fan o una taza de pescado cocido<\/li>\n<li>\u00bd taza de <a href=\"http:\/\/es.wikipedia.org\/wiki\/Pisum_sativum\" target=\"_blank\">arvejas<\/a> tiernas cocidas<\/li>\n<li>1 cebolla paite\u00f1a cortada en rodajitas<\/li>\n<li>6 cdas de jugo de lim\u00f3n<\/li>\n<li>1 cdtas de perejil picado<\/li>\n<li>1 tomate rojo picado<\/li>\n<li>\u00bd aj\u00ed picado muy finamente<\/li>\n<li>2 huevos cocidos y picados<\/li>\n<li>1 taza de lechuga finamente picada<\/li>\n<li>Sal y pimienta al gusto<\/li>\n<\/ul>\n<p>Preparaci\u00f3n<\/p>\n<p>Pele los aguacates, y p\u00e1rtalos en mitades longitudinalmente, retire las pepas y roc\u00edelos con un poco de jugo de lim\u00f3n. En un bol, mezcle bien todos los ingrediente, menos la lechuga; sazone al gusto. Rellene los aguacates.<\/p>\n<p>Para servirlos, ponga en el plato lechuga picada, sobre ella, los aguacates rellenos.<\/p>\n","protected":false},"excerpt":{"rendered":"<p>Para 4 personas Ingredientes 2 aguacates grandes 1 lata de at\u00fan o una taza de pescado cocido \u00bd taza de arvejas tiernas cocidas 1 cebolla paite\u00f1a cortada en rodajitas 6 cdas de jugo de lim\u00f3n 1 cdtas de perejil picado 1 tomate rojo picado \u00bd aj\u00ed picado muy finamente 2 huevos cocidos y picados 1 &hellip; <\/p>\n<p><a class=\"more-link btn\" href=\"https:\/\/blog.espol.edu.ec\/jbveliz\/ensaladas\/aguacates-rellenos\/\">Seguir leyendo<\/a><\/p>\n","protected":false},"author":9615,"featured_media":0,"parent":73,"menu_order":0,"comment_status":"open","ping_status":"open","template":"","meta":{"footnotes":""},"class_list":["post-89","page","type-page","status-publish","hentry","nodate","item-wrap"],"_links":{"self":[{"href":"https:\/\/blog.espol.edu.ec\/jbveliz\/wp-json\/wp\/v2\/pages\/89","targetHints":{"allow":["GET"]}}],"collection":[{"href":"https:\/\/blog.espol.edu.ec\/jbveliz\/wp-json\/wp\/v2\/pages"}],"about":[{"href":"https:\/\/blog.espol.edu.ec\/jbveliz\/wp-json\/wp\/v2\/types\/page"}],"author":[{"embeddable":true,"href":"https:\/\/blog.espol.edu.ec\/jbveliz\/wp-json\/wp\/v2\/users\/9615"}],"replies":[{"embeddable":true,"href":"https:\/\/blog.espol.edu.ec\/jbveliz\/wp-json\/wp\/v2\/comments?post=89"}],"version-history":[{"count":3,"href":"https:\/\/blog.espol.edu.ec\/jbveliz\/wp-json\/wp\/v2\/pages\/89\/revisions"}],"predecessor-version":[{"id":92,"href":"https:\/\/blog.espol.edu.ec\/jbveliz\/wp-json\/wp\/v2\/pages\/89\/revisions\/92"}],"up":[{"embeddable":true,"href":"https:\/\/blog.espol.edu.ec\/jbveliz\/wp-json\/wp\/v2\/pages\/73"}],"wp:attachment":[{"href":"https:\/\/blog.espol.edu.ec\/jbveliz\/wp-json\/wp\/v2\/media?parent=89"}],"curies":[{"name":"wp","href":"https:\/\/api.w.org\/{rel}","templated":true}]}}