{"id":97,"date":"2015-05-26T02:12:47","date_gmt":"2015-05-26T02:12:47","guid":{"rendered":"http:\/\/blog.espol.edu.ec\/jbveliz\/?page_id=97"},"modified":"2015-05-26T02:12:47","modified_gmt":"2015-05-26T02:12:47","slug":"frappelatte-casero","status":"publish","type":"page","link":"https:\/\/blog.espol.edu.ec\/jbveliz\/postres-bebidas\/frappelatte-casero\/","title":{"rendered":"Frappelatte Casero"},"content":{"rendered":"<p><strong>Ingredientes<\/strong><\/p>\n<ul>\n<li>Caf\u00e9 soluble, al gusto<\/li>\n<\/ul>\n<ul>\n<li>500 g leche<\/li>\n<li>800 g cubitos de hielo<\/li>\n<li>Az\u00facar al gusto<\/li>\n<\/ul>\n<p><strong>Preparaci\u00f3n<\/strong><\/p>\n<p>Introduce todos los ingredientes en la licuadora por 2 minutos a velocidad 10 y listo ya tienes un delicioso frappelatte casero<\/p>\n<ul>\n<li>Recomendaci\u00f3n: A\u00f1adir un poco de sirope de chocolate en el fondo de la copa o vaso, a\u00f1adir el frappelatte y encima un poco de sirope de chocolate y nata montada y estar\u00e1 perfecto<\/li>\n<\/ul>\n","protected":false},"excerpt":{"rendered":"<p>Ingredientes Caf\u00e9 soluble, al gusto 500 g leche 800 g cubitos de hielo Az\u00facar al gusto Preparaci\u00f3n Introduce todos los ingredientes en la licuadora por 2 minutos a velocidad 10 y listo ya tienes un delicioso frappelatte casero Recomendaci\u00f3n: A\u00f1adir un poco de sirope de chocolate en el fondo de la copa o vaso, a\u00f1adir &hellip; <\/p>\n<p><a class=\"more-link btn\" href=\"https:\/\/blog.espol.edu.ec\/jbveliz\/postres-bebidas\/frappelatte-casero\/\">Seguir leyendo<\/a><\/p>\n","protected":false},"author":9615,"featured_media":0,"parent":75,"menu_order":0,"comment_status":"open","ping_status":"open","template":"","meta":{"footnotes":""},"class_list":["post-97","page","type-page","status-publish","hentry","nodate","item-wrap"],"_links":{"self":[{"href":"https:\/\/blog.espol.edu.ec\/jbveliz\/wp-json\/wp\/v2\/pages\/97","targetHints":{"allow":["GET"]}}],"collection":[{"href":"https:\/\/blog.espol.edu.ec\/jbveliz\/wp-json\/wp\/v2\/pages"}],"about":[{"href":"https:\/\/blog.espol.edu.ec\/jbveliz\/wp-json\/wp\/v2\/types\/page"}],"author":[{"embeddable":true,"href":"https:\/\/blog.espol.edu.ec\/jbveliz\/wp-json\/wp\/v2\/users\/9615"}],"replies":[{"embeddable":true,"href":"https:\/\/blog.espol.edu.ec\/jbveliz\/wp-json\/wp\/v2\/comments?post=97"}],"version-history":[{"count":1,"href":"https:\/\/blog.espol.edu.ec\/jbveliz\/wp-json\/wp\/v2\/pages\/97\/revisions"}],"predecessor-version":[{"id":98,"href":"https:\/\/blog.espol.edu.ec\/jbveliz\/wp-json\/wp\/v2\/pages\/97\/revisions\/98"}],"up":[{"embeddable":true,"href":"https:\/\/blog.espol.edu.ec\/jbveliz\/wp-json\/wp\/v2\/pages\/75"}],"wp:attachment":[{"href":"https:\/\/blog.espol.edu.ec\/jbveliz\/wp-json\/wp\/v2\/media?parent=97"}],"curies":[{"name":"wp","href":"https:\/\/api.w.org\/{rel}","templated":true}]}}